{"id":41080,"date":"2022-04-29T09:55:00","date_gmt":"2022-04-29T07:55:00","guid":{"rendered":"https:\/\/waldspurger.ch\/manuali-duso\/"},"modified":"2022-11-09T14:04:09","modified_gmt":"2022-11-09T13:04:09","slug":"manuali-duso","status":"publish","type":"page","link":"https:\/\/waldspurger.ch\/it\/manuali-duso\/","title":{"rendered":"Manuali d\u2019uso"},"content":{"rendered":"<div class=\"wpb-content-wrapper\"><p>[vc_section full_width=&#8221;stretch_row&#8221; full_height=&#8221;yes&#8221; content_placement=&#8221;top&#8221; css_animation=&#8221;fadeIn&#8221; css=&#8221;.vc_custom_1651239200819{margin-top: 0px !important;border-top-width: 0px !important;padding-top: 0px !important;background-image: url(https:\/\/waldspurger.ch\/wp-content\/uploads\/2022\/04\/Waldspurger_Bedienungsanleitungen_2560x1707.jpg?id=41077) !important;background-position: center !important;background-repeat: no-repeat !important;background-size: cover !important;}&#8221; el_class=&#8221;custom-fullheight-section&#8221;][vc_row full_height=&#8221;yes&#8221; content_placement=&#8221;top&#8221; css_animation=&#8221;fadeIn&#8221; el_class=&#8221;stretch-fullheight-innerrow&#8221; effects_enabled_delay=&#8221;500&#8243;][vc_column width=&#8221;1\/4&#8243; css=&#8221;.vc_custom_1582122319023{background-color: rgba(179,32,34,0.58) !important;background-position: center !important;background-repeat: no-repeat !important;background-size: cover !important;*background-color: rgb(179,32,34) !important;}&#8221; el_class=&#8221;.stretch-fullheight-innerrow-column main-visual-column&#8221;][vc_column_text]<\/p>\n<h1 class=\"h3\" style=\"text-align: center;\"><span style=\"color: #ffffff;\">MANUALI D\u2019USO<\/span><\/h1>\n<p style=\"text-align: center; padding-bottom: 35px;\"><span style=\"color: #ffffff;\">Avete gi\u00e0 un veicolo convertito da Waldspurger AG e volete conoscere in maggior dettaglio il funzionamento dei singoli prodotti? Qui trovate appositi video e istruzioni per l\u2019uso.<\/span><\/p>\n<p>[\/vc_column_text][\/vc_column][vc_column width=&#8221;1\/4&#8243;][\/vc_column][vc_column width=&#8221;1\/4&#8243;][\/vc_column][vc_column width=&#8221;1\/4&#8243;][\/vc_column][\/vc_row][\/vc_section][vc_row css_animation=&#8221;fadeInUp&#8221; css=&#8221;.vc_custom_1649855818434{margin-top: 0px !important;margin-bottom: 0px !important;padding-top: 0px !important;padding-bottom: 0px !important;}&#8221;][vc_column css=&#8221;.vc_custom_1649856097022{margin-top: 0px !important;margin-bottom: 0px !important;padding-top: 70px !important;padding-bottom: 0px !important;}&#8221;][vc_column_text css=&#8221;.vc_custom_1652354601303{margin-top: 0px !important;margin-bottom: 0px !important;padding-top: 0px !important;padding-bottom: 50px !important;}&#8221; el_class=&#8221;custom_maxwidth&#8221;]<\/p>\n<h2>MANUALI D\u2019USO<\/h2>\n<h3>Grande soddisfazione grazie a un corretto utilizzo<\/h3>\n<p>Ci adoperiamo per consentirvi di viaggiare in sicurezza e comodamente e utilizzare correttamente i nostri prodotti. Pertanto, qui di seguito trovate importanti informazioni per un corretto utilizzo dei diversi sistemi da noi installati. <a style=\"color: #333333; text-decoration: underline;\" href=\"https:\/\/waldspurger.ch\/it\/contatti\/\">Saremo lieti di esservi d\u2019aiuto di persona, su appuntamento, presso la sede della nostra azienda a Bergdietikon, oppure per telefono (allo 044 743 80 40)<\/a>.[\/vc_column_text][\/vc_column][\/vc_row][vc_row full_width=&#8221;stretch_row&#8221; css_animation=&#8221;fadeInUp&#8221; css=&#8221;.vc_custom_1649856703730{margin-top: 0px !important;margin-bottom: 0px !important;padding-top: 50px !important;padding-bottom: 30px !important;background-color: #f2f2f2 !important;}&#8221; mobile_padding_bottom=&#8221;0&#8243; mobile_margin_bottom=&#8221;0&#8243; el_id=&#8221;rollstuhltransporter&#8221;][vc_column css_animation=&#8221;none&#8221; mobile_margin_bottom=&#8221;50&#8243; css=&#8221;.vc_custom_1649856189105{margin-top: 0px !important;margin-bottom: 0px !important;padding-top: 0px !important;padding-bottom: 0px !important;}&#8221;][vc_icon icon_fontawesome=&#8221;fas fa-wheelchair&#8221; color=&#8221;custom&#8221; background_style=&#8221;rounded&#8221; background_color=&#8221;custom&#8221; size=&#8221;lg&#8221; custom_color=&#8221;#c3bab9&#8243; el_class=&#8221;custom_round_icon_border_floatleft&#8221;][vc_column_text el_class=&#8221;custom_maxwidth&#8221;]<\/p>\n<h3 style=\"margin-bottom: 0;\"><strong>VEICOLI PER TRASPORTO SEDIE A ROTELLE<\/strong><\/h3>\n<p>Grazie ai bus per il trasporto di sedie a rotelle potenziati da noi, le persone a mobilit\u00e0 ridotta riconquistano un pezzo di libert\u00e0. E questo dando sempre massima priorit\u00e0 a criteri di sicurezza e comfort. Qui di seguito trovate gli appositi manuali d\u2019uso per un corretto e sicuro utilizzo dei sistemi.[\/vc_column_text][\/vc_column][\/vc_row][vc_row full_width=&#8221;stretch_row&#8221; content_placement=&#8221;top&#8221; css=&#8221;.vc_custom_1651221225283{margin-top: 0px !important;margin-bottom: 0px !important;padding-top: 0px !important;padding-bottom: 0px !important;background-color: #f2f2f2 !important;}&#8221;][vc_column width=&#8221;1\/3&#8243; css_animation=&#8221;fadeInUp&#8221; css=&#8221;.vc_custom_1640203912833{margin-top: 0px !important;padding-top: 0px !important;padding-bottom: 50px !important;}&#8221;][vc_single_image image=&#8221;37377&#8243; img_size=&#8221;full&#8221; onclick=&#8221;custom_link&#8221; link=&#8221;https:\/\/waldspurger.ch\/it\/manuali-duso\/pianale-ribassato\/&#8221;][vc_column_text]<\/p>\n<h4 style=\"margin: 20px 0 10px 0;\"><strong>Veicolo con pianale ribassato<\/strong><\/h4>\n<p>[\/vc_column_text][vc_btn title=&#8221;Per saperne di pi\u00f9&#8221; style=&#8221;outline&#8221; el_class=&#8221;custom_button_black&#8221; link=&#8221;url:https%3A%2F%2Fwaldspurger.ch%2Fit%2Fmanuali-duso%2Fpianale-ribassato%2F|title:Pianale%20ribassato&#8221; css=&#8221;.vc_custom_1652441458775{margin-top: 10px !important;margin-bottom: 0px !important;padding-bottom: 0px !important;}&#8221;][\/vc_column][vc_column width=&#8221;1\/3&#8243; css_animation=&#8221;fadeInUp&#8221; effects_enabled_delay=&#8221;100&#8243; css=&#8221;.vc_custom_1651221333621{margin-top: 0px !important;padding-top: 0px !important;padding-bottom: 50px !important;}&#8221;][vc_single_image image=&#8221;37371&#8243; img_size=&#8221;full&#8221; onclick=&#8221;custom_link&#8221; link=&#8221;https:\/\/waldspurger.ch\/it\/manuali-duso\/pianale-con-guide-in-alluminio\/&#8221;][vc_column_text]<\/p>\n<h4 style=\"margin: 20px 0 10px 0;\"><strong>Pianale con binari in alluminio <\/strong><\/h4>\n<p>[\/vc_column_text][vc_btn title=&#8221;Per saperne di pi\u00f9&#8221; style=&#8221;outline&#8221; el_class=&#8221;custom_button_black&#8221; link=&#8221;url:https%3A%2F%2Fwaldspurger.ch%2Fit%2Fmanuali-duso%2Fpianale-con-guide-in-alluminio%2F|title:Pianale%20con%20guide%20in%20alluminio&#8221; css=&#8221;.vc_custom_1652441568878{margin-top: 10px !important;margin-bottom: 0px !important;padding-bottom: 0px !important;}&#8221;][\/vc_column][vc_column width=&#8221;1\/3&#8243; css_animation=&#8221;fadeInUp&#8221; effects_enabled_delay=&#8221;200&#8243; css=&#8221;.vc_custom_1651221341187{margin-top: 0px !important;padding-top: 0px !important;padding-bottom: 50px !important;}&#8221;][vc_single_image image=&#8221;37375&#8243; img_size=&#8221;full&#8221; onclick=&#8221;custom_link&#8221; link=&#8221;https:\/\/waldspurger.ch\/it\/manuali-duso\/rollibox\/&#8221;][vc_column_text]<\/p>\n<h4 style=\"margin: 20px 0 10px 0;\"><strong>Rollibox\u2122<\/strong><\/h4>\n<p>[\/vc_column_text][vc_btn title=&#8221;Per saperne di pi\u00f9&#8221; style=&#8221;outline&#8221; el_class=&#8221;custom_button_black&#8221; link=&#8221;url:https%3A%2F%2Fwaldspurger.ch%2Fit%2Fmanuali-duso%2Frollibox%2F|title:RolliBox&#8221; css=&#8221;.vc_custom_1652441138050{margin-top: 10px !important;margin-bottom: 0px !important;padding-bottom: 0px !important;}&#8221;][\/vc_column][\/vc_row][vc_row full_width=&#8221;stretch_row&#8221; content_placement=&#8221;top&#8221; css=&#8221;.vc_custom_1652354940947{margin-top: 0px !important;margin-bottom: 0px !important;padding-top: 0px !important;padding-bottom: 0px !important;background-color: #f2f2f2 !important;}&#8221;][vc_column width=&#8221;1\/3&#8243; css_animation=&#8221;fadeInUp&#8221; css=&#8221;.vc_custom_1640203935605{margin-top: 0px !important;padding-top: 0px !important;padding-bottom: 50px !important;}&#8221;][vc_single_image image=&#8221;37376&#8243; img_size=&#8221;full&#8221; onclick=&#8221;custom_link&#8221; img_link_target=&#8221;_blank&#8221; link=&#8221;https:%2F%2Fwww.autoliftsrl.com%2Fde%2Fdownload%2F|&#8221;][vc_column_text]<\/p>\n<h4 style=\"margin: 20px 0 10px 0;\"><strong>Sistemi di sollevamento<\/strong><\/h4>\n<p>[\/vc_column_text][vc_btn title=&#8221;Per saperne di pi\u00f9&#8221; style=&#8221;outline&#8221; el_class=&#8221;custom_button_black&#8221; link=&#8221;url:https%3A%2F%2Fwww.autoliftsrl.com%2Fit%2Fdownload%2F|title:Sistemi%20di%20sollevamento|target:_blank&#8221; css=&#8221;.vc_custom_1652357278267{margin-top: 10px !important;margin-bottom: 0px !important;padding-bottom: 0px !important;}&#8221;][\/vc_column][\/vc_row][vc_row full_width=&#8221;stretch_row&#8221; css_animation=&#8221;fadeInUp&#8221; css=&#8221;.vc_custom_1649856710863{margin-top: 0px !important;margin-bottom: 0px !important;padding-top: 50px !important;padding-bottom: 30px !important;}&#8221; mobile_padding_bottom=&#8221;0&#8243; mobile_margin_bottom=&#8221;0&#8243;][vc_column css_animation=&#8221;none&#8221; mobile_margin_bottom=&#8221;50&#8243; css=&#8221;.vc_custom_1649856397745{margin-top: 0px !important;margin-bottom: 0px !important;padding-top: 0px !important;padding-bottom: 0px !important;}&#8221;][vc_icon icon_fontawesome=&#8221;fas fa-user&#8221; color=&#8221;custom&#8221; background_style=&#8221;rounded&#8221; background_color=&#8221;custom&#8221; size=&#8221;lg&#8221; custom_color=&#8221;#c3bab9&#8243; el_class=&#8221;custom_round_icon_border_floatleft&#8221;][vc_column_text el_class=&#8221;custom_maxwidth&#8221;]<\/p>\n<h3 style=\"margin-bottom: 0;\"><strong>VEICOLI PER TRASPORTO PERSONE<\/strong><\/h3>\n<p>I nostri sistemi di seduta hanno superato numerosi test di sicurezza DTC o FAKT. Tuttavia, \u00e8 indispensabile utilizzarli correttamente. Informatevi e viaggiate in completa sicurezza.[\/vc_column_text][\/vc_column][\/vc_row][vc_row content_placement=&#8221;top&#8221; css=&#8221;.vc_custom_1652355113460{margin-top: 0px !important;margin-bottom: 0px !important;padding-top: 0px !important;padding-bottom: 50px !important;}&#8221;][vc_column width=&#8221;1\/3&#8243; css_animation=&#8221;fadeInUp&#8221; css=&#8221;.vc_custom_1640203850892{margin-top: 0px !important;padding-top: 0px !important;padding-bottom: 50px !important;}&#8221;][vc_single_image image=&#8221;37699&#8243; img_size=&#8221;full&#8221;][vc_column_text]<\/p>\n<h4 style=\"margin: 20px 0 10px 0;\"><strong>Sedili monoposto e panche<\/strong><\/h4>\n<p>[\/vc_column_text][vc_btn title=&#8221;Per saperne di pi\u00f9&#8221; style=&#8221;outline&#8221; el_class=&#8221;custom_button_black&#8221; link=&#8221;url:https%3A%2F%2Fschnierle.de%2Fdownloads%2F|title:Sedile%20monoposto%20e%20panca|target:_blank&#8221; css=&#8221;.vc_custom_1667999046061{margin-top: 10px !important;margin-bottom: 0px !important;padding-bottom: 0px !important;}&#8221;][\/vc_column][vc_column width=&#8221;1\/3&#8243; css_animation=&#8221;fadeInUp&#8221; effects_enabled_delay=&#8221;200&#8243; css=&#8221;.vc_custom_1640203864704{margin-top: 0px !important;padding-top: 0px !important;padding-bottom: 50px !important;}&#8221;][\/vc_column][vc_column width=&#8221;1\/3&#8243; css_animation=&#8221;fadeInUp&#8221; effects_enabled_delay=&#8221;400&#8243; css=&#8221;.vc_custom_1640203878318{margin-top: 0px !important;padding-top: 0px !important;padding-bottom: 50px !important;}&#8221;][\/vc_column][\/vc_row]<\/p>\n<\/div>","protected":false},"excerpt":{"rendered":"<p>[vc_section full_width=&#8221;stretch_row&#8221; full_height=&#8221;yes&#8221; content_placement=&#8221;top&#8221; css_animation=&#8221;fadeIn&#8221; css=&#8221;.vc_custom_1651239200819{margin-top: 0px !important;border-top-width: 0px !important;padding-top: 0px !important;background-image: url(https:\/\/waldspurger.ch\/wp-content\/uploads\/2022\/04\/Waldspurger_Bedienungsanleitungen_2560x1707.jpg?id=41077) !important;background-position: center !important;background-repeat: no-repeat !important;background-size: cover !important;}&#8221;&#8230;<\/p>\n","protected":false},"author":1,"featured_media":0,"parent":0,"menu_order":0,"comment_status":"closed","ping_status":"closed","template":"","meta":{"footnotes":""},"class_list":["post-41080","page","type-page","status-publish"],"yoast_head":"<!-- This site is optimized with the Yoast SEO plugin v27.2 - https:\/\/yoast.com\/product\/yoast-seo-wordpress\/ -->\n<title>Manuali d\u2019uso - Waldspurger<\/title>\n<meta name=\"description\" content=\"Avete gi\u00e0 un veicolo convertito da Waldspurger AG e volete conoscere in maggior dettaglio il funzionamento dei singoli prodotti? Qui trovate appositi video e istruzioni per l\u2019uso.\" \/>\n<meta name=\"robots\" content=\"index, follow, max-snippet:-1, max-image-preview:large, max-video-preview:-1\" \/>\n<link rel=\"canonical\" href=\"https:\/\/waldspurger.ch\/it\/manuali-duso\/\" \/>\n<meta property=\"og:locale\" content=\"it_IT\" \/>\n<meta property=\"og:type\" content=\"article\" \/>\n<meta property=\"og:title\" content=\"Manuali d\u2019uso - Waldspurger\" \/>\n<meta property=\"og:description\" content=\"Avete gi\u00e0 un veicolo convertito da Waldspurger AG e volete conoscere in maggior dettaglio il funzionamento dei singoli prodotti? Qui trovate appositi video e istruzioni per l\u2019uso.\" \/>\n<meta property=\"og:url\" content=\"https:\/\/waldspurger.ch\/it\/manuali-duso\/\" \/>\n<meta property=\"og:site_name\" content=\"Waldspurger\" \/>\n<meta property=\"article:modified_time\" content=\"2022-11-09T13:04:09+00:00\" \/>\n<meta property=\"og:image\" content=\"https:\/\/waldspurger.ch\/wp-content\/uploads\/2022\/02\/logo_de.png\" \/>\n\t<meta property=\"og:image:width\" content=\"320\" \/>\n\t<meta property=\"og:image:height\" content=\"223\" \/>\n\t<meta property=\"og:image:type\" content=\"image\/png\" \/>\n<meta name=\"twitter:card\" content=\"summary_large_image\" \/>\n<script type=\"application\/ld+json\" class=\"yoast-schema-graph\">{\"@context\":\"https:\/\/schema.org\",\"@graph\":[{\"@type\":\"Article\",\"@id\":\"https:\/\/waldspurger.ch\/it\/manuali-duso\/#article\",\"isPartOf\":{\"@id\":\"https:\/\/waldspurger.ch\/it\/manuali-duso\/\"},\"author\":{\"name\":\"Adminmoritzi\",\"@id\":\"https:\/\/waldspurger.ch\/it\/#\/schema\/person\/e92a92f5b5a240afd932a5eba15ae94c\"},\"headline\":\"Manuali d\u2019uso\",\"datePublished\":\"2022-04-29T07:55:00+00:00\",\"dateModified\":\"2022-11-09T13:04:09+00:00\",\"mainEntityOfPage\":{\"@id\":\"https:\/\/waldspurger.ch\/it\/manuali-duso\/\"},\"wordCount\":1139,\"publisher\":{\"@id\":\"https:\/\/waldspurger.ch\/it\/#organization\"},\"inLanguage\":\"it-IT\"},{\"@type\":\"WebPage\",\"@id\":\"https:\/\/waldspurger.ch\/it\/manuali-duso\/\",\"url\":\"https:\/\/waldspurger.ch\/it\/manuali-duso\/\",\"name\":\"Manuali d\u2019uso - Waldspurger\",\"isPartOf\":{\"@id\":\"https:\/\/waldspurger.ch\/it\/#website\"},\"datePublished\":\"2022-04-29T07:55:00+00:00\",\"dateModified\":\"2022-11-09T13:04:09+00:00\",\"description\":\"Avete gi\u00e0 un veicolo convertito da Waldspurger AG e volete conoscere in maggior dettaglio il funzionamento dei singoli prodotti? Qui trovate appositi video e istruzioni per l\u2019uso.\",\"breadcrumb\":{\"@id\":\"https:\/\/waldspurger.ch\/it\/manuali-duso\/#breadcrumb\"},\"inLanguage\":\"it-IT\",\"potentialAction\":[{\"@type\":\"ReadAction\",\"target\":[\"https:\/\/waldspurger.ch\/it\/manuali-duso\/\"]}]},{\"@type\":\"BreadcrumbList\",\"@id\":\"https:\/\/waldspurger.ch\/it\/manuali-duso\/#breadcrumb\",\"itemListElement\":[{\"@type\":\"ListItem\",\"position\":1,\"name\":\"Startseite\",\"item\":\"https:\/\/waldspurger.ch\/it\/\"},{\"@type\":\"ListItem\",\"position\":2,\"name\":\"Manuali d\u2019uso\"}]},{\"@type\":\"WebSite\",\"@id\":\"https:\/\/waldspurger.ch\/it\/#website\",\"url\":\"https:\/\/waldspurger.ch\/it\/\",\"name\":\"Waldspurger\",\"description\":\"Allestimento di veicoli\",\"publisher\":{\"@id\":\"https:\/\/waldspurger.ch\/it\/#organization\"},\"potentialAction\":[{\"@type\":\"SearchAction\",\"target\":{\"@type\":\"EntryPoint\",\"urlTemplate\":\"https:\/\/waldspurger.ch\/it\/?s={search_term_string}\"},\"query-input\":{\"@type\":\"PropertyValueSpecification\",\"valueRequired\":true,\"valueName\":\"search_term_string\"}}],\"inLanguage\":\"it-IT\"},{\"@type\":\"Organization\",\"@id\":\"https:\/\/waldspurger.ch\/it\/#organization\",\"name\":\"Waldspurger AG\",\"url\":\"https:\/\/waldspurger.ch\/it\/\",\"logo\":{\"@type\":\"ImageObject\",\"inLanguage\":\"it-IT\",\"@id\":\"https:\/\/waldspurger.ch\/it\/#\/schema\/logo\/image\/\",\"url\":\"https:\/\/waldspurger.ch\/wp-content\/uploads\/2022\/02\/logo_de.png\",\"contentUrl\":\"https:\/\/waldspurger.ch\/wp-content\/uploads\/2022\/02\/logo_de.png\",\"width\":320,\"height\":223,\"caption\":\"Waldspurger AG\"},\"image\":{\"@id\":\"https:\/\/waldspurger.ch\/it\/#\/schema\/logo\/image\/\"},\"sameAs\":[\"https:\/\/ch.linkedin.com\/company\/waldspurger-bergdietikon\",\"https:\/\/www.youtube.com\/channel\/UC4BYucVfPuWzNF4hyfO3YTw\"]},{\"@type\":\"Person\",\"@id\":\"https:\/\/waldspurger.ch\/it\/#\/schema\/person\/e92a92f5b5a240afd932a5eba15ae94c\",\"name\":\"Adminmoritzi\",\"image\":{\"@type\":\"ImageObject\",\"inLanguage\":\"it-IT\",\"@id\":\"https:\/\/secure.gravatar.com\/avatar\/4f43fbec0cc1848d75d18da5595fa2e9d12bc02d9d761756323c70efe587d61a?s=96&d=mm&r=g\",\"url\":\"https:\/\/secure.gravatar.com\/avatar\/4f43fbec0cc1848d75d18da5595fa2e9d12bc02d9d761756323c70efe587d61a?s=96&d=mm&r=g\",\"contentUrl\":\"https:\/\/secure.gravatar.com\/avatar\/4f43fbec0cc1848d75d18da5595fa2e9d12bc02d9d761756323c70efe587d61a?s=96&d=mm&r=g\",\"caption\":\"Adminmoritzi\"}}]}<\/script>\n<!-- \/ Yoast SEO plugin. -->","yoast_head_json":{"title":"Manuali d\u2019uso - Waldspurger","description":"Avete gi\u00e0 un veicolo convertito da Waldspurger AG e volete conoscere in maggior dettaglio il funzionamento dei singoli prodotti? Qui trovate appositi video e istruzioni per l\u2019uso.","robots":{"index":"index","follow":"follow","max-snippet":"max-snippet:-1","max-image-preview":"max-image-preview:large","max-video-preview":"max-video-preview:-1"},"canonical":"https:\/\/waldspurger.ch\/it\/manuali-duso\/","og_locale":"it_IT","og_type":"article","og_title":"Manuali d\u2019uso - Waldspurger","og_description":"Avete gi\u00e0 un veicolo convertito da Waldspurger AG e volete conoscere in maggior dettaglio il funzionamento dei singoli prodotti? Qui trovate appositi video e istruzioni per l\u2019uso.","og_url":"https:\/\/waldspurger.ch\/it\/manuali-duso\/","og_site_name":"Waldspurger","article_modified_time":"2022-11-09T13:04:09+00:00","og_image":[{"width":320,"height":223,"url":"https:\/\/waldspurger.ch\/wp-content\/uploads\/2022\/02\/logo_de.png","type":"image\/png"}],"twitter_card":"summary_large_image","schema":{"@context":"https:\/\/schema.org","@graph":[{"@type":"Article","@id":"https:\/\/waldspurger.ch\/it\/manuali-duso\/#article","isPartOf":{"@id":"https:\/\/waldspurger.ch\/it\/manuali-duso\/"},"author":{"name":"Adminmoritzi","@id":"https:\/\/waldspurger.ch\/it\/#\/schema\/person\/e92a92f5b5a240afd932a5eba15ae94c"},"headline":"Manuali d\u2019uso","datePublished":"2022-04-29T07:55:00+00:00","dateModified":"2022-11-09T13:04:09+00:00","mainEntityOfPage":{"@id":"https:\/\/waldspurger.ch\/it\/manuali-duso\/"},"wordCount":1139,"publisher":{"@id":"https:\/\/waldspurger.ch\/it\/#organization"},"inLanguage":"it-IT"},{"@type":"WebPage","@id":"https:\/\/waldspurger.ch\/it\/manuali-duso\/","url":"https:\/\/waldspurger.ch\/it\/manuali-duso\/","name":"Manuali d\u2019uso - Waldspurger","isPartOf":{"@id":"https:\/\/waldspurger.ch\/it\/#website"},"datePublished":"2022-04-29T07:55:00+00:00","dateModified":"2022-11-09T13:04:09+00:00","description":"Avete gi\u00e0 un veicolo convertito da Waldspurger AG e volete conoscere in maggior dettaglio il funzionamento dei singoli prodotti? Qui trovate appositi video e istruzioni per l\u2019uso.","breadcrumb":{"@id":"https:\/\/waldspurger.ch\/it\/manuali-duso\/#breadcrumb"},"inLanguage":"it-IT","potentialAction":[{"@type":"ReadAction","target":["https:\/\/waldspurger.ch\/it\/manuali-duso\/"]}]},{"@type":"BreadcrumbList","@id":"https:\/\/waldspurger.ch\/it\/manuali-duso\/#breadcrumb","itemListElement":[{"@type":"ListItem","position":1,"name":"Startseite","item":"https:\/\/waldspurger.ch\/it\/"},{"@type":"ListItem","position":2,"name":"Manuali d\u2019uso"}]},{"@type":"WebSite","@id":"https:\/\/waldspurger.ch\/it\/#website","url":"https:\/\/waldspurger.ch\/it\/","name":"Waldspurger","description":"Allestimento di veicoli","publisher":{"@id":"https:\/\/waldspurger.ch\/it\/#organization"},"potentialAction":[{"@type":"SearchAction","target":{"@type":"EntryPoint","urlTemplate":"https:\/\/waldspurger.ch\/it\/?s={search_term_string}"},"query-input":{"@type":"PropertyValueSpecification","valueRequired":true,"valueName":"search_term_string"}}],"inLanguage":"it-IT"},{"@type":"Organization","@id":"https:\/\/waldspurger.ch\/it\/#organization","name":"Waldspurger AG","url":"https:\/\/waldspurger.ch\/it\/","logo":{"@type":"ImageObject","inLanguage":"it-IT","@id":"https:\/\/waldspurger.ch\/it\/#\/schema\/logo\/image\/","url":"https:\/\/waldspurger.ch\/wp-content\/uploads\/2022\/02\/logo_de.png","contentUrl":"https:\/\/waldspurger.ch\/wp-content\/uploads\/2022\/02\/logo_de.png","width":320,"height":223,"caption":"Waldspurger AG"},"image":{"@id":"https:\/\/waldspurger.ch\/it\/#\/schema\/logo\/image\/"},"sameAs":["https:\/\/ch.linkedin.com\/company\/waldspurger-bergdietikon","https:\/\/www.youtube.com\/channel\/UC4BYucVfPuWzNF4hyfO3YTw"]},{"@type":"Person","@id":"https:\/\/waldspurger.ch\/it\/#\/schema\/person\/e92a92f5b5a240afd932a5eba15ae94c","name":"Adminmoritzi","image":{"@type":"ImageObject","inLanguage":"it-IT","@id":"https:\/\/secure.gravatar.com\/avatar\/4f43fbec0cc1848d75d18da5595fa2e9d12bc02d9d761756323c70efe587d61a?s=96&d=mm&r=g","url":"https:\/\/secure.gravatar.com\/avatar\/4f43fbec0cc1848d75d18da5595fa2e9d12bc02d9d761756323c70efe587d61a?s=96&d=mm&r=g","contentUrl":"https:\/\/secure.gravatar.com\/avatar\/4f43fbec0cc1848d75d18da5595fa2e9d12bc02d9d761756323c70efe587d61a?s=96&d=mm&r=g","caption":"Adminmoritzi"}}]}},"_links":{"self":[{"href":"https:\/\/waldspurger.ch\/it\/wp-json\/wp\/v2\/pages\/41080","targetHints":{"allow":["GET"]}}],"collection":[{"href":"https:\/\/waldspurger.ch\/it\/wp-json\/wp\/v2\/pages"}],"about":[{"href":"https:\/\/waldspurger.ch\/it\/wp-json\/wp\/v2\/types\/page"}],"author":[{"embeddable":true,"href":"https:\/\/waldspurger.ch\/it\/wp-json\/wp\/v2\/users\/1"}],"replies":[{"embeddable":true,"href":"https:\/\/waldspurger.ch\/it\/wp-json\/wp\/v2\/comments?post=41080"}],"version-history":[{"count":0,"href":"https:\/\/waldspurger.ch\/it\/wp-json\/wp\/v2\/pages\/41080\/revisions"}],"wp:attachment":[{"href":"https:\/\/waldspurger.ch\/it\/wp-json\/wp\/v2\/media?parent=41080"}],"curies":[{"name":"wp","href":"https:\/\/api.w.org\/{rel}","templated":true}]}}