{"id":35356,"date":"2021-02-09T10:46:40","date_gmt":"2021-02-09T09:46:40","guid":{"rendered":"https:\/\/waldspurger.getads.ch\/accessori\/impianti-di-climatizzazione-e-riscaldamento-a-veicolo-fermo\/"},"modified":"2022-04-14T12:50:24","modified_gmt":"2022-04-14T10:50:24","slug":"impianti-di-climatizzazione-e-riscaldamento-a-veicolo-fermo","status":"publish","type":"page","link":"https:\/\/waldspurger.ch\/it\/accessori\/impianti-di-climatizzazione-e-riscaldamento-a-veicolo-fermo\/","title":{"rendered":"Impianti di climatizzazione e riscaldamento a veicolo fermo"},"content":{"rendered":"<div class=\"wpb-content-wrapper\"><p>[vc_row css=&#8221;.vc_custom_1649933315025{margin-top: 90px !important;margin-bottom: 0px !important;padding-bottom: 0px !important;}&#8221; mobile_margin_bottom=&#8221;50&#8243;][vc_column css=&#8221;.vc_custom_1649932965807{margin-top: 0px !important;margin-bottom: 0px !important;padding-top: 0px !important;padding-bottom: 0px !important;}&#8221;][vc_column_text css=&#8221;.vc_custom_1649932976774{margin-top: 20px !important;margin-bottom: 0px !important;padding-bottom: 50px !important;}&#8221; el_class=&#8221;custom_maxwidth&#8221;]<\/p>\n<h2><strong>IMPIANTI DI CLIMATIZZAZIONE E RISCALDAMENTO A VEICOLO FERMO<\/strong><\/h2>\n<h3>PER UN MAGGIOR COMFORT DI VIAGGIO<\/h3>\n<p>Equipaggiamo il suo veicolo con un impianto di climatizzazione o un riscaldamento a veicolo fermo, che le consentir\u00e0 di mantenere sempre la temperatura giusta sul suo bus, aumentando ulteriormente il comfort di viaggio.[\/vc_column_text][\/vc_column][\/vc_row][vc_row css=&#8221;.vc_custom_1649933418010{margin-top: 0px !important;padding-top: 0px !important;padding-bottom: 70px !important;}&#8221;][vc_column width=&#8221;1\/2&#8243; css=&#8221;.vc_custom_1641806817663{margin-bottom: 25px !important;}&#8221; mobile_margin_bottom=&#8221;50&#8243;][vc_single_image image=&#8221;35014&#8243; img_size=&#8221;full&#8221; alignment=&#8221;center&#8221; css=&#8221;.vc_custom_1641302738353{margin-top: 0px !important;}&#8221;][vc_column_text css=&#8221;.vc_custom_1641806903312{margin-top: 20px !important;}&#8221; el_class=&#8221;custom_image_title&#8221;]<\/p>\n<h3><span style=\"color: #b32022;\">IMPIANTO DI CLIMATIZZAZIONE<\/span><\/h3>\n<p>Fuori splende un sole estivo, dentro \u00e8 gradevolmente fresco. Quando ci si sposta con il bus per il trasporto disabili o in minibus, un clima gradevole \u00e8 sinonimo di viaggi in pieno relax. Se l\u2019impianto di climatizzazione non \u00e8 disponibile di fabbrica, oppure se \u00e8 ancora assente dal suo bus per un altro motivo, possiamo offrirle la soluzione adatta.[\/vc_column_text][\/vc_column][vc_column width=&#8221;1\/2&#8243;][vc_single_image image=&#8221;37582&#8243; img_size=&#8221;full&#8221; css=&#8221;.vc_custom_1641302733459{margin-top: 0px !important;}&#8221;][vc_column_text css=&#8221;.vc_custom_1641806909251{margin-top: 20px !important;margin-bottom: 20px !important;}&#8221; el_class=&#8221;custom_image_title&#8221;]<\/p>\n<h3><span style=\"color: #b32022;\">RISCALDAMENTO A VEICOLO FERMO<\/span><\/h3>\n<p>Fuori soffia un vento gelido, dentro \u00e8 gradevolmente tiepido. Quando ci si sposta con il bus per il trasporto disabili o in minibus, un clima gradevole \u00e8 sinonimo di viaggi in pieno relax. Se non \u00e8 disponibile un riscaldamento a veicolo fermo di fabbrica, oppure se \u00e8 ancora assente dal suo bus per un altro motivo, possiamo offrirle la soluzione adatta.[\/vc_column_text][\/vc_column][\/vc_row]<\/p>\n<\/div>","protected":false},"excerpt":{"rendered":"<p>[vc_row css=&#8221;.vc_custom_1649933315025{margin-top: 90px !important;margin-bottom: 0px !important;padding-bottom: 0px !important;}&#8221; mobile_margin_bottom=&#8221;50&#8243;][vc_column css=&#8221;.vc_custom_1649932965807{margin-top: 0px !important;margin-bottom: 0px !important;padding-top: 0px !important;padding-bottom: 0px !important;}&#8221;][vc_column_text css=&#8221;.vc_custom_1649932976774{margin-top: 20px&#8230;<\/p>\n","protected":false},"author":1,"featured_media":0,"parent":35237,"menu_order":0,"comment_status":"closed","ping_status":"closed","template":"","meta":{"footnotes":""},"class_list":["post-35356","page","type-page","status-publish"],"yoast_head":"<!-- This site is optimized with the Yoast SEO plugin v27.2 - https:\/\/yoast.com\/product\/yoast-seo-wordpress\/ -->\n<title>Impianti di climatizzazione e riscaldamento a veicolo fermo - Waldspurger<\/title>\n<meta name=\"robots\" content=\"index, follow, max-snippet:-1, max-image-preview:large, max-video-preview:-1\" \/>\n<link rel=\"canonical\" href=\"https:\/\/waldspurger.ch\/it\/accessori\/impianti-di-climatizzazione-e-riscaldamento-a-veicolo-fermo\/\" \/>\n<meta property=\"og:locale\" content=\"it_IT\" \/>\n<meta property=\"og:type\" content=\"article\" \/>\n<meta property=\"og:title\" content=\"Impianti di climatizzazione e riscaldamento a veicolo fermo - Waldspurger\" \/>\n<meta property=\"og:description\" content=\"[vc_row css=&#8221;.vc_custom_1649933315025{margin-top: 90px !important;margin-bottom: 0px !important;padding-bottom: 0px !important;}&#8221; mobile_margin_bottom=&#8221;50&#8243;][vc_column css=&#8221;.vc_custom_1649932965807{margin-top: 0px !important;margin-bottom: 0px !important;padding-top: 0px !important;padding-bottom: 0px !important;}&#8221;][vc_column_text css=&#8221;.vc_custom_1649932976774{margin-top: 20px...\" \/>\n<meta property=\"og:url\" content=\"https:\/\/waldspurger.ch\/it\/accessori\/impianti-di-climatizzazione-e-riscaldamento-a-veicolo-fermo\/\" \/>\n<meta property=\"og:site_name\" content=\"Waldspurger\" \/>\n<meta property=\"article:modified_time\" content=\"2022-04-14T10:50:24+00:00\" \/>\n<meta property=\"og:image\" content=\"https:\/\/waldspurger.ch\/wp-content\/uploads\/2022\/02\/logo_de.png\" \/>\n\t<meta property=\"og:image:width\" content=\"320\" \/>\n\t<meta property=\"og:image:height\" content=\"223\" \/>\n\t<meta property=\"og:image:type\" content=\"image\/png\" \/>\n<meta name=\"twitter:card\" content=\"summary_large_image\" \/>\n<script type=\"application\/ld+json\" class=\"yoast-schema-graph\">{\"@context\":\"https:\/\/schema.org\",\"@graph\":[{\"@type\":\"Article\",\"@id\":\"https:\/\/waldspurger.ch\/it\/accessori\/impianti-di-climatizzazione-e-riscaldamento-a-veicolo-fermo\/#article\",\"isPartOf\":{\"@id\":\"https:\/\/waldspurger.ch\/it\/accessori\/impianti-di-climatizzazione-e-riscaldamento-a-veicolo-fermo\/\"},\"author\":{\"name\":\"Adminmoritzi\",\"@id\":\"https:\/\/waldspurger.ch\/it\/#\/schema\/person\/e92a92f5b5a240afd932a5eba15ae94c\"},\"headline\":\"Impianti di climatizzazione e riscaldamento a veicolo fermo\",\"datePublished\":\"2021-02-09T09:46:40+00:00\",\"dateModified\":\"2022-04-14T10:50:24+00:00\",\"mainEntityOfPage\":{\"@id\":\"https:\/\/waldspurger.ch\/it\/accessori\/impianti-di-climatizzazione-e-riscaldamento-a-veicolo-fermo\/\"},\"wordCount\":335,\"publisher\":{\"@id\":\"https:\/\/waldspurger.ch\/it\/#organization\"},\"inLanguage\":\"it-IT\"},{\"@type\":\"WebPage\",\"@id\":\"https:\/\/waldspurger.ch\/it\/accessori\/impianti-di-climatizzazione-e-riscaldamento-a-veicolo-fermo\/\",\"url\":\"https:\/\/waldspurger.ch\/it\/accessori\/impianti-di-climatizzazione-e-riscaldamento-a-veicolo-fermo\/\",\"name\":\"Impianti di climatizzazione e riscaldamento a veicolo fermo - Waldspurger\",\"isPartOf\":{\"@id\":\"https:\/\/waldspurger.ch\/it\/#website\"},\"datePublished\":\"2021-02-09T09:46:40+00:00\",\"dateModified\":\"2022-04-14T10:50:24+00:00\",\"breadcrumb\":{\"@id\":\"https:\/\/waldspurger.ch\/it\/accessori\/impianti-di-climatizzazione-e-riscaldamento-a-veicolo-fermo\/#breadcrumb\"},\"inLanguage\":\"it-IT\",\"potentialAction\":[{\"@type\":\"ReadAction\",\"target\":[\"https:\/\/waldspurger.ch\/it\/accessori\/impianti-di-climatizzazione-e-riscaldamento-a-veicolo-fermo\/\"]}]},{\"@type\":\"BreadcrumbList\",\"@id\":\"https:\/\/waldspurger.ch\/it\/accessori\/impianti-di-climatizzazione-e-riscaldamento-a-veicolo-fermo\/#breadcrumb\",\"itemListElement\":[{\"@type\":\"ListItem\",\"position\":1,\"name\":\"Startseite\",\"item\":\"https:\/\/waldspurger.ch\/it\/\"},{\"@type\":\"ListItem\",\"position\":2,\"name\":\"Accessori\",\"item\":\"https:\/\/waldspurger.ch\/it\/accessori\/\"},{\"@type\":\"ListItem\",\"position\":3,\"name\":\"Impianti di climatizzazione e riscaldamento a veicolo fermo\"}]},{\"@type\":\"WebSite\",\"@id\":\"https:\/\/waldspurger.ch\/it\/#website\",\"url\":\"https:\/\/waldspurger.ch\/it\/\",\"name\":\"Waldspurger\",\"description\":\"Allestimento di veicoli\",\"publisher\":{\"@id\":\"https:\/\/waldspurger.ch\/it\/#organization\"},\"potentialAction\":[{\"@type\":\"SearchAction\",\"target\":{\"@type\":\"EntryPoint\",\"urlTemplate\":\"https:\/\/waldspurger.ch\/it\/?s={search_term_string}\"},\"query-input\":{\"@type\":\"PropertyValueSpecification\",\"valueRequired\":true,\"valueName\":\"search_term_string\"}}],\"inLanguage\":\"it-IT\"},{\"@type\":\"Organization\",\"@id\":\"https:\/\/waldspurger.ch\/it\/#organization\",\"name\":\"Waldspurger AG\",\"url\":\"https:\/\/waldspurger.ch\/it\/\",\"logo\":{\"@type\":\"ImageObject\",\"inLanguage\":\"it-IT\",\"@id\":\"https:\/\/waldspurger.ch\/it\/#\/schema\/logo\/image\/\",\"url\":\"https:\/\/waldspurger.ch\/wp-content\/uploads\/2022\/02\/logo_de.png\",\"contentUrl\":\"https:\/\/waldspurger.ch\/wp-content\/uploads\/2022\/02\/logo_de.png\",\"width\":320,\"height\":223,\"caption\":\"Waldspurger AG\"},\"image\":{\"@id\":\"https:\/\/waldspurger.ch\/it\/#\/schema\/logo\/image\/\"},\"sameAs\":[\"https:\/\/ch.linkedin.com\/company\/waldspurger-bergdietikon\",\"https:\/\/www.youtube.com\/channel\/UC4BYucVfPuWzNF4hyfO3YTw\"]},{\"@type\":\"Person\",\"@id\":\"https:\/\/waldspurger.ch\/it\/#\/schema\/person\/e92a92f5b5a240afd932a5eba15ae94c\",\"name\":\"Adminmoritzi\",\"image\":{\"@type\":\"ImageObject\",\"inLanguage\":\"it-IT\",\"@id\":\"https:\/\/secure.gravatar.com\/avatar\/4f43fbec0cc1848d75d18da5595fa2e9d12bc02d9d761756323c70efe587d61a?s=96&d=mm&r=g\",\"url\":\"https:\/\/secure.gravatar.com\/avatar\/4f43fbec0cc1848d75d18da5595fa2e9d12bc02d9d761756323c70efe587d61a?s=96&d=mm&r=g\",\"contentUrl\":\"https:\/\/secure.gravatar.com\/avatar\/4f43fbec0cc1848d75d18da5595fa2e9d12bc02d9d761756323c70efe587d61a?s=96&d=mm&r=g\",\"caption\":\"Adminmoritzi\"}}]}<\/script>\n<!-- \/ Yoast SEO plugin. -->","yoast_head_json":{"title":"Impianti di climatizzazione e riscaldamento a veicolo fermo - Waldspurger","robots":{"index":"index","follow":"follow","max-snippet":"max-snippet:-1","max-image-preview":"max-image-preview:large","max-video-preview":"max-video-preview:-1"},"canonical":"https:\/\/waldspurger.ch\/it\/accessori\/impianti-di-climatizzazione-e-riscaldamento-a-veicolo-fermo\/","og_locale":"it_IT","og_type":"article","og_title":"Impianti di climatizzazione e riscaldamento a veicolo fermo - Waldspurger","og_description":"[vc_row css=&#8221;.vc_custom_1649933315025{margin-top: 90px !important;margin-bottom: 0px !important;padding-bottom: 0px !important;}&#8221; mobile_margin_bottom=&#8221;50&#8243;][vc_column css=&#8221;.vc_custom_1649932965807{margin-top: 0px !important;margin-bottom: 0px !important;padding-top: 0px !important;padding-bottom: 0px !important;}&#8221;][vc_column_text css=&#8221;.vc_custom_1649932976774{margin-top: 20px...","og_url":"https:\/\/waldspurger.ch\/it\/accessori\/impianti-di-climatizzazione-e-riscaldamento-a-veicolo-fermo\/","og_site_name":"Waldspurger","article_modified_time":"2022-04-14T10:50:24+00:00","og_image":[{"width":320,"height":223,"url":"https:\/\/waldspurger.ch\/wp-content\/uploads\/2022\/02\/logo_de.png","type":"image\/png"}],"twitter_card":"summary_large_image","schema":{"@context":"https:\/\/schema.org","@graph":[{"@type":"Article","@id":"https:\/\/waldspurger.ch\/it\/accessori\/impianti-di-climatizzazione-e-riscaldamento-a-veicolo-fermo\/#article","isPartOf":{"@id":"https:\/\/waldspurger.ch\/it\/accessori\/impianti-di-climatizzazione-e-riscaldamento-a-veicolo-fermo\/"},"author":{"name":"Adminmoritzi","@id":"https:\/\/waldspurger.ch\/it\/#\/schema\/person\/e92a92f5b5a240afd932a5eba15ae94c"},"headline":"Impianti di climatizzazione e riscaldamento a veicolo fermo","datePublished":"2021-02-09T09:46:40+00:00","dateModified":"2022-04-14T10:50:24+00:00","mainEntityOfPage":{"@id":"https:\/\/waldspurger.ch\/it\/accessori\/impianti-di-climatizzazione-e-riscaldamento-a-veicolo-fermo\/"},"wordCount":335,"publisher":{"@id":"https:\/\/waldspurger.ch\/it\/#organization"},"inLanguage":"it-IT"},{"@type":"WebPage","@id":"https:\/\/waldspurger.ch\/it\/accessori\/impianti-di-climatizzazione-e-riscaldamento-a-veicolo-fermo\/","url":"https:\/\/waldspurger.ch\/it\/accessori\/impianti-di-climatizzazione-e-riscaldamento-a-veicolo-fermo\/","name":"Impianti di climatizzazione e riscaldamento a veicolo fermo - Waldspurger","isPartOf":{"@id":"https:\/\/waldspurger.ch\/it\/#website"},"datePublished":"2021-02-09T09:46:40+00:00","dateModified":"2022-04-14T10:50:24+00:00","breadcrumb":{"@id":"https:\/\/waldspurger.ch\/it\/accessori\/impianti-di-climatizzazione-e-riscaldamento-a-veicolo-fermo\/#breadcrumb"},"inLanguage":"it-IT","potentialAction":[{"@type":"ReadAction","target":["https:\/\/waldspurger.ch\/it\/accessori\/impianti-di-climatizzazione-e-riscaldamento-a-veicolo-fermo\/"]}]},{"@type":"BreadcrumbList","@id":"https:\/\/waldspurger.ch\/it\/accessori\/impianti-di-climatizzazione-e-riscaldamento-a-veicolo-fermo\/#breadcrumb","itemListElement":[{"@type":"ListItem","position":1,"name":"Startseite","item":"https:\/\/waldspurger.ch\/it\/"},{"@type":"ListItem","position":2,"name":"Accessori","item":"https:\/\/waldspurger.ch\/it\/accessori\/"},{"@type":"ListItem","position":3,"name":"Impianti di climatizzazione e riscaldamento a veicolo fermo"}]},{"@type":"WebSite","@id":"https:\/\/waldspurger.ch\/it\/#website","url":"https:\/\/waldspurger.ch\/it\/","name":"Waldspurger","description":"Allestimento di veicoli","publisher":{"@id":"https:\/\/waldspurger.ch\/it\/#organization"},"potentialAction":[{"@type":"SearchAction","target":{"@type":"EntryPoint","urlTemplate":"https:\/\/waldspurger.ch\/it\/?s={search_term_string}"},"query-input":{"@type":"PropertyValueSpecification","valueRequired":true,"valueName":"search_term_string"}}],"inLanguage":"it-IT"},{"@type":"Organization","@id":"https:\/\/waldspurger.ch\/it\/#organization","name":"Waldspurger AG","url":"https:\/\/waldspurger.ch\/it\/","logo":{"@type":"ImageObject","inLanguage":"it-IT","@id":"https:\/\/waldspurger.ch\/it\/#\/schema\/logo\/image\/","url":"https:\/\/waldspurger.ch\/wp-content\/uploads\/2022\/02\/logo_de.png","contentUrl":"https:\/\/waldspurger.ch\/wp-content\/uploads\/2022\/02\/logo_de.png","width":320,"height":223,"caption":"Waldspurger AG"},"image":{"@id":"https:\/\/waldspurger.ch\/it\/#\/schema\/logo\/image\/"},"sameAs":["https:\/\/ch.linkedin.com\/company\/waldspurger-bergdietikon","https:\/\/www.youtube.com\/channel\/UC4BYucVfPuWzNF4hyfO3YTw"]},{"@type":"Person","@id":"https:\/\/waldspurger.ch\/it\/#\/schema\/person\/e92a92f5b5a240afd932a5eba15ae94c","name":"Adminmoritzi","image":{"@type":"ImageObject","inLanguage":"it-IT","@id":"https:\/\/secure.gravatar.com\/avatar\/4f43fbec0cc1848d75d18da5595fa2e9d12bc02d9d761756323c70efe587d61a?s=96&d=mm&r=g","url":"https:\/\/secure.gravatar.com\/avatar\/4f43fbec0cc1848d75d18da5595fa2e9d12bc02d9d761756323c70efe587d61a?s=96&d=mm&r=g","contentUrl":"https:\/\/secure.gravatar.com\/avatar\/4f43fbec0cc1848d75d18da5595fa2e9d12bc02d9d761756323c70efe587d61a?s=96&d=mm&r=g","caption":"Adminmoritzi"}}]}},"_links":{"self":[{"href":"https:\/\/waldspurger.ch\/it\/wp-json\/wp\/v2\/pages\/35356","targetHints":{"allow":["GET"]}}],"collection":[{"href":"https:\/\/waldspurger.ch\/it\/wp-json\/wp\/v2\/pages"}],"about":[{"href":"https:\/\/waldspurger.ch\/it\/wp-json\/wp\/v2\/types\/page"}],"author":[{"embeddable":true,"href":"https:\/\/waldspurger.ch\/it\/wp-json\/wp\/v2\/users\/1"}],"replies":[{"embeddable":true,"href":"https:\/\/waldspurger.ch\/it\/wp-json\/wp\/v2\/comments?post=35356"}],"version-history":[{"count":0,"href":"https:\/\/waldspurger.ch\/it\/wp-json\/wp\/v2\/pages\/35356\/revisions"}],"up":[{"embeddable":true,"href":"https:\/\/waldspurger.ch\/it\/wp-json\/wp\/v2\/pages\/35237"}],"wp:attachment":[{"href":"https:\/\/waldspurger.ch\/it\/wp-json\/wp\/v2\/media?parent=35356"}],"curies":[{"name":"wp","href":"https:\/\/api.w.org\/{rel}","templated":true}]}}