{"id":35348,"date":"2021-02-09T10:40:15","date_gmt":"2021-02-09T09:40:15","guid":{"rendered":"https:\/\/waldspurger.getads.ch\/accessori\/sistemi-di-fissaggio-della-sedia-a-rotelle\/"},"modified":"2022-03-08T11:55:40","modified_gmt":"2022-03-08T10:55:40","slug":"sistemi-di-fissaggio-della-sedia-a-rotelle","status":"publish","type":"page","link":"https:\/\/waldspurger.ch\/it\/accessori\/sistemi-di-fissaggio-della-sedia-a-rotelle\/","title":{"rendered":"Sistemi di fissaggio della sedia a rotelle"},"content":{"rendered":"<div class=\"wpb-content-wrapper\"><p>[vc_row css_animation=&#8221;fadeInUp&#8221; css=&#8221;.vc_custom_1623676834107{margin-top: 90px !important;}&#8221; el_class=&#8221;custom_maxwidth&#8221;][vc_column][vc_column_text css=&#8221;.vc_custom_1637682683925{margin-top: 20px !important;margin-bottom: 20px !important;}&#8221; el_class=&#8221;custom_maxwidth&#8221;]<\/p>\n<h2><strong>SISTEMI DI FISSAGGIO DELLA SEDIA A ROTELLE <\/strong><\/h2>\n<h3>SEDIA BEN ANCORATA, VIAGGI PI\u00d9 SICURI<\/h3>\n<p>Offriamo un sistema di fissaggio per diverse tipologie di sedie a rotelle. Il nostro Safety System a 4 punti brevettato consente di ancorare ogni sedia a rotelle in sicurezza all\u2019interno del veicolo, a prescindere dal tipo: normale, elettrica o sportiva.[\/vc_column_text][\/vc_column][\/vc_row][vc_row el_id=&#8221;kopf_rueckenprotektor&#8221; css=&#8221;.vc_custom_1640615310725{margin-top: 0px !important;margin-bottom: 0px !important;padding-top: 0px !important;padding-bottom: 0px !important;}&#8221;][vc_column width=&#8221;1\/2&#8243; css_animation=&#8221;fadeInUp&#8221; css=&#8221;.vc_custom_1641805643444{margin-top: 0px !important;margin-bottom: 0px !important;padding-top: 0px !important;padding-bottom: 50px !important;}&#8221; mobile_padding_top=&#8221;30&#8243;][vc_single_image image=&#8221;37573&#8243; img_size=&#8221;full&#8221; css=&#8221;.vc_custom_1641302546080{margin-top: 0px !important;}&#8221;][vc_column_text el_class=&#8221;custom_maxwidth&#8221; css=&#8221;.vc_custom_1641393705145{margin-top: 20px !important;}&#8221;]<\/p>\n<h3><strong>SET DI AVVOLGITORI ECO<\/strong><\/h3>\n<p>Il sistema Eco \u00e8 la variante economica per il fissaggio di una sedia a rotelle. \u00c8 composto da due cinture statiche, da due avvolgitori manuali a manovella e da una cintura subaddominale. Il set di base perfetto per viaggiare in sicurezza.[\/vc_column_text][\/vc_column][vc_column width=&#8221;1\/2&#8243; css_animation=&#8221;fadeInUp&#8221; effects_enabled_delay=&#8221;200&#8243; css=&#8221;.vc_custom_1640615254623{margin-top: 0px !important;margin-bottom: 0px !important;padding-top: 0px !important;padding-bottom: 50px !important;}&#8221;][vc_single_image image=&#8221;37572&#8243; img_size=&#8221;full&#8221; css=&#8221;.vc_custom_1641302551219{margin-top: 0px !important;}&#8221;][vc_column_text el_class=&#8221;custom_maxwidth&#8221; css=&#8221;.vc_custom_1641393714304{margin-top: 20px !important;}&#8221;]<\/p>\n<h3><strong>SET DI AVVOLGITORI COMFORT<\/strong><\/h3>\n<p>Il set Comfort \u00e8 la variante confortevole per il fissaggio di una sedia a rotelle. \u00c8 composto da quattro avvolgitori manuali a manovella e da una cintura subaddominale. Per viaggiare in comodit\u00e0 e sicurezza.[\/vc_column_text][\/vc_column][\/vc_row][vc_row full_width=&#8221;stretch_row&#8221; css=&#8221;.vc_custom_1640615323988{margin-top: 0px !important;margin-bottom: 0px !important;padding-top: 0px !important;padding-bottom: 20px !important;background-color: #ffffff !important;}&#8221;][vc_column width=&#8221;1\/2&#8243; css_animation=&#8221;fadeInUp&#8221; css=&#8221;.vc_custom_1640615277590{margin-top: 0px !important;margin-bottom: 0px !important;padding-top: 0px !important;padding-bottom: 50px !important;}&#8221;][vc_single_image image=&#8221;37571&#8243; img_size=&#8221;full&#8221; css_animation=&#8221;none&#8221; css=&#8221;.vc_custom_1641302556304{margin-top: 0px !important;}&#8221;][vc_column_text el_class=&#8221;custom_maxwidth&#8221; css=&#8221;.vc_custom_1641393721307{margin-top: 20px !important;}&#8221;]<\/p>\n<h3><strong>SET DI AVVOLGITORI PER CARICHI PESANTI<\/strong><\/h3>\n<p>In caso di sedie a rotelle molto pesanti, oppure se \u00e8 necessario trasportare persone corpulente, possiamo installare sul suo veicolo avvolgitori per carichi pesanti. Essi vengono testati sia con il nostro pianale con binari in alluminio, sia con il nostro veicolo con pianale ribassato e proteggono le persone in sedia a rotelle in modo ottimale, anche se il loro peso \u00e8 superiore alla norma.[\/vc_column_text][\/vc_column][vc_column width=&#8221;1\/2&#8243; css_animation=&#8221;fadeInUp&#8221; effects_enabled_delay=&#8221;200&#8243; css=&#8221;.vc_custom_1640615287574{margin-top: 0px !important;margin-bottom: 0px !important;padding-top: 0px !important;padding-bottom: 50px !important;}&#8221;][vc_single_image image=&#8221;37570&#8243; img_size=&#8221;600&#215;400&#8243; css=&#8221;.vc_custom_1641302560636{margin-top: 0px !important;}&#8221;][vc_column_text el_class=&#8221;custom_maxwidth&#8221; css=&#8221;.vc_custom_1641393730187{margin-top: 20px !important;}&#8221;]<\/p>\n<h3><strong>SET DI AVVOLGITORI ELETTRICI<\/strong><\/h3>\n<p>La variante pi\u00f9 confortevole per il fissaggio di una sedia a rotelle \u00e8 il set di avvolgitori elettrici. \u00c8 costituito da due avvolgitori elettrici e da due manuali a manovella, oltre che da una cintura subaddominale. Semplice da maneggiare e sicuro: la soluzione ideale per trasportare sedie a rotelle di ogni tipo.[\/vc_column_text][\/vc_column][\/vc_row]<\/p>\n<\/div>","protected":false},"excerpt":{"rendered":"<p>[vc_row css_animation=&#8221;fadeInUp&#8221; css=&#8221;.vc_custom_1623676834107{margin-top: 90px !important;}&#8221; el_class=&#8221;custom_maxwidth&#8221;][vc_column][vc_column_text css=&#8221;.vc_custom_1637682683925{margin-top: 20px !important;margin-bottom: 20px !important;}&#8221; el_class=&#8221;custom_maxwidth&#8221;] SISTEMI DI FISSAGGIO DELLA SEDIA A ROTELLE SEDIA&#8230;<\/p>\n","protected":false},"author":1,"featured_media":0,"parent":35237,"menu_order":0,"comment_status":"closed","ping_status":"closed","template":"","meta":{"footnotes":""},"class_list":["post-35348","page","type-page","status-publish"],"yoast_head":"<!-- This site is optimized with the Yoast SEO plugin v27.2 - https:\/\/yoast.com\/product\/yoast-seo-wordpress\/ -->\n<title>Sistemi di fissaggio della sedia a rotelle - Waldspurger<\/title>\n<meta name=\"robots\" content=\"index, follow, max-snippet:-1, max-image-preview:large, max-video-preview:-1\" \/>\n<link rel=\"canonical\" href=\"https:\/\/waldspurger.ch\/it\/accessori\/sistemi-di-fissaggio-della-sedia-a-rotelle\/\" \/>\n<meta property=\"og:locale\" content=\"it_IT\" \/>\n<meta property=\"og:type\" content=\"article\" \/>\n<meta property=\"og:title\" content=\"Sistemi di fissaggio della sedia a rotelle - Waldspurger\" \/>\n<meta property=\"og:description\" content=\"[vc_row css_animation=&#8221;fadeInUp&#8221; css=&#8221;.vc_custom_1623676834107{margin-top: 90px !important;}&#8221; el_class=&#8221;custom_maxwidth&#8221;][vc_column][vc_column_text css=&#8221;.vc_custom_1637682683925{margin-top: 20px !important;margin-bottom: 20px !important;}&#8221; el_class=&#8221;custom_maxwidth&#8221;] SISTEMI DI FISSAGGIO DELLA SEDIA A ROTELLE SEDIA...\" \/>\n<meta property=\"og:url\" content=\"https:\/\/waldspurger.ch\/it\/accessori\/sistemi-di-fissaggio-della-sedia-a-rotelle\/\" \/>\n<meta property=\"og:site_name\" content=\"Waldspurger\" \/>\n<meta property=\"article:modified_time\" content=\"2022-03-08T10:55:40+00:00\" \/>\n<meta property=\"og:image\" content=\"https:\/\/waldspurger.ch\/wp-content\/uploads\/2022\/02\/logo_de.png\" \/>\n\t<meta property=\"og:image:width\" content=\"320\" \/>\n\t<meta property=\"og:image:height\" content=\"223\" \/>\n\t<meta property=\"og:image:type\" content=\"image\/png\" \/>\n<meta name=\"twitter:card\" content=\"summary_large_image\" \/>\n<script type=\"application\/ld+json\" class=\"yoast-schema-graph\">{\"@context\":\"https:\/\/schema.org\",\"@graph\":[{\"@type\":\"Article\",\"@id\":\"https:\/\/waldspurger.ch\/it\/accessori\/sistemi-di-fissaggio-della-sedia-a-rotelle\/#article\",\"isPartOf\":{\"@id\":\"https:\/\/waldspurger.ch\/it\/accessori\/sistemi-di-fissaggio-della-sedia-a-rotelle\/\"},\"author\":{\"name\":\"Adminmoritzi\",\"@id\":\"https:\/\/waldspurger.ch\/it\/#\/schema\/person\/e92a92f5b5a240afd932a5eba15ae94c\"},\"headline\":\"Sistemi di fissaggio della sedia a rotelle\",\"datePublished\":\"2021-02-09T09:40:15+00:00\",\"dateModified\":\"2022-03-08T10:55:40+00:00\",\"mainEntityOfPage\":{\"@id\":\"https:\/\/waldspurger.ch\/it\/accessori\/sistemi-di-fissaggio-della-sedia-a-rotelle\/\"},\"wordCount\":570,\"publisher\":{\"@id\":\"https:\/\/waldspurger.ch\/it\/#organization\"},\"inLanguage\":\"it-IT\"},{\"@type\":\"WebPage\",\"@id\":\"https:\/\/waldspurger.ch\/it\/accessori\/sistemi-di-fissaggio-della-sedia-a-rotelle\/\",\"url\":\"https:\/\/waldspurger.ch\/it\/accessori\/sistemi-di-fissaggio-della-sedia-a-rotelle\/\",\"name\":\"Sistemi di fissaggio della sedia a rotelle - Waldspurger\",\"isPartOf\":{\"@id\":\"https:\/\/waldspurger.ch\/it\/#website\"},\"datePublished\":\"2021-02-09T09:40:15+00:00\",\"dateModified\":\"2022-03-08T10:55:40+00:00\",\"breadcrumb\":{\"@id\":\"https:\/\/waldspurger.ch\/it\/accessori\/sistemi-di-fissaggio-della-sedia-a-rotelle\/#breadcrumb\"},\"inLanguage\":\"it-IT\",\"potentialAction\":[{\"@type\":\"ReadAction\",\"target\":[\"https:\/\/waldspurger.ch\/it\/accessori\/sistemi-di-fissaggio-della-sedia-a-rotelle\/\"]}]},{\"@type\":\"BreadcrumbList\",\"@id\":\"https:\/\/waldspurger.ch\/it\/accessori\/sistemi-di-fissaggio-della-sedia-a-rotelle\/#breadcrumb\",\"itemListElement\":[{\"@type\":\"ListItem\",\"position\":1,\"name\":\"Startseite\",\"item\":\"https:\/\/waldspurger.ch\/it\/\"},{\"@type\":\"ListItem\",\"position\":2,\"name\":\"Accessori\",\"item\":\"https:\/\/waldspurger.ch\/it\/accessori\/\"},{\"@type\":\"ListItem\",\"position\":3,\"name\":\"Sistemi di fissaggio della sedia a rotelle\"}]},{\"@type\":\"WebSite\",\"@id\":\"https:\/\/waldspurger.ch\/it\/#website\",\"url\":\"https:\/\/waldspurger.ch\/it\/\",\"name\":\"Waldspurger\",\"description\":\"Allestimento di veicoli\",\"publisher\":{\"@id\":\"https:\/\/waldspurger.ch\/it\/#organization\"},\"potentialAction\":[{\"@type\":\"SearchAction\",\"target\":{\"@type\":\"EntryPoint\",\"urlTemplate\":\"https:\/\/waldspurger.ch\/it\/?s={search_term_string}\"},\"query-input\":{\"@type\":\"PropertyValueSpecification\",\"valueRequired\":true,\"valueName\":\"search_term_string\"}}],\"inLanguage\":\"it-IT\"},{\"@type\":\"Organization\",\"@id\":\"https:\/\/waldspurger.ch\/it\/#organization\",\"name\":\"Waldspurger AG\",\"url\":\"https:\/\/waldspurger.ch\/it\/\",\"logo\":{\"@type\":\"ImageObject\",\"inLanguage\":\"it-IT\",\"@id\":\"https:\/\/waldspurger.ch\/it\/#\/schema\/logo\/image\/\",\"url\":\"https:\/\/waldspurger.ch\/wp-content\/uploads\/2022\/02\/logo_de.png\",\"contentUrl\":\"https:\/\/waldspurger.ch\/wp-content\/uploads\/2022\/02\/logo_de.png\",\"width\":320,\"height\":223,\"caption\":\"Waldspurger AG\"},\"image\":{\"@id\":\"https:\/\/waldspurger.ch\/it\/#\/schema\/logo\/image\/\"},\"sameAs\":[\"https:\/\/ch.linkedin.com\/company\/waldspurger-bergdietikon\",\"https:\/\/www.youtube.com\/channel\/UC4BYucVfPuWzNF4hyfO3YTw\"]},{\"@type\":\"Person\",\"@id\":\"https:\/\/waldspurger.ch\/it\/#\/schema\/person\/e92a92f5b5a240afd932a5eba15ae94c\",\"name\":\"Adminmoritzi\",\"image\":{\"@type\":\"ImageObject\",\"inLanguage\":\"it-IT\",\"@id\":\"https:\/\/secure.gravatar.com\/avatar\/4f43fbec0cc1848d75d18da5595fa2e9d12bc02d9d761756323c70efe587d61a?s=96&d=mm&r=g\",\"url\":\"https:\/\/secure.gravatar.com\/avatar\/4f43fbec0cc1848d75d18da5595fa2e9d12bc02d9d761756323c70efe587d61a?s=96&d=mm&r=g\",\"contentUrl\":\"https:\/\/secure.gravatar.com\/avatar\/4f43fbec0cc1848d75d18da5595fa2e9d12bc02d9d761756323c70efe587d61a?s=96&d=mm&r=g\",\"caption\":\"Adminmoritzi\"}}]}<\/script>\n<!-- \/ Yoast SEO plugin. -->","yoast_head_json":{"title":"Sistemi di fissaggio della sedia a rotelle - Waldspurger","robots":{"index":"index","follow":"follow","max-snippet":"max-snippet:-1","max-image-preview":"max-image-preview:large","max-video-preview":"max-video-preview:-1"},"canonical":"https:\/\/waldspurger.ch\/it\/accessori\/sistemi-di-fissaggio-della-sedia-a-rotelle\/","og_locale":"it_IT","og_type":"article","og_title":"Sistemi di fissaggio della sedia a rotelle - Waldspurger","og_description":"[vc_row css_animation=&#8221;fadeInUp&#8221; css=&#8221;.vc_custom_1623676834107{margin-top: 90px !important;}&#8221; el_class=&#8221;custom_maxwidth&#8221;][vc_column][vc_column_text css=&#8221;.vc_custom_1637682683925{margin-top: 20px !important;margin-bottom: 20px !important;}&#8221; el_class=&#8221;custom_maxwidth&#8221;] SISTEMI DI FISSAGGIO DELLA SEDIA A ROTELLE SEDIA...","og_url":"https:\/\/waldspurger.ch\/it\/accessori\/sistemi-di-fissaggio-della-sedia-a-rotelle\/","og_site_name":"Waldspurger","article_modified_time":"2022-03-08T10:55:40+00:00","og_image":[{"width":320,"height":223,"url":"https:\/\/waldspurger.ch\/wp-content\/uploads\/2022\/02\/logo_de.png","type":"image\/png"}],"twitter_card":"summary_large_image","schema":{"@context":"https:\/\/schema.org","@graph":[{"@type":"Article","@id":"https:\/\/waldspurger.ch\/it\/accessori\/sistemi-di-fissaggio-della-sedia-a-rotelle\/#article","isPartOf":{"@id":"https:\/\/waldspurger.ch\/it\/accessori\/sistemi-di-fissaggio-della-sedia-a-rotelle\/"},"author":{"name":"Adminmoritzi","@id":"https:\/\/waldspurger.ch\/it\/#\/schema\/person\/e92a92f5b5a240afd932a5eba15ae94c"},"headline":"Sistemi di fissaggio della sedia a rotelle","datePublished":"2021-02-09T09:40:15+00:00","dateModified":"2022-03-08T10:55:40+00:00","mainEntityOfPage":{"@id":"https:\/\/waldspurger.ch\/it\/accessori\/sistemi-di-fissaggio-della-sedia-a-rotelle\/"},"wordCount":570,"publisher":{"@id":"https:\/\/waldspurger.ch\/it\/#organization"},"inLanguage":"it-IT"},{"@type":"WebPage","@id":"https:\/\/waldspurger.ch\/it\/accessori\/sistemi-di-fissaggio-della-sedia-a-rotelle\/","url":"https:\/\/waldspurger.ch\/it\/accessori\/sistemi-di-fissaggio-della-sedia-a-rotelle\/","name":"Sistemi di fissaggio della sedia a rotelle - Waldspurger","isPartOf":{"@id":"https:\/\/waldspurger.ch\/it\/#website"},"datePublished":"2021-02-09T09:40:15+00:00","dateModified":"2022-03-08T10:55:40+00:00","breadcrumb":{"@id":"https:\/\/waldspurger.ch\/it\/accessori\/sistemi-di-fissaggio-della-sedia-a-rotelle\/#breadcrumb"},"inLanguage":"it-IT","potentialAction":[{"@type":"ReadAction","target":["https:\/\/waldspurger.ch\/it\/accessori\/sistemi-di-fissaggio-della-sedia-a-rotelle\/"]}]},{"@type":"BreadcrumbList","@id":"https:\/\/waldspurger.ch\/it\/accessori\/sistemi-di-fissaggio-della-sedia-a-rotelle\/#breadcrumb","itemListElement":[{"@type":"ListItem","position":1,"name":"Startseite","item":"https:\/\/waldspurger.ch\/it\/"},{"@type":"ListItem","position":2,"name":"Accessori","item":"https:\/\/waldspurger.ch\/it\/accessori\/"},{"@type":"ListItem","position":3,"name":"Sistemi di fissaggio della sedia a rotelle"}]},{"@type":"WebSite","@id":"https:\/\/waldspurger.ch\/it\/#website","url":"https:\/\/waldspurger.ch\/it\/","name":"Waldspurger","description":"Allestimento di veicoli","publisher":{"@id":"https:\/\/waldspurger.ch\/it\/#organization"},"potentialAction":[{"@type":"SearchAction","target":{"@type":"EntryPoint","urlTemplate":"https:\/\/waldspurger.ch\/it\/?s={search_term_string}"},"query-input":{"@type":"PropertyValueSpecification","valueRequired":true,"valueName":"search_term_string"}}],"inLanguage":"it-IT"},{"@type":"Organization","@id":"https:\/\/waldspurger.ch\/it\/#organization","name":"Waldspurger AG","url":"https:\/\/waldspurger.ch\/it\/","logo":{"@type":"ImageObject","inLanguage":"it-IT","@id":"https:\/\/waldspurger.ch\/it\/#\/schema\/logo\/image\/","url":"https:\/\/waldspurger.ch\/wp-content\/uploads\/2022\/02\/logo_de.png","contentUrl":"https:\/\/waldspurger.ch\/wp-content\/uploads\/2022\/02\/logo_de.png","width":320,"height":223,"caption":"Waldspurger AG"},"image":{"@id":"https:\/\/waldspurger.ch\/it\/#\/schema\/logo\/image\/"},"sameAs":["https:\/\/ch.linkedin.com\/company\/waldspurger-bergdietikon","https:\/\/www.youtube.com\/channel\/UC4BYucVfPuWzNF4hyfO3YTw"]},{"@type":"Person","@id":"https:\/\/waldspurger.ch\/it\/#\/schema\/person\/e92a92f5b5a240afd932a5eba15ae94c","name":"Adminmoritzi","image":{"@type":"ImageObject","inLanguage":"it-IT","@id":"https:\/\/secure.gravatar.com\/avatar\/4f43fbec0cc1848d75d18da5595fa2e9d12bc02d9d761756323c70efe587d61a?s=96&d=mm&r=g","url":"https:\/\/secure.gravatar.com\/avatar\/4f43fbec0cc1848d75d18da5595fa2e9d12bc02d9d761756323c70efe587d61a?s=96&d=mm&r=g","contentUrl":"https:\/\/secure.gravatar.com\/avatar\/4f43fbec0cc1848d75d18da5595fa2e9d12bc02d9d761756323c70efe587d61a?s=96&d=mm&r=g","caption":"Adminmoritzi"}}]}},"_links":{"self":[{"href":"https:\/\/waldspurger.ch\/it\/wp-json\/wp\/v2\/pages\/35348","targetHints":{"allow":["GET"]}}],"collection":[{"href":"https:\/\/waldspurger.ch\/it\/wp-json\/wp\/v2\/pages"}],"about":[{"href":"https:\/\/waldspurger.ch\/it\/wp-json\/wp\/v2\/types\/page"}],"author":[{"embeddable":true,"href":"https:\/\/waldspurger.ch\/it\/wp-json\/wp\/v2\/users\/1"}],"replies":[{"embeddable":true,"href":"https:\/\/waldspurger.ch\/it\/wp-json\/wp\/v2\/comments?post=35348"}],"version-history":[{"count":0,"href":"https:\/\/waldspurger.ch\/it\/wp-json\/wp\/v2\/pages\/35348\/revisions"}],"up":[{"embeddable":true,"href":"https:\/\/waldspurger.ch\/it\/wp-json\/wp\/v2\/pages\/35237"}],"wp:attachment":[{"href":"https:\/\/waldspurger.ch\/it\/wp-json\/wp\/v2\/media?parent=35348"}],"curies":[{"name":"wp","href":"https:\/\/api.w.org\/{rel}","templated":true}]}}