{"id":35339,"date":"2021-02-09T10:40:13","date_gmt":"2021-02-09T09:40:13","guid":{"rendered":"https:\/\/waldspurger.getads.ch\/accessori\/paratesta-e-praraschiena\/"},"modified":"2022-03-08T11:55:27","modified_gmt":"2022-03-08T10:55:27","slug":"paratesta-e-praraschiena","status":"publish","type":"page","link":"https:\/\/waldspurger.ch\/it\/accessori\/paratesta-e-praraschiena\/","title":{"rendered":"Paratesta e praraschiena"},"content":{"rendered":"<div class=\"wpb-content-wrapper\"><p>[vc_row css=&#8221;.vc_custom_1640212184788{margin-top: 90px !important;margin-bottom: 0px !important;padding-bottom: 0px !important;}&#8221; el_id=&#8221;kopf_rueckenprotektor&#8221;][vc_column css=&#8221;.vc_custom_1640212197075{margin-top: 0px !important;margin-bottom: 0px !important;padding-top: 0px !important;padding-bottom: 0px !important;}&#8221;][vc_column_text css=&#8221;.vc_custom_1640212174121{margin-top: 20px !important;margin-bottom: 0px !important;padding-bottom: 50px !important;}&#8221; el_class=&#8221;custom_maxwidth&#8221;]<\/p>\n<h2><strong>PARATESTA E PARASCHIENA<\/strong><\/h2>\n<h3>MASSIMA SICUREZZA<\/h3>\n<p>I sistemi SafetransTM e SafetransPlusTM garantiscono alla persona in sedia a rotelle il massimo della sicurezza grazie alla cintura a tre punti integrata, al poggiatesta e allo schienale. I sistemi di sicurezza brevettati vengono montati sul pianale del veicolo insieme a un ancoraggio per sedie a rotelle.[\/vc_column_text][\/vc_column][\/vc_row][vc_row el_id=&#8221;kopf_rueckenprotektor&#8221; css=&#8221;.vc_custom_1640212237307{margin-top: 0px !important;margin-bottom: 0px !important;padding-bottom: 0px !important;}&#8221;][vc_column width=&#8221;1\/2&#8243; css_animation=&#8221;fadeInUp&#8221; css=&#8221;.vc_custom_1640212216470{margin-bottom: 0px !important;padding-bottom: 50px !important;}&#8221;][vc_single_image image=&#8221;37563&#8243; img_size=&#8221;full&#8221; css=&#8221;.vc_custom_1641302691461{margin-top: 0px !important;}&#8221;][vc_column_text css=&#8221;.vc_custom_1641393772601{margin-top: 20px !important;}&#8221;]<\/p>\n<h3><strong>Safetrans\u2122<\/strong><\/h3>\n<p>Il poggiatesta e schienale offre la massima sicurezza alla persona in sedia a rotelle. Il sostegno viene installato a sinistra in modo che il suo ingombro sia contenuto ed \u00e8 ruotabile in entrambi i sensi. Grazie al montaggio sul pavimento o sul nostro basamento brevettato a innesto rapido (EasyLeg) pu\u00f2 scorrere in senso longitudinale.[\/vc_column_text][\/vc_column][vc_column width=&#8221;1\/2&#8243; css_animation=&#8221;fadeInUp&#8221; effects_enabled_delay=&#8221;200&#8243; css=&#8221;.vc_custom_1640212248128{margin-top: 0px !important;margin-bottom: 0px !important;padding-top: 0px !important;padding-bottom: 50px !important;}&#8221;][vc_single_image image=&#8221;37562&#8243; img_size=&#8221;full&#8221; css=&#8221;.vc_custom_1641302699426{margin-top: 0px !important;}&#8221;][vc_column_text css=&#8221;.vc_custom_1641393782441{margin-top: 20px !important;}&#8221;]<\/p>\n<h3><strong>SafetransPLUS\u2122<\/strong><\/h3>\n<p>Al posto dell\u2019ampia protezione monoblocco per testa\/schiena del sistema SafetransTM, con SafetransPLUSTM \u00e8 possibile gestire il paratesta\/paraschiena mediante due bracci autonomi. Ci\u00f2 consente di regolare diversamente i due elementi in altezza e in profondit\u00e0. La regolazione automatica dell\u2019altezza della cintura serve soprattutto alle persone pi\u00f9 basse e pi\u00f9 alte della media. SafetransPLUSTM viene installato a sinistra, con un minimo ingombro, ed \u00e8 ruotabile in entrambi i sensi.[\/vc_column_text][\/vc_column][\/vc_row][vc_row full_width=&#8221;stretch_row&#8221; css=&#8221;.vc_custom_1640212315034{margin-top: 0px !important;margin-bottom: 0px !important;padding-top: 50px !important;padding-bottom: 0px !important;background-color: #f2f2f2 !important;}&#8221;][vc_column width=&#8221;1\/2&#8243; css_animation=&#8221;fadeInUp&#8221; css=&#8221;.vc_custom_1640615162526{margin-top: 0px !important;margin-bottom: 0px !important;padding-top: 0px !important;padding-bottom: 70px !important;}&#8221;][vc_single_image image=&#8221;34987&#8243; img_size=&#8221;full&#8221; css=&#8221;.vc_custom_1641302705523{margin-top: 0px !important;}&#8221;][vc_column_text css=&#8221;.vc_custom_1641302710822{margin-top: 20px !important;margin-bottom: 20px !important;}&#8221;]<\/p>\n<h3><span style=\"color: #b32022;\">Slidingbridge mit SafetransPlus\u2122<\/span><\/h3>\n<p>Lo SlidingBridge \u00e8 una variante del paratesta e paraschiena di semplice utilizzo e dall\u2019ingombro ridotto, installabile su diversi veicoli. Sul ponte applicato sopra il passaruota \u00e8 possibile far scorrere il SafetransPlus\u2122 per l\u2019intera lunghezza. \u00c8 semplice da montare. \u00c8 possibile trasferire a costi contenuti lo SlidingBridge completo, insieme alle protezioni cervicali e dorsali, dal vecchio al nuovo veicolo.[\/vc_column_text][\/vc_column][vc_column width=&#8221;1\/2&#8243;][\/vc_column][\/vc_row]<\/p>\n<\/div>","protected":false},"excerpt":{"rendered":"<p>[vc_row css=&#8221;.vc_custom_1640212184788{margin-top: 90px !important;margin-bottom: 0px !important;padding-bottom: 0px !important;}&#8221; el_id=&#8221;kopf_rueckenprotektor&#8221;][vc_column css=&#8221;.vc_custom_1640212197075{margin-top: 0px !important;margin-bottom: 0px !important;padding-top: 0px !important;padding-bottom: 0px !important;}&#8221;][vc_column_text css=&#8221;.vc_custom_1640212174121{margin-top: 20px&#8230;<\/p>\n","protected":false},"author":1,"featured_media":0,"parent":35237,"menu_order":0,"comment_status":"closed","ping_status":"closed","template":"","meta":{"footnotes":""},"class_list":["post-35339","page","type-page","status-publish"],"yoast_head":"<!-- This site is optimized with the Yoast SEO plugin v27.2 - https:\/\/yoast.com\/product\/yoast-seo-wordpress\/ -->\n<title>Paratesta e praraschiena - Waldspurger<\/title>\n<meta name=\"robots\" content=\"index, follow, max-snippet:-1, max-image-preview:large, max-video-preview:-1\" \/>\n<link rel=\"canonical\" href=\"https:\/\/waldspurger.ch\/it\/accessori\/paratesta-e-praraschiena\/\" \/>\n<meta property=\"og:locale\" content=\"it_IT\" \/>\n<meta property=\"og:type\" content=\"article\" \/>\n<meta property=\"og:title\" content=\"Paratesta e praraschiena - Waldspurger\" \/>\n<meta property=\"og:description\" content=\"[vc_row css=&#8221;.vc_custom_1640212184788{margin-top: 90px !important;margin-bottom: 0px !important;padding-bottom: 0px !important;}&#8221; el_id=&#8221;kopf_rueckenprotektor&#8221;][vc_column css=&#8221;.vc_custom_1640212197075{margin-top: 0px !important;margin-bottom: 0px !important;padding-top: 0px !important;padding-bottom: 0px !important;}&#8221;][vc_column_text css=&#8221;.vc_custom_1640212174121{margin-top: 20px...\" \/>\n<meta property=\"og:url\" content=\"https:\/\/waldspurger.ch\/it\/accessori\/paratesta-e-praraschiena\/\" \/>\n<meta property=\"og:site_name\" content=\"Waldspurger\" \/>\n<meta property=\"article:modified_time\" content=\"2022-03-08T10:55:27+00:00\" \/>\n<meta property=\"og:image\" content=\"https:\/\/waldspurger.ch\/wp-content\/uploads\/2022\/02\/logo_de.png\" \/>\n\t<meta property=\"og:image:width\" content=\"320\" \/>\n\t<meta property=\"og:image:height\" content=\"223\" \/>\n\t<meta property=\"og:image:type\" content=\"image\/png\" \/>\n<meta name=\"twitter:card\" content=\"summary_large_image\" \/>\n<script type=\"application\/ld+json\" class=\"yoast-schema-graph\">{\"@context\":\"https:\/\/schema.org\",\"@graph\":[{\"@type\":\"Article\",\"@id\":\"https:\/\/waldspurger.ch\/it\/accessori\/paratesta-e-praraschiena\/#article\",\"isPartOf\":{\"@id\":\"https:\/\/waldspurger.ch\/it\/accessori\/paratesta-e-praraschiena\/\"},\"author\":{\"name\":\"Adminmoritzi\",\"@id\":\"https:\/\/waldspurger.ch\/it\/#\/schema\/person\/e92a92f5b5a240afd932a5eba15ae94c\"},\"headline\":\"Paratesta e praraschiena\",\"datePublished\":\"2021-02-09T09:40:13+00:00\",\"dateModified\":\"2022-03-08T10:55:27+00:00\",\"mainEntityOfPage\":{\"@id\":\"https:\/\/waldspurger.ch\/it\/accessori\/paratesta-e-praraschiena\/\"},\"wordCount\":496,\"publisher\":{\"@id\":\"https:\/\/waldspurger.ch\/it\/#organization\"},\"inLanguage\":\"it-IT\"},{\"@type\":\"WebPage\",\"@id\":\"https:\/\/waldspurger.ch\/it\/accessori\/paratesta-e-praraschiena\/\",\"url\":\"https:\/\/waldspurger.ch\/it\/accessori\/paratesta-e-praraschiena\/\",\"name\":\"Paratesta e praraschiena - Waldspurger\",\"isPartOf\":{\"@id\":\"https:\/\/waldspurger.ch\/it\/#website\"},\"datePublished\":\"2021-02-09T09:40:13+00:00\",\"dateModified\":\"2022-03-08T10:55:27+00:00\",\"breadcrumb\":{\"@id\":\"https:\/\/waldspurger.ch\/it\/accessori\/paratesta-e-praraschiena\/#breadcrumb\"},\"inLanguage\":\"it-IT\",\"potentialAction\":[{\"@type\":\"ReadAction\",\"target\":[\"https:\/\/waldspurger.ch\/it\/accessori\/paratesta-e-praraschiena\/\"]}]},{\"@type\":\"BreadcrumbList\",\"@id\":\"https:\/\/waldspurger.ch\/it\/accessori\/paratesta-e-praraschiena\/#breadcrumb\",\"itemListElement\":[{\"@type\":\"ListItem\",\"position\":1,\"name\":\"Startseite\",\"item\":\"https:\/\/waldspurger.ch\/it\/\"},{\"@type\":\"ListItem\",\"position\":2,\"name\":\"Accessori\",\"item\":\"https:\/\/waldspurger.ch\/it\/accessori\/\"},{\"@type\":\"ListItem\",\"position\":3,\"name\":\"Paratesta e praraschiena\"}]},{\"@type\":\"WebSite\",\"@id\":\"https:\/\/waldspurger.ch\/it\/#website\",\"url\":\"https:\/\/waldspurger.ch\/it\/\",\"name\":\"Waldspurger\",\"description\":\"Allestimento di veicoli\",\"publisher\":{\"@id\":\"https:\/\/waldspurger.ch\/it\/#organization\"},\"potentialAction\":[{\"@type\":\"SearchAction\",\"target\":{\"@type\":\"EntryPoint\",\"urlTemplate\":\"https:\/\/waldspurger.ch\/it\/?s={search_term_string}\"},\"query-input\":{\"@type\":\"PropertyValueSpecification\",\"valueRequired\":true,\"valueName\":\"search_term_string\"}}],\"inLanguage\":\"it-IT\"},{\"@type\":\"Organization\",\"@id\":\"https:\/\/waldspurger.ch\/it\/#organization\",\"name\":\"Waldspurger AG\",\"url\":\"https:\/\/waldspurger.ch\/it\/\",\"logo\":{\"@type\":\"ImageObject\",\"inLanguage\":\"it-IT\",\"@id\":\"https:\/\/waldspurger.ch\/it\/#\/schema\/logo\/image\/\",\"url\":\"https:\/\/waldspurger.ch\/wp-content\/uploads\/2022\/02\/logo_de.png\",\"contentUrl\":\"https:\/\/waldspurger.ch\/wp-content\/uploads\/2022\/02\/logo_de.png\",\"width\":320,\"height\":223,\"caption\":\"Waldspurger AG\"},\"image\":{\"@id\":\"https:\/\/waldspurger.ch\/it\/#\/schema\/logo\/image\/\"},\"sameAs\":[\"https:\/\/ch.linkedin.com\/company\/waldspurger-bergdietikon\",\"https:\/\/www.youtube.com\/channel\/UC4BYucVfPuWzNF4hyfO3YTw\"]},{\"@type\":\"Person\",\"@id\":\"https:\/\/waldspurger.ch\/it\/#\/schema\/person\/e92a92f5b5a240afd932a5eba15ae94c\",\"name\":\"Adminmoritzi\",\"image\":{\"@type\":\"ImageObject\",\"inLanguage\":\"it-IT\",\"@id\":\"https:\/\/secure.gravatar.com\/avatar\/4f43fbec0cc1848d75d18da5595fa2e9d12bc02d9d761756323c70efe587d61a?s=96&d=mm&r=g\",\"url\":\"https:\/\/secure.gravatar.com\/avatar\/4f43fbec0cc1848d75d18da5595fa2e9d12bc02d9d761756323c70efe587d61a?s=96&d=mm&r=g\",\"contentUrl\":\"https:\/\/secure.gravatar.com\/avatar\/4f43fbec0cc1848d75d18da5595fa2e9d12bc02d9d761756323c70efe587d61a?s=96&d=mm&r=g\",\"caption\":\"Adminmoritzi\"}}]}<\/script>\n<!-- \/ Yoast SEO plugin. -->","yoast_head_json":{"title":"Paratesta e praraschiena - Waldspurger","robots":{"index":"index","follow":"follow","max-snippet":"max-snippet:-1","max-image-preview":"max-image-preview:large","max-video-preview":"max-video-preview:-1"},"canonical":"https:\/\/waldspurger.ch\/it\/accessori\/paratesta-e-praraschiena\/","og_locale":"it_IT","og_type":"article","og_title":"Paratesta e praraschiena - Waldspurger","og_description":"[vc_row css=&#8221;.vc_custom_1640212184788{margin-top: 90px !important;margin-bottom: 0px !important;padding-bottom: 0px !important;}&#8221; el_id=&#8221;kopf_rueckenprotektor&#8221;][vc_column css=&#8221;.vc_custom_1640212197075{margin-top: 0px !important;margin-bottom: 0px !important;padding-top: 0px !important;padding-bottom: 0px !important;}&#8221;][vc_column_text css=&#8221;.vc_custom_1640212174121{margin-top: 20px...","og_url":"https:\/\/waldspurger.ch\/it\/accessori\/paratesta-e-praraschiena\/","og_site_name":"Waldspurger","article_modified_time":"2022-03-08T10:55:27+00:00","og_image":[{"width":320,"height":223,"url":"https:\/\/waldspurger.ch\/wp-content\/uploads\/2022\/02\/logo_de.png","type":"image\/png"}],"twitter_card":"summary_large_image","schema":{"@context":"https:\/\/schema.org","@graph":[{"@type":"Article","@id":"https:\/\/waldspurger.ch\/it\/accessori\/paratesta-e-praraschiena\/#article","isPartOf":{"@id":"https:\/\/waldspurger.ch\/it\/accessori\/paratesta-e-praraschiena\/"},"author":{"name":"Adminmoritzi","@id":"https:\/\/waldspurger.ch\/it\/#\/schema\/person\/e92a92f5b5a240afd932a5eba15ae94c"},"headline":"Paratesta e praraschiena","datePublished":"2021-02-09T09:40:13+00:00","dateModified":"2022-03-08T10:55:27+00:00","mainEntityOfPage":{"@id":"https:\/\/waldspurger.ch\/it\/accessori\/paratesta-e-praraschiena\/"},"wordCount":496,"publisher":{"@id":"https:\/\/waldspurger.ch\/it\/#organization"},"inLanguage":"it-IT"},{"@type":"WebPage","@id":"https:\/\/waldspurger.ch\/it\/accessori\/paratesta-e-praraschiena\/","url":"https:\/\/waldspurger.ch\/it\/accessori\/paratesta-e-praraschiena\/","name":"Paratesta e praraschiena - Waldspurger","isPartOf":{"@id":"https:\/\/waldspurger.ch\/it\/#website"},"datePublished":"2021-02-09T09:40:13+00:00","dateModified":"2022-03-08T10:55:27+00:00","breadcrumb":{"@id":"https:\/\/waldspurger.ch\/it\/accessori\/paratesta-e-praraschiena\/#breadcrumb"},"inLanguage":"it-IT","potentialAction":[{"@type":"ReadAction","target":["https:\/\/waldspurger.ch\/it\/accessori\/paratesta-e-praraschiena\/"]}]},{"@type":"BreadcrumbList","@id":"https:\/\/waldspurger.ch\/it\/accessori\/paratesta-e-praraschiena\/#breadcrumb","itemListElement":[{"@type":"ListItem","position":1,"name":"Startseite","item":"https:\/\/waldspurger.ch\/it\/"},{"@type":"ListItem","position":2,"name":"Accessori","item":"https:\/\/waldspurger.ch\/it\/accessori\/"},{"@type":"ListItem","position":3,"name":"Paratesta e praraschiena"}]},{"@type":"WebSite","@id":"https:\/\/waldspurger.ch\/it\/#website","url":"https:\/\/waldspurger.ch\/it\/","name":"Waldspurger","description":"Allestimento di veicoli","publisher":{"@id":"https:\/\/waldspurger.ch\/it\/#organization"},"potentialAction":[{"@type":"SearchAction","target":{"@type":"EntryPoint","urlTemplate":"https:\/\/waldspurger.ch\/it\/?s={search_term_string}"},"query-input":{"@type":"PropertyValueSpecification","valueRequired":true,"valueName":"search_term_string"}}],"inLanguage":"it-IT"},{"@type":"Organization","@id":"https:\/\/waldspurger.ch\/it\/#organization","name":"Waldspurger AG","url":"https:\/\/waldspurger.ch\/it\/","logo":{"@type":"ImageObject","inLanguage":"it-IT","@id":"https:\/\/waldspurger.ch\/it\/#\/schema\/logo\/image\/","url":"https:\/\/waldspurger.ch\/wp-content\/uploads\/2022\/02\/logo_de.png","contentUrl":"https:\/\/waldspurger.ch\/wp-content\/uploads\/2022\/02\/logo_de.png","width":320,"height":223,"caption":"Waldspurger AG"},"image":{"@id":"https:\/\/waldspurger.ch\/it\/#\/schema\/logo\/image\/"},"sameAs":["https:\/\/ch.linkedin.com\/company\/waldspurger-bergdietikon","https:\/\/www.youtube.com\/channel\/UC4BYucVfPuWzNF4hyfO3YTw"]},{"@type":"Person","@id":"https:\/\/waldspurger.ch\/it\/#\/schema\/person\/e92a92f5b5a240afd932a5eba15ae94c","name":"Adminmoritzi","image":{"@type":"ImageObject","inLanguage":"it-IT","@id":"https:\/\/secure.gravatar.com\/avatar\/4f43fbec0cc1848d75d18da5595fa2e9d12bc02d9d761756323c70efe587d61a?s=96&d=mm&r=g","url":"https:\/\/secure.gravatar.com\/avatar\/4f43fbec0cc1848d75d18da5595fa2e9d12bc02d9d761756323c70efe587d61a?s=96&d=mm&r=g","contentUrl":"https:\/\/secure.gravatar.com\/avatar\/4f43fbec0cc1848d75d18da5595fa2e9d12bc02d9d761756323c70efe587d61a?s=96&d=mm&r=g","caption":"Adminmoritzi"}}]}},"_links":{"self":[{"href":"https:\/\/waldspurger.ch\/it\/wp-json\/wp\/v2\/pages\/35339","targetHints":{"allow":["GET"]}}],"collection":[{"href":"https:\/\/waldspurger.ch\/it\/wp-json\/wp\/v2\/pages"}],"about":[{"href":"https:\/\/waldspurger.ch\/it\/wp-json\/wp\/v2\/types\/page"}],"author":[{"embeddable":true,"href":"https:\/\/waldspurger.ch\/it\/wp-json\/wp\/v2\/users\/1"}],"replies":[{"embeddable":true,"href":"https:\/\/waldspurger.ch\/it\/wp-json\/wp\/v2\/comments?post=35339"}],"version-history":[{"count":0,"href":"https:\/\/waldspurger.ch\/it\/wp-json\/wp\/v2\/pages\/35339\/revisions"}],"up":[{"embeddable":true,"href":"https:\/\/waldspurger.ch\/it\/wp-json\/wp\/v2\/pages\/35237"}],"wp:attachment":[{"href":"https:\/\/waldspurger.ch\/it\/wp-json\/wp\/v2\/media?parent=35339"}],"curies":[{"name":"wp","href":"https:\/\/api.w.org\/{rel}","templated":true}]}}