{"id":35301,"date":"2020-02-13T12:16:52","date_gmt":"2020-02-13T11:16:52","guid":{"rendered":"https:\/\/waldspurger.getads.ch\/service\/formazione\/"},"modified":"2022-03-07T09:38:23","modified_gmt":"2022-03-07T08:38:23","slug":"formazione","status":"publish","type":"page","link":"https:\/\/waldspurger.ch\/it\/servizi\/formazione\/","title":{"rendered":"Formazione"},"content":{"rendered":"<div class=\"wpb-content-wrapper\"><p>[vc_section full_width=&#8221;stretch_row&#8221; full_height=&#8221;yes&#8221; content_placement=&#8221;top&#8221; css_animation=&#8221;fadeIn&#8221; css=&#8221;.vc_custom_1637938465539{margin-top: 0px !important;border-top-width: 0px !important;padding-top: 0px !important;background-image: url(https:\/\/waldspurger.ch\/wp-content\/uploads\/2021\/11\/Waldspurger_Service_Schulung_2560x1244.jpg?id=32645) !important;background-position: center !important;background-repeat: no-repeat !important;background-size: cover !important;}&#8221; el_class=&#8221;custom-fullheight-section&#8221;][vc_row full_height=&#8221;yes&#8221; content_placement=&#8221;top&#8221; css_animation=&#8221;fadeIn&#8221; el_class=&#8221;stretch-fullheight-innerrow&#8221; effects_enabled_delay=&#8221;500&#8243;][vc_column width=&#8221;1\/4&#8243; css=&#8221;.vc_custom_1582122319023{background-color: rgba(179,32,34,0.58) !important;background-position: center !important;background-repeat: no-repeat !important;background-size: cover !important;*background-color: rgb(179,32,34) !important;}&#8221; el_class=&#8221;.stretch-fullheight-innerrow-column main-visual-column&#8221;][vc_column_text css=&#8221;.vc_custom_1641819401719{padding-bottom: 30px !important;}&#8221;]<\/p>\n<h3 style=\"text-align: center;\"><span style=\"color: #ffffff;\">FORMAZIONE<\/span><\/h3>\n<p style=\"text-align: center; color: #ffffff;\">In qualit\u00e0 di cliente Waldspurger, anche una volta completato il riequipaggiamento del suo veicolo, pu\u00f2 usufruire di corsi di formazione per s\u00e9 o per i suoi collaboratori.<\/p>\n<p>[\/vc_column_text][\/vc_column][vc_column width=&#8221;1\/4&#8243;][\/vc_column][vc_column width=&#8221;1\/4&#8243;][\/vc_column][vc_column width=&#8221;1\/4&#8243;][\/vc_column][\/vc_row][\/vc_section][vc_row css_animation=&#8221;fadeInUp&#8221; css=&#8221;.vc_custom_1639667121712{margin-top: 0px !important;padding-top: 70px !important;}&#8221;][vc_column css=&#8221;.vc_custom_1639667572860{margin-bottom: 25px !important;padding-top: 0px !important;padding-bottom: 0px !important;}&#8221;][vc_column_text css=&#8221;.vc_custom_1639667109137{margin-top: 0px !important;margin-bottom: 20px !important;padding-top: 0px !important;padding-bottom: 0px !important;}&#8221; el_class=&#8221;custom_maxwidth&#8221;]<\/p>\n<h2><strong>FORMAZIONE<\/strong><\/h2>\n<h3>LONTANO DAGLI OCCHI NON VUOL DIRE LONTANO DAL CUORE.<\/h3>\n<p>Pu\u00f2 contare su di noi anche quando il suo veicolo ha gi\u00e0 abbandonato il nostro piazzale. In qualit\u00e0 di cliente Waldspurger usufruisce di una breve e semplice introduzione, al momento della consegna del veicolo, e di una formazione ad ampio raggio. In tal modo anche i suoi collaboratori conosceranno il veicolo e l\u2019allestimento, oltre ai prodotti installati, cos\u00ec bene da essere in grado di utilizzarli senza problemi. Gli incontri di formazione e i corsi si svolgono nei nostri locali, e per lei sono ovviamente gratuiti.[\/vc_column_text][\/vc_column][\/vc_row][vc_row css_animation=&#8221;fadeInUp&#8221; el_class=&#8221;custom_maxwidth_900&#8243; css=&#8221;.vc_custom_1639667198621{padding-bottom: 30px !important;}&#8221;][vc_column]<div class=\"preloader\"><div class=\"preloader-spin\"><\/div><\/div> <div id=\"gem-gallery-69e1c50444632\" class=\"gem-gallery gem-gallery-hover-horizontal-sliding no-thumbs\" data-autoscroll=\"3000\"> <div class=\"gem-gallery-item\"> <div class=\"gem-gallery-item-image\"> <a href=\"https:\/\/waldspurger.ch\/wp-content\/uploads\/2021\/12\/Schulung_01-thegem-gallery-fullwidth.jpg\" data-fancybox-group=\"gallery-69e1c50444632\" data-full-image-url=\"https:\/\/waldspurger.ch\/wp-content\/uploads\/2021\/12\/Schulung_01.jpg\"> <svg width=\"20\" height=\"10\"><path d=\"M 0,10 Q 9,9 10,0 Q 11,9 20,10\" \/><\/svg> <img src=\"https:\/\/waldspurger.ch\/wp-content\/uploads\/2021\/12\/Schulung_01-thegem-post-thumb-small.jpg\" alt=\"\" class=\"img-responsive\"> <span class=\"gem-gallery-caption slide-info\"> <\/span> <\/a> <span class=\"gem-gallery-line\"><\/span> <\/div> <\/div> <div class=\"gem-gallery-item\"> <div class=\"gem-gallery-item-image\"> <a href=\"https:\/\/waldspurger.ch\/wp-content\/uploads\/2021\/12\/Schulung_02-thegem-gallery-fullwidth.jpg\" data-fancybox-group=\"gallery-69e1c50444632\" data-full-image-url=\"https:\/\/waldspurger.ch\/wp-content\/uploads\/2021\/12\/Schulung_02.jpg\"> <svg width=\"20\" height=\"10\"><path d=\"M 0,10 Q 9,9 10,0 Q 11,9 20,10\" \/><\/svg> <img src=\"https:\/\/waldspurger.ch\/wp-content\/uploads\/2021\/12\/Schulung_02-thegem-post-thumb-small.jpg\" alt=\"\" class=\"img-responsive\"> <span class=\"gem-gallery-caption slide-info\"> <\/span> <\/a> <span class=\"gem-gallery-line\"><\/span> <\/div> <\/div> <div class=\"gem-gallery-item\"> <div class=\"gem-gallery-item-image\"> <a href=\"https:\/\/waldspurger.ch\/wp-content\/uploads\/2021\/12\/Schulung_03-thegem-gallery-fullwidth.jpg\" data-fancybox-group=\"gallery-69e1c50444632\" data-full-image-url=\"https:\/\/waldspurger.ch\/wp-content\/uploads\/2021\/12\/Schulung_03.jpg\"> <svg width=\"20\" height=\"10\"><path d=\"M 0,10 Q 9,9 10,0 Q 11,9 20,10\" \/><\/svg> <img src=\"https:\/\/waldspurger.ch\/wp-content\/uploads\/2021\/12\/Schulung_03-thegem-post-thumb-small.jpg\" alt=\"\" class=\"img-responsive\"> <span class=\"gem-gallery-caption slide-info\"> <\/span> <\/a> <span class=\"gem-gallery-line\"><\/span> <\/div> <\/div> <div class=\"gem-gallery-item\"> <div class=\"gem-gallery-item-image\"> <a href=\"https:\/\/waldspurger.ch\/wp-content\/uploads\/2021\/12\/Schulung_04-thegem-gallery-fullwidth.jpg\" data-fancybox-group=\"gallery-69e1c50444632\" data-full-image-url=\"https:\/\/waldspurger.ch\/wp-content\/uploads\/2021\/12\/Schulung_04.jpg\"> <svg width=\"20\" height=\"10\"><path d=\"M 0,10 Q 9,9 10,0 Q 11,9 20,10\" \/><\/svg> <img src=\"https:\/\/waldspurger.ch\/wp-content\/uploads\/2021\/12\/Schulung_04-thegem-post-thumb-small.jpg\" alt=\"\" class=\"img-responsive\"> <span class=\"gem-gallery-caption slide-info\"> <\/span> <\/a> <span class=\"gem-gallery-line\"><\/span> <\/div> <\/div> <div class=\"gem-gallery-item\"> <div class=\"gem-gallery-item-image\"> <a href=\"https:\/\/waldspurger.ch\/wp-content\/uploads\/2021\/12\/Schulung_05-thegem-gallery-fullwidth.jpg\" data-fancybox-group=\"gallery-69e1c50444632\" data-full-image-url=\"https:\/\/waldspurger.ch\/wp-content\/uploads\/2021\/12\/Schulung_05.jpg\"> <svg width=\"20\" height=\"10\"><path d=\"M 0,10 Q 9,9 10,0 Q 11,9 20,10\" \/><\/svg> <img src=\"https:\/\/waldspurger.ch\/wp-content\/uploads\/2021\/12\/Schulung_05-thegem-post-thumb-small.jpg\" alt=\"\" class=\"img-responsive\"> <span class=\"gem-gallery-caption slide-info\"> <\/span> <\/a> <span class=\"gem-gallery-line\"><\/span> <\/div> <\/div> <div class=\"gem-gallery-item\"> <div class=\"gem-gallery-item-image\"> <a href=\"https:\/\/waldspurger.ch\/wp-content\/uploads\/2021\/12\/Schulung_06-thegem-gallery-fullwidth.jpg\" data-fancybox-group=\"gallery-69e1c50444632\" data-full-image-url=\"https:\/\/waldspurger.ch\/wp-content\/uploads\/2021\/12\/Schulung_06.jpg\"> <svg width=\"20\" height=\"10\"><path d=\"M 0,10 Q 9,9 10,0 Q 11,9 20,10\" \/><\/svg> <img src=\"https:\/\/waldspurger.ch\/wp-content\/uploads\/2021\/12\/Schulung_06-thegem-post-thumb-small.jpg\" alt=\"\" class=\"img-responsive\"> <span class=\"gem-gallery-caption slide-info\"> <\/span> <\/a> <span class=\"gem-gallery-line\"><\/span> <\/div> <\/div> <div class=\"gem-gallery-item\"> <div class=\"gem-gallery-item-image\"> <a href=\"https:\/\/waldspurger.ch\/wp-content\/uploads\/2021\/12\/Schulung_07-thegem-gallery-fullwidth.jpg\" data-fancybox-group=\"gallery-69e1c50444632\" data-full-image-url=\"https:\/\/waldspurger.ch\/wp-content\/uploads\/2021\/12\/Schulung_07.jpg\"> <svg width=\"20\" height=\"10\"><path d=\"M 0,10 Q 9,9 10,0 Q 11,9 20,10\" \/><\/svg> <img src=\"https:\/\/waldspurger.ch\/wp-content\/uploads\/2021\/12\/Schulung_07-thegem-post-thumb-small.jpg\" alt=\"\" class=\"img-responsive\"> <span class=\"gem-gallery-caption slide-info\"> <\/span> <\/a> <span class=\"gem-gallery-line\"><\/span> <\/div> <\/div> <div class=\"gem-gallery-item\"> <div class=\"gem-gallery-item-image\"> <a href=\"https:\/\/waldspurger.ch\/wp-content\/uploads\/2021\/12\/Schulung_08-thegem-gallery-fullwidth.jpg\" data-fancybox-group=\"gallery-69e1c50444632\" data-full-image-url=\"https:\/\/waldspurger.ch\/wp-content\/uploads\/2021\/12\/Schulung_08.jpg\"> <svg width=\"20\" height=\"10\"><path d=\"M 0,10 Q 9,9 10,0 Q 11,9 20,10\" \/><\/svg> <img src=\"https:\/\/waldspurger.ch\/wp-content\/uploads\/2021\/12\/Schulung_08-thegem-post-thumb-small.jpg\" alt=\"\" class=\"img-responsive\"> <span class=\"gem-gallery-caption slide-info\"> <\/span> <\/a> <span class=\"gem-gallery-line\"><\/span> <\/div> <\/div> <div class=\"gem-gallery-item\"> <div class=\"gem-gallery-item-image\"> <a href=\"https:\/\/waldspurger.ch\/wp-content\/uploads\/2021\/12\/Schulung_09-thegem-gallery-fullwidth.jpg\" data-fancybox-group=\"gallery-69e1c50444632\" data-full-image-url=\"https:\/\/waldspurger.ch\/wp-content\/uploads\/2021\/12\/Schulung_09.jpg\"> <svg width=\"20\" height=\"10\"><path d=\"M 0,10 Q 9,9 10,0 Q 11,9 20,10\" \/><\/svg> <img src=\"https:\/\/waldspurger.ch\/wp-content\/uploads\/2021\/12\/Schulung_09-thegem-post-thumb-small.jpg\" alt=\"\" class=\"img-responsive\"> <span class=\"gem-gallery-caption slide-info\"> <\/span> <\/a> <span class=\"gem-gallery-line\"><\/span> <\/div> <\/div> <div class=\"gem-gallery-item\"> <div class=\"gem-gallery-item-image\"> <a href=\"https:\/\/waldspurger.ch\/wp-content\/uploads\/2021\/12\/Schulung_10-thegem-gallery-fullwidth.jpg\" data-fancybox-group=\"gallery-69e1c50444632\" data-full-image-url=\"https:\/\/waldspurger.ch\/wp-content\/uploads\/2021\/12\/Schulung_10.jpg\"> <svg width=\"20\" height=\"10\"><path d=\"M 0,10 Q 9,9 10,0 Q 11,9 20,10\" \/><\/svg> <img src=\"https:\/\/waldspurger.ch\/wp-content\/uploads\/2021\/12\/Schulung_10-thegem-post-thumb-small.jpg\" alt=\"\" class=\"img-responsive\"> <span class=\"gem-gallery-caption slide-info\"> <\/span> <\/a> <span class=\"gem-gallery-line\"><\/span> <\/div> <\/div> <\/div>[\/vc_column][\/vc_row][vc_row css_animation=&#8221;fadeInUp&#8221; css=&#8221;.vc_custom_1642162751726{padding-bottom: 100px !important;}&#8221;][vc_column mobile_padding_bottom=&#8221;0&#8243; mobile_margin_bottom=&#8221;0&#8243;][vc_column_text css=&#8221;.vc_custom_1641818609755{margin-bottom: 0px !important;padding-bottom: 0px !important;}&#8221;]Fissi un appuntamento con noi. <a style=\"white-space: nowrap;\" href=\"tel:0447438040\">044 743 80 40 <\/a>\/\u00a0<a href=\"mailto:info@waldspurger.ch\">info@waldspurger.ch<\/a>[\/vc_column_text][\/vc_column][\/vc_row]<\/p>\n<\/div>","protected":false},"excerpt":{"rendered":"<p>[vc_section full_width=&#8221;stretch_row&#8221; full_height=&#8221;yes&#8221; content_placement=&#8221;top&#8221; css_animation=&#8221;fadeIn&#8221; css=&#8221;.vc_custom_1637938465539{margin-top: 0px !important;border-top-width: 0px !important;padding-top: 0px !important;background-image: url(https:\/\/waldspurger.ch\/wp-content\/uploads\/2021\/11\/Waldspurger_Service_Schulung_2560x1244.jpg?id=32645) !important;background-position: center !important;background-repeat: no-repeat !important;background-size: cover !important;}&#8221;&#8230;<\/p>\n","protected":false},"author":1,"featured_media":0,"parent":35208,"menu_order":0,"comment_status":"closed","ping_status":"closed","template":"","meta":{"footnotes":""},"class_list":["post-35301","page","type-page","status-publish"],"yoast_head":"<!-- This site is optimized with the Yoast SEO plugin v27.2 - https:\/\/yoast.com\/product\/yoast-seo-wordpress\/ -->\n<title>Formazione - Waldspurger<\/title>\n<meta name=\"robots\" content=\"index, follow, max-snippet:-1, max-image-preview:large, max-video-preview:-1\" \/>\n<link rel=\"canonical\" href=\"https:\/\/waldspurger.ch\/it\/servizi\/formazione\/\" \/>\n<meta property=\"og:locale\" content=\"it_IT\" \/>\n<meta property=\"og:type\" content=\"article\" \/>\n<meta property=\"og:title\" content=\"Formazione - Waldspurger\" \/>\n<meta property=\"og:description\" content=\"[vc_section full_width=&#8221;stretch_row&#8221; full_height=&#8221;yes&#8221; content_placement=&#8221;top&#8221; css_animation=&#8221;fadeIn&#8221; css=&#8221;.vc_custom_1637938465539{margin-top: 0px !important;border-top-width: 0px !important;padding-top: 0px !important;background-image: url(https:\/\/waldspurger.ch\/wp-content\/uploads\/2021\/11\/Waldspurger_Service_Schulung_2560x1244.jpg?id=32645) !important;background-position: center !important;background-repeat: no-repeat !important;background-size: cover !important;}&#8221;...\" \/>\n<meta property=\"og:url\" content=\"https:\/\/waldspurger.ch\/it\/servizi\/formazione\/\" \/>\n<meta property=\"og:site_name\" content=\"Waldspurger\" \/>\n<meta property=\"article:modified_time\" content=\"2022-03-07T08:38:23+00:00\" \/>\n<meta property=\"og:image\" content=\"https:\/\/waldspurger.ch\/wp-content\/uploads\/2022\/02\/logo_de.png\" \/>\n\t<meta property=\"og:image:width\" content=\"320\" \/>\n\t<meta property=\"og:image:height\" content=\"223\" \/>\n\t<meta property=\"og:image:type\" content=\"image\/png\" \/>\n<meta name=\"twitter:card\" content=\"summary_large_image\" \/>\n<script type=\"application\/ld+json\" class=\"yoast-schema-graph\">{\"@context\":\"https:\/\/schema.org\",\"@graph\":[{\"@type\":\"Article\",\"@id\":\"https:\/\/waldspurger.ch\/it\/servizi\/formazione\/#article\",\"isPartOf\":{\"@id\":\"https:\/\/waldspurger.ch\/it\/servizi\/formazione\/\"},\"author\":{\"name\":\"Adminmoritzi\",\"@id\":\"https:\/\/waldspurger.ch\/it\/#\/schema\/person\/e92a92f5b5a240afd932a5eba15ae94c\"},\"headline\":\"Formazione\",\"datePublished\":\"2020-02-13T11:16:52+00:00\",\"dateModified\":\"2022-03-07T08:38:23+00:00\",\"mainEntityOfPage\":{\"@id\":\"https:\/\/waldspurger.ch\/it\/servizi\/formazione\/\"},\"wordCount\":391,\"publisher\":{\"@id\":\"https:\/\/waldspurger.ch\/it\/#organization\"},\"inLanguage\":\"it-IT\"},{\"@type\":\"WebPage\",\"@id\":\"https:\/\/waldspurger.ch\/it\/servizi\/formazione\/\",\"url\":\"https:\/\/waldspurger.ch\/it\/servizi\/formazione\/\",\"name\":\"Formazione - Waldspurger\",\"isPartOf\":{\"@id\":\"https:\/\/waldspurger.ch\/it\/#website\"},\"datePublished\":\"2020-02-13T11:16:52+00:00\",\"dateModified\":\"2022-03-07T08:38:23+00:00\",\"breadcrumb\":{\"@id\":\"https:\/\/waldspurger.ch\/it\/servizi\/formazione\/#breadcrumb\"},\"inLanguage\":\"it-IT\",\"potentialAction\":[{\"@type\":\"ReadAction\",\"target\":[\"https:\/\/waldspurger.ch\/it\/servizi\/formazione\/\"]}]},{\"@type\":\"BreadcrumbList\",\"@id\":\"https:\/\/waldspurger.ch\/it\/servizi\/formazione\/#breadcrumb\",\"itemListElement\":[{\"@type\":\"ListItem\",\"position\":1,\"name\":\"Startseite\",\"item\":\"https:\/\/waldspurger.ch\/it\/\"},{\"@type\":\"ListItem\",\"position\":2,\"name\":\"Servizi\",\"item\":\"https:\/\/waldspurger.ch\/it\/servizi\/\"},{\"@type\":\"ListItem\",\"position\":3,\"name\":\"Formazione\"}]},{\"@type\":\"WebSite\",\"@id\":\"https:\/\/waldspurger.ch\/it\/#website\",\"url\":\"https:\/\/waldspurger.ch\/it\/\",\"name\":\"Waldspurger\",\"description\":\"Allestimento di veicoli\",\"publisher\":{\"@id\":\"https:\/\/waldspurger.ch\/it\/#organization\"},\"potentialAction\":[{\"@type\":\"SearchAction\",\"target\":{\"@type\":\"EntryPoint\",\"urlTemplate\":\"https:\/\/waldspurger.ch\/it\/?s={search_term_string}\"},\"query-input\":{\"@type\":\"PropertyValueSpecification\",\"valueRequired\":true,\"valueName\":\"search_term_string\"}}],\"inLanguage\":\"it-IT\"},{\"@type\":\"Organization\",\"@id\":\"https:\/\/waldspurger.ch\/it\/#organization\",\"name\":\"Waldspurger AG\",\"url\":\"https:\/\/waldspurger.ch\/it\/\",\"logo\":{\"@type\":\"ImageObject\",\"inLanguage\":\"it-IT\",\"@id\":\"https:\/\/waldspurger.ch\/it\/#\/schema\/logo\/image\/\",\"url\":\"https:\/\/waldspurger.ch\/wp-content\/uploads\/2022\/02\/logo_de.png\",\"contentUrl\":\"https:\/\/waldspurger.ch\/wp-content\/uploads\/2022\/02\/logo_de.png\",\"width\":320,\"height\":223,\"caption\":\"Waldspurger AG\"},\"image\":{\"@id\":\"https:\/\/waldspurger.ch\/it\/#\/schema\/logo\/image\/\"},\"sameAs\":[\"https:\/\/ch.linkedin.com\/company\/waldspurger-bergdietikon\",\"https:\/\/www.youtube.com\/channel\/UC4BYucVfPuWzNF4hyfO3YTw\"]},{\"@type\":\"Person\",\"@id\":\"https:\/\/waldspurger.ch\/it\/#\/schema\/person\/e92a92f5b5a240afd932a5eba15ae94c\",\"name\":\"Adminmoritzi\",\"image\":{\"@type\":\"ImageObject\",\"inLanguage\":\"it-IT\",\"@id\":\"https:\/\/secure.gravatar.com\/avatar\/4f43fbec0cc1848d75d18da5595fa2e9d12bc02d9d761756323c70efe587d61a?s=96&d=mm&r=g\",\"url\":\"https:\/\/secure.gravatar.com\/avatar\/4f43fbec0cc1848d75d18da5595fa2e9d12bc02d9d761756323c70efe587d61a?s=96&d=mm&r=g\",\"contentUrl\":\"https:\/\/secure.gravatar.com\/avatar\/4f43fbec0cc1848d75d18da5595fa2e9d12bc02d9d761756323c70efe587d61a?s=96&d=mm&r=g\",\"caption\":\"Adminmoritzi\"}}]}<\/script>\n<!-- \/ Yoast SEO plugin. -->","yoast_head_json":{"title":"Formazione - Waldspurger","robots":{"index":"index","follow":"follow","max-snippet":"max-snippet:-1","max-image-preview":"max-image-preview:large","max-video-preview":"max-video-preview:-1"},"canonical":"https:\/\/waldspurger.ch\/it\/servizi\/formazione\/","og_locale":"it_IT","og_type":"article","og_title":"Formazione - Waldspurger","og_description":"[vc_section full_width=&#8221;stretch_row&#8221; full_height=&#8221;yes&#8221; content_placement=&#8221;top&#8221; css_animation=&#8221;fadeIn&#8221; css=&#8221;.vc_custom_1637938465539{margin-top: 0px !important;border-top-width: 0px !important;padding-top: 0px !important;background-image: url(https:\/\/waldspurger.ch\/wp-content\/uploads\/2021\/11\/Waldspurger_Service_Schulung_2560x1244.jpg?id=32645) !important;background-position: center !important;background-repeat: no-repeat !important;background-size: cover !important;}&#8221;...","og_url":"https:\/\/waldspurger.ch\/it\/servizi\/formazione\/","og_site_name":"Waldspurger","article_modified_time":"2022-03-07T08:38:23+00:00","og_image":[{"width":320,"height":223,"url":"https:\/\/waldspurger.ch\/wp-content\/uploads\/2022\/02\/logo_de.png","type":"image\/png"}],"twitter_card":"summary_large_image","schema":{"@context":"https:\/\/schema.org","@graph":[{"@type":"Article","@id":"https:\/\/waldspurger.ch\/it\/servizi\/formazione\/#article","isPartOf":{"@id":"https:\/\/waldspurger.ch\/it\/servizi\/formazione\/"},"author":{"name":"Adminmoritzi","@id":"https:\/\/waldspurger.ch\/it\/#\/schema\/person\/e92a92f5b5a240afd932a5eba15ae94c"},"headline":"Formazione","datePublished":"2020-02-13T11:16:52+00:00","dateModified":"2022-03-07T08:38:23+00:00","mainEntityOfPage":{"@id":"https:\/\/waldspurger.ch\/it\/servizi\/formazione\/"},"wordCount":391,"publisher":{"@id":"https:\/\/waldspurger.ch\/it\/#organization"},"inLanguage":"it-IT"},{"@type":"WebPage","@id":"https:\/\/waldspurger.ch\/it\/servizi\/formazione\/","url":"https:\/\/waldspurger.ch\/it\/servizi\/formazione\/","name":"Formazione - Waldspurger","isPartOf":{"@id":"https:\/\/waldspurger.ch\/it\/#website"},"datePublished":"2020-02-13T11:16:52+00:00","dateModified":"2022-03-07T08:38:23+00:00","breadcrumb":{"@id":"https:\/\/waldspurger.ch\/it\/servizi\/formazione\/#breadcrumb"},"inLanguage":"it-IT","potentialAction":[{"@type":"ReadAction","target":["https:\/\/waldspurger.ch\/it\/servizi\/formazione\/"]}]},{"@type":"BreadcrumbList","@id":"https:\/\/waldspurger.ch\/it\/servizi\/formazione\/#breadcrumb","itemListElement":[{"@type":"ListItem","position":1,"name":"Startseite","item":"https:\/\/waldspurger.ch\/it\/"},{"@type":"ListItem","position":2,"name":"Servizi","item":"https:\/\/waldspurger.ch\/it\/servizi\/"},{"@type":"ListItem","position":3,"name":"Formazione"}]},{"@type":"WebSite","@id":"https:\/\/waldspurger.ch\/it\/#website","url":"https:\/\/waldspurger.ch\/it\/","name":"Waldspurger","description":"Allestimento di veicoli","publisher":{"@id":"https:\/\/waldspurger.ch\/it\/#organization"},"potentialAction":[{"@type":"SearchAction","target":{"@type":"EntryPoint","urlTemplate":"https:\/\/waldspurger.ch\/it\/?s={search_term_string}"},"query-input":{"@type":"PropertyValueSpecification","valueRequired":true,"valueName":"search_term_string"}}],"inLanguage":"it-IT"},{"@type":"Organization","@id":"https:\/\/waldspurger.ch\/it\/#organization","name":"Waldspurger AG","url":"https:\/\/waldspurger.ch\/it\/","logo":{"@type":"ImageObject","inLanguage":"it-IT","@id":"https:\/\/waldspurger.ch\/it\/#\/schema\/logo\/image\/","url":"https:\/\/waldspurger.ch\/wp-content\/uploads\/2022\/02\/logo_de.png","contentUrl":"https:\/\/waldspurger.ch\/wp-content\/uploads\/2022\/02\/logo_de.png","width":320,"height":223,"caption":"Waldspurger AG"},"image":{"@id":"https:\/\/waldspurger.ch\/it\/#\/schema\/logo\/image\/"},"sameAs":["https:\/\/ch.linkedin.com\/company\/waldspurger-bergdietikon","https:\/\/www.youtube.com\/channel\/UC4BYucVfPuWzNF4hyfO3YTw"]},{"@type":"Person","@id":"https:\/\/waldspurger.ch\/it\/#\/schema\/person\/e92a92f5b5a240afd932a5eba15ae94c","name":"Adminmoritzi","image":{"@type":"ImageObject","inLanguage":"it-IT","@id":"https:\/\/secure.gravatar.com\/avatar\/4f43fbec0cc1848d75d18da5595fa2e9d12bc02d9d761756323c70efe587d61a?s=96&d=mm&r=g","url":"https:\/\/secure.gravatar.com\/avatar\/4f43fbec0cc1848d75d18da5595fa2e9d12bc02d9d761756323c70efe587d61a?s=96&d=mm&r=g","contentUrl":"https:\/\/secure.gravatar.com\/avatar\/4f43fbec0cc1848d75d18da5595fa2e9d12bc02d9d761756323c70efe587d61a?s=96&d=mm&r=g","caption":"Adminmoritzi"}}]}},"_links":{"self":[{"href":"https:\/\/waldspurger.ch\/it\/wp-json\/wp\/v2\/pages\/35301","targetHints":{"allow":["GET"]}}],"collection":[{"href":"https:\/\/waldspurger.ch\/it\/wp-json\/wp\/v2\/pages"}],"about":[{"href":"https:\/\/waldspurger.ch\/it\/wp-json\/wp\/v2\/types\/page"}],"author":[{"embeddable":true,"href":"https:\/\/waldspurger.ch\/it\/wp-json\/wp\/v2\/users\/1"}],"replies":[{"embeddable":true,"href":"https:\/\/waldspurger.ch\/it\/wp-json\/wp\/v2\/comments?post=35301"}],"version-history":[{"count":0,"href":"https:\/\/waldspurger.ch\/it\/wp-json\/wp\/v2\/pages\/35301\/revisions"}],"up":[{"embeddable":true,"href":"https:\/\/waldspurger.ch\/it\/wp-json\/wp\/v2\/pages\/35208"}],"wp:attachment":[{"href":"https:\/\/waldspurger.ch\/it\/wp-json\/wp\/v2\/media?parent=35301"}],"curies":[{"name":"wp","href":"https:\/\/api.w.org\/{rel}","templated":true}]}}