{"id":35299,"date":"2020-02-13T12:16:41","date_gmt":"2020-02-13T11:16:41","guid":{"rendered":"https:\/\/waldspurger.getads.ch\/service\/consulenza\/"},"modified":"2022-03-04T15:00:46","modified_gmt":"2022-03-04T14:00:46","slug":"consulenza","status":"publish","type":"page","link":"https:\/\/waldspurger.ch\/it\/servizi\/consulenza\/","title":{"rendered":"Consulenza"},"content":{"rendered":"<div class=\"wpb-content-wrapper\"><p>[vc_section full_width=&#8221;stretch_row&#8221; full_height=&#8221;yes&#8221; content_placement=&#8221;top&#8221; css_animation=&#8221;fadeIn&#8221; css=&#8221;.vc_custom_1637938128509{margin-top: 0px !important;border-top-width: 0px !important;padding-top: 0px !important;background-image: url(https:\/\/waldspurger.ch\/wp-content\/uploads\/2021\/11\/Waldspurger_Service_Beratung_2558x1708.jpg?id=32640) !important;background-position: center !important;background-repeat: no-repeat !important;background-size: cover !important;}&#8221; el_class=&#8221;custom-fullheight-section&#8221;][vc_row full_height=&#8221;yes&#8221; content_placement=&#8221;top&#8221; css_animation=&#8221;fadeIn&#8221; el_class=&#8221;stretch-fullheight-innerrow&#8221; effects_enabled_delay=&#8221;500&#8243;][vc_column width=&#8221;1\/4&#8243; css=&#8221;.vc_custom_1582122319023{background-color: rgba(179,32,34,0.58) !important;background-position: center !important;background-repeat: no-repeat !important;background-size: cover !important;*background-color: rgb(179,32,34) !important;}&#8221; el_class=&#8221;.stretch-fullheight-innerrow-column main-visual-column&#8221;][vc_column_text]<\/p>\n<h3 style=\"text-align: center;\"><span style=\"color: #ffffff;\">CONSULENZA<\/span><\/h3>\n<p style=\"text-align: center;\"><span style=\"color: #ffffff;\">Da Waldspurger, la prima fase di un allestimento o di un riequipaggiamento si svolge sempre insieme a lei. Durante il colloquio troviamo la soluzione giusta per le sue esigenze. <\/span><\/p>\n<p>\u00a0[\/vc_column_text][\/vc_column][vc_column width=&#8221;1\/4&#8243;][\/vc_column][vc_column width=&#8221;1\/4&#8243;][\/vc_column][vc_column width=&#8221;1\/4&#8243;][\/vc_column][\/vc_row][\/vc_section][vc_row css_animation=&#8221;fadeInUp&#8221; css=&#8221;.vc_custom_1639667403004{margin-top: 0px !important;padding-top: 70px !important;}&#8221;][vc_column css=&#8221;.vc_custom_1639667587697{margin-bottom: 25px !important;padding-top: 0px !important;padding-bottom: 0px !important;}&#8221;][vc_column_text css=&#8221;.vc_custom_1639667238961{margin-top: 0px !important;margin-bottom: 20px !important;padding-top: 0px !important;padding-bottom: 0px !important;}&#8221; el_class=&#8221;custom_maxwidth&#8221;]<\/p>\n<h2><strong>CONSULENZA<\/strong><\/h2>\n<h3>COMPIAMO IL PRIMO PASSO, INSIEME A LEI.<\/h3>\n<p>La aiutiamo nell\u2019intento di configurare in modo sicuro ed efficiente il suo trasporto di passeggeri e di materiali. Nell\u2019ambito di un colloquio in due fasi, la accompagniamo nel suo percorso per arrivare al veicolo pi\u00f9 adatto a lei e dotato dell\u2019allestimento perfetto.<\/p>\n<h3>Parte 1<\/h3>\n<p>Quale veicolo risponde alle sue necessit\u00e0? Insieme elaboriamo il profilo dei requisiti del suo nuovo veicolo commerciale. Trattiamo veicoli di ogni marca, perci\u00f2 troveremo quello pi\u00f9 adatto alle sue esigenze, garantito!<\/p>\n<h3>Parte 2<\/h3>\n<p>Come funziona un riequipaggiamento o un allestimento? Approfitti delle nostre vaste conoscenze teoriche e pratiche. Ecco cosa ci sprona giorno dopo giorno: siamo soddisfatti soltanto se lo \u00e8 anche lei![\/vc_column_text][\/vc_column][\/vc_row][vc_row css_animation=&#8221;fadeInUp&#8221; el_class=&#8221;custom_maxwidth_900&#8243; css=&#8221;.vc_custom_1620989774795{padding-bottom: 30px !important;}&#8221;][vc_column]<div class=\"preloader\"><div class=\"preloader-spin\"><\/div><\/div> <div id=\"gem-gallery-69deb7fb0b55e\" class=\"gem-gallery gem-gallery-hover-horizontal-sliding no-thumbs\" data-autoscroll=\"3000\"> <div class=\"gem-gallery-item\"> <div class=\"gem-gallery-item-image\"> <a href=\"https:\/\/waldspurger.ch\/wp-content\/uploads\/2021\/12\/Beratung_01-thegem-gallery-fullwidth.jpg\" data-fancybox-group=\"gallery-69deb7fb0b55e\" data-full-image-url=\"https:\/\/waldspurger.ch\/wp-content\/uploads\/2021\/12\/Beratung_01.jpg\"> <svg width=\"20\" height=\"10\"><path d=\"M 0,10 Q 9,9 10,0 Q 11,9 20,10\" \/><\/svg> <img src=\"https:\/\/waldspurger.ch\/wp-content\/uploads\/2021\/12\/Beratung_01-thegem-post-thumb-small.jpg\" alt=\"\" class=\"img-responsive\"> <span class=\"gem-gallery-caption slide-info\"> <\/span> <\/a> <span class=\"gem-gallery-line\"><\/span> <\/div> <\/div> <div class=\"gem-gallery-item\"> <div class=\"gem-gallery-item-image\"> <a href=\"https:\/\/waldspurger.ch\/wp-content\/uploads\/2021\/12\/Beratung_02-thegem-gallery-fullwidth.jpg\" data-fancybox-group=\"gallery-69deb7fb0b55e\" data-full-image-url=\"https:\/\/waldspurger.ch\/wp-content\/uploads\/2021\/12\/Beratung_02.jpg\"> <svg width=\"20\" height=\"10\"><path d=\"M 0,10 Q 9,9 10,0 Q 11,9 20,10\" \/><\/svg> <img src=\"https:\/\/waldspurger.ch\/wp-content\/uploads\/2021\/12\/Beratung_02-thegem-post-thumb-small.jpg\" alt=\"\" class=\"img-responsive\"> <span class=\"gem-gallery-caption slide-info\"> <\/span> <\/a> <span class=\"gem-gallery-line\"><\/span> <\/div> <\/div> <div class=\"gem-gallery-item\"> <div class=\"gem-gallery-item-image\"> <a href=\"https:\/\/waldspurger.ch\/wp-content\/uploads\/2021\/12\/Beratung_03-thegem-gallery-fullwidth.jpg\" data-fancybox-group=\"gallery-69deb7fb0b55e\" data-full-image-url=\"https:\/\/waldspurger.ch\/wp-content\/uploads\/2021\/12\/Beratung_03.jpg\"> <svg width=\"20\" height=\"10\"><path d=\"M 0,10 Q 9,9 10,0 Q 11,9 20,10\" \/><\/svg> <img src=\"https:\/\/waldspurger.ch\/wp-content\/uploads\/2021\/12\/Beratung_03-thegem-post-thumb-small.jpg\" alt=\"\" class=\"img-responsive\"> <span class=\"gem-gallery-caption slide-info\"> <\/span> <\/a> <span class=\"gem-gallery-line\"><\/span> <\/div> <\/div> <div class=\"gem-gallery-item\"> <div class=\"gem-gallery-item-image\"> <a href=\"https:\/\/waldspurger.ch\/wp-content\/uploads\/2021\/12\/Beratung_04-thegem-gallery-fullwidth.jpg\" data-fancybox-group=\"gallery-69deb7fb0b55e\" data-full-image-url=\"https:\/\/waldspurger.ch\/wp-content\/uploads\/2021\/12\/Beratung_04.jpg\"> <svg width=\"20\" height=\"10\"><path d=\"M 0,10 Q 9,9 10,0 Q 11,9 20,10\" \/><\/svg> <img src=\"https:\/\/waldspurger.ch\/wp-content\/uploads\/2021\/12\/Beratung_04-thegem-post-thumb-small.jpg\" alt=\"\" class=\"img-responsive\"> <span class=\"gem-gallery-caption slide-info\"> <\/span> <\/a> <span class=\"gem-gallery-line\"><\/span> <\/div> <\/div> <div class=\"gem-gallery-item\"> <div class=\"gem-gallery-item-image\"> <a href=\"https:\/\/waldspurger.ch\/wp-content\/uploads\/2021\/12\/Beratung_05-thegem-gallery-fullwidth.jpg\" data-fancybox-group=\"gallery-69deb7fb0b55e\" data-full-image-url=\"https:\/\/waldspurger.ch\/wp-content\/uploads\/2021\/12\/Beratung_05.jpg\"> <svg width=\"20\" height=\"10\"><path d=\"M 0,10 Q 9,9 10,0 Q 11,9 20,10\" \/><\/svg> <img src=\"https:\/\/waldspurger.ch\/wp-content\/uploads\/2021\/12\/Beratung_05-thegem-post-thumb-small.jpg\" alt=\"\" class=\"img-responsive\"> <span class=\"gem-gallery-caption slide-info\"> <\/span> <\/a> <span class=\"gem-gallery-line\"><\/span> <\/div> <\/div> <div class=\"gem-gallery-item\"> <div class=\"gem-gallery-item-image\"> <a href=\"https:\/\/waldspurger.ch\/wp-content\/uploads\/2021\/12\/Beratung_06-thegem-gallery-fullwidth.jpg\" data-fancybox-group=\"gallery-69deb7fb0b55e\" data-full-image-url=\"https:\/\/waldspurger.ch\/wp-content\/uploads\/2021\/12\/Beratung_06.jpg\"> <svg width=\"20\" height=\"10\"><path d=\"M 0,10 Q 9,9 10,0 Q 11,9 20,10\" \/><\/svg> <img src=\"https:\/\/waldspurger.ch\/wp-content\/uploads\/2021\/12\/Beratung_06-thegem-post-thumb-small.jpg\" alt=\"\" class=\"img-responsive\"> <span class=\"gem-gallery-caption slide-info\"> <\/span> <\/a> <span class=\"gem-gallery-line\"><\/span> <\/div> <\/div> <\/div>[\/vc_column][\/vc_row][vc_row css_animation=&#8221;fadeInUp&#8221; css=&#8221;.vc_custom_1642162820138{padding-bottom: -5px !important;}&#8221;][vc_column][vc_column_text css=&#8221;.vc_custom_1639667225803{padding-bottom: 70px !important;}&#8221;]Fissi un appuntamento con noi. <a style=\"white-space: nowrap;\" href=\"tel:0447438040\">044 743 80 40 <\/a>\/\u00a0<a href=\"mailto:info@waldspurger.ch\">info@waldspurger.ch<\/a>[\/vc_column_text][\/vc_column][\/vc_row]<\/p>\n<\/div>","protected":false},"excerpt":{"rendered":"<p>[vc_section full_width=&#8221;stretch_row&#8221; full_height=&#8221;yes&#8221; content_placement=&#8221;top&#8221; css_animation=&#8221;fadeIn&#8221; css=&#8221;.vc_custom_1637938128509{margin-top: 0px !important;border-top-width: 0px !important;padding-top: 0px !important;background-image: url(https:\/\/waldspurger.ch\/wp-content\/uploads\/2021\/11\/Waldspurger_Service_Beratung_2558x1708.jpg?id=32640) !important;background-position: center !important;background-repeat: no-repeat !important;background-size: cover !important;}&#8221;&#8230;<\/p>\n","protected":false},"author":1,"featured_media":0,"parent":35208,"menu_order":0,"comment_status":"closed","ping_status":"closed","template":"","meta":{"footnotes":""},"class_list":["post-35299","page","type-page","status-publish"],"yoast_head":"<!-- This site is optimized with the Yoast SEO plugin v27.2 - https:\/\/yoast.com\/product\/yoast-seo-wordpress\/ -->\n<title>Consulenza - Waldspurger<\/title>\n<meta name=\"robots\" content=\"index, follow, max-snippet:-1, max-image-preview:large, max-video-preview:-1\" \/>\n<link rel=\"canonical\" href=\"https:\/\/waldspurger.ch\/it\/servizi\/consulenza\/\" \/>\n<meta property=\"og:locale\" content=\"it_IT\" \/>\n<meta property=\"og:type\" content=\"article\" \/>\n<meta property=\"og:title\" content=\"Consulenza - Waldspurger\" \/>\n<meta property=\"og:description\" content=\"[vc_section full_width=&#8221;stretch_row&#8221; full_height=&#8221;yes&#8221; content_placement=&#8221;top&#8221; css_animation=&#8221;fadeIn&#8221; css=&#8221;.vc_custom_1637938128509{margin-top: 0px !important;border-top-width: 0px !important;padding-top: 0px !important;background-image: url(https:\/\/waldspurger.ch\/wp-content\/uploads\/2021\/11\/Waldspurger_Service_Beratung_2558x1708.jpg?id=32640) !important;background-position: center !important;background-repeat: no-repeat !important;background-size: cover !important;}&#8221;...\" \/>\n<meta property=\"og:url\" content=\"https:\/\/waldspurger.ch\/it\/servizi\/consulenza\/\" \/>\n<meta property=\"og:site_name\" content=\"Waldspurger\" \/>\n<meta property=\"article:modified_time\" content=\"2022-03-04T14:00:46+00:00\" \/>\n<meta property=\"og:image\" content=\"https:\/\/waldspurger.ch\/wp-content\/uploads\/2022\/02\/logo_de.png\" \/>\n\t<meta property=\"og:image:width\" content=\"320\" \/>\n\t<meta property=\"og:image:height\" content=\"223\" \/>\n\t<meta property=\"og:image:type\" content=\"image\/png\" \/>\n<meta name=\"twitter:card\" content=\"summary_large_image\" \/>\n<script type=\"application\/ld+json\" class=\"yoast-schema-graph\">{\"@context\":\"https:\/\/schema.org\",\"@graph\":[{\"@type\":\"Article\",\"@id\":\"https:\/\/waldspurger.ch\/it\/servizi\/consulenza\/#article\",\"isPartOf\":{\"@id\":\"https:\/\/waldspurger.ch\/it\/servizi\/consulenza\/\"},\"author\":{\"name\":\"Adminmoritzi\",\"@id\":\"https:\/\/waldspurger.ch\/it\/#\/schema\/person\/e92a92f5b5a240afd932a5eba15ae94c\"},\"headline\":\"Consulenza\",\"datePublished\":\"2020-02-13T11:16:41+00:00\",\"dateModified\":\"2022-03-04T14:00:46+00:00\",\"mainEntityOfPage\":{\"@id\":\"https:\/\/waldspurger.ch\/it\/servizi\/consulenza\/\"},\"wordCount\":398,\"publisher\":{\"@id\":\"https:\/\/waldspurger.ch\/it\/#organization\"},\"inLanguage\":\"it-IT\"},{\"@type\":\"WebPage\",\"@id\":\"https:\/\/waldspurger.ch\/it\/servizi\/consulenza\/\",\"url\":\"https:\/\/waldspurger.ch\/it\/servizi\/consulenza\/\",\"name\":\"Consulenza - Waldspurger\",\"isPartOf\":{\"@id\":\"https:\/\/waldspurger.ch\/it\/#website\"},\"datePublished\":\"2020-02-13T11:16:41+00:00\",\"dateModified\":\"2022-03-04T14:00:46+00:00\",\"breadcrumb\":{\"@id\":\"https:\/\/waldspurger.ch\/it\/servizi\/consulenza\/#breadcrumb\"},\"inLanguage\":\"it-IT\",\"potentialAction\":[{\"@type\":\"ReadAction\",\"target\":[\"https:\/\/waldspurger.ch\/it\/servizi\/consulenza\/\"]}]},{\"@type\":\"BreadcrumbList\",\"@id\":\"https:\/\/waldspurger.ch\/it\/servizi\/consulenza\/#breadcrumb\",\"itemListElement\":[{\"@type\":\"ListItem\",\"position\":1,\"name\":\"Startseite\",\"item\":\"https:\/\/waldspurger.ch\/it\/\"},{\"@type\":\"ListItem\",\"position\":2,\"name\":\"Servizi\",\"item\":\"https:\/\/waldspurger.ch\/it\/servizi\/\"},{\"@type\":\"ListItem\",\"position\":3,\"name\":\"Consulenza\"}]},{\"@type\":\"WebSite\",\"@id\":\"https:\/\/waldspurger.ch\/it\/#website\",\"url\":\"https:\/\/waldspurger.ch\/it\/\",\"name\":\"Waldspurger\",\"description\":\"Allestimento di veicoli\",\"publisher\":{\"@id\":\"https:\/\/waldspurger.ch\/it\/#organization\"},\"potentialAction\":[{\"@type\":\"SearchAction\",\"target\":{\"@type\":\"EntryPoint\",\"urlTemplate\":\"https:\/\/waldspurger.ch\/it\/?s={search_term_string}\"},\"query-input\":{\"@type\":\"PropertyValueSpecification\",\"valueRequired\":true,\"valueName\":\"search_term_string\"}}],\"inLanguage\":\"it-IT\"},{\"@type\":\"Organization\",\"@id\":\"https:\/\/waldspurger.ch\/it\/#organization\",\"name\":\"Waldspurger AG\",\"url\":\"https:\/\/waldspurger.ch\/it\/\",\"logo\":{\"@type\":\"ImageObject\",\"inLanguage\":\"it-IT\",\"@id\":\"https:\/\/waldspurger.ch\/it\/#\/schema\/logo\/image\/\",\"url\":\"https:\/\/waldspurger.ch\/wp-content\/uploads\/2022\/02\/logo_de.png\",\"contentUrl\":\"https:\/\/waldspurger.ch\/wp-content\/uploads\/2022\/02\/logo_de.png\",\"width\":320,\"height\":223,\"caption\":\"Waldspurger AG\"},\"image\":{\"@id\":\"https:\/\/waldspurger.ch\/it\/#\/schema\/logo\/image\/\"},\"sameAs\":[\"https:\/\/ch.linkedin.com\/company\/waldspurger-bergdietikon\",\"https:\/\/www.youtube.com\/channel\/UC4BYucVfPuWzNF4hyfO3YTw\"]},{\"@type\":\"Person\",\"@id\":\"https:\/\/waldspurger.ch\/it\/#\/schema\/person\/e92a92f5b5a240afd932a5eba15ae94c\",\"name\":\"Adminmoritzi\",\"image\":{\"@type\":\"ImageObject\",\"inLanguage\":\"it-IT\",\"@id\":\"https:\/\/secure.gravatar.com\/avatar\/4f43fbec0cc1848d75d18da5595fa2e9d12bc02d9d761756323c70efe587d61a?s=96&d=mm&r=g\",\"url\":\"https:\/\/secure.gravatar.com\/avatar\/4f43fbec0cc1848d75d18da5595fa2e9d12bc02d9d761756323c70efe587d61a?s=96&d=mm&r=g\",\"contentUrl\":\"https:\/\/secure.gravatar.com\/avatar\/4f43fbec0cc1848d75d18da5595fa2e9d12bc02d9d761756323c70efe587d61a?s=96&d=mm&r=g\",\"caption\":\"Adminmoritzi\"}}]}<\/script>\n<!-- \/ Yoast SEO plugin. -->","yoast_head_json":{"title":"Consulenza - Waldspurger","robots":{"index":"index","follow":"follow","max-snippet":"max-snippet:-1","max-image-preview":"max-image-preview:large","max-video-preview":"max-video-preview:-1"},"canonical":"https:\/\/waldspurger.ch\/it\/servizi\/consulenza\/","og_locale":"it_IT","og_type":"article","og_title":"Consulenza - Waldspurger","og_description":"[vc_section full_width=&#8221;stretch_row&#8221; full_height=&#8221;yes&#8221; content_placement=&#8221;top&#8221; css_animation=&#8221;fadeIn&#8221; css=&#8221;.vc_custom_1637938128509{margin-top: 0px !important;border-top-width: 0px !important;padding-top: 0px !important;background-image: url(https:\/\/waldspurger.ch\/wp-content\/uploads\/2021\/11\/Waldspurger_Service_Beratung_2558x1708.jpg?id=32640) !important;background-position: center !important;background-repeat: no-repeat !important;background-size: cover !important;}&#8221;...","og_url":"https:\/\/waldspurger.ch\/it\/servizi\/consulenza\/","og_site_name":"Waldspurger","article_modified_time":"2022-03-04T14:00:46+00:00","og_image":[{"width":320,"height":223,"url":"https:\/\/waldspurger.ch\/wp-content\/uploads\/2022\/02\/logo_de.png","type":"image\/png"}],"twitter_card":"summary_large_image","schema":{"@context":"https:\/\/schema.org","@graph":[{"@type":"Article","@id":"https:\/\/waldspurger.ch\/it\/servizi\/consulenza\/#article","isPartOf":{"@id":"https:\/\/waldspurger.ch\/it\/servizi\/consulenza\/"},"author":{"name":"Adminmoritzi","@id":"https:\/\/waldspurger.ch\/it\/#\/schema\/person\/e92a92f5b5a240afd932a5eba15ae94c"},"headline":"Consulenza","datePublished":"2020-02-13T11:16:41+00:00","dateModified":"2022-03-04T14:00:46+00:00","mainEntityOfPage":{"@id":"https:\/\/waldspurger.ch\/it\/servizi\/consulenza\/"},"wordCount":398,"publisher":{"@id":"https:\/\/waldspurger.ch\/it\/#organization"},"inLanguage":"it-IT"},{"@type":"WebPage","@id":"https:\/\/waldspurger.ch\/it\/servizi\/consulenza\/","url":"https:\/\/waldspurger.ch\/it\/servizi\/consulenza\/","name":"Consulenza - Waldspurger","isPartOf":{"@id":"https:\/\/waldspurger.ch\/it\/#website"},"datePublished":"2020-02-13T11:16:41+00:00","dateModified":"2022-03-04T14:00:46+00:00","breadcrumb":{"@id":"https:\/\/waldspurger.ch\/it\/servizi\/consulenza\/#breadcrumb"},"inLanguage":"it-IT","potentialAction":[{"@type":"ReadAction","target":["https:\/\/waldspurger.ch\/it\/servizi\/consulenza\/"]}]},{"@type":"BreadcrumbList","@id":"https:\/\/waldspurger.ch\/it\/servizi\/consulenza\/#breadcrumb","itemListElement":[{"@type":"ListItem","position":1,"name":"Startseite","item":"https:\/\/waldspurger.ch\/it\/"},{"@type":"ListItem","position":2,"name":"Servizi","item":"https:\/\/waldspurger.ch\/it\/servizi\/"},{"@type":"ListItem","position":3,"name":"Consulenza"}]},{"@type":"WebSite","@id":"https:\/\/waldspurger.ch\/it\/#website","url":"https:\/\/waldspurger.ch\/it\/","name":"Waldspurger","description":"Allestimento di veicoli","publisher":{"@id":"https:\/\/waldspurger.ch\/it\/#organization"},"potentialAction":[{"@type":"SearchAction","target":{"@type":"EntryPoint","urlTemplate":"https:\/\/waldspurger.ch\/it\/?s={search_term_string}"},"query-input":{"@type":"PropertyValueSpecification","valueRequired":true,"valueName":"search_term_string"}}],"inLanguage":"it-IT"},{"@type":"Organization","@id":"https:\/\/waldspurger.ch\/it\/#organization","name":"Waldspurger AG","url":"https:\/\/waldspurger.ch\/it\/","logo":{"@type":"ImageObject","inLanguage":"it-IT","@id":"https:\/\/waldspurger.ch\/it\/#\/schema\/logo\/image\/","url":"https:\/\/waldspurger.ch\/wp-content\/uploads\/2022\/02\/logo_de.png","contentUrl":"https:\/\/waldspurger.ch\/wp-content\/uploads\/2022\/02\/logo_de.png","width":320,"height":223,"caption":"Waldspurger AG"},"image":{"@id":"https:\/\/waldspurger.ch\/it\/#\/schema\/logo\/image\/"},"sameAs":["https:\/\/ch.linkedin.com\/company\/waldspurger-bergdietikon","https:\/\/www.youtube.com\/channel\/UC4BYucVfPuWzNF4hyfO3YTw"]},{"@type":"Person","@id":"https:\/\/waldspurger.ch\/it\/#\/schema\/person\/e92a92f5b5a240afd932a5eba15ae94c","name":"Adminmoritzi","image":{"@type":"ImageObject","inLanguage":"it-IT","@id":"https:\/\/secure.gravatar.com\/avatar\/4f43fbec0cc1848d75d18da5595fa2e9d12bc02d9d761756323c70efe587d61a?s=96&d=mm&r=g","url":"https:\/\/secure.gravatar.com\/avatar\/4f43fbec0cc1848d75d18da5595fa2e9d12bc02d9d761756323c70efe587d61a?s=96&d=mm&r=g","contentUrl":"https:\/\/secure.gravatar.com\/avatar\/4f43fbec0cc1848d75d18da5595fa2e9d12bc02d9d761756323c70efe587d61a?s=96&d=mm&r=g","caption":"Adminmoritzi"}}]}},"_links":{"self":[{"href":"https:\/\/waldspurger.ch\/it\/wp-json\/wp\/v2\/pages\/35299","targetHints":{"allow":["GET"]}}],"collection":[{"href":"https:\/\/waldspurger.ch\/it\/wp-json\/wp\/v2\/pages"}],"about":[{"href":"https:\/\/waldspurger.ch\/it\/wp-json\/wp\/v2\/types\/page"}],"author":[{"embeddable":true,"href":"https:\/\/waldspurger.ch\/it\/wp-json\/wp\/v2\/users\/1"}],"replies":[{"embeddable":true,"href":"https:\/\/waldspurger.ch\/it\/wp-json\/wp\/v2\/comments?post=35299"}],"version-history":[{"count":0,"href":"https:\/\/waldspurger.ch\/it\/wp-json\/wp\/v2\/pages\/35299\/revisions"}],"up":[{"embeddable":true,"href":"https:\/\/waldspurger.ch\/it\/wp-json\/wp\/v2\/pages\/35208"}],"wp:attachment":[{"href":"https:\/\/waldspurger.ch\/it\/wp-json\/wp\/v2\/media?parent=35299"}],"curies":[{"name":"wp","href":"https:\/\/api.w.org\/{rel}","templated":true}]}}