{"id":35258,"date":"2021-03-23T10:40:11","date_gmt":"2021-03-23T09:40:11","guid":{"rendered":"https:\/\/waldspurger.getads.ch\/trasporto-di-materiale\/fissagio-del-carico\/"},"modified":"2023-01-09T15:15:34","modified_gmt":"2023-01-09T14:15:34","slug":"fissaggio-del-carico","status":"publish","type":"page","link":"https:\/\/waldspurger.ch\/it\/trasporto-materiale\/fissaggio-del-carico\/","title":{"rendered":"Fissaggio del carico"},"content":{"rendered":"<div class=\"wpb-content-wrapper\"><p>[vc_section full_width=&#8221;stretch_row&#8221; full_height=&#8221;yes&#8221; content_placement=&#8221;top&#8221; css_animation=&#8221;fadeIn&#8221; css=&#8221;.vc_custom_1640619303954{margin-top: 0px !important;border-top-width: 0px !important;padding-top: 0px !important;background-image: url(https:\/\/waldspurger.ch\/wp-content\/uploads\/2021\/11\/Ladegutsicherung-Airlineschiene-Zurrschiene-For_Transit-Waldspurger_2560x1708.jpg?id=32199) !important;background-position: center !important;background-repeat: no-repeat !important;background-size: cover !important;}&#8221; el_class=&#8221;custom-fullheight-section&#8221;][vc_row full_height=&#8221;yes&#8221; content_placement=&#8221;top&#8221; css_animation=&#8221;fadeIn&#8221; el_class=&#8221;stretch-fullheight-innerrow&#8221; effects_enabled_delay=&#8221;500&#8243;][vc_column width=&#8221;1\/4&#8243; css=&#8221;.vc_custom_1582122319023{background-color: rgba(179,32,34,0.58) !important;background-position: center !important;background-repeat: no-repeat !important;background-size: cover !important;*background-color: rgb(179,32,34) !important;}&#8221; el_class=&#8221;.stretch-fullheight-innerrow-column main-visual-column&#8221;][vc_column_text]<\/p>\n<h3 style=\"text-align: center;\"><span style=\"color: #ffffff;\">FISSAGGIO DEL CARICO<\/span><\/h3>\n<p style=\"text-align: center; padding-bottom: 35px;\"><span style=\"color: #ffffff;\">Waldspurger le offre pratiche e agevoli opzioni per fissare il carico in modo rapido, semplice e sicuro.<\/span><\/p>\n<p>[\/vc_column_text][\/vc_column][vc_column width=&#8221;1\/4&#8243;][\/vc_column][vc_column width=&#8221;1\/4&#8243;][\/vc_column][vc_column width=&#8221;1\/4&#8243;][\/vc_column][\/vc_row][\/vc_section][vc_row css_animation=&#8221;none&#8221; css=&#8221;.vc_custom_1649949069706{margin-top: 70px !important;margin-bottom: 0px !important;padding-top: 0px !important;padding-bottom: 10px !important;}&#8221; mobile_padding_bottom=&#8221;0&#8243;][vc_column width=&#8221;1\/2&#8243; css_animation=&#8221;fadeInLeft&#8221; css=&#8221;.vc_custom_1640619405323{margin-top: 0px !important;margin-bottom: 0px !important;padding-top: 0px !important;padding-bottom: 0px !important;}&#8221;][vc_column_text css=&#8221;.vc_custom_1649947978077{margin-top: 0px !important;margin-bottom: 0px !important;padding-top: 0px !important;padding-bottom: 50px !important;}&#8221;]<\/p>\n<h2><strong>FISSAGGIO DEL CARICO<\/strong><\/h2>\n<h3>SOLUZIONI OTTIMALI PER TRASPORTARE IN SICUREZZA<\/h3>\n<p>Nella formazione e nella vita quotidiana il giusto fissaggio del carico \u00e8 un tema importante. Ci\u00f2 non \u00e8 dovuto soltanto al fatto che il fissaggio delle merci e dei beni \u00e8 soggetto alle norme di legge. \u00c8 nel fondamentale interesse di tutti coloro che trasportano il carico fissare le merci in modo tale da proteggere il veicolo, i passeggeri e tutti gli altri utenti della strada. Sempre pi\u00f9 imprese artigiane o di trasporti investono in strumenti utili per trasportare utensili, pacchi o pallet in sicurezza dai propri clienti.<\/p>\n<p>Esistono varie opzioni per fissare in modo semplice e sicuro il materiale. Perci\u00f2 \u00e8 opportuno discutere approfonditamente del tema del fissaggio del carico al momento dell\u2019acquisto del veicolo. La aiuteremo volentieri a trovare la soluzione perfetta per lei.[\/vc_column_text][\/vc_column][vc_column width=&#8221;1\/2&#8243; css_animation=&#8221;fadeInRight&#8221; css=&#8221;.vc_custom_1641807900890{margin-top: 0px !important;margin-bottom: 0px !important;padding-top: 0px !important;padding-bottom: 40px !important;}&#8221; mobile_padding_bottom=&#8221;30&#8243;][vc_single_image image=&#8221;37495&#8243; img_size=&#8221;full&#8221; css=&#8221;.vc_custom_1649949061700{margin-top: 0px !important;margin-bottom: 0px !important;padding-top: 0px !important;padding-bottom: 30px !important;}&#8221;][\/vc_column][\/vc_row][vc_row full_width=&#8221;stretch_row&#8221; css=&#8221;.vc_custom_1649948822593{margin-top: 0px !important;margin-bottom: 0px !important;padding-top: 50px !important;padding-bottom: 20px !important;background-color: #f2f2f2 !important;}&#8221; mobile_padding_bottom=&#8221;0&#8243;][vc_column css=&#8221;.vc_custom_1641478835029{margin-top: 0px !important;padding-top: 0px !important;}&#8221; mobile_margin_bottom=&#8221;50&#8243;][vc_icon icon_fontawesome=&#8221;fas fa-arrow-right&#8221; color=&#8221;custom&#8221; background_style=&#8221;rounded&#8221; background_color=&#8221;custom&#8221; size=&#8221;lg&#8221; custom_color=&#8221;#c3bab9&#8243; el_class=&#8221;custom_round_icon_border_floatleft&#8221;][vc_column_text el_class=&#8221;custom_maxwidth&#8221;]<\/p>\n<h3 style=\"margin-bottom: 5px;\"><strong>ALLESTIMENTI E PRODOTTI<\/strong><\/h3>\n<p>Si informi qui in merito alle diverse opzioni. <span style=\"color: #333333;\"><a style=\"color: #333333; text-decoration: underline;\" href=\"https:\/\/waldspurger.ch\/it\/contatti\/\">Saremo lieti di consigliarla personalmente per telefono o da noi a Bergdietikon.<\/a><\/span>[\/vc_column_text][\/vc_column][\/vc_row][vc_row full_width=&#8221;stretch_row&#8221; css=&#8221;.vc_custom_1640618593317{margin-top: 0px !important;margin-bottom: 0px !important;padding-top: 0px !important;padding-bottom: 0px !important;background-color: #f2f2f2 !important;}&#8221;][vc_column width=&#8221;1\/2&#8243; css_animation=&#8221;fadeInUp&#8221; css=&#8221;.vc_custom_1640618542506{margin-top: 0px !important;margin-bottom: 0px !important;padding-top: 0px !important;padding-bottom: 50px !important;}&#8221;][vc_single_image image=&#8221;37494&#8243; img_size=&#8221;full&#8221; css=&#8221;.vc_custom_1645180853927{margin-top: 0px !important;margin-bottom: 20px !important;}&#8221;][vc_column_text css=&#8221;.vc_custom_1645180880317{margin-top: 0px !important;}&#8221;]<\/p>\n<h3><span style=\"color: #b32022;\">BINARIO FERMACARICO AIRLINE E BINARIO DI ANCORAGGIO<\/span><\/h3>\n<p>I nostri binari Airline offrono molteplici opportunit\u00e0. Pu\u00f2 incassarli nel pavimento e applicarli alle pareti laterali, alla parete divisoria o al tetto. Tutti gli accessori, come sbarre di bloccaggio, guarnizioni metalliche terminali e cinghie di ancoraggio, possono essere montati in modo personalizzato per l\u2019intera lunghezza dei binari: la flessibilit\u00e0 \u00e8 cos\u00ec garantita.[\/vc_column_text][\/vc_column][vc_column width=&#8221;1\/2&#8243; css_animation=&#8221;fadeInUp&#8221; css=&#8221;.vc_custom_1640618535069{margin-top: 0px !important;margin-bottom: 0px !important;padding-top: 0px !important;padding-bottom: 50px !important;}&#8221; effects_enabled_delay=&#8221;200&#8243;][vc_single_image image=&#8221;37493&#8243; img_size=&#8221;full&#8221; css=&#8221;.vc_custom_1645180858144{margin-top: 0px !important;margin-bottom: 20px !important;}&#8221;][vc_column_text css=&#8221;.vc_custom_1645180886519{margin-top: 0px !important;}&#8221;]<\/p>\n<h3><span style=\"color: #b32022;\">PUNTI DI ANCORAGGIO E ANELLI DI FISSAGGIO<\/span><\/h3>\n<p>Montiamo per lei gli anelli di fissaggio che mancano al suo furgone per le consegne in modo che lei possa fissare il carico in modo ottimale. \u00c8 possibile montare gli anelli di fissaggio incassati o appoggiati.[\/vc_column_text][\/vc_column][\/vc_row][vc_row full_width=&#8221;stretch_row&#8221; css=&#8221;.vc_custom_1673273498056{margin-top: 0px !important;margin-bottom: 0px !important;padding-top: 50px !important;padding-bottom: 00px !important;}&#8221;][vc_column width=&#8221;1\/2&#8243; css_animation=&#8221;fadeInUp&#8221; css=&#8221;.vc_custom_1640618559622{margin-top: 0px !important;margin-bottom: 0px !important;padding-top: 0px !important;padding-bottom: 50px !important;}&#8221;][vc_single_image image=&#8221;37492&#8243; img_size=&#8221;full&#8221; css=&#8221;.vc_custom_1649938539555{margin-top: 0px !important;margin-bottom: 20px !important;}&#8221;][vc_column_text css=&#8221;.vc_custom_1645180871083{margin-top: 0px !important;}&#8221;]<\/p>\n<h3><span style=\"color: #b32022;\">SBARRE DI BLOCCAGGIO<\/span><\/h3>\n<p>Le travi o sbarre di bloccaggio sono fissabili nei binari Airline o nei binari di ancoraggio combinati. Le sbarre di bloccaggio sono utilizzate principalmente per fissare il carico in modo tale che il materiale non possa scivolare. Le sbarre di bloccaggio telescopiche sono praticissime perch\u00e9 si possono estrarre fino alla lunghezza desiderata con pochi gesti.[\/vc_column_text][\/vc_column][vc_column width=&#8221;1\/2&#8243; css_animation=&#8221;fadeInUp&#8221; css=&#8221;.vc_custom_1640618573694{margin-top: 0px !important;margin-bottom: 0px !important;padding-top: 0px !important;padding-bottom: 50px !important;}&#8221; effects_enabled_delay=&#8221;200&#8243;][vc_single_image image=&#8221;37491&#8243; img_size=&#8221;full&#8221; css=&#8221;.vc_custom_1649938510344{margin-top: 0px !important;margin-bottom: 20px !important;}&#8221;][vc_column_text css=&#8221;.vc_custom_1645180875599{margin-top: 0px !important;}&#8221;]<\/p>\n<h3><span style=\"color: #b32022;\">NASTRO DI ANCORAGGIO E CINGHIA ELASTICA<\/span><\/h3>\n<p>Per l\u2019ancoraggio professionale durante il trasporto di grossi carichi le consigliamo di utilizzare nastri di ancoraggio e cinghie elastiche. I nastri tessuti in poliestere e con elementi in acciaio sono soggetti a dilatazioni contenute e resistono all\u2019invecchiamento. \u00c8 quindi garantita una lunga vita utile.[\/vc_column_text][\/vc_column][\/vc_row][vc_row full_width=&#8221;stretch_row&#8221; css=&#8221;.vc_custom_1673273526099{margin-top: 0px !important;margin-bottom: 0px !important;padding-top: 50px !important;padding-bottom: 50px !important;background-color: #f2f2f2 !important;}&#8221;][vc_column width=&#8221;1\/2&#8243; css_animation=&#8221;fadeInUp&#8221; css=&#8221;.vc_custom_1640618559622{margin-top: 0px !important;margin-bottom: 0px !important;padding-top: 0px !important;padding-bottom: 50px !important;}&#8221;][vc_single_image image=&#8221;75743&#8243; img_size=&#8221;full&#8221; css=&#8221;.vc_custom_1673273728890{margin-top: 0px !important;margin-bottom: 20px !important;}&#8221;][vc_column_text css=&#8221;.vc_custom_1673273572621{margin-top: 0px !important;}&#8221;]<\/p>\n<h3><span style=\"color: #b32022;\">Soluzioni speciali<\/span><\/h3>\n<p>Questo veicolo consente di trasportare dipinti o merce fragile. Abbiamo infatti allestito l\u2019interno in modo da rendere le pareti diritte e da coprire completamente i passaruota. Per proteggere ulteriormente la merce fragile trasportata, le pareti laterali dell\u2019abitacolo sono state rivestite con feltro trapuntato. Le guide di ancoraggio incassate garantiscono la flessibilit\u00e0 necessaria nel fissaggio. Saremo lieti di realizzare anche per lei un allestimento personalizzato del suo veicolo.[\/vc_column_text][\/vc_column][\/vc_row]<\/p>\n<\/div>","protected":false},"excerpt":{"rendered":"<p>[vc_section full_width=&#8221;stretch_row&#8221; full_height=&#8221;yes&#8221; content_placement=&#8221;top&#8221; css_animation=&#8221;fadeIn&#8221; css=&#8221;.vc_custom_1640619303954{margin-top: 0px !important;border-top-width: 0px !important;padding-top: 0px !important;background-image: url(https:\/\/waldspurger.ch\/wp-content\/uploads\/2021\/11\/Ladegutsicherung-Airlineschiene-Zurrschiene-For_Transit-Waldspurger_2560x1708.jpg?id=32199) !important;background-position: center !important;background-repeat: no-repeat !important;background-size: cover !important;}&#8221;&#8230;<\/p>\n","protected":false},"author":1,"featured_media":0,"parent":35203,"menu_order":0,"comment_status":"closed","ping_status":"closed","template":"","meta":{"footnotes":""},"class_list":["post-35258","page","type-page","status-publish"],"yoast_head":"<!-- This site is optimized with the Yoast SEO plugin v27.2 - https:\/\/yoast.com\/product\/yoast-seo-wordpress\/ -->\n<title>Fissaggio del carico - Waldspurger<\/title>\n<meta name=\"robots\" content=\"index, follow, max-snippet:-1, max-image-preview:large, max-video-preview:-1\" \/>\n<link rel=\"canonical\" href=\"https:\/\/waldspurger.ch\/it\/trasporto-materiale\/fissaggio-del-carico\/\" \/>\n<meta property=\"og:locale\" content=\"it_IT\" \/>\n<meta property=\"og:type\" content=\"article\" \/>\n<meta property=\"og:title\" content=\"Fissaggio del carico - Waldspurger\" \/>\n<meta property=\"og:description\" content=\"[vc_section full_width=&#8221;stretch_row&#8221; full_height=&#8221;yes&#8221; content_placement=&#8221;top&#8221; css_animation=&#8221;fadeIn&#8221; css=&#8221;.vc_custom_1640619303954{margin-top: 0px !important;border-top-width: 0px !important;padding-top: 0px !important;background-image: url(https:\/\/waldspurger.ch\/wp-content\/uploads\/2021\/11\/Ladegutsicherung-Airlineschiene-Zurrschiene-For_Transit-Waldspurger_2560x1708.jpg?id=32199) !important;background-position: center !important;background-repeat: no-repeat !important;background-size: cover !important;}&#8221;...\" \/>\n<meta property=\"og:url\" content=\"https:\/\/waldspurger.ch\/it\/trasporto-materiale\/fissaggio-del-carico\/\" \/>\n<meta property=\"og:site_name\" content=\"Waldspurger\" \/>\n<meta property=\"article:modified_time\" content=\"2023-01-09T14:15:34+00:00\" \/>\n<meta property=\"og:image\" content=\"https:\/\/waldspurger.ch\/wp-content\/uploads\/2022\/02\/logo_de.png\" \/>\n\t<meta property=\"og:image:width\" content=\"320\" \/>\n\t<meta property=\"og:image:height\" content=\"223\" \/>\n\t<meta property=\"og:image:type\" content=\"image\/png\" \/>\n<meta name=\"twitter:card\" content=\"summary_large_image\" \/>\n<script type=\"application\/ld+json\" class=\"yoast-schema-graph\">{\"@context\":\"https:\/\/schema.org\",\"@graph\":[{\"@type\":\"Article\",\"@id\":\"https:\/\/waldspurger.ch\/it\/trasporto-materiale\/fissaggio-del-carico\/#article\",\"isPartOf\":{\"@id\":\"https:\/\/waldspurger.ch\/it\/trasporto-materiale\/fissaggio-del-carico\/\"},\"author\":{\"name\":\"Adminmoritzi\",\"@id\":\"https:\/\/waldspurger.ch\/it\/#\/schema\/person\/e92a92f5b5a240afd932a5eba15ae94c\"},\"headline\":\"Fissaggio del carico\",\"datePublished\":\"2021-03-23T09:40:11+00:00\",\"dateModified\":\"2023-01-09T14:15:34+00:00\",\"mainEntityOfPage\":{\"@id\":\"https:\/\/waldspurger.ch\/it\/trasporto-materiale\/fissaggio-del-carico\/\"},\"wordCount\":1120,\"publisher\":{\"@id\":\"https:\/\/waldspurger.ch\/it\/#organization\"},\"inLanguage\":\"it-IT\"},{\"@type\":\"WebPage\",\"@id\":\"https:\/\/waldspurger.ch\/it\/trasporto-materiale\/fissaggio-del-carico\/\",\"url\":\"https:\/\/waldspurger.ch\/it\/trasporto-materiale\/fissaggio-del-carico\/\",\"name\":\"Fissaggio del carico - Waldspurger\",\"isPartOf\":{\"@id\":\"https:\/\/waldspurger.ch\/it\/#website\"},\"datePublished\":\"2021-03-23T09:40:11+00:00\",\"dateModified\":\"2023-01-09T14:15:34+00:00\",\"breadcrumb\":{\"@id\":\"https:\/\/waldspurger.ch\/it\/trasporto-materiale\/fissaggio-del-carico\/#breadcrumb\"},\"inLanguage\":\"it-IT\",\"potentialAction\":[{\"@type\":\"ReadAction\",\"target\":[\"https:\/\/waldspurger.ch\/it\/trasporto-materiale\/fissaggio-del-carico\/\"]}]},{\"@type\":\"BreadcrumbList\",\"@id\":\"https:\/\/waldspurger.ch\/it\/trasporto-materiale\/fissaggio-del-carico\/#breadcrumb\",\"itemListElement\":[{\"@type\":\"ListItem\",\"position\":1,\"name\":\"Startseite\",\"item\":\"https:\/\/waldspurger.ch\/it\/\"},{\"@type\":\"ListItem\",\"position\":2,\"name\":\"Trasporto Materiale\",\"item\":\"https:\/\/waldspurger.ch\/it\/trasporto-materiale\/\"},{\"@type\":\"ListItem\",\"position\":3,\"name\":\"Fissaggio del carico\"}]},{\"@type\":\"WebSite\",\"@id\":\"https:\/\/waldspurger.ch\/it\/#website\",\"url\":\"https:\/\/waldspurger.ch\/it\/\",\"name\":\"Waldspurger\",\"description\":\"Allestimento di veicoli\",\"publisher\":{\"@id\":\"https:\/\/waldspurger.ch\/it\/#organization\"},\"potentialAction\":[{\"@type\":\"SearchAction\",\"target\":{\"@type\":\"EntryPoint\",\"urlTemplate\":\"https:\/\/waldspurger.ch\/it\/?s={search_term_string}\"},\"query-input\":{\"@type\":\"PropertyValueSpecification\",\"valueRequired\":true,\"valueName\":\"search_term_string\"}}],\"inLanguage\":\"it-IT\"},{\"@type\":\"Organization\",\"@id\":\"https:\/\/waldspurger.ch\/it\/#organization\",\"name\":\"Waldspurger AG\",\"url\":\"https:\/\/waldspurger.ch\/it\/\",\"logo\":{\"@type\":\"ImageObject\",\"inLanguage\":\"it-IT\",\"@id\":\"https:\/\/waldspurger.ch\/it\/#\/schema\/logo\/image\/\",\"url\":\"https:\/\/waldspurger.ch\/wp-content\/uploads\/2022\/02\/logo_de.png\",\"contentUrl\":\"https:\/\/waldspurger.ch\/wp-content\/uploads\/2022\/02\/logo_de.png\",\"width\":320,\"height\":223,\"caption\":\"Waldspurger AG\"},\"image\":{\"@id\":\"https:\/\/waldspurger.ch\/it\/#\/schema\/logo\/image\/\"},\"sameAs\":[\"https:\/\/ch.linkedin.com\/company\/waldspurger-bergdietikon\",\"https:\/\/www.youtube.com\/channel\/UC4BYucVfPuWzNF4hyfO3YTw\"]},{\"@type\":\"Person\",\"@id\":\"https:\/\/waldspurger.ch\/it\/#\/schema\/person\/e92a92f5b5a240afd932a5eba15ae94c\",\"name\":\"Adminmoritzi\",\"image\":{\"@type\":\"ImageObject\",\"inLanguage\":\"it-IT\",\"@id\":\"https:\/\/secure.gravatar.com\/avatar\/4f43fbec0cc1848d75d18da5595fa2e9d12bc02d9d761756323c70efe587d61a?s=96&d=mm&r=g\",\"url\":\"https:\/\/secure.gravatar.com\/avatar\/4f43fbec0cc1848d75d18da5595fa2e9d12bc02d9d761756323c70efe587d61a?s=96&d=mm&r=g\",\"contentUrl\":\"https:\/\/secure.gravatar.com\/avatar\/4f43fbec0cc1848d75d18da5595fa2e9d12bc02d9d761756323c70efe587d61a?s=96&d=mm&r=g\",\"caption\":\"Adminmoritzi\"}}]}<\/script>\n<!-- \/ Yoast SEO plugin. -->","yoast_head_json":{"title":"Fissaggio del carico - Waldspurger","robots":{"index":"index","follow":"follow","max-snippet":"max-snippet:-1","max-image-preview":"max-image-preview:large","max-video-preview":"max-video-preview:-1"},"canonical":"https:\/\/waldspurger.ch\/it\/trasporto-materiale\/fissaggio-del-carico\/","og_locale":"it_IT","og_type":"article","og_title":"Fissaggio del carico - Waldspurger","og_description":"[vc_section full_width=&#8221;stretch_row&#8221; full_height=&#8221;yes&#8221; content_placement=&#8221;top&#8221; css_animation=&#8221;fadeIn&#8221; css=&#8221;.vc_custom_1640619303954{margin-top: 0px !important;border-top-width: 0px !important;padding-top: 0px !important;background-image: url(https:\/\/waldspurger.ch\/wp-content\/uploads\/2021\/11\/Ladegutsicherung-Airlineschiene-Zurrschiene-For_Transit-Waldspurger_2560x1708.jpg?id=32199) !important;background-position: center !important;background-repeat: no-repeat !important;background-size: cover !important;}&#8221;...","og_url":"https:\/\/waldspurger.ch\/it\/trasporto-materiale\/fissaggio-del-carico\/","og_site_name":"Waldspurger","article_modified_time":"2023-01-09T14:15:34+00:00","og_image":[{"width":320,"height":223,"url":"https:\/\/waldspurger.ch\/wp-content\/uploads\/2022\/02\/logo_de.png","type":"image\/png"}],"twitter_card":"summary_large_image","schema":{"@context":"https:\/\/schema.org","@graph":[{"@type":"Article","@id":"https:\/\/waldspurger.ch\/it\/trasporto-materiale\/fissaggio-del-carico\/#article","isPartOf":{"@id":"https:\/\/waldspurger.ch\/it\/trasporto-materiale\/fissaggio-del-carico\/"},"author":{"name":"Adminmoritzi","@id":"https:\/\/waldspurger.ch\/it\/#\/schema\/person\/e92a92f5b5a240afd932a5eba15ae94c"},"headline":"Fissaggio del carico","datePublished":"2021-03-23T09:40:11+00:00","dateModified":"2023-01-09T14:15:34+00:00","mainEntityOfPage":{"@id":"https:\/\/waldspurger.ch\/it\/trasporto-materiale\/fissaggio-del-carico\/"},"wordCount":1120,"publisher":{"@id":"https:\/\/waldspurger.ch\/it\/#organization"},"inLanguage":"it-IT"},{"@type":"WebPage","@id":"https:\/\/waldspurger.ch\/it\/trasporto-materiale\/fissaggio-del-carico\/","url":"https:\/\/waldspurger.ch\/it\/trasporto-materiale\/fissaggio-del-carico\/","name":"Fissaggio del carico - Waldspurger","isPartOf":{"@id":"https:\/\/waldspurger.ch\/it\/#website"},"datePublished":"2021-03-23T09:40:11+00:00","dateModified":"2023-01-09T14:15:34+00:00","breadcrumb":{"@id":"https:\/\/waldspurger.ch\/it\/trasporto-materiale\/fissaggio-del-carico\/#breadcrumb"},"inLanguage":"it-IT","potentialAction":[{"@type":"ReadAction","target":["https:\/\/waldspurger.ch\/it\/trasporto-materiale\/fissaggio-del-carico\/"]}]},{"@type":"BreadcrumbList","@id":"https:\/\/waldspurger.ch\/it\/trasporto-materiale\/fissaggio-del-carico\/#breadcrumb","itemListElement":[{"@type":"ListItem","position":1,"name":"Startseite","item":"https:\/\/waldspurger.ch\/it\/"},{"@type":"ListItem","position":2,"name":"Trasporto Materiale","item":"https:\/\/waldspurger.ch\/it\/trasporto-materiale\/"},{"@type":"ListItem","position":3,"name":"Fissaggio del carico"}]},{"@type":"WebSite","@id":"https:\/\/waldspurger.ch\/it\/#website","url":"https:\/\/waldspurger.ch\/it\/","name":"Waldspurger","description":"Allestimento di veicoli","publisher":{"@id":"https:\/\/waldspurger.ch\/it\/#organization"},"potentialAction":[{"@type":"SearchAction","target":{"@type":"EntryPoint","urlTemplate":"https:\/\/waldspurger.ch\/it\/?s={search_term_string}"},"query-input":{"@type":"PropertyValueSpecification","valueRequired":true,"valueName":"search_term_string"}}],"inLanguage":"it-IT"},{"@type":"Organization","@id":"https:\/\/waldspurger.ch\/it\/#organization","name":"Waldspurger AG","url":"https:\/\/waldspurger.ch\/it\/","logo":{"@type":"ImageObject","inLanguage":"it-IT","@id":"https:\/\/waldspurger.ch\/it\/#\/schema\/logo\/image\/","url":"https:\/\/waldspurger.ch\/wp-content\/uploads\/2022\/02\/logo_de.png","contentUrl":"https:\/\/waldspurger.ch\/wp-content\/uploads\/2022\/02\/logo_de.png","width":320,"height":223,"caption":"Waldspurger AG"},"image":{"@id":"https:\/\/waldspurger.ch\/it\/#\/schema\/logo\/image\/"},"sameAs":["https:\/\/ch.linkedin.com\/company\/waldspurger-bergdietikon","https:\/\/www.youtube.com\/channel\/UC4BYucVfPuWzNF4hyfO3YTw"]},{"@type":"Person","@id":"https:\/\/waldspurger.ch\/it\/#\/schema\/person\/e92a92f5b5a240afd932a5eba15ae94c","name":"Adminmoritzi","image":{"@type":"ImageObject","inLanguage":"it-IT","@id":"https:\/\/secure.gravatar.com\/avatar\/4f43fbec0cc1848d75d18da5595fa2e9d12bc02d9d761756323c70efe587d61a?s=96&d=mm&r=g","url":"https:\/\/secure.gravatar.com\/avatar\/4f43fbec0cc1848d75d18da5595fa2e9d12bc02d9d761756323c70efe587d61a?s=96&d=mm&r=g","contentUrl":"https:\/\/secure.gravatar.com\/avatar\/4f43fbec0cc1848d75d18da5595fa2e9d12bc02d9d761756323c70efe587d61a?s=96&d=mm&r=g","caption":"Adminmoritzi"}}]}},"_links":{"self":[{"href":"https:\/\/waldspurger.ch\/it\/wp-json\/wp\/v2\/pages\/35258","targetHints":{"allow":["GET"]}}],"collection":[{"href":"https:\/\/waldspurger.ch\/it\/wp-json\/wp\/v2\/pages"}],"about":[{"href":"https:\/\/waldspurger.ch\/it\/wp-json\/wp\/v2\/types\/page"}],"author":[{"embeddable":true,"href":"https:\/\/waldspurger.ch\/it\/wp-json\/wp\/v2\/users\/1"}],"replies":[{"embeddable":true,"href":"https:\/\/waldspurger.ch\/it\/wp-json\/wp\/v2\/comments?post=35258"}],"version-history":[{"count":0,"href":"https:\/\/waldspurger.ch\/it\/wp-json\/wp\/v2\/pages\/35258\/revisions"}],"up":[{"embeddable":true,"href":"https:\/\/waldspurger.ch\/it\/wp-json\/wp\/v2\/pages\/35203"}],"wp:attachment":[{"href":"https:\/\/waldspurger.ch\/it\/wp-json\/wp\/v2\/media?parent=35258"}],"curies":[{"name":"wp","href":"https:\/\/api.w.org\/{rel}","templated":true}]}}