{"id":35254,"date":"2021-04-06T13:06:59","date_gmt":"2021-04-06T11:06:59","guid":{"rendered":"https:\/\/waldspurger.getads.ch\/trasporto-di-materiale\/rivestimento\/"},"modified":"2022-04-14T14:20:46","modified_gmt":"2022-04-14T12:20:46","slug":"rivestimento","status":"publish","type":"page","link":"https:\/\/waldspurger.ch\/it\/trasporto-materiale\/rivestimento\/","title":{"rendered":"Rivestimento"},"content":{"rendered":"<div class=\"wpb-content-wrapper\"><p>[vc_section full_width=&#8221;stretch_row&#8221; full_height=&#8221;yes&#8221; content_placement=&#8221;top&#8221; css_animation=&#8221;fadeIn&#8221; css=&#8221;.vc_custom_1640619579164{margin-top: 0px !important;border-top-width: 0px !important;padding-top: 0px !important;background-image: url(https:\/\/waldspurger.ch\/wp-content\/uploads\/2021\/11\/Ladeflaech-Verkleiden-Aluminiumverkleidung-VW_Amarok-Waldspurger_2560x1708.jpg?id=32211) !important;background-position: center !important;background-repeat: no-repeat !important;background-size: cover !important;}&#8221; el_class=&#8221;custom-fullheight-section&#8221;][vc_row full_height=&#8221;yes&#8221; content_placement=&#8221;top&#8221; css_animation=&#8221;fadeIn&#8221; el_class=&#8221;stretch-fullheight-innerrow&#8221; effects_enabled_delay=&#8221;500&#8243;][vc_column width=&#8221;1\/4&#8243; css=&#8221;.vc_custom_1582122319023{background-color: rgba(179,32,34,0.58) !important;background-position: center !important;background-repeat: no-repeat !important;background-size: cover !important;*background-color: rgb(179,32,34) !important;}&#8221; el_class=&#8221;.stretch-fullheight-innerrow-column main-visual-column&#8221;][vc_column_text]<\/p>\n<h3 style=\"text-align: center;\"><span style=\"color: #ffffff;\">RIVESTIMENTO<\/span><\/h3>\n<p style=\"text-align: center;padding-bottom:35px;\"><span style=\"color: #ffffff;\">I rivestimenti servono a proteggere il veicolo e ne prolungano la vita utile. Puntiamo su materiali di qualit\u00e0 che garantiscono la necessaria resilienza.<\/span><\/p>\n<p>[\/vc_column_text][\/vc_column][vc_column width=&#8221;1\/4&#8243;][\/vc_column][vc_column width=&#8221;1\/4&#8243;][\/vc_column][vc_column width=&#8221;1\/4&#8243;][\/vc_column][\/vc_row][\/vc_section][vc_row css=&#8221;.vc_custom_1640615886992{margin-top: 70px !important;margin-bottom: 0px !important;padding-top: 0px !important;padding-bottom: 0px !important;}&#8221;][vc_column width=&#8221;1\/2&#8243; css_animation=&#8221;fadeInLeft&#8221; css=&#8221;.vc_custom_1641545715753{margin-top: 0px !important;margin-bottom: 0px !important;padding-top: 0px !important;padding-bottom: 0px !important;}&#8221; mobile_margin_bottom=&#8221;20&#8243;][vc_column_text css=&#8221;.vc_custom_1640618732472{margin-top: 0px !important;margin-bottom: 20px !important;padding-top: 0px !important;padding-bottom: 0px !important;}&#8221;]<\/p>\n<h2><strong>RIVESTIMENTO<\/strong><\/h2>\n<h3>OFFRIAMO LA PROTEZIONE OTTIMALE<\/h3>\n<p>Con un furgone per il trasporto merci, il rivestimento del vano di carico svolge un ruolo fondamentale. Esso protegge il veicolo da colpi, graffi e sostanze chimiche dannose, conservandone il valore nel tempo. A prescindere da ci\u00f2 che trasporta, le offriamo la soluzione giusta per ogni ambito d\u2019uso. Garantiamo un\u2019altissima qualit\u00e0 perch\u00e9 utilizziamo materiali pregiati senza eccezione.[\/vc_column_text][\/vc_column][vc_column width=&#8221;1\/2&#8243; css_animation=&#8221;fadeInRight&#8221;][vc_single_image image=&#8221;37501&#8243; img_size=&#8221;full&#8221; css=&#8221;.vc_custom_1640618720053{margin-top: 0px !important;margin-bottom: 0px !important;padding-top: 0px !important;padding-bottom: 60px !important;}&#8221;][\/vc_column][\/vc_row][vc_row full_width=&#8221;stretch_row&#8221; css=&#8221;.vc_custom_1641478820842{margin-top: 0px !important;margin-bottom: 0px !important;padding-top: 50px !important;padding-bottom: 20px !important;background-color: #f2f2f2 !important;}&#8221; mobile_padding_bottom=&#8221;0&#8243; mobile_margin_bottom=&#8221;0&#8243;][vc_column css_animation=&#8221;fadeInUp&#8221; css=&#8221;.vc_custom_1641478813192{margin-top: 0px !important;padding-top: 0px !important;}&#8221; mobile_margin_bottom=&#8221;50&#8243;][vc_icon icon_fontawesome=&#8221;fas fa-arrow-right&#8221; color=&#8221;custom&#8221; background_style=&#8221;rounded&#8221; background_color=&#8221;custom&#8221; size=&#8221;lg&#8221; custom_color=&#8221;#c3bab9&#8243; el_class=&#8221;custom_round_icon_border_floatleft&#8221;][vc_column_text el_class=&#8221;custom_maxwidth&#8221;]<\/p>\n<h3 style=\"margin-bottom: 5px;\"><strong>ALLESTIMENTI E PRODOTTI<\/strong><\/h3>\n<p>Si informi qui in merito alle diverse opzioni. <span style=\"color: #333333;\"><a style=\"color: #333333; text-decoration: underline;\" href=\"https:\/\/waldspurger.ch\/it\/contatti\/\">Saremo lieti di consigliarla personalmente per telefono o da noi a Bergdietikon.<\/a><\/span>[\/vc_column_text][\/vc_column][\/vc_row][vc_row full_width=&#8221;stretch_row&#8221; css=&#8221;.vc_custom_1640618846523{margin-top: 0px !important;margin-bottom: 0px !important;padding-top: 0px !important;padding-bottom: 0px !important;background-color: #f2f2f2 !important;}&#8221;][vc_column width=&#8221;1\/2&#8243; css_animation=&#8221;fadeInUp&#8221; css=&#8221;.vc_custom_1640619214920{margin-top: 0px !important;margin-bottom: 0px !important;padding-top: 0px !important;padding-bottom: 50px !important;}&#8221;][vc_single_image image=&#8221;37504&#8243; img_size=&#8221;full&#8221; css=&#8221;.vc_custom_1645180949171{margin-top: 0px !important;margin-bottom: 20px !important;}&#8221;][vc_column_text css=&#8221;.vc_custom_1645180921080{margin-top: 0px !important;}&#8221;]<\/p>\n<h3><span style=\"color: #b32022;\">RIVESTIMENTO DEL VANO DI CARICO<\/span><\/h3>\n<p>Il cassone di carico del suo pickup \u00e8 esposto al vento e agli agenti atmosferici. Per proteggerlo, lo rivestiamo con una lamiera di semplice alluminio o con una di alluminio striato resistente alle intemperie. Tale materiale protegge efficacemente il cassone di carico per anni. Il rivestimento viene adattato ai contorni del veicolo, proteggendo cos\u00ec dai danni anche i passaruota e il mancorrente. Su richiesta \u00e8 possibile montare sul suo cassone di carico anche binari di ancoraggio o altri accessori.[\/vc_column_text][\/vc_column][vc_column width=&#8221;1\/2&#8243; css_animation=&#8221;fadeInUp&#8221; css=&#8221;.vc_custom_1640618922556{margin-top: 0px !important;margin-bottom: 0px !important;padding-top: 0px !important;padding-bottom: 50px !important;}&#8221; effects_enabled_delay=&#8221;200&#8243;][vc_single_image image=&#8221;37503&#8243; img_size=&#8221;full&#8221; css=&#8221;.vc_custom_1645180954457{margin-top: 0px !important;margin-bottom: 20px !important;}&#8221;][vc_column_text css=&#8221;.vc_custom_1645180935044{margin-top: 0px !important;}&#8221;]<\/p>\n<h3><span style=\"color: #b32022;\">RIVESTIMENTO DEL CASSONE<\/span><\/h3>\n<p>Nei veicoli con cassone gi\u00e0 presente, su richiesta ne rivestiamo il pavimento con una lamiera striata particolarmente resistente. Questo prolunga esponenzialmente la durata utile del cassone e protegge il pavimento originale in legno dai danni e dalle intemperie. Tutti gli anelli di fissaggio sono liberamente accessibili dopo il riequipaggiamento.[\/vc_column_text][\/vc_column][\/vc_row][vc_row css=&#8221;.vc_custom_1640618967621{margin-top: 0px !important;margin-bottom: 0px !important;padding-top: 50px !important;padding-bottom: 0px !important;}&#8221;][vc_column width=&#8221;1\/2&#8243; css_animation=&#8221;fadeInUp&#8221; css=&#8221;.vc_custom_1640618985434{margin-top: 0px !important;margin-bottom: 0px !important;padding-top: 0px !important;padding-bottom: 50px !important;}&#8221;][vc_single_image image=&#8221;37502&#8243; img_size=&#8221;full&#8221; css=&#8221;.vc_custom_1645180944918{margin-top: 0px !important;margin-bottom: 20px !important;}&#8221;][vc_column_text css=&#8221;.vc_custom_1645180925837{margin-top: 0px !important;}&#8221;]<\/p>\n<h3><span style=\"color: #b32022;\">RIVESTIMENTO DEL PIANALE<\/span><\/h3>\n<p>Offriamo piastre di qualit\u00e0 svizzera per il pianale del suo veicolo. Tutti i nostri rivestimenti del pianale vengono creati su misura per il suo veicolo e montati fissi nel vano di carico. Essi vengono impermeabilizzati di norma a 360\u00b0, offrendo cos\u00ec una protezione duratura dell\u2019abitacolo. I gradini d\u2019accesso all\u2019area della portiera scorrevole possono essere ritagliati o coperti a seconda delle esigenze.[\/vc_column_text][vc_btn title=&#8221;Per saperne di pi\u00f9&#8221; style=&#8221;outline&#8221; el_class=&#8221;custom_button_black&#8221; link=&#8221;url:https%3A%2F%2Fwaldspurger.ch%2Fit%2Ftrasporto-di-materiale%2Frivestimento%2Frivestimento-del-pianale%2F|title:Rivestimento%20del%20pianale|&#8221; css=&#8221;.vc_custom_1640618418003{margin-bottom: 0px !important;padding-bottom: 0px !important;}&#8221;][\/vc_column][vc_column width=&#8221;1\/2&#8243; css_animation=&#8221;fadeInUp&#8221; effects_enabled_delay=&#8221;200&#8243; css=&#8221;.vc_custom_1640619008164{margin-top: 0px !important;margin-bottom: 0px !important;padding-top: 0px !important;padding-bottom: 50px !important;}&#8221;][vc_single_image image=&#8221;37501&#8243; img_size=&#8221;full&#8221; css=&#8221;.vc_custom_1645180940481{margin-top: 0px !important;margin-bottom: 20px !important;}&#8221;][vc_column_text css=&#8221;.vc_custom_1645180930474{margin-top: 0px !important;margin-bottom: 20px !important;}&#8221;]<\/p>\n<h3><span style=\"color: #b32022;\">RIVESTIMENTO DELLE PARETI LATERALI<\/span><\/h3>\n<p>Tutti i nostri rivestimenti delle pareti laterali sono creati su misura per il suo veicolo e sono applicati fissi alle pareti. Pu\u00f2 scegliere tra rivestimenti a mezza altezza che coprono l\u2019area dal pianale allo spigolo inferiore dei finestrini e rivestimenti che coprono l\u2019area che va dal pianale al telaio del tetto.[\/vc_column_text][vc_btn title=&#8221;Per saperne di pi\u00f9&#8221; style=&#8221;outline&#8221; el_class=&#8221;custom_button_black&#8221; link=&#8221;url:https%3A%2F%2Fwaldspurger.ch%2Fit%2Ftrasporto-di-materiale%2Frivestimento%2Frivestimento-delle-pareti-laterali%2F|title:Rivestimento%20delle%20pareti%20laterali|&#8221; css=&#8221;.vc_custom_1640618427123{margin-bottom: 0px !important;padding-bottom: 0px !important;}&#8221;][\/vc_column][\/vc_row][vc_row full_width=&#8221;stretch_row&#8221; css=&#8221;.vc_custom_1640619024145{margin-top: 0px !important;margin-bottom: 0px !important;padding-top: 50px !important;padding-bottom: 0px !important;background-color: #f2f2f2 !important;}&#8221;][vc_column width=&#8221;1\/2&#8243; css_animation=&#8221;fadeInUp&#8221; css=&#8221;.vc_custom_1640619039876{margin-top: 0px !important;margin-bottom: 0px !important;padding-top: 0px !important;padding-bottom: 50px !important;}&#8221;][vc_single_image image=&#8221;37500&#8243; img_size=&#8221;full&#8221; css=&#8221;.vc_custom_1645180960994{margin-top: 0px !important;margin-bottom: 20px !important;}&#8221;][vc_column_text css=&#8221;.vc_custom_1645180981867{margin-top: 0px !important;margin-bottom: 20px !important;}&#8221;]<\/p>\n<h3><span style=\"color: #b32022;\">RIVESTIMENTO DEL PASSARUOTA<\/span><\/h3>\n<p>I passaruota spesso vengono dimenticati durante l\u2019allestimento del veicolo. Se l\u2019equipaggiamento del veicolo \u00e8 costituito soltanto da un pannello di fondo e dal rivestimento delle pareti, il passaruota resta scoperto, aumentando il rischio di danni dovuti a colpi o a usura. Con il nostro rivestimento offriamo una protezione ottimale e ulteriore spazio di carico. Il nostro rivestimento del passaruota \u00e8 disponibile come cassa chiusa, con una vasca o persino con una vasca chiudibile. Il rivestimento pu\u00f2 essere costituito da legno, da alluminio o da una lamiera striata d\u2019alluminio, a scelta.[\/vc_column_text][\/vc_column][vc_column width=&#8221;1\/2&#8243; css_animation=&#8221;fadeInUp&#8221; css=&#8221;.vc_custom_1640619054123{margin-top: 0px !important;margin-bottom: 0px !important;padding-top: 0px !important;padding-bottom: 50px !important;}&#8221; effects_enabled_delay=&#8221;200&#8243;][vc_single_image image=&#8221;37499&#8243; img_size=&#8221;full&#8221; css=&#8221;.vc_custom_1645180966395{margin-top: 0px !important;margin-bottom: 20px !important;}&#8221;][vc_column_text css=&#8221;.vc_custom_1645180986669{margin-top: 0px !important;margin-bottom: 20px !important;}&#8221;]<\/p>\n<h3><span style=\"color: #b32022;\">RINFORZO DELLA PARETE DIVISORIA<\/span><\/h3>\n<p>Durante il trasporto, il materiale viene spesso appoggiato alla parete divisoria, in modo che non si sposti durante la marcia. Il rinforzo della parete divisoria protegge la parete originaria. Il rinforzo \u00e8 realizzato in legno o in lamiera d\u2019alluminio liscia o scanalata, a scelta. Nell\u2019area degli anelli di fissaggio vengono praticate fessure per poter continuare a utilizzare tali punti di fissaggio.[\/vc_column_text][\/vc_column][\/vc_row][vc_row css=&#8221;.vc_custom_1642162011779{margin-top: 0px !important;margin-bottom: 0px !important;padding-top: 50px !important;padding-bottom: 50px !important;}&#8221;][vc_column width=&#8221;1\/2&#8243; css_animation=&#8221;fadeInUp&#8221; css=&#8221;.vc_custom_1640619129929{margin-top: 0px !important;margin-bottom: 0px !important;padding-top: 0px !important;padding-bottom: 50px !important;}&#8221;][vc_single_image image=&#8221;37498&#8243; img_size=&#8221;full&#8221; css=&#8221;.vc_custom_1645180971431{margin-top: 0px !important;margin-bottom: 20px !important;}&#8221;][vc_column_text css=&#8221;.vc_custom_1645181013477{margin-top: 0px !important;}&#8221;]<\/p>\n<h3><span style=\"color: #b32022;\">TRAVERSA PARAURTI RINFORZATA<\/span><\/h3>\n<p>La traversa paraurti di un furgone per il trasporto merci \u00e8 esposta a forti sollecitazioni nella quotidianit\u00e0 lavorativa. La continua salita e discesa dal veicolo, il caricamento dei materiali provocano danni e non \u00e8 possibile escludere che subisca anche danni da parcheggio. La nostra traversa paraurti rinforzata \u00e8 costituita da una robusta lamiera striata d\u2019alluminio di 2 o 4 mm di spessore che resiste alle forti sollecitazioni.[\/vc_column_text][\/vc_column][vc_column width=&#8221;1\/2&#8243; css_animation=&#8221;fadeInUp&#8221; css=&#8221;.vc_custom_1640619143727{margin-top: 0px !important;margin-bottom: 0px !important;padding-top: 0px !important;padding-bottom: 50px !important;}&#8221; effects_enabled_delay=&#8221;200&#8243;][vc_single_image image=&#8221;37497&#8243; img_size=&#8221;full&#8221; css=&#8221;.vc_custom_1649938838260{margin-top: 0px !important;margin-bottom: 20px !important;}&#8221;][vc_column_text css=&#8221;.vc_custom_1645180998272{margin-top: 0px !important;}&#8221;]<\/p>\n<h3><span style=\"color: #b32022;\">PROTEZIONE PARAINCASTRO<\/span><\/h3>\n<p>La protezione paraincastro \u00e8 montata sulla soglia d\u2019ingresso della portiera scorrevole. Protegge il veicolo dall\u2019usura e dai danni subiti durante le operazioni di caricamento e di scaricamento con un carrello elevatore nell\u2019area della portiera scorrevole.[\/vc_column_text][\/vc_column][\/vc_row]<\/p>\n<\/div>","protected":false},"excerpt":{"rendered":"<p>[vc_section full_width=&#8221;stretch_row&#8221; full_height=&#8221;yes&#8221; content_placement=&#8221;top&#8221; css_animation=&#8221;fadeIn&#8221; css=&#8221;.vc_custom_1640619579164{margin-top: 0px !important;border-top-width: 0px !important;padding-top: 0px !important;background-image: url(https:\/\/waldspurger.ch\/wp-content\/uploads\/2021\/11\/Ladeflaech-Verkleiden-Aluminiumverkleidung-VW_Amarok-Waldspurger_2560x1708.jpg?id=32211) !important;background-position: center !important;background-repeat: no-repeat !important;background-size: cover !important;}&#8221;&#8230;<\/p>\n","protected":false},"author":1,"featured_media":0,"parent":35203,"menu_order":0,"comment_status":"closed","ping_status":"closed","template":"","meta":{"footnotes":""},"class_list":["post-35254","page","type-page","status-publish"],"yoast_head":"<!-- This site is optimized with the Yoast SEO plugin v27.2 - https:\/\/yoast.com\/product\/yoast-seo-wordpress\/ -->\n<title>Rivestimento - Waldspurger<\/title>\n<meta name=\"robots\" content=\"index, follow, max-snippet:-1, max-image-preview:large, max-video-preview:-1\" \/>\n<link rel=\"canonical\" href=\"https:\/\/waldspurger.ch\/it\/trasporto-materiale\/rivestimento\/\" \/>\n<meta property=\"og:locale\" content=\"it_IT\" \/>\n<meta property=\"og:type\" content=\"article\" \/>\n<meta property=\"og:title\" content=\"Rivestimento - Waldspurger\" \/>\n<meta property=\"og:description\" content=\"[vc_section full_width=&#8221;stretch_row&#8221; full_height=&#8221;yes&#8221; content_placement=&#8221;top&#8221; css_animation=&#8221;fadeIn&#8221; css=&#8221;.vc_custom_1640619579164{margin-top: 0px !important;border-top-width: 0px !important;padding-top: 0px !important;background-image: url(https:\/\/waldspurger.ch\/wp-content\/uploads\/2021\/11\/Ladeflaech-Verkleiden-Aluminiumverkleidung-VW_Amarok-Waldspurger_2560x1708.jpg?id=32211) !important;background-position: center !important;background-repeat: no-repeat !important;background-size: cover !important;}&#8221;...\" \/>\n<meta property=\"og:url\" content=\"https:\/\/waldspurger.ch\/it\/trasporto-materiale\/rivestimento\/\" \/>\n<meta property=\"og:site_name\" content=\"Waldspurger\" \/>\n<meta property=\"article:modified_time\" content=\"2022-04-14T12:20:46+00:00\" \/>\n<meta property=\"og:image\" content=\"https:\/\/waldspurger.ch\/wp-content\/uploads\/2022\/02\/logo_de.png\" \/>\n\t<meta property=\"og:image:width\" content=\"320\" \/>\n\t<meta property=\"og:image:height\" content=\"223\" \/>\n\t<meta property=\"og:image:type\" content=\"image\/png\" \/>\n<meta name=\"twitter:card\" content=\"summary_large_image\" \/>\n<script type=\"application\/ld+json\" class=\"yoast-schema-graph\">{\"@context\":\"https:\/\/schema.org\",\"@graph\":[{\"@type\":\"Article\",\"@id\":\"https:\/\/waldspurger.ch\/it\/trasporto-materiale\/rivestimento\/#article\",\"isPartOf\":{\"@id\":\"https:\/\/waldspurger.ch\/it\/trasporto-materiale\/rivestimento\/\"},\"author\":{\"name\":\"Adminmoritzi\",\"@id\":\"https:\/\/waldspurger.ch\/it\/#\/schema\/person\/e92a92f5b5a240afd932a5eba15ae94c\"},\"headline\":\"Rivestimento\",\"datePublished\":\"2021-04-06T11:06:59+00:00\",\"dateModified\":\"2022-04-14T12:20:46+00:00\",\"mainEntityOfPage\":{\"@id\":\"https:\/\/waldspurger.ch\/it\/trasporto-materiale\/rivestimento\/\"},\"wordCount\":1543,\"publisher\":{\"@id\":\"https:\/\/waldspurger.ch\/it\/#organization\"},\"inLanguage\":\"it-IT\"},{\"@type\":\"WebPage\",\"@id\":\"https:\/\/waldspurger.ch\/it\/trasporto-materiale\/rivestimento\/\",\"url\":\"https:\/\/waldspurger.ch\/it\/trasporto-materiale\/rivestimento\/\",\"name\":\"Rivestimento - Waldspurger\",\"isPartOf\":{\"@id\":\"https:\/\/waldspurger.ch\/it\/#website\"},\"datePublished\":\"2021-04-06T11:06:59+00:00\",\"dateModified\":\"2022-04-14T12:20:46+00:00\",\"breadcrumb\":{\"@id\":\"https:\/\/waldspurger.ch\/it\/trasporto-materiale\/rivestimento\/#breadcrumb\"},\"inLanguage\":\"it-IT\",\"potentialAction\":[{\"@type\":\"ReadAction\",\"target\":[\"https:\/\/waldspurger.ch\/it\/trasporto-materiale\/rivestimento\/\"]}]},{\"@type\":\"BreadcrumbList\",\"@id\":\"https:\/\/waldspurger.ch\/it\/trasporto-materiale\/rivestimento\/#breadcrumb\",\"itemListElement\":[{\"@type\":\"ListItem\",\"position\":1,\"name\":\"Startseite\",\"item\":\"https:\/\/waldspurger.ch\/it\/\"},{\"@type\":\"ListItem\",\"position\":2,\"name\":\"Trasporto Materiale\",\"item\":\"https:\/\/waldspurger.ch\/it\/trasporto-materiale\/\"},{\"@type\":\"ListItem\",\"position\":3,\"name\":\"Rivestimento\"}]},{\"@type\":\"WebSite\",\"@id\":\"https:\/\/waldspurger.ch\/it\/#website\",\"url\":\"https:\/\/waldspurger.ch\/it\/\",\"name\":\"Waldspurger\",\"description\":\"Allestimento di veicoli\",\"publisher\":{\"@id\":\"https:\/\/waldspurger.ch\/it\/#organization\"},\"potentialAction\":[{\"@type\":\"SearchAction\",\"target\":{\"@type\":\"EntryPoint\",\"urlTemplate\":\"https:\/\/waldspurger.ch\/it\/?s={search_term_string}\"},\"query-input\":{\"@type\":\"PropertyValueSpecification\",\"valueRequired\":true,\"valueName\":\"search_term_string\"}}],\"inLanguage\":\"it-IT\"},{\"@type\":\"Organization\",\"@id\":\"https:\/\/waldspurger.ch\/it\/#organization\",\"name\":\"Waldspurger AG\",\"url\":\"https:\/\/waldspurger.ch\/it\/\",\"logo\":{\"@type\":\"ImageObject\",\"inLanguage\":\"it-IT\",\"@id\":\"https:\/\/waldspurger.ch\/it\/#\/schema\/logo\/image\/\",\"url\":\"https:\/\/waldspurger.ch\/wp-content\/uploads\/2022\/02\/logo_de.png\",\"contentUrl\":\"https:\/\/waldspurger.ch\/wp-content\/uploads\/2022\/02\/logo_de.png\",\"width\":320,\"height\":223,\"caption\":\"Waldspurger AG\"},\"image\":{\"@id\":\"https:\/\/waldspurger.ch\/it\/#\/schema\/logo\/image\/\"},\"sameAs\":[\"https:\/\/ch.linkedin.com\/company\/waldspurger-bergdietikon\",\"https:\/\/www.youtube.com\/channel\/UC4BYucVfPuWzNF4hyfO3YTw\"]},{\"@type\":\"Person\",\"@id\":\"https:\/\/waldspurger.ch\/it\/#\/schema\/person\/e92a92f5b5a240afd932a5eba15ae94c\",\"name\":\"Adminmoritzi\",\"image\":{\"@type\":\"ImageObject\",\"inLanguage\":\"it-IT\",\"@id\":\"https:\/\/secure.gravatar.com\/avatar\/4f43fbec0cc1848d75d18da5595fa2e9d12bc02d9d761756323c70efe587d61a?s=96&d=mm&r=g\",\"url\":\"https:\/\/secure.gravatar.com\/avatar\/4f43fbec0cc1848d75d18da5595fa2e9d12bc02d9d761756323c70efe587d61a?s=96&d=mm&r=g\",\"contentUrl\":\"https:\/\/secure.gravatar.com\/avatar\/4f43fbec0cc1848d75d18da5595fa2e9d12bc02d9d761756323c70efe587d61a?s=96&d=mm&r=g\",\"caption\":\"Adminmoritzi\"}}]}<\/script>\n<!-- \/ Yoast SEO plugin. -->","yoast_head_json":{"title":"Rivestimento - Waldspurger","robots":{"index":"index","follow":"follow","max-snippet":"max-snippet:-1","max-image-preview":"max-image-preview:large","max-video-preview":"max-video-preview:-1"},"canonical":"https:\/\/waldspurger.ch\/it\/trasporto-materiale\/rivestimento\/","og_locale":"it_IT","og_type":"article","og_title":"Rivestimento - Waldspurger","og_description":"[vc_section full_width=&#8221;stretch_row&#8221; full_height=&#8221;yes&#8221; content_placement=&#8221;top&#8221; css_animation=&#8221;fadeIn&#8221; css=&#8221;.vc_custom_1640619579164{margin-top: 0px !important;border-top-width: 0px !important;padding-top: 0px !important;background-image: url(https:\/\/waldspurger.ch\/wp-content\/uploads\/2021\/11\/Ladeflaech-Verkleiden-Aluminiumverkleidung-VW_Amarok-Waldspurger_2560x1708.jpg?id=32211) !important;background-position: center !important;background-repeat: no-repeat !important;background-size: cover !important;}&#8221;...","og_url":"https:\/\/waldspurger.ch\/it\/trasporto-materiale\/rivestimento\/","og_site_name":"Waldspurger","article_modified_time":"2022-04-14T12:20:46+00:00","og_image":[{"width":320,"height":223,"url":"https:\/\/waldspurger.ch\/wp-content\/uploads\/2022\/02\/logo_de.png","type":"image\/png"}],"twitter_card":"summary_large_image","schema":{"@context":"https:\/\/schema.org","@graph":[{"@type":"Article","@id":"https:\/\/waldspurger.ch\/it\/trasporto-materiale\/rivestimento\/#article","isPartOf":{"@id":"https:\/\/waldspurger.ch\/it\/trasporto-materiale\/rivestimento\/"},"author":{"name":"Adminmoritzi","@id":"https:\/\/waldspurger.ch\/it\/#\/schema\/person\/e92a92f5b5a240afd932a5eba15ae94c"},"headline":"Rivestimento","datePublished":"2021-04-06T11:06:59+00:00","dateModified":"2022-04-14T12:20:46+00:00","mainEntityOfPage":{"@id":"https:\/\/waldspurger.ch\/it\/trasporto-materiale\/rivestimento\/"},"wordCount":1543,"publisher":{"@id":"https:\/\/waldspurger.ch\/it\/#organization"},"inLanguage":"it-IT"},{"@type":"WebPage","@id":"https:\/\/waldspurger.ch\/it\/trasporto-materiale\/rivestimento\/","url":"https:\/\/waldspurger.ch\/it\/trasporto-materiale\/rivestimento\/","name":"Rivestimento - Waldspurger","isPartOf":{"@id":"https:\/\/waldspurger.ch\/it\/#website"},"datePublished":"2021-04-06T11:06:59+00:00","dateModified":"2022-04-14T12:20:46+00:00","breadcrumb":{"@id":"https:\/\/waldspurger.ch\/it\/trasporto-materiale\/rivestimento\/#breadcrumb"},"inLanguage":"it-IT","potentialAction":[{"@type":"ReadAction","target":["https:\/\/waldspurger.ch\/it\/trasporto-materiale\/rivestimento\/"]}]},{"@type":"BreadcrumbList","@id":"https:\/\/waldspurger.ch\/it\/trasporto-materiale\/rivestimento\/#breadcrumb","itemListElement":[{"@type":"ListItem","position":1,"name":"Startseite","item":"https:\/\/waldspurger.ch\/it\/"},{"@type":"ListItem","position":2,"name":"Trasporto Materiale","item":"https:\/\/waldspurger.ch\/it\/trasporto-materiale\/"},{"@type":"ListItem","position":3,"name":"Rivestimento"}]},{"@type":"WebSite","@id":"https:\/\/waldspurger.ch\/it\/#website","url":"https:\/\/waldspurger.ch\/it\/","name":"Waldspurger","description":"Allestimento di veicoli","publisher":{"@id":"https:\/\/waldspurger.ch\/it\/#organization"},"potentialAction":[{"@type":"SearchAction","target":{"@type":"EntryPoint","urlTemplate":"https:\/\/waldspurger.ch\/it\/?s={search_term_string}"},"query-input":{"@type":"PropertyValueSpecification","valueRequired":true,"valueName":"search_term_string"}}],"inLanguage":"it-IT"},{"@type":"Organization","@id":"https:\/\/waldspurger.ch\/it\/#organization","name":"Waldspurger AG","url":"https:\/\/waldspurger.ch\/it\/","logo":{"@type":"ImageObject","inLanguage":"it-IT","@id":"https:\/\/waldspurger.ch\/it\/#\/schema\/logo\/image\/","url":"https:\/\/waldspurger.ch\/wp-content\/uploads\/2022\/02\/logo_de.png","contentUrl":"https:\/\/waldspurger.ch\/wp-content\/uploads\/2022\/02\/logo_de.png","width":320,"height":223,"caption":"Waldspurger AG"},"image":{"@id":"https:\/\/waldspurger.ch\/it\/#\/schema\/logo\/image\/"},"sameAs":["https:\/\/ch.linkedin.com\/company\/waldspurger-bergdietikon","https:\/\/www.youtube.com\/channel\/UC4BYucVfPuWzNF4hyfO3YTw"]},{"@type":"Person","@id":"https:\/\/waldspurger.ch\/it\/#\/schema\/person\/e92a92f5b5a240afd932a5eba15ae94c","name":"Adminmoritzi","image":{"@type":"ImageObject","inLanguage":"it-IT","@id":"https:\/\/secure.gravatar.com\/avatar\/4f43fbec0cc1848d75d18da5595fa2e9d12bc02d9d761756323c70efe587d61a?s=96&d=mm&r=g","url":"https:\/\/secure.gravatar.com\/avatar\/4f43fbec0cc1848d75d18da5595fa2e9d12bc02d9d761756323c70efe587d61a?s=96&d=mm&r=g","contentUrl":"https:\/\/secure.gravatar.com\/avatar\/4f43fbec0cc1848d75d18da5595fa2e9d12bc02d9d761756323c70efe587d61a?s=96&d=mm&r=g","caption":"Adminmoritzi"}}]}},"_links":{"self":[{"href":"https:\/\/waldspurger.ch\/it\/wp-json\/wp\/v2\/pages\/35254","targetHints":{"allow":["GET"]}}],"collection":[{"href":"https:\/\/waldspurger.ch\/it\/wp-json\/wp\/v2\/pages"}],"about":[{"href":"https:\/\/waldspurger.ch\/it\/wp-json\/wp\/v2\/types\/page"}],"author":[{"embeddable":true,"href":"https:\/\/waldspurger.ch\/it\/wp-json\/wp\/v2\/users\/1"}],"replies":[{"embeddable":true,"href":"https:\/\/waldspurger.ch\/it\/wp-json\/wp\/v2\/comments?post=35254"}],"version-history":[{"count":0,"href":"https:\/\/waldspurger.ch\/it\/wp-json\/wp\/v2\/pages\/35254\/revisions"}],"up":[{"embeddable":true,"href":"https:\/\/waldspurger.ch\/it\/wp-json\/wp\/v2\/pages\/35203"}],"wp:attachment":[{"href":"https:\/\/waldspurger.ch\/it\/wp-json\/wp\/v2\/media?parent=35254"}],"curies":[{"name":"wp","href":"https:\/\/api.w.org\/{rel}","templated":true}]}}