{"id":35199,"date":"2020-02-06T12:26:22","date_gmt":"2020-02-06T11:26:22","guid":{"rendered":"https:\/\/waldspurger.getads.ch\/trasportatore-di-sedie-a-rotelle\/"},"modified":"2025-06-25T14:14:16","modified_gmt":"2025-06-25T12:14:16","slug":"trasporto-disabili","status":"publish","type":"page","link":"https:\/\/waldspurger.ch\/it\/trasporto-disabili\/","title":{"rendered":"Trasporto Disabili"},"content":{"rendered":"<div class=\"wpb-content-wrapper\"><p>[vc_section full_width=&#8221;stretch_row&#8221; full_height=&#8221;yes&#8221; content_placement=&#8221;top&#8221; css_animation=&#8221;fadeIn&#8221; css=&#8221;.vc_custom_1634921898599{margin-top: 0px !important;border-top-width: 0px !important;padding-top: 0px !important;background-image: url(https:\/\/waldspurger.ch\/wp-content\/uploads\/2021\/10\/Waldspurger_Rollstuhltransporter_2560x1708.jpg?id=31752) !important;background-position: center !important;background-repeat: no-repeat !important;background-size: cover !important;}&#8221; el_class=&#8221;custom-fullheight-section&#8221;][vc_row full_height=&#8221;yes&#8221; content_placement=&#8221;top&#8221; css_animation=&#8221;fadeIn&#8221; el_class=&#8221;stretch-fullheight-innerrow&#8221; effects_enabled_delay=&#8221;500&#8243;][vc_column width=&#8221;1\/4&#8243; css=&#8221;.vc_custom_1582122319023{background-color: rgba(179,32,34,0.58) !important;background-position: center !important;background-repeat: no-repeat !important;background-size: cover !important;*background-color: rgb(179,32,34) !important;}&#8221; el_class=&#8221;.stretch-fullheight-innerrow-column main-visual-column&#8221;][vc_column_text]<\/p>\n<h1 class=\"h3\" style=\"text-align: center;\"><span style=\"color: #ffffff;\">FURGONI PER IL TRASPORTO DI SEDIE A ROTELLE<\/span><\/h1>\n<p style=\"text-align: center; color: #fff;padding-bottom:35px;\">Waldspurger offre soluzioni per il trasporto di disabili \u2013 da piccole auto monovolume che offrono spazio per una sola sedia a rotelle, fino a bus per il trasporto di gruppi numerosi di persone in sedia a rotelle \u2013 che convincono a tutti i livelli.<\/p>\n<p>[\/vc_column_text][\/vc_column][vc_column width=&#8221;1\/4&#8243;][\/vc_column][vc_column width=&#8221;1\/4&#8243;][\/vc_column][vc_column width=&#8221;1\/4&#8243;][\/vc_column][\/vc_row][\/vc_section][vc_row css=&#8221;.vc_custom_1619558026750{margin-top: 70px !important;}&#8221;][vc_column width=&#8221;3\/4&#8243; css_animation=&#8221;fadeInUp&#8221;][vc_column_text css_animation=&#8221;none&#8221; el_class=&#8221;custom_maxwidth&#8221;]<\/p>\n<h2><span style=\"color: #b32022;\">RIEQUIPAGGIAMENTO VEICOLI \u2013 SICUREZZA E SEMPLICIT\u00c0 <\/span><\/h2>\n<p>[\/vc_column_text][vc_column_text el_class=&#8221;custom_maxwidth&#8221;]Il trasporto di passeggeri in sedia a rotelle e di persone a mobilit\u00e0 ridotta spesso rappresenta una grossa sfida per i responsabili. I nostri specialisti saranno lieti di consigliarla nella scelta del veicolo giusto e dell\u2019allestimento interno ideale.[\/vc_column_text][\/vc_column][vc_column width=&#8221;1\/4&#8243;][vc_column_text css=&#8221;.vc_custom_1645695761724{padding-bottom: 10% !important;padding-left: 50% !important;}&#8221; css_animation=&#8221;zoomIn&#8221; el_class=&#8221;custom-burst24-textcontainer8&#8243;]\r\n<a href=\"https:\/\/waldspurger.ch\/it\/servizi\/showroom\/\" target=\"_self\" id=\"burst24_35376\" class=\"burst24-wrapper-medium\" rel=\"noopener noreferrer\" style=\"opacity: 1.0;\">\r\n\t<div class=\"burst24-before\">  \r\n\t\t\r\n\t\t<div class=\"burst24-text\" style=\"line-height:25px\">\r\n\t\t\r\n\t\t\t<span>\r\n\t\t\t\t<p>VENGA<br \/>\nA VISITARCI<br \/>\nNEL NOSTRO<br \/>\nSHOWROOM A<br \/>\nBERGDIETIKON<\/p>\n\r\n\t\t\t<\/span>\r\n\t\t<\/div> \r\n\t<\/div>\r\n\t<div class=\"burst24-after\"><\/div>\r\n<\/a>\r\n\r\n\r\n<style>\r\n\t#burst24_35376 .burst24-before, #burst24_35376 .burst24-after,\r\n\t#burst24_35376 .burst24-before:before, #burst24_35376 .burst24-after:before, \r\n\t#burst24_35376 .burst24-before:after, #burst24_35376 .burst24-after:after {\r\n\t\tbackground-color: #b22727};\r\n\t}\r\n\t\r\n<\/style>\r\n\r\n\t\r\n<script>\r\nwindow.addEventListener('load', function(){\r\nfitty('#burst24_35376 .burst24-text span:not(.fa)',{\r\n\tminSize: 10,\r\n\tmaxSize: 70\r\n});\r\n});\r\n<\/script>\r\n[\/vc_column_text][\/vc_column][\/vc_row][vc_row css_animation=&#8221;fadeInUp&#8221; css=&#8221;.vc_custom_1641477573926{margin-top: 0px !important;padding-top: 50px !important;}&#8221; mobile_margin_bottom=&#8221;0&#8243;][vc_column mobile_margin_bottom=&#8221;50&#8243;][vc_icon icon_fontawesome=&#8221;fas fa-arrow-right&#8221; color=&#8221;custom&#8221; background_style=&#8221;rounded&#8221; background_color=&#8221;custom&#8221; size=&#8221;lg&#8221; custom_color=&#8221;#c3bab9&#8243; el_class=&#8221;custom_round_icon_border_floatleft&#8221;][vc_column_text css=&#8221;.vc_custom_1641477068704{margin-top: 5px !important;}&#8221; el_class=&#8221;custom_maxwidth custom_padding50&#8243;]<\/p>\n<h3 style=\"margin-bottom: 0;\"><strong>ALLESTIMENTI E PRODOTTI<\/strong><\/h3>\n<p>Si informi qui in merito alle diverse opzioni. <span style=\"color: #333333;\"><a class=\"c_headline-link\" href=\"https:\/\/waldspurger.ch\/it\/contatti\/\">Saremo lieti di consigliarla personalmente per telefono o da noi a Bergdietikon.<\/a><\/span>[\/vc_column_text][\/vc_column][\/vc_row][vc_row content_placement=&#8221;top&#8221; css=&#8221;.vc_custom_1640203985848{margin-top: 0px !important;margin-bottom: 0px !important;padding-top: 0px !important;padding-bottom: 0px !important;}&#8221;][vc_column width=&#8221;1\/3&#8243; css_animation=&#8221;fadeInUp&#8221; css=&#8221;.vc_custom_1640203912833{margin-top: 0px !important;padding-top: 0px !important;padding-bottom: 50px !important;}&#8221;][vc_single_image image=&#8221;37377&#8243; img_size=&#8221;full&#8221;][vc_column_text]<\/p>\n<h4 style=\"margin: 20px 0 10px 0;\"><strong>VEICOLO CON PIANALE RIBASSATO<\/strong><\/h4>\n<p>Grazie al veicolo con pianale ribassato con rampa di accesso, la persona in sedia a rotelle pu\u00f2 essere trasportata comodamente in auto la cui altezza interna non sarebbe sufficiente per un altro allestimento. Grazie a sistemi di ritenuta dei passeggeri e delle sedie a rotelle, \u00e8 possibile fissarle al pianale del veicolo.[\/vc_column_text][vc_btn title=&#8221;Per saperne di pi\u00f9&#8221; style=&#8221;outline&#8221; css=&#8221;.vc_custom_1640202926696{margin-bottom: 0px !important;padding-bottom: 0px !important;}&#8221; el_class=&#8221;custom_button_black&#8221; link=&#8221;url:https%3A%2F%2Fwaldspurger.ch%2Fit%2Ftrasporto-disabili%2Fpianale-ribassato%2F|title:Pianale%20ribassato|&#8221;][\/vc_column][vc_column width=&#8221;1\/3&#8243; css_animation=&#8221;fadeInUp&#8221; effects_enabled_delay=&#8221;200&#8243; css=&#8221;.vc_custom_1640203925928{padding-bottom: 50px !important;}&#8221;][vc_single_image image=&#8221;37371&#8243; img_size=&#8221;full&#8221;][vc_column_text]<\/p>\n<h4 style=\"margin: 20px 0 10px 0;\"><strong>PIANALE CON BINARI IN ALLUMINIO<\/strong><\/h4>\n<p>Un pianale con binari in alluminio le offre la possibilit\u00e0 di adeguare l\u2019abitacolo di un veicolo alle sue esigenze con semplicit\u00e0 e flessibilit\u00e0. \u00c8 possibile montare senza complicazioni sedili monoposto, sedie a rotelle o barelle per trasporto.[\/vc_column_text][vc_btn title=&#8221;Per saperne di pi\u00f9&#8221; style=&#8221;outline&#8221; css=&#8221;.vc_custom_1640202946780{margin-bottom: 0px !important;padding-bottom: 0px !important;}&#8221; el_class=&#8221;custom_button_black&#8221; link=&#8221;url:https%3A%2F%2Fwaldspurger.ch%2Fit%2Ftrasporto-disabili%2Fpianale-con-guide-in-alluminio%2F|title:Pianale%20con%20guide%20in%20alluminio|&#8221;][\/vc_column][vc_column width=&#8221;1\/3&#8243; css_animation=&#8221;fadeInUp&#8221; effects_enabled_delay=&#8221;300&#8243;][vc_single_image image=&#8221;37375&#8243; img_size=&#8221;full&#8221;][vc_column_text]<\/p>\n<h4 style=\"margin: 20px 0 10px 0;\"><strong>Rollibox\u2122<\/strong><\/h4>\n<p>Con il flessibile sistema RolliBox\u2122 il suo veicolo \u00e8 adeguatamente equipaggiato per ogni eventualit\u00e0. Si tratta del sistema di trasporto disabili pi\u00f9 moderno per i bus. Non importa se vuole trasportare persone sedute sui sedili o in sedia a rotelle, perch\u00e9 lei ha sempre tutto a portata di mano sul bus e pu\u00f2 convertirlo in pochissimo tempo.[\/vc_column_text][vc_btn title=&#8221;Per saperne di pi\u00f9&#8221; style=&#8221;outline&#8221; css=&#8221;.vc_custom_1640202964817{margin-bottom: 0px !important;padding-bottom: 0px !important;}&#8221; el_class=&#8221;custom_button_black&#8221; link=&#8221;url:https%3A%2F%2Fwaldspurger.ch%2Fit%2Ftrasporto-disabili%2Frollibox%2F|title:RolliBox|&#8221;][\/vc_column][\/vc_row][vc_row full_width=&#8221;stretch_row&#8221; content_placement=&#8221;top&#8221; css=&#8221;.vc_custom_1640203976577{margin-top: 0px !important;margin-bottom: 0px !important;padding-top: 50px !important;padding-bottom: 50px !important;background-color: #f2f2f2 !important;}&#8221;][vc_column width=&#8221;1\/3&#8243; css_animation=&#8221;fadeInUp&#8221; effects_enabled_delay=&#8221;100&#8243; css=&#8221;.vc_custom_1640203945538{margin-top: 0px !important;padding-top: 0px !important;padding-bottom: 50px !important;}&#8221;][vc_single_image image=&#8221;37376&#8243; img_size=&#8221;full&#8221;][vc_column_text]<\/p>\n<h4 style=\"margin: 20px 0 10px 0;\"><strong>TRASPORTO CORICATO<\/strong><\/h4>\n<p>Allestiamo auto nuove o veicoli gi\u00e0 in uso con soluzioni convenienti per il trasporto coricato. In questo ambito offriamo soluzioni su misura per le sue esigenze.[\/vc_column_text][vc_btn title=&#8221;Per saperne di pi\u00f9&#8221; style=&#8221;outline&#8221; css=&#8221;.vc_custom_1646387626846{margin-bottom: 0px !important;padding-bottom: 0px !important;}&#8221; el_class=&#8221;custom_button_black&#8221; link=&#8221;url:https%3A%2F%2Fwaldspurger.ch%2Fit%2Ftrasporto-disabili%2Ftrasporto-coricato%2F|title:Transporo%20Coricato&#8221;][\/vc_column][vc_column width=&#8221;1\/3&#8243; css_animation=&#8221;fadeInUp&#8221; effects_enabled_delay=&#8221;300&#8243; css=&#8221;.vc_custom_1640203953086{margin-top: 0px !important;padding-top: 0px !important;padding-bottom: 50px !important;}&#8221;][vc_single_image image=&#8221;37373&#8243; img_size=&#8221;full&#8221;][vc_column_text]<\/p>\n<h4 style=\"margin: 20px 0 10px 0;\"><strong>ACCESSORI<\/strong><\/h4>\n<p>Ha bisogno di un poggiatesta o di un supporto lombare in un secondo momento? Oppure desidera montare un sollevatore anzich\u00e9 una rampa? Da noi trova la soluzione giusta per adattare il suo bus alle sue precise esigenze.[\/vc_column_text][vc_btn title=&#8221;Per saperne di pi\u00f9&#8221; style=&#8221;outline&#8221; css=&#8221;.vc_custom_1640202985310{margin-bottom: 0px !important;padding-bottom: 0px !important;}&#8221; el_class=&#8221;custom_button_black&#8221; link=&#8221;url:https%3A%2F%2Fwaldspurger.ch%2Fit%2Faccessori%2F|title:Accessori|&#8221;][\/vc_column][vc_column width=&#8221;1\/3&#8243; css_animation=&#8221;fadeInUp&#8221; css=&#8221;.vc_custom_1750853586936{margin-top: 0px !important;padding-top: 0px !important;padding-bottom: 50px !important;}&#8221; offset=&#8221;vc_hidden-lg vc_hidden-md vc_hidden-sm vc_hidden-xs&#8221;][vc_single_image image=&#8221;37374&#8243; img_size=&#8221;full&#8221;][vc_column_text]<\/p>\n<h4 style=\"margin: 20px 0 10px 0;\"><strong>SEDILE BASCULANTE E RIBALTINA DI TRASFERIMENTO<\/strong><\/h4>\n<p>Siamo in grado di agevolare la salita e la discesa dal veicolo alle persone a mobilit\u00e0 ridotta tramite i pi\u00f9 svariati supporti all\u2019accesso, manuali o elettrici. Offriamo di tutto: dalle semplici ribaltine di trasferimento fino ai sedili girevoli, che \u00e8 possibile ruotare e abbassare.[\/vc_column_text][vc_btn title=&#8221;Per saperne di pi\u00f9&#8221; style=&#8221;outline&#8221; css=&#8221;.vc_custom_1640202936798{margin-bottom: 0px !important;padding-bottom: 0px !important;}&#8221; el_class=&#8221;custom_button_black&#8221; link=&#8221;url:https%3A%2F%2Fwaldspurger.ch%2Fit%2Ftrasporto-disabili%2Fsedile-basculante-e-ribaltina-di-transferimento%2F|title:Sedile%20Basculante%20e%20ribaltina%20di%20transferimento|&#8221;][\/vc_column][\/vc_row]<\/p>\n<\/div>","protected":false},"excerpt":{"rendered":"<p>[vc_section full_width=&#8221;stretch_row&#8221; full_height=&#8221;yes&#8221; content_placement=&#8221;top&#8221; css_animation=&#8221;fadeIn&#8221; css=&#8221;.vc_custom_1634921898599{margin-top: 0px !important;border-top-width: 0px !important;padding-top: 0px !important;background-image: url(https:\/\/waldspurger.ch\/wp-content\/uploads\/2021\/10\/Waldspurger_Rollstuhltransporter_2560x1708.jpg?id=31752) !important;background-position: center !important;background-repeat: no-repeat !important;background-size: cover !important;}&#8221;&#8230;<\/p>\n","protected":false},"author":1,"featured_media":0,"parent":0,"menu_order":0,"comment_status":"closed","ping_status":"closed","template":"","meta":{"footnotes":""},"class_list":["post-35199","page","type-page","status-publish"],"yoast_head":"<!-- This site is optimized with the Yoast SEO plugin v27.2 - https:\/\/yoast.com\/product\/yoast-seo-wordpress\/ -->\n<title>Trasporto Disabili - Waldspurger<\/title>\n<meta name=\"robots\" content=\"index, follow, max-snippet:-1, max-image-preview:large, max-video-preview:-1\" \/>\n<link rel=\"canonical\" href=\"https:\/\/waldspurger.ch\/it\/trasporto-disabili\/\" \/>\n<meta property=\"og:locale\" content=\"it_IT\" \/>\n<meta property=\"og:type\" content=\"article\" \/>\n<meta property=\"og:title\" content=\"Trasporto Disabili - Waldspurger\" \/>\n<meta property=\"og:description\" content=\"[vc_section full_width=&#8221;stretch_row&#8221; full_height=&#8221;yes&#8221; content_placement=&#8221;top&#8221; css_animation=&#8221;fadeIn&#8221; css=&#8221;.vc_custom_1634921898599{margin-top: 0px !important;border-top-width: 0px !important;padding-top: 0px !important;background-image: url(https:\/\/waldspurger.ch\/wp-content\/uploads\/2021\/10\/Waldspurger_Rollstuhltransporter_2560x1708.jpg?id=31752) !important;background-position: center !important;background-repeat: no-repeat !important;background-size: cover !important;}&#8221;...\" \/>\n<meta property=\"og:url\" content=\"https:\/\/waldspurger.ch\/it\/trasporto-disabili\/\" \/>\n<meta property=\"og:site_name\" content=\"Waldspurger\" \/>\n<meta property=\"article:modified_time\" content=\"2025-06-25T12:14:16+00:00\" \/>\n<meta property=\"og:image\" content=\"https:\/\/waldspurger.ch\/wp-content\/uploads\/2022\/02\/logo_de.png\" \/>\n\t<meta property=\"og:image:width\" content=\"320\" \/>\n\t<meta property=\"og:image:height\" content=\"223\" \/>\n\t<meta property=\"og:image:type\" content=\"image\/png\" \/>\n<meta name=\"twitter:card\" content=\"summary_large_image\" \/>\n<script type=\"application\/ld+json\" class=\"yoast-schema-graph\">{\"@context\":\"https:\/\/schema.org\",\"@graph\":[{\"@type\":\"Article\",\"@id\":\"https:\/\/waldspurger.ch\/it\/trasporto-disabili\/#article\",\"isPartOf\":{\"@id\":\"https:\/\/waldspurger.ch\/it\/trasporto-disabili\/\"},\"author\":{\"name\":\"Adminmoritzi\",\"@id\":\"https:\/\/waldspurger.ch\/it\/#\/schema\/person\/e92a92f5b5a240afd932a5eba15ae94c\"},\"headline\":\"Trasporto Disabili\",\"datePublished\":\"2020-02-06T11:26:22+00:00\",\"dateModified\":\"2025-06-25T12:14:16+00:00\",\"mainEntityOfPage\":{\"@id\":\"https:\/\/waldspurger.ch\/it\/trasporto-disabili\/\"},\"wordCount\":1134,\"publisher\":{\"@id\":\"https:\/\/waldspurger.ch\/it\/#organization\"},\"inLanguage\":\"it-IT\"},{\"@type\":\"WebPage\",\"@id\":\"https:\/\/waldspurger.ch\/it\/trasporto-disabili\/\",\"url\":\"https:\/\/waldspurger.ch\/it\/trasporto-disabili\/\",\"name\":\"Trasporto Disabili - Waldspurger\",\"isPartOf\":{\"@id\":\"https:\/\/waldspurger.ch\/it\/#website\"},\"datePublished\":\"2020-02-06T11:26:22+00:00\",\"dateModified\":\"2025-06-25T12:14:16+00:00\",\"breadcrumb\":{\"@id\":\"https:\/\/waldspurger.ch\/it\/trasporto-disabili\/#breadcrumb\"},\"inLanguage\":\"it-IT\",\"potentialAction\":[{\"@type\":\"ReadAction\",\"target\":[\"https:\/\/waldspurger.ch\/it\/trasporto-disabili\/\"]}]},{\"@type\":\"BreadcrumbList\",\"@id\":\"https:\/\/waldspurger.ch\/it\/trasporto-disabili\/#breadcrumb\",\"itemListElement\":[{\"@type\":\"ListItem\",\"position\":1,\"name\":\"Startseite\",\"item\":\"https:\/\/waldspurger.ch\/it\/\"},{\"@type\":\"ListItem\",\"position\":2,\"name\":\"Trasporto Disabili\"}]},{\"@type\":\"WebSite\",\"@id\":\"https:\/\/waldspurger.ch\/it\/#website\",\"url\":\"https:\/\/waldspurger.ch\/it\/\",\"name\":\"Waldspurger\",\"description\":\"Allestimento di veicoli\",\"publisher\":{\"@id\":\"https:\/\/waldspurger.ch\/it\/#organization\"},\"potentialAction\":[{\"@type\":\"SearchAction\",\"target\":{\"@type\":\"EntryPoint\",\"urlTemplate\":\"https:\/\/waldspurger.ch\/it\/?s={search_term_string}\"},\"query-input\":{\"@type\":\"PropertyValueSpecification\",\"valueRequired\":true,\"valueName\":\"search_term_string\"}}],\"inLanguage\":\"it-IT\"},{\"@type\":\"Organization\",\"@id\":\"https:\/\/waldspurger.ch\/it\/#organization\",\"name\":\"Waldspurger AG\",\"url\":\"https:\/\/waldspurger.ch\/it\/\",\"logo\":{\"@type\":\"ImageObject\",\"inLanguage\":\"it-IT\",\"@id\":\"https:\/\/waldspurger.ch\/it\/#\/schema\/logo\/image\/\",\"url\":\"https:\/\/waldspurger.ch\/wp-content\/uploads\/2022\/02\/logo_de.png\",\"contentUrl\":\"https:\/\/waldspurger.ch\/wp-content\/uploads\/2022\/02\/logo_de.png\",\"width\":320,\"height\":223,\"caption\":\"Waldspurger AG\"},\"image\":{\"@id\":\"https:\/\/waldspurger.ch\/it\/#\/schema\/logo\/image\/\"},\"sameAs\":[\"https:\/\/ch.linkedin.com\/company\/waldspurger-bergdietikon\",\"https:\/\/www.youtube.com\/channel\/UC4BYucVfPuWzNF4hyfO3YTw\"]},{\"@type\":\"Person\",\"@id\":\"https:\/\/waldspurger.ch\/it\/#\/schema\/person\/e92a92f5b5a240afd932a5eba15ae94c\",\"name\":\"Adminmoritzi\",\"image\":{\"@type\":\"ImageObject\",\"inLanguage\":\"it-IT\",\"@id\":\"https:\/\/secure.gravatar.com\/avatar\/4f43fbec0cc1848d75d18da5595fa2e9d12bc02d9d761756323c70efe587d61a?s=96&d=mm&r=g\",\"url\":\"https:\/\/secure.gravatar.com\/avatar\/4f43fbec0cc1848d75d18da5595fa2e9d12bc02d9d761756323c70efe587d61a?s=96&d=mm&r=g\",\"contentUrl\":\"https:\/\/secure.gravatar.com\/avatar\/4f43fbec0cc1848d75d18da5595fa2e9d12bc02d9d761756323c70efe587d61a?s=96&d=mm&r=g\",\"caption\":\"Adminmoritzi\"}}]}<\/script>\n<!-- \/ Yoast SEO plugin. -->","yoast_head_json":{"title":"Trasporto Disabili - Waldspurger","robots":{"index":"index","follow":"follow","max-snippet":"max-snippet:-1","max-image-preview":"max-image-preview:large","max-video-preview":"max-video-preview:-1"},"canonical":"https:\/\/waldspurger.ch\/it\/trasporto-disabili\/","og_locale":"it_IT","og_type":"article","og_title":"Trasporto Disabili - Waldspurger","og_description":"[vc_section full_width=&#8221;stretch_row&#8221; full_height=&#8221;yes&#8221; content_placement=&#8221;top&#8221; css_animation=&#8221;fadeIn&#8221; css=&#8221;.vc_custom_1634921898599{margin-top: 0px !important;border-top-width: 0px !important;padding-top: 0px !important;background-image: url(https:\/\/waldspurger.ch\/wp-content\/uploads\/2021\/10\/Waldspurger_Rollstuhltransporter_2560x1708.jpg?id=31752) !important;background-position: center !important;background-repeat: no-repeat !important;background-size: cover !important;}&#8221;...","og_url":"https:\/\/waldspurger.ch\/it\/trasporto-disabili\/","og_site_name":"Waldspurger","article_modified_time":"2025-06-25T12:14:16+00:00","og_image":[{"width":320,"height":223,"url":"https:\/\/waldspurger.ch\/wp-content\/uploads\/2022\/02\/logo_de.png","type":"image\/png"}],"twitter_card":"summary_large_image","schema":{"@context":"https:\/\/schema.org","@graph":[{"@type":"Article","@id":"https:\/\/waldspurger.ch\/it\/trasporto-disabili\/#article","isPartOf":{"@id":"https:\/\/waldspurger.ch\/it\/trasporto-disabili\/"},"author":{"name":"Adminmoritzi","@id":"https:\/\/waldspurger.ch\/it\/#\/schema\/person\/e92a92f5b5a240afd932a5eba15ae94c"},"headline":"Trasporto Disabili","datePublished":"2020-02-06T11:26:22+00:00","dateModified":"2025-06-25T12:14:16+00:00","mainEntityOfPage":{"@id":"https:\/\/waldspurger.ch\/it\/trasporto-disabili\/"},"wordCount":1134,"publisher":{"@id":"https:\/\/waldspurger.ch\/it\/#organization"},"inLanguage":"it-IT"},{"@type":"WebPage","@id":"https:\/\/waldspurger.ch\/it\/trasporto-disabili\/","url":"https:\/\/waldspurger.ch\/it\/trasporto-disabili\/","name":"Trasporto Disabili - Waldspurger","isPartOf":{"@id":"https:\/\/waldspurger.ch\/it\/#website"},"datePublished":"2020-02-06T11:26:22+00:00","dateModified":"2025-06-25T12:14:16+00:00","breadcrumb":{"@id":"https:\/\/waldspurger.ch\/it\/trasporto-disabili\/#breadcrumb"},"inLanguage":"it-IT","potentialAction":[{"@type":"ReadAction","target":["https:\/\/waldspurger.ch\/it\/trasporto-disabili\/"]}]},{"@type":"BreadcrumbList","@id":"https:\/\/waldspurger.ch\/it\/trasporto-disabili\/#breadcrumb","itemListElement":[{"@type":"ListItem","position":1,"name":"Startseite","item":"https:\/\/waldspurger.ch\/it\/"},{"@type":"ListItem","position":2,"name":"Trasporto Disabili"}]},{"@type":"WebSite","@id":"https:\/\/waldspurger.ch\/it\/#website","url":"https:\/\/waldspurger.ch\/it\/","name":"Waldspurger","description":"Allestimento di veicoli","publisher":{"@id":"https:\/\/waldspurger.ch\/it\/#organization"},"potentialAction":[{"@type":"SearchAction","target":{"@type":"EntryPoint","urlTemplate":"https:\/\/waldspurger.ch\/it\/?s={search_term_string}"},"query-input":{"@type":"PropertyValueSpecification","valueRequired":true,"valueName":"search_term_string"}}],"inLanguage":"it-IT"},{"@type":"Organization","@id":"https:\/\/waldspurger.ch\/it\/#organization","name":"Waldspurger AG","url":"https:\/\/waldspurger.ch\/it\/","logo":{"@type":"ImageObject","inLanguage":"it-IT","@id":"https:\/\/waldspurger.ch\/it\/#\/schema\/logo\/image\/","url":"https:\/\/waldspurger.ch\/wp-content\/uploads\/2022\/02\/logo_de.png","contentUrl":"https:\/\/waldspurger.ch\/wp-content\/uploads\/2022\/02\/logo_de.png","width":320,"height":223,"caption":"Waldspurger AG"},"image":{"@id":"https:\/\/waldspurger.ch\/it\/#\/schema\/logo\/image\/"},"sameAs":["https:\/\/ch.linkedin.com\/company\/waldspurger-bergdietikon","https:\/\/www.youtube.com\/channel\/UC4BYucVfPuWzNF4hyfO3YTw"]},{"@type":"Person","@id":"https:\/\/waldspurger.ch\/it\/#\/schema\/person\/e92a92f5b5a240afd932a5eba15ae94c","name":"Adminmoritzi","image":{"@type":"ImageObject","inLanguage":"it-IT","@id":"https:\/\/secure.gravatar.com\/avatar\/4f43fbec0cc1848d75d18da5595fa2e9d12bc02d9d761756323c70efe587d61a?s=96&d=mm&r=g","url":"https:\/\/secure.gravatar.com\/avatar\/4f43fbec0cc1848d75d18da5595fa2e9d12bc02d9d761756323c70efe587d61a?s=96&d=mm&r=g","contentUrl":"https:\/\/secure.gravatar.com\/avatar\/4f43fbec0cc1848d75d18da5595fa2e9d12bc02d9d761756323c70efe587d61a?s=96&d=mm&r=g","caption":"Adminmoritzi"}}]}},"_links":{"self":[{"href":"https:\/\/waldspurger.ch\/it\/wp-json\/wp\/v2\/pages\/35199","targetHints":{"allow":["GET"]}}],"collection":[{"href":"https:\/\/waldspurger.ch\/it\/wp-json\/wp\/v2\/pages"}],"about":[{"href":"https:\/\/waldspurger.ch\/it\/wp-json\/wp\/v2\/types\/page"}],"author":[{"embeddable":true,"href":"https:\/\/waldspurger.ch\/it\/wp-json\/wp\/v2\/users\/1"}],"replies":[{"embeddable":true,"href":"https:\/\/waldspurger.ch\/it\/wp-json\/wp\/v2\/comments?post=35199"}],"version-history":[{"count":3,"href":"https:\/\/waldspurger.ch\/it\/wp-json\/wp\/v2\/pages\/35199\/revisions"}],"predecessor-version":[{"id":79183,"href":"https:\/\/waldspurger.ch\/it\/wp-json\/wp\/v2\/pages\/35199\/revisions\/79183"}],"wp:attachment":[{"href":"https:\/\/waldspurger.ch\/it\/wp-json\/wp\/v2\/media?parent=35199"}],"curies":[{"name":"wp","href":"https:\/\/api.w.org\/{rel}","templated":true}]}}