{"id":78828,"date":"2025-02-18T15:23:06","date_gmt":"2025-02-18T14:23:06","guid":{"rendered":"https:\/\/waldspurger.ch\/transport-de-personnes\/siege-individuel-banquette\/siege-lit-individuel\/"},"modified":"2025-04-15T15:04:07","modified_gmt":"2025-04-15T13:04:07","slug":"siege-lit-individuel","status":"publish","type":"page","link":"https:\/\/waldspurger.ch\/fr\/transport-de-personnes\/siege-individuel-banquette\/siege-lit-individuel\/","title":{"rendered":"Si\u00e8ge-lit individuel"},"content":{"rendered":"<div class=\"wpb-content-wrapper\"><p>[vc_section full_width=\u00a0\u00bbstretch_row\u00a0\u00bb full_height=\u00a0\u00bbyes\u00a0\u00bb content_placement=\u00a0\u00bbtop\u00a0\u00bb css_animation=\u00a0\u00bbfadeIn\u00a0\u00bb css=\u00a0\u00bb.vc_custom_1740571098433{margin-top: 0px !important;border-top-width: 0px !important;padding-top: 0px !important;background-image: url(https:\/\/waldspurger.ch\/wp-content\/uploads\/2025\/02\/Waldspurger_AG_RelaX-Sitz_Einzel-Schlafsitz.jpg?id=78735) !important;background-position: center !important;background-repeat: no-repeat !important;background-size: cover !important;}\u00a0\u00bb el_class=\u00a0\u00bbcustom-fullheight-section\u00a0\u00bb][vc_row full_height=\u00a0\u00bbyes\u00a0\u00bb content_placement=\u00a0\u00bbtop\u00a0\u00bb css_animation=\u00a0\u00bbfadeIn\u00a0\u00bb el_class=\u00a0\u00bbstretch-fullheight-innerrow\u00a0\u00bb effects_enabled_delay=\u00a0\u00bb500&Prime;][vc_column width=\u00a0\u00bb1\/4&Prime; css=\u00a0\u00bb.vc_custom_1582122319023{background-color: rgba(179,32,34,0.58) !important;background-position: center !important;background-repeat: no-repeat !important;background-size: cover !important;*background-color: rgb(179,32,34) !important;}\u00a0\u00bb el_class=\u00a0\u00bb.stretch-fullheight-innerrow-column main-visual-column\u00a0\u00bb][vc_column_text css=\u00a0\u00bb\u00a0\u00bb]<\/p>\n<h3 style=\"text-align: center;\"><span style=\"color: #ffffff;\">Si\u00e8ge-lit individuel<\/span><\/h3>\n<p style=\"text-align: center; color: #ffffff; padding-bottom: 35px;\">Le mod\u00e8le RelaX se transforme en quelques gestes d\u2019un si\u00e8ge individuel confortable en un lit confortable et offre un maximum de flexibilit\u00e9 avec un encombrement minimum.<\/p>\n<p>[\/vc_column_text][\/vc_column][vc_column width=\u00a0\u00bb1\/4&Prime;][\/vc_column][vc_column width=\u00a0\u00bb1\/4&Prime;][\/vc_column][vc_column width=\u00a0\u00bb1\/4&Prime;][\/vc_column][\/vc_row][\/vc_section][vc_row mobile_padding_top=\u00a0\u00bb0&Prime; mobile_margin_top=\u00a0\u00bb0&Prime;][vc_column width=\u00a0\u00bb1\/2&Prime; css_animation=\u00a0\u00bbfadeInLeft\u00a0\u00bb css=\u00a0\u00bb.vc_custom_1642411767066{margin-bottom: 25px !important;padding-top: 45px !important;padding-bottom: 0px !important;}\u00a0\u00bb][vc_column_text css=\u00a0\u00bb.vc_custom_1743170158076{margin-top: 40px !important;margin-bottom: 20px !important;padding-bottom: 20px !important;}\u00a0\u00bb]<\/p>\n<h2><strong>Si\u00e8ge-lit individuel<\/strong><\/h2>\n<p>Le si\u00e8ge-lit individuel peut \u00eatre install\u00e9 dans la plupart des camping-cars ou camionnettes. Poss\u00e9dant un rapport d\u2019expertise DTC, le si\u00e8ge est approuv\u00e9 par l\u2019Office de la circulation routi\u00e8re et sera inscrit dans les papiers du v\u00e9hicule. Cela garantit que des personnes peuvent \u00eatre transport\u00e9es sur ce si\u00e8ge. Le si\u00e8ge-lit individuel est \u00e9quip\u00e9 d\u2019un syst\u00e8me de ceinture \u00e0 trois points. Il n&rsquo;est pas n\u00e9cessaire d\u2019installer des ceintures ou supports sur la carrosserie du v\u00e9hicule ou au plancher.<br \/>\nLe mod\u00e8le RelaX se transforme en quelques gestes d\u2019un si\u00e8ge individuel confortable en un lit confortable et offre un maximum de confort.<br \/>\nLe dossier est r\u00e9glable en continu vers l&rsquo;arri\u00e8re selon les pr\u00e9f\u00e9rences individuelles.<br \/>\nL\u2019appui-t\u00eate est extractible, ce qui permet d\u2019agrandir la surface de couchage.<br \/>\nLe si\u00e8ge-lit individuel RelaX se fixe facilement sur notre syst\u00e8me de rails pratique et peut \u00eatre d\u00e9plac\u00e9 dans le v\u00e9hicule. Gr\u00e2ce \u00e0 Isofix, les si\u00e8ges pour enfants peuvent \u00e9galement \u00eatre fix\u00e9s sans probl\u00e8me. Le si\u00e8ge-lit RelaX peut \u00eatre retir\u00e9 du v\u00e9hicule de mani\u00e8re ultra-facile gr\u00e2ce aux fixations rapides. Il est d\u2019ailleurs possible d&rsquo;installer des si\u00e8ges individuels suppl\u00e9mentaires, une \u00e9tag\u00e8re ou une table sur les rails.<br \/>\n[\/vc_column_text][\/vc_column][vc_column width=\u00a0\u00bb1\/2&Prime; css_animation=\u00a0\u00bbfadeInRight\u00a0\u00bb mobile_padding_top=\u00a0\u00bb0&Prime; mobile_padding_bottom=\u00a0\u00bb0&Prime; mobile_margin_top=\u00a0\u00bb0&Prime; mobile_margin_bottom=\u00a0\u00bb20&Prime; css=\u00a0\u00bb.vc_custom_1642411775188{margin-top: 120px !important;margin-bottom: 30px !important;}\u00a0\u00bb][vc_single_image source=\u00a0\u00bbexternal_link\u00a0\u00bb css=\u00a0\u00bb.vc_custom_1739889275343{margin-top: 0px !important;margin-bottom: 0px !important;}\u00a0\u00bb custom_src=\u00a0\u00bbhttps:\/\/waldspurger.ch\/wp-content\/uploads\/2025\/02\/Waldspurger_AG_Einzel-Schlafsitz_RelaX.gif\u00a0\u00bb][\/vc_column][\/vc_row][vc_row full_width=\u00a0\u00bbstretch_row\u00a0\u00bb css=\u00a0\u00bb.vc_custom_1618489965952{padding-top: 30px !important;padding-bottom: 70px !important;background-color: #f2f2ed !important;}\u00a0\u00bb][vc_column css_animation=\u00a0\u00bbfadeInUp\u00a0\u00bb][vc_icon icon_fontawesome=\u00a0\u00bbfas fa-arrow-right\u00a0\u00bb color=\u00a0\u00bbcustom\u00a0\u00bb background_style=\u00a0\u00bbrounded\u00a0\u00bb background_color=\u00a0\u00bbcustom\u00a0\u00bb size=\u00a0\u00bblg\u00a0\u00bb custom_color=\u00a0\u00bb#c3bab9&Prime; el_class=\u00a0\u00bbcustom_round_icon_border_floatleft\u00a0\u00bb][vc_column_text css=\u00a0\u00bb.vc_custom_1641222990349{margin-bottom: 40px !important;}\u00a0\u00bb el_class=\u00a0\u00bbcustom_maxwidth c_dblock\u00a0\u00bb]<\/p>\n<h3><strong>MOD\u00c8LES DE V\u00c9HICULES<\/strong><\/h3>\n<h4 style=\"margin-bottom: 20px;\">LE SI\u00c8GE PARFAIT POUR VOTRE V\u00c9HICULE<\/h4>\n<p>[\/vc_column_text][vc_column_text css=\u00a0\u00bb\u00a0\u00bb el_class=\u00a0\u00bbcustom_maxwidth\u00a0\u00bb]<strong>Les syst\u00e8mes de si\u00e8ges de waldspurger sa ont r\u00e9ussi de nombreux tests dtc et fakt. tous nos si\u00e8ges r\u00e9pondent aux normes de s\u00e9curit\u00e9 suisses les plus \u00e9lev\u00e9es et sont livr\u00e9s avec un rapport d\u2019expertise suisse.<br \/>\nGr\u00e2ce \u00e0 notre exp\u00e9rience de longue date, nous pouvons installer une grande vari\u00e9t\u00e9 de si\u00e8ges individuels et de banquettes dans les mod\u00e8les de v\u00e9hicules suivants:<\/strong><\/p>\n<p>Citro\u00ebn Jumpy, Jumper<br \/>\nFiat Talento, Ducato<br \/>\nFord Custom, Transit<br \/>\nIveco Daily<br \/>\nMAN TGE<br \/>\nMercedes Vito, Viano, V-Klasse, Sprinter<br \/>\nMaxus eDeliver 3, EV80, eDeliver9<br \/>\nNissan NV300 (Primastar), NV400 (Interstar)<br \/>\nOpel Vivaro, Movano<br \/>\nPeugeot Expert, Boxer<br \/>\nRenault Trafic, Master<br \/>\nToyota Hiace, Proace, Proace Max<br \/>\nVW T4, T5, T6, T7, LT, Crafter<\/p>\n<p><strong>Votre v\u00e9hicule ne figure pas sur la liste ? Aucun probl\u00e8me! N\u2019h\u00e9sitez pas \u00e0 nous contacter. Ensemble, nous trouverons une solution qui r\u00e9pond exactement \u00e0 vos besoins.<\/strong>[\/vc_column_text][\/vc_column][\/vc_row][vc_row css_animation=\u00a0\u00bbfadeInUp\u00a0\u00bb css=\u00a0\u00bb.vc_custom_1641484065414{margin-top: 50px !important;padding-top: 0px !important;}\u00a0\u00bb mobile_padding_bottom=\u00a0\u00bb0&Prime; mobile_margin_bottom=\u00a0\u00bb0&Prime;][vc_column css=\u00a0\u00bb.vc_custom_1641804991476{margin-top: 0px !important;padding-top: 0px !important;}\u00a0\u00bb mobile_margin_bottom=\u00a0\u00bb30&Prime;][vc_icon icon_fontawesome=\u00a0\u00bbfas fa-video\u00a0\u00bb color=\u00a0\u00bbcustom\u00a0\u00bb background_style=\u00a0\u00bbrounded\u00a0\u00bb background_color=\u00a0\u00bbcustom\u00a0\u00bb size=\u00a0\u00bblg\u00a0\u00bb custom_color=\u00a0\u00bb#c3bab9&Prime; el_class=\u00a0\u00bbcustom_round_icon_border_floatleft\u00a0\u00bb][vc_column_text css=\u00a0\u00bb.vc_custom_1739891852342{margin-bottom: 20px !important;}\u00a0\u00bb el_class=\u00a0\u00bbcustom_maxwidth\u00a0\u00bb]<\/p>\n<h3><span style=\"color: #b32022;\">VID\u00c9OS<\/span><\/h3>\n<p>Vous avez d\u00e9j\u00e0 un v\u00e9hicule am\u00e9nag\u00e9 par Waldspurger SA et d\u00e9sirez un manuel d\u2019utilisation ? Vous aimeriez voir comment un v\u00e9hicule est transform\u00e9 ? Regardez nos vid\u00e9os.[\/vc_column_text][\/vc_column][\/vc_row][vc_row content_placement=\u00a0\u00bbmiddle\u00a0\u00bb css_animation=\u00a0\u00bbfadeInUp\u00a0\u00bb css=\u00a0\u00bb.vc_custom_1740583551876{padding-right: 10px !important;padding-bottom: 50px !important;padding-left: 10px !important;}\u00a0\u00bb][vc_column width=\u00a0\u00bb1\/3&Prime; css=\u00a0\u00bb.vc_custom_1641484162693{margin-top: 0px !important;margin-right: 0px !important;margin-bottom: 30px !important;margin-left: 0px !important;padding-top: 0px !important;padding-right: 10px !important;padding-bottom: 0px !important;padding-left: 10px !important;background-position: center !important;background-repeat: no-repeat !important;background-size: cover !important;}\u00a0\u00bb el_id=\u00a0\u00bbentstehungsvideo\u00a0\u00bb mobile_margin_bottom=\u00a0\u00bb0&Prime;][vc_column_text css=\u00a0\u00bb.vc_custom_1739891762188{margin-top: 0px !important;margin-right: 0px !important;margin-bottom: 0px !important;margin-left: 0px !important;padding-top: 0px !important;padding-right: 0px !important;padding-bottom: 0px !important;padding-left: 0px !important;}\u00a0\u00bb]<div class=\"wonderplugin-video\" style=\"width:600px;height:400px;position:relative;display:block;background-color:#000;overflow:hidden;max-width:100%;margin:0 auto\" data-aspectratio=\"1.5\"><div class=\"wpve-videoplayer\" style=\"display:block;position:relative;width:100%;height:100%\" data-mp4=\"https:\/\/waldspurger.ch\/wp-content\/uploads\/2025\/02\/Waldspurger_AG_RelaX-Sitz.mp4\" data-skinfolder=\"https:\/\/waldspurger.ch\/wp-content\/plugins\/wonderplugin-video-embed\/engine\/\" data-poster=\"https:\/\/waldspurger.ch\/wp-content\/uploads\/2025\/02\/Waldspurger_AG_RelaX-Sitz_Poster.png\" data-playbutton=\"https:\/\/waldspurger.ch\/wp-content\/plugins\/wonderplugin-video-embed\/engine\/playvideo-64-64-0.png\"><\/div><\/div>[\/vc_column_text][\/vc_column][\/vc_row]<\/p>\n<\/div>","protected":false},"excerpt":{"rendered":"<p>[vc_section full_width=\u00a0\u00bbstretch_row\u00a0\u00bb full_height=\u00a0\u00bbyes\u00a0\u00bb content_placement=\u00a0\u00bbtop\u00a0\u00bb css_animation=\u00a0\u00bbfadeIn\u00a0\u00bb css=\u00a0\u00bb.vc_custom_1740571098433{margin-top: 0px !important;border-top-width: 0px !important;padding-top: 0px !important;background-image: url(https:\/\/waldspurger.ch\/wp-content\/uploads\/2025\/02\/Waldspurger_AG_RelaX-Sitz_Einzel-Schlafsitz.jpg?id=78735) !important;background-position: center !important;background-repeat: no-repeat !important;background-size: cover !important;}\u00a0\u00bb&#8230;<\/p>\n","protected":false},"author":1,"featured_media":0,"parent":34831,"menu_order":0,"comment_status":"closed","ping_status":"closed","template":"","meta":{"footnotes":""},"class_list":["post-78828","page","type-page","status-publish"],"yoast_head":"<!-- This site is optimized with the Yoast SEO plugin v27.2 - https:\/\/yoast.com\/product\/yoast-seo-wordpress\/ -->\n<title>Si\u00e8ge-lit individuel - Waldspurger SA<\/title>\n<meta name=\"robots\" content=\"index, follow, max-snippet:-1, max-image-preview:large, max-video-preview:-1\" \/>\n<link rel=\"canonical\" href=\"https:\/\/waldspurger.ch\/fr\/transport-de-personnes\/siege-individuel-banquette\/siege-lit-individuel\/\" \/>\n<meta property=\"og:locale\" content=\"fr_FR\" \/>\n<meta property=\"og:type\" content=\"article\" \/>\n<meta property=\"og:title\" content=\"Si\u00e8ge-lit individuel - Waldspurger SA\" \/>\n<meta property=\"og:description\" content=\"[vc_section full_width=\u00a0\u00bbstretch_row\u00a0\u00bb full_height=\u00a0\u00bbyes\u00a0\u00bb content_placement=\u00a0\u00bbtop\u00a0\u00bb css_animation=\u00a0\u00bbfadeIn\u00a0\u00bb css=\u00a0\u00bb.vc_custom_1740571098433{margin-top: 0px !important;border-top-width: 0px !important;padding-top: 0px !important;background-image: url(https:\/\/waldspurger.ch\/wp-content\/uploads\/2025\/02\/Waldspurger_AG_RelaX-Sitz_Einzel-Schlafsitz.jpg?id=78735) !important;background-position: center !important;background-repeat: no-repeat !important;background-size: cover !important;}\u00a0\u00bb...\" \/>\n<meta property=\"og:url\" content=\"https:\/\/waldspurger.ch\/fr\/transport-de-personnes\/siege-individuel-banquette\/siege-lit-individuel\/\" \/>\n<meta property=\"og:site_name\" content=\"Waldspurger SA\" \/>\n<meta property=\"article:modified_time\" content=\"2025-04-15T13:04:07+00:00\" \/>\n<meta property=\"og:image\" content=\"https:\/\/waldspurger.ch\/wp-content\/uploads\/2022\/02\/logo_de.png\" \/>\n\t<meta property=\"og:image:width\" content=\"320\" \/>\n\t<meta property=\"og:image:height\" content=\"223\" \/>\n\t<meta property=\"og:image:type\" content=\"image\/png\" \/>\n<meta name=\"twitter:card\" content=\"summary_large_image\" \/>\n<script type=\"application\/ld+json\" class=\"yoast-schema-graph\">{\"@context\":\"https:\/\/schema.org\",\"@graph\":[{\"@type\":\"Article\",\"@id\":\"https:\/\/waldspurger.ch\/fr\/transport-de-personnes\/siege-individuel-banquette\/siege-lit-individuel\/#article\",\"isPartOf\":{\"@id\":\"https:\/\/waldspurger.ch\/fr\/transport-de-personnes\/siege-individuel-banquette\/siege-lit-individuel\/\"},\"author\":{\"name\":\"Adminmoritzi\",\"@id\":\"https:\/\/waldspurger.ch\/fr\/#\/schema\/person\/e92a92f5b5a240afd932a5eba15ae94c\"},\"headline\":\"Si\u00e8ge-lit individuel\",\"datePublished\":\"2025-02-18T14:23:06+00:00\",\"dateModified\":\"2025-04-15T13:04:07+00:00\",\"mainEntityOfPage\":{\"@id\":\"https:\/\/waldspurger.ch\/fr\/transport-de-personnes\/siege-individuel-banquette\/siege-lit-individuel\/\"},\"wordCount\":1026,\"publisher\":{\"@id\":\"https:\/\/waldspurger.ch\/fr\/#organization\"},\"inLanguage\":\"fr-FR\"},{\"@type\":\"WebPage\",\"@id\":\"https:\/\/waldspurger.ch\/fr\/transport-de-personnes\/siege-individuel-banquette\/siege-lit-individuel\/\",\"url\":\"https:\/\/waldspurger.ch\/fr\/transport-de-personnes\/siege-individuel-banquette\/siege-lit-individuel\/\",\"name\":\"Si\u00e8ge-lit individuel - Waldspurger SA\",\"isPartOf\":{\"@id\":\"https:\/\/waldspurger.ch\/fr\/#website\"},\"datePublished\":\"2025-02-18T14:23:06+00:00\",\"dateModified\":\"2025-04-15T13:04:07+00:00\",\"breadcrumb\":{\"@id\":\"https:\/\/waldspurger.ch\/fr\/transport-de-personnes\/siege-individuel-banquette\/siege-lit-individuel\/#breadcrumb\"},\"inLanguage\":\"fr-FR\",\"potentialAction\":[{\"@type\":\"ReadAction\",\"target\":[\"https:\/\/waldspurger.ch\/fr\/transport-de-personnes\/siege-individuel-banquette\/siege-lit-individuel\/\"]}]},{\"@type\":\"BreadcrumbList\",\"@id\":\"https:\/\/waldspurger.ch\/fr\/transport-de-personnes\/siege-individuel-banquette\/siege-lit-individuel\/#breadcrumb\",\"itemListElement\":[{\"@type\":\"ListItem\",\"position\":1,\"name\":\"Startseite\",\"item\":\"https:\/\/waldspurger.ch\/fr\/\"},{\"@type\":\"ListItem\",\"position\":2,\"name\":\"Transport de personnes\",\"item\":\"https:\/\/waldspurger.ch\/fr\/transport-de-personnes\/\"},{\"@type\":\"ListItem\",\"position\":3,\"name\":\"Si\u00e8ge individuel &#038; Banquette\",\"item\":\"https:\/\/waldspurger.ch\/fr\/transport-de-personnes\/siege-individuel-banquette\/\"},{\"@type\":\"ListItem\",\"position\":4,\"name\":\"Si\u00e8ge-lit individuel\"}]},{\"@type\":\"WebSite\",\"@id\":\"https:\/\/waldspurger.ch\/fr\/#website\",\"url\":\"https:\/\/waldspurger.ch\/fr\/\",\"name\":\"Waldspurger SA\",\"description\":\"Am\u00e9nagement\",\"publisher\":{\"@id\":\"https:\/\/waldspurger.ch\/fr\/#organization\"},\"potentialAction\":[{\"@type\":\"SearchAction\",\"target\":{\"@type\":\"EntryPoint\",\"urlTemplate\":\"https:\/\/waldspurger.ch\/fr\/?s={search_term_string}\"},\"query-input\":{\"@type\":\"PropertyValueSpecification\",\"valueRequired\":true,\"valueName\":\"search_term_string\"}}],\"inLanguage\":\"fr-FR\"},{\"@type\":\"Organization\",\"@id\":\"https:\/\/waldspurger.ch\/fr\/#organization\",\"name\":\"Waldspurger AG\",\"url\":\"https:\/\/waldspurger.ch\/fr\/\",\"logo\":{\"@type\":\"ImageObject\",\"inLanguage\":\"fr-FR\",\"@id\":\"https:\/\/waldspurger.ch\/fr\/#\/schema\/logo\/image\/\",\"url\":\"https:\/\/waldspurger.ch\/wp-content\/uploads\/2022\/02\/logo_de.png\",\"contentUrl\":\"https:\/\/waldspurger.ch\/wp-content\/uploads\/2022\/02\/logo_de.png\",\"width\":320,\"height\":223,\"caption\":\"Waldspurger AG\"},\"image\":{\"@id\":\"https:\/\/waldspurger.ch\/fr\/#\/schema\/logo\/image\/\"},\"sameAs\":[\"https:\/\/ch.linkedin.com\/company\/waldspurger-bergdietikon\",\"https:\/\/www.youtube.com\/channel\/UC4BYucVfPuWzNF4hyfO3YTw\"]},{\"@type\":\"Person\",\"@id\":\"https:\/\/waldspurger.ch\/fr\/#\/schema\/person\/e92a92f5b5a240afd932a5eba15ae94c\",\"name\":\"Adminmoritzi\",\"image\":{\"@type\":\"ImageObject\",\"inLanguage\":\"fr-FR\",\"@id\":\"https:\/\/secure.gravatar.com\/avatar\/4f43fbec0cc1848d75d18da5595fa2e9d12bc02d9d761756323c70efe587d61a?s=96&d=mm&r=g\",\"url\":\"https:\/\/secure.gravatar.com\/avatar\/4f43fbec0cc1848d75d18da5595fa2e9d12bc02d9d761756323c70efe587d61a?s=96&d=mm&r=g\",\"contentUrl\":\"https:\/\/secure.gravatar.com\/avatar\/4f43fbec0cc1848d75d18da5595fa2e9d12bc02d9d761756323c70efe587d61a?s=96&d=mm&r=g\",\"caption\":\"Adminmoritzi\"}}]}<\/script>\n<!-- \/ Yoast SEO plugin. -->","yoast_head_json":{"title":"Si\u00e8ge-lit individuel - Waldspurger SA","robots":{"index":"index","follow":"follow","max-snippet":"max-snippet:-1","max-image-preview":"max-image-preview:large","max-video-preview":"max-video-preview:-1"},"canonical":"https:\/\/waldspurger.ch\/fr\/transport-de-personnes\/siege-individuel-banquette\/siege-lit-individuel\/","og_locale":"fr_FR","og_type":"article","og_title":"Si\u00e8ge-lit individuel - Waldspurger SA","og_description":"[vc_section full_width=\u00a0\u00bbstretch_row\u00a0\u00bb full_height=\u00a0\u00bbyes\u00a0\u00bb content_placement=\u00a0\u00bbtop\u00a0\u00bb css_animation=\u00a0\u00bbfadeIn\u00a0\u00bb css=\u00a0\u00bb.vc_custom_1740571098433{margin-top: 0px !important;border-top-width: 0px !important;padding-top: 0px !important;background-image: url(https:\/\/waldspurger.ch\/wp-content\/uploads\/2025\/02\/Waldspurger_AG_RelaX-Sitz_Einzel-Schlafsitz.jpg?id=78735) !important;background-position: center !important;background-repeat: no-repeat !important;background-size: cover !important;}\u00a0\u00bb...","og_url":"https:\/\/waldspurger.ch\/fr\/transport-de-personnes\/siege-individuel-banquette\/siege-lit-individuel\/","og_site_name":"Waldspurger SA","article_modified_time":"2025-04-15T13:04:07+00:00","og_image":[{"width":320,"height":223,"url":"https:\/\/waldspurger.ch\/wp-content\/uploads\/2022\/02\/logo_de.png","type":"image\/png"}],"twitter_card":"summary_large_image","schema":{"@context":"https:\/\/schema.org","@graph":[{"@type":"Article","@id":"https:\/\/waldspurger.ch\/fr\/transport-de-personnes\/siege-individuel-banquette\/siege-lit-individuel\/#article","isPartOf":{"@id":"https:\/\/waldspurger.ch\/fr\/transport-de-personnes\/siege-individuel-banquette\/siege-lit-individuel\/"},"author":{"name":"Adminmoritzi","@id":"https:\/\/waldspurger.ch\/fr\/#\/schema\/person\/e92a92f5b5a240afd932a5eba15ae94c"},"headline":"Si\u00e8ge-lit individuel","datePublished":"2025-02-18T14:23:06+00:00","dateModified":"2025-04-15T13:04:07+00:00","mainEntityOfPage":{"@id":"https:\/\/waldspurger.ch\/fr\/transport-de-personnes\/siege-individuel-banquette\/siege-lit-individuel\/"},"wordCount":1026,"publisher":{"@id":"https:\/\/waldspurger.ch\/fr\/#organization"},"inLanguage":"fr-FR"},{"@type":"WebPage","@id":"https:\/\/waldspurger.ch\/fr\/transport-de-personnes\/siege-individuel-banquette\/siege-lit-individuel\/","url":"https:\/\/waldspurger.ch\/fr\/transport-de-personnes\/siege-individuel-banquette\/siege-lit-individuel\/","name":"Si\u00e8ge-lit individuel - Waldspurger SA","isPartOf":{"@id":"https:\/\/waldspurger.ch\/fr\/#website"},"datePublished":"2025-02-18T14:23:06+00:00","dateModified":"2025-04-15T13:04:07+00:00","breadcrumb":{"@id":"https:\/\/waldspurger.ch\/fr\/transport-de-personnes\/siege-individuel-banquette\/siege-lit-individuel\/#breadcrumb"},"inLanguage":"fr-FR","potentialAction":[{"@type":"ReadAction","target":["https:\/\/waldspurger.ch\/fr\/transport-de-personnes\/siege-individuel-banquette\/siege-lit-individuel\/"]}]},{"@type":"BreadcrumbList","@id":"https:\/\/waldspurger.ch\/fr\/transport-de-personnes\/siege-individuel-banquette\/siege-lit-individuel\/#breadcrumb","itemListElement":[{"@type":"ListItem","position":1,"name":"Startseite","item":"https:\/\/waldspurger.ch\/fr\/"},{"@type":"ListItem","position":2,"name":"Transport de personnes","item":"https:\/\/waldspurger.ch\/fr\/transport-de-personnes\/"},{"@type":"ListItem","position":3,"name":"Si\u00e8ge individuel &#038; Banquette","item":"https:\/\/waldspurger.ch\/fr\/transport-de-personnes\/siege-individuel-banquette\/"},{"@type":"ListItem","position":4,"name":"Si\u00e8ge-lit individuel"}]},{"@type":"WebSite","@id":"https:\/\/waldspurger.ch\/fr\/#website","url":"https:\/\/waldspurger.ch\/fr\/","name":"Waldspurger SA","description":"Am\u00e9nagement","publisher":{"@id":"https:\/\/waldspurger.ch\/fr\/#organization"},"potentialAction":[{"@type":"SearchAction","target":{"@type":"EntryPoint","urlTemplate":"https:\/\/waldspurger.ch\/fr\/?s={search_term_string}"},"query-input":{"@type":"PropertyValueSpecification","valueRequired":true,"valueName":"search_term_string"}}],"inLanguage":"fr-FR"},{"@type":"Organization","@id":"https:\/\/waldspurger.ch\/fr\/#organization","name":"Waldspurger AG","url":"https:\/\/waldspurger.ch\/fr\/","logo":{"@type":"ImageObject","inLanguage":"fr-FR","@id":"https:\/\/waldspurger.ch\/fr\/#\/schema\/logo\/image\/","url":"https:\/\/waldspurger.ch\/wp-content\/uploads\/2022\/02\/logo_de.png","contentUrl":"https:\/\/waldspurger.ch\/wp-content\/uploads\/2022\/02\/logo_de.png","width":320,"height":223,"caption":"Waldspurger AG"},"image":{"@id":"https:\/\/waldspurger.ch\/fr\/#\/schema\/logo\/image\/"},"sameAs":["https:\/\/ch.linkedin.com\/company\/waldspurger-bergdietikon","https:\/\/www.youtube.com\/channel\/UC4BYucVfPuWzNF4hyfO3YTw"]},{"@type":"Person","@id":"https:\/\/waldspurger.ch\/fr\/#\/schema\/person\/e92a92f5b5a240afd932a5eba15ae94c","name":"Adminmoritzi","image":{"@type":"ImageObject","inLanguage":"fr-FR","@id":"https:\/\/secure.gravatar.com\/avatar\/4f43fbec0cc1848d75d18da5595fa2e9d12bc02d9d761756323c70efe587d61a?s=96&d=mm&r=g","url":"https:\/\/secure.gravatar.com\/avatar\/4f43fbec0cc1848d75d18da5595fa2e9d12bc02d9d761756323c70efe587d61a?s=96&d=mm&r=g","contentUrl":"https:\/\/secure.gravatar.com\/avatar\/4f43fbec0cc1848d75d18da5595fa2e9d12bc02d9d761756323c70efe587d61a?s=96&d=mm&r=g","caption":"Adminmoritzi"}}]}},"_links":{"self":[{"href":"https:\/\/waldspurger.ch\/fr\/wp-json\/wp\/v2\/pages\/78828","targetHints":{"allow":["GET"]}}],"collection":[{"href":"https:\/\/waldspurger.ch\/fr\/wp-json\/wp\/v2\/pages"}],"about":[{"href":"https:\/\/waldspurger.ch\/fr\/wp-json\/wp\/v2\/types\/page"}],"author":[{"embeddable":true,"href":"https:\/\/waldspurger.ch\/fr\/wp-json\/wp\/v2\/users\/1"}],"replies":[{"embeddable":true,"href":"https:\/\/waldspurger.ch\/fr\/wp-json\/wp\/v2\/comments?post=78828"}],"version-history":[{"count":11,"href":"https:\/\/waldspurger.ch\/fr\/wp-json\/wp\/v2\/pages\/78828\/revisions"}],"predecessor-version":[{"id":78945,"href":"https:\/\/waldspurger.ch\/fr\/wp-json\/wp\/v2\/pages\/78828\/revisions\/78945"}],"up":[{"embeddable":true,"href":"https:\/\/waldspurger.ch\/fr\/wp-json\/wp\/v2\/pages\/34831"}],"wp:attachment":[{"href":"https:\/\/waldspurger.ch\/fr\/wp-json\/wp\/v2\/media?parent=78828"}],"curies":[{"name":"wp","href":"https:\/\/api.w.org\/{rel}","templated":true}]}}