{"id":35017,"date":"2021-02-26T14:28:19","date_gmt":"2021-02-26T13:28:19","guid":{"rendered":"https:\/\/waldspurger.getads.ch\/accessoires\/hotte-de-toit-ventilateur-de-toit\/"},"modified":"2022-10-04T12:43:55","modified_gmt":"2022-10-04T10:43:55","slug":"hotte-de-toit-ventilateur-de-toit","status":"publish","type":"page","link":"https:\/\/waldspurger.ch\/fr\/accessoires\/hotte-de-toit-ventilateur-de-toit\/","title":{"rendered":"Hotte de toit &#038; ventilateur de toit"},"content":{"rendered":"<div class=\"wpb-content-wrapper\"><p>[vc_row css=\u00a0\u00bb.vc_custom_1619701534454{margin-top: 90px !important;padding-bottom: 30px !important;}\u00a0\u00bb el_id=\u00a0\u00bbkopf_rueckenprotektor\u00a0\u00bb][vc_column][vc_column_text css=\u00a0\u00bb.vc_custom_1646312727710{margin-top: 20px !important;margin-bottom: 20px !important;}\u00a0\u00bb el_class=\u00a0\u00bbcustom_maxwidth\u00a0\u00bb]<\/p>\n<h2><strong>HOTTE DE TOIT &amp; VENTILATEUR DE TOIT<\/strong><\/h2>\n<h3>TOUJOURS ASSEZ DE LUMI\u00c8RE ET D\u2019AIR<\/h3>\n<p>Les ventilateurs de toit \u00e9lectriques et les hottes de toit manuelles assurent un climat int\u00e9rieur agr\u00e9able et une bonne ventilation, et ils laissent entrer la lumi\u00e8re naturelle dans votre v\u00e9hicule. Que ce soit pour des raisons pratiques ou optiques \u2013 nous installons votre ventilation de mani\u00e8re appropri\u00e9e et professionnelle, l\u00e0 o\u00f9 vous le souhaitez.[\/vc_column_text][\/vc_column][\/vc_row][vc_row el_id=\u00a0\u00bbkopf_rueckenprotektor\u00a0\u00bb css=\u00a0\u00bb.vc_custom_1614673475910{padding-bottom: 70px !important;}\u00a0\u00bb][vc_column width=\u00a0\u00bb1\/2&Prime; mobile_margin_bottom=\u00a0\u00bb50&Prime;][vc_single_image image=\u00a0\u00bb32160&Prime; img_size=\u00a0\u00bbfull\u00a0\u00bb alignment=\u00a0\u00bbcenter\u00a0\u00bb css=\u00a0\u00bb.vc_custom_1641808497709{margin-top: 0px !important;}\u00a0\u00bb][vc_column_text el_class=\u00a0\u00bbcustom_maxwidth custom_dachhaube\u00a0\u00bb]<\/p>\n<h3><strong>HOTTE DE TOIT<\/strong><\/h3>\n<p>Une hotte de toit manuelle assure un bon climat et une bonne ventilation \u00e0 l\u2019int\u00e9rieur du v\u00e9hicule. De plus, elle laisse entrer la lumi\u00e8re naturelle dans le v\u00e9hicule. Gr\u00e2ce \u00e0 son faible poids propre, cette solution convient \u00e9galement pour les v\u00e9hicules dont la charge utile est faible.[\/vc_column_text][\/vc_column][vc_column width=\u00a0\u00bb1\/2&Prime;][vc_single_image image=\u00a0\u00bb32382&Prime; img_size=\u00a0\u00bbfull\u00a0\u00bb css=\u00a0\u00bb.vc_custom_1641302820510{margin-top: 0px !important;}\u00a0\u00bb][vc_column_text el_class=\u00a0\u00bbcustom_maxwidth custom_dachhaube\u00a0\u00bb]<\/p>\n<h3><strong>VENTILATEURS DE TOIT \u00c9LECTRIQUES<\/strong><\/h3>\n<p>Le ventilateur de toit \u00e9lectrique peut expulser l&rsquo;air chaud ou faire entrer l&rsquo;air froid. Pour cr\u00e9er un climat agr\u00e9able et une circulation d\u2019air optimale. Gr\u00e2ce \u00e0 son faible poids propre, cette solution convient \u00e9galement pour les v\u00e9hicules dont la charge utile est faible.[\/vc_column_text][\/vc_column][\/vc_row]<\/p>\n<\/div>","protected":false},"excerpt":{"rendered":"<p>[vc_row css=\u00a0\u00bb.vc_custom_1619701534454{margin-top: 90px !important;padding-bottom: 30px !important;}\u00a0\u00bb el_id=\u00a0\u00bbkopf_rueckenprotektor\u00a0\u00bb][vc_column][vc_column_text css=\u00a0\u00bb.vc_custom_1646312727710{margin-top: 20px !important;margin-bottom: 20px !important;}\u00a0\u00bb el_class=\u00a0\u00bbcustom_maxwidth\u00a0\u00bb] HOTTE DE TOIT &amp; VENTILATEUR DE TOIT&#8230;<\/p>\n","protected":false},"author":1,"featured_media":0,"parent":34781,"menu_order":0,"comment_status":"closed","ping_status":"closed","template":"","meta":{"footnotes":""},"class_list":["post-35017","page","type-page","status-publish"],"yoast_head":"<!-- This site is optimized with the Yoast SEO plugin v27.2 - https:\/\/yoast.com\/product\/yoast-seo-wordpress\/ -->\n<title>Hotte de toit &amp; ventilateur de toit - Waldspurger SA<\/title>\n<meta name=\"description\" content=\"Les ventilateurs de toit \u00e9lectriques et les hottes de toit manuelles assurent un climat int\u00e9rieur agr\u00e9able et une bonne ventilation, et ils laissent entrer la lumi\u00e8re naturelle dans votre v\u00e9hicule.\" \/>\n<meta name=\"robots\" content=\"index, follow, max-snippet:-1, max-image-preview:large, max-video-preview:-1\" \/>\n<link rel=\"canonical\" href=\"https:\/\/waldspurger.ch\/fr\/accessoires\/hotte-de-toit-ventilateur-de-toit\/\" \/>\n<meta property=\"og:locale\" content=\"fr_FR\" \/>\n<meta property=\"og:type\" content=\"article\" \/>\n<meta property=\"og:title\" content=\"Hotte de toit &amp; ventilateur de toit - Waldspurger SA\" \/>\n<meta property=\"og:description\" content=\"Les ventilateurs de toit \u00e9lectriques et les hottes de toit manuelles assurent un climat int\u00e9rieur agr\u00e9able et une bonne ventilation, et ils laissent entrer la lumi\u00e8re naturelle dans votre v\u00e9hicule.\" \/>\n<meta property=\"og:url\" content=\"https:\/\/waldspurger.ch\/fr\/accessoires\/hotte-de-toit-ventilateur-de-toit\/\" \/>\n<meta property=\"og:site_name\" content=\"Waldspurger SA\" \/>\n<meta property=\"article:modified_time\" content=\"2022-10-04T10:43:55+00:00\" \/>\n<meta property=\"og:image\" content=\"https:\/\/waldspurger.ch\/wp-content\/uploads\/2022\/02\/logo_de.png\" \/>\n\t<meta property=\"og:image:width\" content=\"320\" \/>\n\t<meta property=\"og:image:height\" content=\"223\" \/>\n\t<meta property=\"og:image:type\" content=\"image\/png\" \/>\n<meta name=\"twitter:card\" content=\"summary_large_image\" \/>\n<script type=\"application\/ld+json\" class=\"yoast-schema-graph\">{\"@context\":\"https:\/\/schema.org\",\"@graph\":[{\"@type\":\"Article\",\"@id\":\"https:\/\/waldspurger.ch\/fr\/accessoires\/hotte-de-toit-ventilateur-de-toit\/#article\",\"isPartOf\":{\"@id\":\"https:\/\/waldspurger.ch\/fr\/accessoires\/hotte-de-toit-ventilateur-de-toit\/\"},\"author\":{\"name\":\"Adminmoritzi\",\"@id\":\"https:\/\/waldspurger.ch\/fr\/#\/schema\/person\/e92a92f5b5a240afd932a5eba15ae94c\"},\"headline\":\"Hotte de toit &#038; ventilateur de toit\",\"datePublished\":\"2021-02-26T13:28:19+00:00\",\"dateModified\":\"2022-10-04T10:43:55+00:00\",\"mainEntityOfPage\":{\"@id\":\"https:\/\/waldspurger.ch\/fr\/accessoires\/hotte-de-toit-ventilateur-de-toit\/\"},\"wordCount\":307,\"publisher\":{\"@id\":\"https:\/\/waldspurger.ch\/fr\/#organization\"},\"inLanguage\":\"fr-FR\"},{\"@type\":\"WebPage\",\"@id\":\"https:\/\/waldspurger.ch\/fr\/accessoires\/hotte-de-toit-ventilateur-de-toit\/\",\"url\":\"https:\/\/waldspurger.ch\/fr\/accessoires\/hotte-de-toit-ventilateur-de-toit\/\",\"name\":\"Hotte de toit & ventilateur de toit - Waldspurger SA\",\"isPartOf\":{\"@id\":\"https:\/\/waldspurger.ch\/fr\/#website\"},\"datePublished\":\"2021-02-26T13:28:19+00:00\",\"dateModified\":\"2022-10-04T10:43:55+00:00\",\"description\":\"Les ventilateurs de toit \u00e9lectriques et les hottes de toit manuelles assurent un climat int\u00e9rieur agr\u00e9able et une bonne ventilation, et ils laissent entrer la lumi\u00e8re naturelle dans votre v\u00e9hicule.\",\"breadcrumb\":{\"@id\":\"https:\/\/waldspurger.ch\/fr\/accessoires\/hotte-de-toit-ventilateur-de-toit\/#breadcrumb\"},\"inLanguage\":\"fr-FR\",\"potentialAction\":[{\"@type\":\"ReadAction\",\"target\":[\"https:\/\/waldspurger.ch\/fr\/accessoires\/hotte-de-toit-ventilateur-de-toit\/\"]}]},{\"@type\":\"BreadcrumbList\",\"@id\":\"https:\/\/waldspurger.ch\/fr\/accessoires\/hotte-de-toit-ventilateur-de-toit\/#breadcrumb\",\"itemListElement\":[{\"@type\":\"ListItem\",\"position\":1,\"name\":\"Startseite\",\"item\":\"https:\/\/waldspurger.ch\/fr\/\"},{\"@type\":\"ListItem\",\"position\":2,\"name\":\"Accessoires\",\"item\":\"https:\/\/waldspurger.ch\/fr\/accessoires\/\"},{\"@type\":\"ListItem\",\"position\":3,\"name\":\"Hotte de toit &#038; ventilateur de toit\"}]},{\"@type\":\"WebSite\",\"@id\":\"https:\/\/waldspurger.ch\/fr\/#website\",\"url\":\"https:\/\/waldspurger.ch\/fr\/\",\"name\":\"Waldspurger SA\",\"description\":\"Am\u00e9nagement\",\"publisher\":{\"@id\":\"https:\/\/waldspurger.ch\/fr\/#organization\"},\"potentialAction\":[{\"@type\":\"SearchAction\",\"target\":{\"@type\":\"EntryPoint\",\"urlTemplate\":\"https:\/\/waldspurger.ch\/fr\/?s={search_term_string}\"},\"query-input\":{\"@type\":\"PropertyValueSpecification\",\"valueRequired\":true,\"valueName\":\"search_term_string\"}}],\"inLanguage\":\"fr-FR\"},{\"@type\":\"Organization\",\"@id\":\"https:\/\/waldspurger.ch\/fr\/#organization\",\"name\":\"Waldspurger AG\",\"url\":\"https:\/\/waldspurger.ch\/fr\/\",\"logo\":{\"@type\":\"ImageObject\",\"inLanguage\":\"fr-FR\",\"@id\":\"https:\/\/waldspurger.ch\/fr\/#\/schema\/logo\/image\/\",\"url\":\"https:\/\/waldspurger.ch\/wp-content\/uploads\/2022\/02\/logo_de.png\",\"contentUrl\":\"https:\/\/waldspurger.ch\/wp-content\/uploads\/2022\/02\/logo_de.png\",\"width\":320,\"height\":223,\"caption\":\"Waldspurger AG\"},\"image\":{\"@id\":\"https:\/\/waldspurger.ch\/fr\/#\/schema\/logo\/image\/\"},\"sameAs\":[\"https:\/\/ch.linkedin.com\/company\/waldspurger-bergdietikon\",\"https:\/\/www.youtube.com\/channel\/UC4BYucVfPuWzNF4hyfO3YTw\"]},{\"@type\":\"Person\",\"@id\":\"https:\/\/waldspurger.ch\/fr\/#\/schema\/person\/e92a92f5b5a240afd932a5eba15ae94c\",\"name\":\"Adminmoritzi\",\"image\":{\"@type\":\"ImageObject\",\"inLanguage\":\"fr-FR\",\"@id\":\"https:\/\/secure.gravatar.com\/avatar\/4f43fbec0cc1848d75d18da5595fa2e9d12bc02d9d761756323c70efe587d61a?s=96&d=mm&r=g\",\"url\":\"https:\/\/secure.gravatar.com\/avatar\/4f43fbec0cc1848d75d18da5595fa2e9d12bc02d9d761756323c70efe587d61a?s=96&d=mm&r=g\",\"contentUrl\":\"https:\/\/secure.gravatar.com\/avatar\/4f43fbec0cc1848d75d18da5595fa2e9d12bc02d9d761756323c70efe587d61a?s=96&d=mm&r=g\",\"caption\":\"Adminmoritzi\"}}]}<\/script>\n<!-- \/ Yoast SEO plugin. -->","yoast_head_json":{"title":"Hotte de toit & ventilateur de toit - Waldspurger SA","description":"Les ventilateurs de toit \u00e9lectriques et les hottes de toit manuelles assurent un climat int\u00e9rieur agr\u00e9able et une bonne ventilation, et ils laissent entrer la lumi\u00e8re naturelle dans votre v\u00e9hicule.","robots":{"index":"index","follow":"follow","max-snippet":"max-snippet:-1","max-image-preview":"max-image-preview:large","max-video-preview":"max-video-preview:-1"},"canonical":"https:\/\/waldspurger.ch\/fr\/accessoires\/hotte-de-toit-ventilateur-de-toit\/","og_locale":"fr_FR","og_type":"article","og_title":"Hotte de toit & ventilateur de toit - Waldspurger SA","og_description":"Les ventilateurs de toit \u00e9lectriques et les hottes de toit manuelles assurent un climat int\u00e9rieur agr\u00e9able et une bonne ventilation, et ils laissent entrer la lumi\u00e8re naturelle dans votre v\u00e9hicule.","og_url":"https:\/\/waldspurger.ch\/fr\/accessoires\/hotte-de-toit-ventilateur-de-toit\/","og_site_name":"Waldspurger SA","article_modified_time":"2022-10-04T10:43:55+00:00","og_image":[{"width":320,"height":223,"url":"https:\/\/waldspurger.ch\/wp-content\/uploads\/2022\/02\/logo_de.png","type":"image\/png"}],"twitter_card":"summary_large_image","schema":{"@context":"https:\/\/schema.org","@graph":[{"@type":"Article","@id":"https:\/\/waldspurger.ch\/fr\/accessoires\/hotte-de-toit-ventilateur-de-toit\/#article","isPartOf":{"@id":"https:\/\/waldspurger.ch\/fr\/accessoires\/hotte-de-toit-ventilateur-de-toit\/"},"author":{"name":"Adminmoritzi","@id":"https:\/\/waldspurger.ch\/fr\/#\/schema\/person\/e92a92f5b5a240afd932a5eba15ae94c"},"headline":"Hotte de toit &#038; ventilateur de toit","datePublished":"2021-02-26T13:28:19+00:00","dateModified":"2022-10-04T10:43:55+00:00","mainEntityOfPage":{"@id":"https:\/\/waldspurger.ch\/fr\/accessoires\/hotte-de-toit-ventilateur-de-toit\/"},"wordCount":307,"publisher":{"@id":"https:\/\/waldspurger.ch\/fr\/#organization"},"inLanguage":"fr-FR"},{"@type":"WebPage","@id":"https:\/\/waldspurger.ch\/fr\/accessoires\/hotte-de-toit-ventilateur-de-toit\/","url":"https:\/\/waldspurger.ch\/fr\/accessoires\/hotte-de-toit-ventilateur-de-toit\/","name":"Hotte de toit & ventilateur de toit - Waldspurger SA","isPartOf":{"@id":"https:\/\/waldspurger.ch\/fr\/#website"},"datePublished":"2021-02-26T13:28:19+00:00","dateModified":"2022-10-04T10:43:55+00:00","description":"Les ventilateurs de toit \u00e9lectriques et les hottes de toit manuelles assurent un climat int\u00e9rieur agr\u00e9able et une bonne ventilation, et ils laissent entrer la lumi\u00e8re naturelle dans votre v\u00e9hicule.","breadcrumb":{"@id":"https:\/\/waldspurger.ch\/fr\/accessoires\/hotte-de-toit-ventilateur-de-toit\/#breadcrumb"},"inLanguage":"fr-FR","potentialAction":[{"@type":"ReadAction","target":["https:\/\/waldspurger.ch\/fr\/accessoires\/hotte-de-toit-ventilateur-de-toit\/"]}]},{"@type":"BreadcrumbList","@id":"https:\/\/waldspurger.ch\/fr\/accessoires\/hotte-de-toit-ventilateur-de-toit\/#breadcrumb","itemListElement":[{"@type":"ListItem","position":1,"name":"Startseite","item":"https:\/\/waldspurger.ch\/fr\/"},{"@type":"ListItem","position":2,"name":"Accessoires","item":"https:\/\/waldspurger.ch\/fr\/accessoires\/"},{"@type":"ListItem","position":3,"name":"Hotte de toit &#038; ventilateur de toit"}]},{"@type":"WebSite","@id":"https:\/\/waldspurger.ch\/fr\/#website","url":"https:\/\/waldspurger.ch\/fr\/","name":"Waldspurger SA","description":"Am\u00e9nagement","publisher":{"@id":"https:\/\/waldspurger.ch\/fr\/#organization"},"potentialAction":[{"@type":"SearchAction","target":{"@type":"EntryPoint","urlTemplate":"https:\/\/waldspurger.ch\/fr\/?s={search_term_string}"},"query-input":{"@type":"PropertyValueSpecification","valueRequired":true,"valueName":"search_term_string"}}],"inLanguage":"fr-FR"},{"@type":"Organization","@id":"https:\/\/waldspurger.ch\/fr\/#organization","name":"Waldspurger AG","url":"https:\/\/waldspurger.ch\/fr\/","logo":{"@type":"ImageObject","inLanguage":"fr-FR","@id":"https:\/\/waldspurger.ch\/fr\/#\/schema\/logo\/image\/","url":"https:\/\/waldspurger.ch\/wp-content\/uploads\/2022\/02\/logo_de.png","contentUrl":"https:\/\/waldspurger.ch\/wp-content\/uploads\/2022\/02\/logo_de.png","width":320,"height":223,"caption":"Waldspurger AG"},"image":{"@id":"https:\/\/waldspurger.ch\/fr\/#\/schema\/logo\/image\/"},"sameAs":["https:\/\/ch.linkedin.com\/company\/waldspurger-bergdietikon","https:\/\/www.youtube.com\/channel\/UC4BYucVfPuWzNF4hyfO3YTw"]},{"@type":"Person","@id":"https:\/\/waldspurger.ch\/fr\/#\/schema\/person\/e92a92f5b5a240afd932a5eba15ae94c","name":"Adminmoritzi","image":{"@type":"ImageObject","inLanguage":"fr-FR","@id":"https:\/\/secure.gravatar.com\/avatar\/4f43fbec0cc1848d75d18da5595fa2e9d12bc02d9d761756323c70efe587d61a?s=96&d=mm&r=g","url":"https:\/\/secure.gravatar.com\/avatar\/4f43fbec0cc1848d75d18da5595fa2e9d12bc02d9d761756323c70efe587d61a?s=96&d=mm&r=g","contentUrl":"https:\/\/secure.gravatar.com\/avatar\/4f43fbec0cc1848d75d18da5595fa2e9d12bc02d9d761756323c70efe587d61a?s=96&d=mm&r=g","caption":"Adminmoritzi"}}]}},"_links":{"self":[{"href":"https:\/\/waldspurger.ch\/fr\/wp-json\/wp\/v2\/pages\/35017","targetHints":{"allow":["GET"]}}],"collection":[{"href":"https:\/\/waldspurger.ch\/fr\/wp-json\/wp\/v2\/pages"}],"about":[{"href":"https:\/\/waldspurger.ch\/fr\/wp-json\/wp\/v2\/types\/page"}],"author":[{"embeddable":true,"href":"https:\/\/waldspurger.ch\/fr\/wp-json\/wp\/v2\/users\/1"}],"replies":[{"embeddable":true,"href":"https:\/\/waldspurger.ch\/fr\/wp-json\/wp\/v2\/comments?post=35017"}],"version-history":[{"count":0,"href":"https:\/\/waldspurger.ch\/fr\/wp-json\/wp\/v2\/pages\/35017\/revisions"}],"up":[{"embeddable":true,"href":"https:\/\/waldspurger.ch\/fr\/wp-json\/wp\/v2\/pages\/34781"}],"wp:attachment":[{"href":"https:\/\/waldspurger.ch\/fr\/wp-json\/wp\/v2\/media?parent=35017"}],"curies":[{"name":"wp","href":"https:\/\/api.w.org\/{rel}","templated":true}]}}