{"id":35008,"date":"2021-02-09T10:46:39","date_gmt":"2021-02-09T09:46:39","guid":{"rendered":"https:\/\/waldspurger.getads.ch\/accessoires\/aides-a-la-montee\/"},"modified":"2022-03-08T11:54:02","modified_gmt":"2022-03-08T10:54:02","slug":"aides-a-la-montee","status":"publish","type":"page","link":"https:\/\/waldspurger.ch\/fr\/accessoires\/aides-a-la-montee\/","title":{"rendered":"Aides \u00e0 la mont\u00e9e"},"content":{"rendered":"<div class=\"wpb-content-wrapper\"><p>[vc_row css=\u00a0\u00bb.vc_custom_1641806570906{margin-top: 90px !important;}\u00a0\u00bb el_id=\u00a0\u00bbkopf_rueckenprotektor\u00a0\u00bb mobile_margin_bottom=\u00a0\u00bb50&Prime;][vc_column][vc_column_text css=\u00a0\u00bb.vc_custom_1646312495241{margin-top: 20px !important;margin-bottom: 40px !important;}\u00a0\u00bb el_class=\u00a0\u00bbcustom_maxwidth\u00a0\u00bb]<\/p>\n<h2><strong>AIDES \u00c0 LA MONT\u00c9E<\/strong><\/h2>\n<h3>PLUS DE CONFORT ET DE S\u00c9CURIT\u00c9<\/h3>\n<p>Faciliter la mont\u00e9e et la descente du v\u00e9hicule augmente le confort et la s\u00e9curit\u00e9. C&rsquo;est pourquoi, nous proposons diverses aides \u00e0 la mont\u00e9e tels que des marchepieds \u00e9lectriques ou des barres de maintien.[\/vc_column_text][\/vc_column][\/vc_row][vc_row css=\u00a0\u00bb.vc_custom_1640614862642{margin-top: 0px !important;margin-bottom: 0px !important;padding-top: 0px !important;padding-bottom: 0px !important;}\u00a0\u00bb][vc_column width=\u00a0\u00bb1\/2&Prime; css=\u00a0\u00bb.vc_custom_1641806538246{margin-top: 0px !important;margin-bottom: 0px !important;padding-top: 0px !important;padding-bottom: 50px !important;}\u00a0\u00bb][vc_single_image image=\u00a0\u00bb32376&Prime; img_size=\u00a0\u00bbfull\u00a0\u00bb css=\u00a0\u00bb.vc_custom_1641302759277{margin-top: 0px !important;}\u00a0\u00bb][vc_column_text css=\u00a0\u00bb.vc_custom_1646312511026{margin-top: 20px !important;}\u00a0\u00bb]<\/p>\n<h3><span style=\"color: #b32022;\">MARCHEPIEDS \u00c9LECTRIQUES<\/span><\/h3>\n<p>Notre marchepied \u00e9lectrique vous permet de monter dans votre bus confortablement et en toute s\u00e9curit\u00e9. Il est soit actionn\u00e9 par un interrupteur \u00e0 bascule situ\u00e9 sur la colonne B apr\u00e8s l&rsquo;ouverture de la porte coulissante, soit sorti automatiquement \u00e0 l&rsquo;ouverture de la porte. Fabriqu\u00e9 en acier chrom\u00e9 de haute qualit\u00e9, il a un poids propre tr\u00e8s faible malgr\u00e9 sa construction solide. Il offre donc \u00e0 la fois une capacit\u00e9 de charge tr\u00e8s \u00e9lev\u00e9e et la possibilit\u00e9 de profiter pleinement des capacit\u00e9s de votre v\u00e9hicule.[\/vc_column_text][\/vc_column][vc_column width=\u00a0\u00bb1\/2&Prime; css=\u00a0\u00bb.vc_custom_1640614923762{margin-top: 0px !important;margin-bottom: 0px !important;padding-top: 0px !important;padding-bottom: 50px !important;}\u00a0\u00bb][vc_single_image image=\u00a0\u00bb32374&Prime; img_size=\u00a0\u00bbfull\u00a0\u00bb alignment=\u00a0\u00bbcenter\u00a0\u00bb css=\u00a0\u00bb.vc_custom_1641302765083{margin-top: 0px !important;}\u00a0\u00bb][vc_column_text css=\u00a0\u00bb.vc_custom_1646312527032{margin-top: 20px !important;margin-bottom: 20px !important;}\u00a0\u00bb]<\/p>\n<h3><span style=\"color: #b32022;\">POIGN\u00c9ES DE MAINTIEN \u00c0 LA COLONNE A<\/span><\/h3>\n<p>Des poign\u00e9es suppl\u00e9mentaires offrent encore plus de confort et de s\u00e9curit\u00e9 pour le passager avant. \u00c0 l\u2019aide d\u2019une poign\u00e9e, le passager avant se hisse ais\u00e9ment sur son si\u00e8ge.[\/vc_column_text][\/vc_column][\/vc_row][vc_row full_width=\u00a0\u00bbstretch_row\u00a0\u00bb css=\u00a0\u00bb.vc_custom_1640614959012{margin-top: 0px !important;margin-bottom: 0px !important;padding-top: 50px !important;padding-bottom: 0px !important;background-color: #f2f2f2 !important;}\u00a0\u00bb][vc_column width=\u00a0\u00bb1\/2&Prime; css=\u00a0\u00bb.vc_custom_1640614973802{margin-top: 0px !important;margin-bottom: 0px !important;padding-top: 0px !important;padding-bottom: 50px !important;}\u00a0\u00bb][vc_single_image image=\u00a0\u00bb32372&Prime; img_size=\u00a0\u00bbfull\u00a0\u00bb alignment=\u00a0\u00bbcenter\u00a0\u00bb css=\u00a0\u00bb.vc_custom_1641302771213{margin-top: 0px !important;}\u00a0\u00bb][vc_column_text css=\u00a0\u00bb.vc_custom_1646312542985{margin-top: 20px !important;}\u00a0\u00bb]<\/p>\n<h3><span style=\"color: #b32022;\">POIGN\u00c9ES DE MAINTIEN \u00c0 LA COLONNE B<\/span><\/h3>\n<p>La barre de maintien \u00e0 la colonne B facilite l&rsquo;acc\u00e8s. Une grande poign\u00e9e facilite la mont\u00e9e et la descente par la porte coulissante. Dans notre propre atelier de serrurerie, nous pouvons fabriquer des barres de maintien selon vos souhaits et sur mesure.[\/vc_column_text][\/vc_column][vc_column width=\u00a0\u00bb1\/2&Prime; css=\u00a0\u00bb.vc_custom_1640614987709{margin-top: 0px !important;margin-bottom: 0px !important;padding-top: 0px !important;padding-bottom: 50px !important;}\u00a0\u00bb][vc_single_image image=\u00a0\u00bb32368&Prime; img_size=\u00a0\u00bbfull\u00a0\u00bb alignment=\u00a0\u00bbcenter\u00a0\u00bb css=\u00a0\u00bb.vc_custom_1641302775545{margin-top: 0px !important;}\u00a0\u00bb][vc_column_text css=\u00a0\u00bb.vc_custom_1646312558157{margin-top: 20px !important;margin-bottom: 20px !important;}\u00a0\u00bb]<\/p>\n<h3><span style=\"color: #b32022;\">BARRES DE MAINTIEN \u00c0 LA COLONNE C<\/span><\/h3>\n<p>Des barres de maintien suppl\u00e9mentaires augmentent la s\u00e9curit\u00e9 et le confort des passagers entrant par la porte coulissante. De plus, elles assurent la s\u00e9curit\u00e9 pendant le trajet. Dans notre propre atelier de serrurerie, nous pouvons fabriquer des barres de maintien selon vos souhaits et sur mesure.[\/vc_column_text][\/vc_column][\/vc_row][vc_row css=\u00a0\u00bb.vc_custom_1640615060853{margin-top: 0px !important;margin-bottom: 0px !important;padding-top: 50px !important;padding-bottom: 0px !important;}\u00a0\u00bb][vc_column width=\u00a0\u00bb1\/2&Prime; css=\u00a0\u00bb.vc_custom_1640615048238{margin-top: 0px !important;margin-bottom: 0px !important;padding-top: 0px !important;padding-bottom: 50px !important;}\u00a0\u00bb][vc_single_image image=\u00a0\u00bb32370&Prime; img_size=\u00a0\u00bbfull\u00a0\u00bb css=\u00a0\u00bb.vc_custom_1641302781316{margin-top: 0px !important;}\u00a0\u00bb][vc_column_text css=\u00a0\u00bb.vc_custom_1646312575496{margin-top: 20px !important;}\u00a0\u00bb]<\/p>\n<h3><span style=\"color: #b32022;\">BARRES DE MAINTIEN \u00c0 LA COLONNE C AVEC PROTECTION CONTRE LE COINCEMENT<\/span><\/h3>\n<p>Pour les si\u00e8ges qui se trouvent tout pr\u00e8s de la porte coulissante, nous proposons des barres de maintien avec une protection contre le coincement. Gr\u00e2ce \u00e0 une t\u00f4le parfaitement adapt\u00e9e, les mains et les pieds sont prot\u00e9g\u00e9s en cas de fermeture de la porte coulissante. De plus, cela emp\u00eache que les passagers puissent tomber du v\u00e9hicule et se faire mal.[\/vc_column_text][\/vc_column][\/vc_row]<\/p>\n<\/div>","protected":false},"excerpt":{"rendered":"<p>[vc_row css=\u00a0\u00bb.vc_custom_1641806570906{margin-top: 90px !important;}\u00a0\u00bb el_id=\u00a0\u00bbkopf_rueckenprotektor\u00a0\u00bb mobile_margin_bottom=\u00a0\u00bb50&Prime;][vc_column][vc_column_text css=\u00a0\u00bb.vc_custom_1646312495241{margin-top: 20px !important;margin-bottom: 40px !important;}\u00a0\u00bb el_class=\u00a0\u00bbcustom_maxwidth\u00a0\u00bb] AIDES \u00c0 LA MONT\u00c9E PLUS DE CONFORT ET&#8230;<\/p>\n","protected":false},"author":1,"featured_media":0,"parent":34781,"menu_order":0,"comment_status":"closed","ping_status":"closed","template":"","meta":{"footnotes":""},"class_list":["post-35008","page","type-page","status-publish"],"yoast_head":"<!-- This site is optimized with the Yoast SEO plugin v27.2 - https:\/\/yoast.com\/product\/yoast-seo-wordpress\/ -->\n<title>Aides \u00e0 la mont\u00e9e - Waldspurger SA<\/title>\n<meta name=\"robots\" content=\"index, follow, max-snippet:-1, max-image-preview:large, max-video-preview:-1\" \/>\n<link rel=\"canonical\" href=\"https:\/\/waldspurger.ch\/fr\/accessoires\/aides-a-la-montee\/\" \/>\n<meta property=\"og:locale\" content=\"fr_FR\" \/>\n<meta property=\"og:type\" content=\"article\" \/>\n<meta property=\"og:title\" content=\"Aides \u00e0 la mont\u00e9e - Waldspurger SA\" \/>\n<meta property=\"og:description\" content=\"[vc_row css=\u00a0\u00bb.vc_custom_1641806570906{margin-top: 90px !important;}\u00a0\u00bb el_id=\u00a0\u00bbkopf_rueckenprotektor\u00a0\u00bb mobile_margin_bottom=\u00a0\u00bb50&Prime;][vc_column][vc_column_text css=\u00a0\u00bb.vc_custom_1646312495241{margin-top: 20px !important;margin-bottom: 40px !important;}\u00a0\u00bb el_class=\u00a0\u00bbcustom_maxwidth\u00a0\u00bb] AIDES \u00c0 LA MONT\u00c9E PLUS DE CONFORT ET...\" \/>\n<meta property=\"og:url\" content=\"https:\/\/waldspurger.ch\/fr\/accessoires\/aides-a-la-montee\/\" \/>\n<meta property=\"og:site_name\" content=\"Waldspurger SA\" \/>\n<meta property=\"article:modified_time\" content=\"2022-03-08T10:54:02+00:00\" \/>\n<meta property=\"og:image\" content=\"https:\/\/waldspurger.ch\/wp-content\/uploads\/2022\/02\/logo_de.png\" \/>\n\t<meta property=\"og:image:width\" content=\"320\" \/>\n\t<meta property=\"og:image:height\" content=\"223\" \/>\n\t<meta property=\"og:image:type\" content=\"image\/png\" \/>\n<meta name=\"twitter:card\" content=\"summary_large_image\" \/>\n<script type=\"application\/ld+json\" class=\"yoast-schema-graph\">{\"@context\":\"https:\/\/schema.org\",\"@graph\":[{\"@type\":\"Article\",\"@id\":\"https:\/\/waldspurger.ch\/fr\/accessoires\/aides-a-la-montee\/#article\",\"isPartOf\":{\"@id\":\"https:\/\/waldspurger.ch\/fr\/accessoires\/aides-a-la-montee\/\"},\"author\":{\"name\":\"Adminmoritzi\",\"@id\":\"https:\/\/waldspurger.ch\/fr\/#\/schema\/person\/e92a92f5b5a240afd932a5eba15ae94c\"},\"headline\":\"Aides \u00e0 la mont\u00e9e\",\"datePublished\":\"2021-02-09T09:46:39+00:00\",\"dateModified\":\"2022-03-08T10:54:02+00:00\",\"mainEntityOfPage\":{\"@id\":\"https:\/\/waldspurger.ch\/fr\/accessoires\/aides-a-la-montee\/\"},\"wordCount\":715,\"publisher\":{\"@id\":\"https:\/\/waldspurger.ch\/fr\/#organization\"},\"inLanguage\":\"fr-FR\"},{\"@type\":\"WebPage\",\"@id\":\"https:\/\/waldspurger.ch\/fr\/accessoires\/aides-a-la-montee\/\",\"url\":\"https:\/\/waldspurger.ch\/fr\/accessoires\/aides-a-la-montee\/\",\"name\":\"Aides \u00e0 la mont\u00e9e - Waldspurger SA\",\"isPartOf\":{\"@id\":\"https:\/\/waldspurger.ch\/fr\/#website\"},\"datePublished\":\"2021-02-09T09:46:39+00:00\",\"dateModified\":\"2022-03-08T10:54:02+00:00\",\"breadcrumb\":{\"@id\":\"https:\/\/waldspurger.ch\/fr\/accessoires\/aides-a-la-montee\/#breadcrumb\"},\"inLanguage\":\"fr-FR\",\"potentialAction\":[{\"@type\":\"ReadAction\",\"target\":[\"https:\/\/waldspurger.ch\/fr\/accessoires\/aides-a-la-montee\/\"]}]},{\"@type\":\"BreadcrumbList\",\"@id\":\"https:\/\/waldspurger.ch\/fr\/accessoires\/aides-a-la-montee\/#breadcrumb\",\"itemListElement\":[{\"@type\":\"ListItem\",\"position\":1,\"name\":\"Startseite\",\"item\":\"https:\/\/waldspurger.ch\/fr\/\"},{\"@type\":\"ListItem\",\"position\":2,\"name\":\"Accessoires\",\"item\":\"https:\/\/waldspurger.ch\/fr\/accessoires\/\"},{\"@type\":\"ListItem\",\"position\":3,\"name\":\"Aides \u00e0 la mont\u00e9e\"}]},{\"@type\":\"WebSite\",\"@id\":\"https:\/\/waldspurger.ch\/fr\/#website\",\"url\":\"https:\/\/waldspurger.ch\/fr\/\",\"name\":\"Waldspurger SA\",\"description\":\"Am\u00e9nagement\",\"publisher\":{\"@id\":\"https:\/\/waldspurger.ch\/fr\/#organization\"},\"potentialAction\":[{\"@type\":\"SearchAction\",\"target\":{\"@type\":\"EntryPoint\",\"urlTemplate\":\"https:\/\/waldspurger.ch\/fr\/?s={search_term_string}\"},\"query-input\":{\"@type\":\"PropertyValueSpecification\",\"valueRequired\":true,\"valueName\":\"search_term_string\"}}],\"inLanguage\":\"fr-FR\"},{\"@type\":\"Organization\",\"@id\":\"https:\/\/waldspurger.ch\/fr\/#organization\",\"name\":\"Waldspurger AG\",\"url\":\"https:\/\/waldspurger.ch\/fr\/\",\"logo\":{\"@type\":\"ImageObject\",\"inLanguage\":\"fr-FR\",\"@id\":\"https:\/\/waldspurger.ch\/fr\/#\/schema\/logo\/image\/\",\"url\":\"https:\/\/waldspurger.ch\/wp-content\/uploads\/2022\/02\/logo_de.png\",\"contentUrl\":\"https:\/\/waldspurger.ch\/wp-content\/uploads\/2022\/02\/logo_de.png\",\"width\":320,\"height\":223,\"caption\":\"Waldspurger AG\"},\"image\":{\"@id\":\"https:\/\/waldspurger.ch\/fr\/#\/schema\/logo\/image\/\"},\"sameAs\":[\"https:\/\/ch.linkedin.com\/company\/waldspurger-bergdietikon\",\"https:\/\/www.youtube.com\/channel\/UC4BYucVfPuWzNF4hyfO3YTw\"]},{\"@type\":\"Person\",\"@id\":\"https:\/\/waldspurger.ch\/fr\/#\/schema\/person\/e92a92f5b5a240afd932a5eba15ae94c\",\"name\":\"Adminmoritzi\",\"image\":{\"@type\":\"ImageObject\",\"inLanguage\":\"fr-FR\",\"@id\":\"https:\/\/secure.gravatar.com\/avatar\/4f43fbec0cc1848d75d18da5595fa2e9d12bc02d9d761756323c70efe587d61a?s=96&d=mm&r=g\",\"url\":\"https:\/\/secure.gravatar.com\/avatar\/4f43fbec0cc1848d75d18da5595fa2e9d12bc02d9d761756323c70efe587d61a?s=96&d=mm&r=g\",\"contentUrl\":\"https:\/\/secure.gravatar.com\/avatar\/4f43fbec0cc1848d75d18da5595fa2e9d12bc02d9d761756323c70efe587d61a?s=96&d=mm&r=g\",\"caption\":\"Adminmoritzi\"}}]}<\/script>\n<!-- \/ Yoast SEO plugin. -->","yoast_head_json":{"title":"Aides \u00e0 la mont\u00e9e - Waldspurger SA","robots":{"index":"index","follow":"follow","max-snippet":"max-snippet:-1","max-image-preview":"max-image-preview:large","max-video-preview":"max-video-preview:-1"},"canonical":"https:\/\/waldspurger.ch\/fr\/accessoires\/aides-a-la-montee\/","og_locale":"fr_FR","og_type":"article","og_title":"Aides \u00e0 la mont\u00e9e - Waldspurger SA","og_description":"[vc_row css=\u00a0\u00bb.vc_custom_1641806570906{margin-top: 90px !important;}\u00a0\u00bb el_id=\u00a0\u00bbkopf_rueckenprotektor\u00a0\u00bb mobile_margin_bottom=\u00a0\u00bb50&Prime;][vc_column][vc_column_text css=\u00a0\u00bb.vc_custom_1646312495241{margin-top: 20px !important;margin-bottom: 40px !important;}\u00a0\u00bb el_class=\u00a0\u00bbcustom_maxwidth\u00a0\u00bb] AIDES \u00c0 LA MONT\u00c9E PLUS DE CONFORT ET...","og_url":"https:\/\/waldspurger.ch\/fr\/accessoires\/aides-a-la-montee\/","og_site_name":"Waldspurger SA","article_modified_time":"2022-03-08T10:54:02+00:00","og_image":[{"width":320,"height":223,"url":"https:\/\/waldspurger.ch\/wp-content\/uploads\/2022\/02\/logo_de.png","type":"image\/png"}],"twitter_card":"summary_large_image","schema":{"@context":"https:\/\/schema.org","@graph":[{"@type":"Article","@id":"https:\/\/waldspurger.ch\/fr\/accessoires\/aides-a-la-montee\/#article","isPartOf":{"@id":"https:\/\/waldspurger.ch\/fr\/accessoires\/aides-a-la-montee\/"},"author":{"name":"Adminmoritzi","@id":"https:\/\/waldspurger.ch\/fr\/#\/schema\/person\/e92a92f5b5a240afd932a5eba15ae94c"},"headline":"Aides \u00e0 la mont\u00e9e","datePublished":"2021-02-09T09:46:39+00:00","dateModified":"2022-03-08T10:54:02+00:00","mainEntityOfPage":{"@id":"https:\/\/waldspurger.ch\/fr\/accessoires\/aides-a-la-montee\/"},"wordCount":715,"publisher":{"@id":"https:\/\/waldspurger.ch\/fr\/#organization"},"inLanguage":"fr-FR"},{"@type":"WebPage","@id":"https:\/\/waldspurger.ch\/fr\/accessoires\/aides-a-la-montee\/","url":"https:\/\/waldspurger.ch\/fr\/accessoires\/aides-a-la-montee\/","name":"Aides \u00e0 la mont\u00e9e - Waldspurger SA","isPartOf":{"@id":"https:\/\/waldspurger.ch\/fr\/#website"},"datePublished":"2021-02-09T09:46:39+00:00","dateModified":"2022-03-08T10:54:02+00:00","breadcrumb":{"@id":"https:\/\/waldspurger.ch\/fr\/accessoires\/aides-a-la-montee\/#breadcrumb"},"inLanguage":"fr-FR","potentialAction":[{"@type":"ReadAction","target":["https:\/\/waldspurger.ch\/fr\/accessoires\/aides-a-la-montee\/"]}]},{"@type":"BreadcrumbList","@id":"https:\/\/waldspurger.ch\/fr\/accessoires\/aides-a-la-montee\/#breadcrumb","itemListElement":[{"@type":"ListItem","position":1,"name":"Startseite","item":"https:\/\/waldspurger.ch\/fr\/"},{"@type":"ListItem","position":2,"name":"Accessoires","item":"https:\/\/waldspurger.ch\/fr\/accessoires\/"},{"@type":"ListItem","position":3,"name":"Aides \u00e0 la mont\u00e9e"}]},{"@type":"WebSite","@id":"https:\/\/waldspurger.ch\/fr\/#website","url":"https:\/\/waldspurger.ch\/fr\/","name":"Waldspurger SA","description":"Am\u00e9nagement","publisher":{"@id":"https:\/\/waldspurger.ch\/fr\/#organization"},"potentialAction":[{"@type":"SearchAction","target":{"@type":"EntryPoint","urlTemplate":"https:\/\/waldspurger.ch\/fr\/?s={search_term_string}"},"query-input":{"@type":"PropertyValueSpecification","valueRequired":true,"valueName":"search_term_string"}}],"inLanguage":"fr-FR"},{"@type":"Organization","@id":"https:\/\/waldspurger.ch\/fr\/#organization","name":"Waldspurger AG","url":"https:\/\/waldspurger.ch\/fr\/","logo":{"@type":"ImageObject","inLanguage":"fr-FR","@id":"https:\/\/waldspurger.ch\/fr\/#\/schema\/logo\/image\/","url":"https:\/\/waldspurger.ch\/wp-content\/uploads\/2022\/02\/logo_de.png","contentUrl":"https:\/\/waldspurger.ch\/wp-content\/uploads\/2022\/02\/logo_de.png","width":320,"height":223,"caption":"Waldspurger AG"},"image":{"@id":"https:\/\/waldspurger.ch\/fr\/#\/schema\/logo\/image\/"},"sameAs":["https:\/\/ch.linkedin.com\/company\/waldspurger-bergdietikon","https:\/\/www.youtube.com\/channel\/UC4BYucVfPuWzNF4hyfO3YTw"]},{"@type":"Person","@id":"https:\/\/waldspurger.ch\/fr\/#\/schema\/person\/e92a92f5b5a240afd932a5eba15ae94c","name":"Adminmoritzi","image":{"@type":"ImageObject","inLanguage":"fr-FR","@id":"https:\/\/secure.gravatar.com\/avatar\/4f43fbec0cc1848d75d18da5595fa2e9d12bc02d9d761756323c70efe587d61a?s=96&d=mm&r=g","url":"https:\/\/secure.gravatar.com\/avatar\/4f43fbec0cc1848d75d18da5595fa2e9d12bc02d9d761756323c70efe587d61a?s=96&d=mm&r=g","contentUrl":"https:\/\/secure.gravatar.com\/avatar\/4f43fbec0cc1848d75d18da5595fa2e9d12bc02d9d761756323c70efe587d61a?s=96&d=mm&r=g","caption":"Adminmoritzi"}}]}},"_links":{"self":[{"href":"https:\/\/waldspurger.ch\/fr\/wp-json\/wp\/v2\/pages\/35008","targetHints":{"allow":["GET"]}}],"collection":[{"href":"https:\/\/waldspurger.ch\/fr\/wp-json\/wp\/v2\/pages"}],"about":[{"href":"https:\/\/waldspurger.ch\/fr\/wp-json\/wp\/v2\/types\/page"}],"author":[{"embeddable":true,"href":"https:\/\/waldspurger.ch\/fr\/wp-json\/wp\/v2\/users\/1"}],"replies":[{"embeddable":true,"href":"https:\/\/waldspurger.ch\/fr\/wp-json\/wp\/v2\/comments?post=35008"}],"version-history":[{"count":0,"href":"https:\/\/waldspurger.ch\/fr\/wp-json\/wp\/v2\/pages\/35008\/revisions"}],"up":[{"embeddable":true,"href":"https:\/\/waldspurger.ch\/fr\/wp-json\/wp\/v2\/pages\/34781"}],"wp:attachment":[{"href":"https:\/\/waldspurger.ch\/fr\/wp-json\/wp\/v2\/media?parent=35008"}],"curies":[{"name":"wp","href":"https:\/\/api.w.org\/{rel}","templated":true}]}}