{"id":34894,"date":"2020-02-15T12:19:58","date_gmt":"2020-02-15T11:19:58","guid":{"rendered":"https:\/\/waldspurger.getads.ch\/transport-de-materiel\/porte-ski\/"},"modified":"2024-10-11T11:24:45","modified_gmt":"2024-10-11T09:24:45","slug":"porte-ski","status":"publish","type":"page","link":"https:\/\/waldspurger.ch\/fr\/transport-de-materiel\/porte-ski\/","title":{"rendered":"Porte-Ski"},"content":{"rendered":"<div class=\"wpb-content-wrapper\"><p>[vc_section full_width=\u00a0\u00bbstretch_row\u00a0\u00bb full_height=\u00a0\u00bbyes\u00a0\u00bb content_placement=\u00a0\u00bbtop\u00a0\u00bb css_animation=\u00a0\u00bbfadeIn\u00a0\u00bb css=\u00a0\u00bb.vc_custom_1640623401535{margin-top: 0px !important;border-top-width: 0px !important;padding-top: 0px !important;background-image: url(https:\/\/waldspurger.ch\/wp-content\/uploads\/2021\/02\/KB_T615_KO_3400_SkikorbHalb_01-scaled.jpg?id=28215) !important;background-position: center !important;background-repeat: no-repeat !important;background-size: cover !important;}\u00a0\u00bb el_class=\u00a0\u00bbcustom-fullheight-section\u00a0\u00bb][vc_row full_height=\u00a0\u00bbyes\u00a0\u00bb content_placement=\u00a0\u00bbtop\u00a0\u00bb css_animation=\u00a0\u00bbfadeIn\u00a0\u00bb el_class=\u00a0\u00bbstretch-fullheight-innerrow\u00a0\u00bb effects_enabled_delay=\u00a0\u00bb500&Prime;][vc_column width=\u00a0\u00bb1\/4&Prime; css=\u00a0\u00bb.vc_custom_1582122319023{background-color: rgba(179,32,34,0.58) !important;background-position: center !important;background-repeat: no-repeat !important;background-size: cover !important;*background-color: rgb(179,32,34) !important;}\u00a0\u00bb el_class=\u00a0\u00bb.stretch-fullheight-innerrow-column main-visual-column\u00a0\u00bb][vc_column_text]<\/p>\n<h3 style=\"text-align: center;\"><span style=\"color: #ffffff;\">PORTE-SKIS &amp; PANIER \u00c0 SKIS<\/span><\/h3>\n<p style=\"text-align: center; color: #ffffff; padding-bottom: 35px;\">Waldspurger est votre interlocuteur comp\u00e9tent en mati\u00e8re de porte-skis et paniers de transport! Nous proposons des solutions solides et avantageuses pour transporter des skis avec votre minibus ou le bus de votre h\u00f4tel.<\/p>\n<p>[\/vc_column_text][\/vc_column][vc_column width=\u00a0\u00bb1\/4&Prime;][\/vc_column][vc_column width=\u00a0\u00bb1\/4&Prime;][\/vc_column][vc_column width=\u00a0\u00bb1\/4&Prime;][\/vc_column][\/vc_row][\/vc_section][vc_row css=\u00a0\u00bb.vc_custom_1640623427601{margin-top: 0px !important;margin-bottom: 0px !important;padding-top: 70px !important;padding-bottom: 0px !important;}\u00a0\u00bb][vc_column width=\u00a0\u00bb1\/2&Prime; css_animation=\u00a0\u00bbfadeInLeft\u00a0\u00bb css=\u00a0\u00bb.vc_custom_1641545772317{margin-top: 0px !important;margin-bottom: 0px !important;padding-top: 0px !important;padding-bottom: 0px !important;}\u00a0\u00bb mobile_margin_bottom=\u00a0\u00bb20&Prime;][vc_column_text css=\u00a0\u00bb.vc_custom_1646305649478{margin-top: 0px !important;margin-bottom: 20px !important;padding-top: 0px !important;padding-bottom: 0px !important;}\u00a0\u00bb]<\/p>\n<h2><strong>PORTE-SKIS &amp; PANIER \u00c0 SKIS<\/strong><\/h2>\n<h3>DURABLES ET FACILES \u00c0 INSTALLER<\/h3>\n<p>Nos porte-skis et paniers \u00e0 skis durables sont en acier haute r\u00e9sistance et galvanis\u00e9s \u00e0 chaud. Toutes les constructions sont fabriqu\u00e9es sur mesure pour s&rsquo;adapter aux portes \u00e0 charni\u00e8res ou aux hayons. Ils sont mont\u00e9s sur le dispositif d&rsquo;attelage d&rsquo;origine. Il n&rsquo;est donc pas n\u00e9cessaire de percer des trous suppl\u00e9mentaires dans le hayon ou dans les portes \u00e0 2 battants.[\/vc_column_text][\/vc_column][vc_column width=\u00a0\u00bb1\/2&Prime; css_animation=\u00a0\u00bbfadeInRight\u00a0\u00bb css=\u00a0\u00bb.vc_custom_1640623464489{margin-top: 0px !important;margin-bottom: 0px !important;padding-top: 0px !important;padding-bottom: 0px !important;}\u00a0\u00bb][vc_single_image image=\u00a0\u00bb76178&Prime; img_size=\u00a0\u00bbfull\u00a0\u00bb css=\u00a0\u00bb.vc_custom_1683100398223{margin-top: 0px !important;margin-bottom: 0px !important;padding-top: 0px !important;padding-bottom: 60px !important;}\u00a0\u00bb][\/vc_column][\/vc_row][vc_row full_width=\u00a0\u00bbstretch_row\u00a0\u00bb css=\u00a0\u00bb.vc_custom_1641479041883{margin-top: 0px !important;margin-bottom: 0px !important;padding-top: 50px !important;padding-bottom: 20px !important;background-color: #f2f2f2 !important;}\u00a0\u00bb mobile_padding_bottom=\u00a0\u00bb0&Prime; mobile_margin_bottom=\u00a0\u00bb0&Prime;][vc_column css_animation=\u00a0\u00bbfadeInUp\u00a0\u00bb css=\u00a0\u00bb.vc_custom_1641479033964{margin-top: 0px !important;padding-top: 0px !important;}\u00a0\u00bb mobile_margin_bottom=\u00a0\u00bb50&Prime;][vc_icon icon_fontawesome=\u00a0\u00bbfas fa-arrow-right\u00a0\u00bb color=\u00a0\u00bbcustom\u00a0\u00bb background_style=\u00a0\u00bbrounded\u00a0\u00bb background_color=\u00a0\u00bbcustom\u00a0\u00bb size=\u00a0\u00bblg\u00a0\u00bb custom_color=\u00a0\u00bb#c3bab9&Prime; el_class=\u00a0\u00bbcustom_round_icon_border_floatleft\u00a0\u00bb][vc_column_text el_class=\u00a0\u00bbcustom_maxwidth\u00a0\u00bb]<\/p>\n<h3 style=\"margin-bottom: 5px;\"><strong>\u00c9QUIPEMENTS &amp; PRODUITS<\/strong><\/h3>\n<p>Obtenez ici des informations sur les diff\u00e9rentes options. <span style=\"color: #333333;\"><a style=\"color: #333333; text-decoration: underline;\" href=\"https:\/\/waldspurger.ch\/fr\/contact\/\">Nous nous ferons un plaisir de vous conseiller par t\u00e9l\u00e9phone ou chez nous \u00e0 Bergdietikon.<\/a><\/span>[\/vc_column_text][\/vc_column][\/vc_row][vc_row full_width=\u00a0\u00bbstretch_row\u00a0\u00bb css=\u00a0\u00bb.vc_custom_1640623517536{margin-top: 0px !important;margin-bottom: 0px !important;padding-top: 0px !important;padding-bottom: 0px !important;background-color: #f2f2f2 !important;}\u00a0\u00bb][vc_column width=\u00a0\u00bb1\/2&Prime; css_animation=\u00a0\u00bbfadeInUp\u00a0\u00bb css=\u00a0\u00bb.vc_custom_1640623531373{margin-top: 0px !important;margin-bottom: 0px !important;padding-top: 0px !important;padding-bottom: 50px !important;}\u00a0\u00bb][vc_single_image image=\u00a0\u00bb76181&Prime; img_size=\u00a0\u00bbfull\u00a0\u00bb css=\u00a0\u00bb.vc_custom_1683100453164{margin-top: 0px !important;margin-bottom: 20px !important;}\u00a0\u00bb][vc_column_text css=\u00a0\u00bb.vc_custom_1728638677718{margin-top: 0px !important;margin-bottom: 0px !important;}\u00a0\u00bb]<\/p>\n<h3><span style=\"color: #b32022;\">Porte-skis<\/span><\/h3>\n<p>Notre porte-skis de haute qualit\u00e9, r\u00e9sistant \u00e0 la rouille, est une construction soud\u00e9e de premier ordre, id\u00e9ale pour une utilisation flexible dans les services de navettes en r\u00e9gions montagneuses. Le support s&rsquo;\u00e9tend sur toute la largeur du v\u00e9hicule et peut \u00eatre pivot\u00e9 lat\u00e9ralement pour permettre un acc\u00e8s facile \u00e0 la porte arri\u00e8re. L&rsquo;\u00e9clairage de la plaque d&rsquo;immatriculation int\u00e9gr\u00e9 est raccord\u00e9 \u00e0 une prise 12 V dans le v\u00e9hicule.[\/vc_column_text][\/vc_column][vc_column width=\u00a0\u00bb1\/2&Prime; css_animation=\u00a0\u00bbfadeInUp\u00a0\u00bb css=\u00a0\u00bb.vc_custom_1640623565099{margin-top: 0px !important;margin-bottom: 0px !important;padding-top: 0px !important;padding-bottom: 50px !important;}\u00a0\u00bb effects_enabled_delay=\u00a0\u00bb200&Prime;][vc_single_image image=\u00a0\u00bb28224&Prime; img_size=\u00a0\u00bb600&#215;400&Prime; css=\u00a0\u00bb.vc_custom_1645170221688{margin-top: 0px !important;margin-bottom: 20px !important;}\u00a0\u00bb][vc_column_text css=\u00a0\u00bb.vc_custom_1646305747657{margin-top: 0px !important;}\u00a0\u00bb]<\/p>\n<h3><span style=\"color: #b32022;\">PANIER \u00c0 SKIS<\/span><\/h3>\n<p>Notre panier \u00e0 skis est mont\u00e9 sur la porte arri\u00e8re gauche ou droite. L&rsquo;autre porte arri\u00e8re reste librement accessible et peut \u00eatre utilis\u00e9e sans restriction. Le panier \u00e0 skis est mont\u00e9 sur le dispositif d\u2019attelage existant au moyen d\u2019un accouplement \u00e0 fixation avec fermeture rapide. Il n&rsquo;est donc pas n\u00e9cessaire de percer des trous suppl\u00e9mentaires. Le panier \u00e0 skis est fourni avec un feu arri\u00e8re suppl\u00e9mentaire \u00e0 l&rsquo;ext\u00e9rieur, \u00e0 gauche et \u00e0 droite, et un \u00e9clairage de plaque d\u2019immatriculation qui est commut\u00e9 via la prise du dispositif d&rsquo;attelage d&rsquo;origine.[\/vc_column_text][\/vc_column][\/vc_row][vc_row full_width=\u00a0\u00bbstretch_row\u00a0\u00bb css=\u00a0\u00bb.vc_custom_1640623634540{margin-top: 0px !important;margin-bottom: 0px !important;padding-top: 50px !important;padding-bottom: 70px !important;}\u00a0\u00bb][vc_column css_animation=\u00a0\u00bbfadeInUp\u00a0\u00bb css=\u00a0\u00bb.vc_custom_1640623622162{margin-top: 0px !important;padding-top: 0px !important;}\u00a0\u00bb][vc_icon icon_fontawesome=\u00a0\u00bbfas fa-arrow-right\u00a0\u00bb color=\u00a0\u00bbcustom\u00a0\u00bb background_style=\u00a0\u00bbrounded\u00a0\u00bb background_color=\u00a0\u00bbcustom\u00a0\u00bb size=\u00a0\u00bblg\u00a0\u00bb custom_color=\u00a0\u00bb#c3bab9&Prime; el_class=\u00a0\u00bbcustom_round_icon_border_floatleft\u00a0\u00bb][vc_column_text css=\u00a0\u00bb.vc_custom_1646305766962{margin-bottom: 30px !important;}\u00a0\u00bb]<\/p>\n<h3><strong>MOD\u00c8LES DE V\u00c9HICULES<\/strong><\/h3>\n<h5 style=\"margin-bottom: 20px;\">Nous avons le syst\u00e8me qu\u2019il vous faut.<\/h5>\n<p>[\/vc_column_text][vc_column_text css=\u00a0\u00bb.vc_custom_1649939407426{padding-bottom: 30px !important;}\u00a0\u00bb el_class=\u00a0\u00bbcustom_maxwidth\u00a0\u00bb]<\/p>\n<p style=\"margin-bottom: 20px;\"><strong>Dans notre atelier de serrurerie interne, des porte-skis et paniers \u00e0 skis pour un grand nombre de mod\u00e8les de v\u00e9hicules sont con\u00e7us et fabriqu\u00e9s:<\/strong><\/p>\n<p>VW T5, T6, Crafter<br \/>\nMAN TGE<br \/>\nMercedes Vito, Viano, <span style=\"font-weight: 400;\">classe V ou Sprinter<\/span><br \/>\nFord Custom, Transit<br \/>\nCitro\u00ebn Jumpy, Jumper<br \/>\nPeugeot Expert<br \/>\nFiat Talento, Ducato<br \/>\nRenault Trafic. Master<br \/>\nOpel Vivaro, Movano<br \/>\nNissan NV300, NV400<br \/>\nToyota Proace<\/p>\n<p><strong>Votre v\u00e9hicule ne figure pas sur la liste ? Aucun probl\u00e8me! N\u2019h\u00e9sitez pas \u00e0 nous contacter. Ensemble, nous trouverons une solution qui r\u00e9pond exactement \u00e0 vos besoins.<\/strong>[\/vc_column_text][\/vc_column][\/vc_row]<\/p>\n<\/div>","protected":false},"excerpt":{"rendered":"<p>[vc_section full_width=\u00a0\u00bbstretch_row\u00a0\u00bb full_height=\u00a0\u00bbyes\u00a0\u00bb content_placement=\u00a0\u00bbtop\u00a0\u00bb css_animation=\u00a0\u00bbfadeIn\u00a0\u00bb css=\u00a0\u00bb.vc_custom_1640623401535{margin-top: 0px !important;border-top-width: 0px !important;padding-top: 0px !important;background-image: url(https:\/\/waldspurger.ch\/wp-content\/uploads\/2021\/02\/KB_T615_KO_3400_SkikorbHalb_01-scaled.jpg?id=28215) !important;background-position: center !important;background-repeat: no-repeat !important;background-size: cover !important;}\u00a0\u00bb&#8230;<\/p>\n","protected":false},"author":1,"featured_media":0,"parent":34691,"menu_order":0,"comment_status":"closed","ping_status":"closed","template":"","meta":{"footnotes":""},"class_list":["post-34894","page","type-page","status-publish"],"yoast_head":"<!-- This site is optimized with the Yoast SEO plugin v27.2 - https:\/\/yoast.com\/product\/yoast-seo-wordpress\/ -->\n<title>Porte-Ski - Waldspurger SA<\/title>\n<meta name=\"robots\" content=\"index, follow, max-snippet:-1, max-image-preview:large, max-video-preview:-1\" \/>\n<link rel=\"canonical\" href=\"https:\/\/waldspurger.ch\/fr\/transport-de-materiel\/porte-ski\/\" \/>\n<meta property=\"og:locale\" content=\"fr_FR\" \/>\n<meta property=\"og:type\" content=\"article\" \/>\n<meta property=\"og:title\" content=\"Porte-Ski - Waldspurger SA\" \/>\n<meta property=\"og:description\" content=\"[vc_section full_width=\u00a0\u00bbstretch_row\u00a0\u00bb full_height=\u00a0\u00bbyes\u00a0\u00bb content_placement=\u00a0\u00bbtop\u00a0\u00bb css_animation=\u00a0\u00bbfadeIn\u00a0\u00bb css=\u00a0\u00bb.vc_custom_1640623401535{margin-top: 0px !important;border-top-width: 0px !important;padding-top: 0px !important;background-image: url(https:\/\/waldspurger.ch\/wp-content\/uploads\/2021\/02\/KB_T615_KO_3400_SkikorbHalb_01-scaled.jpg?id=28215) !important;background-position: center !important;background-repeat: no-repeat !important;background-size: cover !important;}\u00a0\u00bb...\" \/>\n<meta property=\"og:url\" content=\"https:\/\/waldspurger.ch\/fr\/transport-de-materiel\/porte-ski\/\" \/>\n<meta property=\"og:site_name\" content=\"Waldspurger SA\" \/>\n<meta property=\"article:modified_time\" content=\"2024-10-11T09:24:45+00:00\" \/>\n<meta property=\"og:image\" content=\"https:\/\/waldspurger.ch\/wp-content\/uploads\/2022\/02\/logo_de.png\" \/>\n\t<meta property=\"og:image:width\" content=\"320\" \/>\n\t<meta property=\"og:image:height\" content=\"223\" \/>\n\t<meta property=\"og:image:type\" content=\"image\/png\" \/>\n<meta name=\"twitter:card\" content=\"summary_large_image\" \/>\n<script type=\"application\/ld+json\" class=\"yoast-schema-graph\">{\"@context\":\"https:\/\/schema.org\",\"@graph\":[{\"@type\":\"Article\",\"@id\":\"https:\/\/waldspurger.ch\/fr\/transport-de-materiel\/porte-ski\/#article\",\"isPartOf\":{\"@id\":\"https:\/\/waldspurger.ch\/fr\/transport-de-materiel\/porte-ski\/\"},\"author\":{\"name\":\"Adminmoritzi\",\"@id\":\"https:\/\/waldspurger.ch\/fr\/#\/schema\/person\/e92a92f5b5a240afd932a5eba15ae94c\"},\"headline\":\"Porte-Ski\",\"datePublished\":\"2020-02-15T11:19:58+00:00\",\"dateModified\":\"2024-10-11T09:24:45+00:00\",\"mainEntityOfPage\":{\"@id\":\"https:\/\/waldspurger.ch\/fr\/transport-de-materiel\/porte-ski\/\"},\"wordCount\":981,\"publisher\":{\"@id\":\"https:\/\/waldspurger.ch\/fr\/#organization\"},\"inLanguage\":\"fr-FR\"},{\"@type\":\"WebPage\",\"@id\":\"https:\/\/waldspurger.ch\/fr\/transport-de-materiel\/porte-ski\/\",\"url\":\"https:\/\/waldspurger.ch\/fr\/transport-de-materiel\/porte-ski\/\",\"name\":\"Porte-Ski - Waldspurger SA\",\"isPartOf\":{\"@id\":\"https:\/\/waldspurger.ch\/fr\/#website\"},\"datePublished\":\"2020-02-15T11:19:58+00:00\",\"dateModified\":\"2024-10-11T09:24:45+00:00\",\"breadcrumb\":{\"@id\":\"https:\/\/waldspurger.ch\/fr\/transport-de-materiel\/porte-ski\/#breadcrumb\"},\"inLanguage\":\"fr-FR\",\"potentialAction\":[{\"@type\":\"ReadAction\",\"target\":[\"https:\/\/waldspurger.ch\/fr\/transport-de-materiel\/porte-ski\/\"]}]},{\"@type\":\"BreadcrumbList\",\"@id\":\"https:\/\/waldspurger.ch\/fr\/transport-de-materiel\/porte-ski\/#breadcrumb\",\"itemListElement\":[{\"@type\":\"ListItem\",\"position\":1,\"name\":\"Startseite\",\"item\":\"https:\/\/waldspurger.ch\/fr\/\"},{\"@type\":\"ListItem\",\"position\":2,\"name\":\"Transport de mat\u00e9riel\",\"item\":\"https:\/\/waldspurger.ch\/fr\/transport-de-materiel\/\"},{\"@type\":\"ListItem\",\"position\":3,\"name\":\"Porte-Ski\"}]},{\"@type\":\"WebSite\",\"@id\":\"https:\/\/waldspurger.ch\/fr\/#website\",\"url\":\"https:\/\/waldspurger.ch\/fr\/\",\"name\":\"Waldspurger SA\",\"description\":\"Am\u00e9nagement\",\"publisher\":{\"@id\":\"https:\/\/waldspurger.ch\/fr\/#organization\"},\"potentialAction\":[{\"@type\":\"SearchAction\",\"target\":{\"@type\":\"EntryPoint\",\"urlTemplate\":\"https:\/\/waldspurger.ch\/fr\/?s={search_term_string}\"},\"query-input\":{\"@type\":\"PropertyValueSpecification\",\"valueRequired\":true,\"valueName\":\"search_term_string\"}}],\"inLanguage\":\"fr-FR\"},{\"@type\":\"Organization\",\"@id\":\"https:\/\/waldspurger.ch\/fr\/#organization\",\"name\":\"Waldspurger AG\",\"url\":\"https:\/\/waldspurger.ch\/fr\/\",\"logo\":{\"@type\":\"ImageObject\",\"inLanguage\":\"fr-FR\",\"@id\":\"https:\/\/waldspurger.ch\/fr\/#\/schema\/logo\/image\/\",\"url\":\"https:\/\/waldspurger.ch\/wp-content\/uploads\/2022\/02\/logo_de.png\",\"contentUrl\":\"https:\/\/waldspurger.ch\/wp-content\/uploads\/2022\/02\/logo_de.png\",\"width\":320,\"height\":223,\"caption\":\"Waldspurger AG\"},\"image\":{\"@id\":\"https:\/\/waldspurger.ch\/fr\/#\/schema\/logo\/image\/\"},\"sameAs\":[\"https:\/\/ch.linkedin.com\/company\/waldspurger-bergdietikon\",\"https:\/\/www.youtube.com\/channel\/UC4BYucVfPuWzNF4hyfO3YTw\"]},{\"@type\":\"Person\",\"@id\":\"https:\/\/waldspurger.ch\/fr\/#\/schema\/person\/e92a92f5b5a240afd932a5eba15ae94c\",\"name\":\"Adminmoritzi\",\"image\":{\"@type\":\"ImageObject\",\"inLanguage\":\"fr-FR\",\"@id\":\"https:\/\/secure.gravatar.com\/avatar\/4f43fbec0cc1848d75d18da5595fa2e9d12bc02d9d761756323c70efe587d61a?s=96&d=mm&r=g\",\"url\":\"https:\/\/secure.gravatar.com\/avatar\/4f43fbec0cc1848d75d18da5595fa2e9d12bc02d9d761756323c70efe587d61a?s=96&d=mm&r=g\",\"contentUrl\":\"https:\/\/secure.gravatar.com\/avatar\/4f43fbec0cc1848d75d18da5595fa2e9d12bc02d9d761756323c70efe587d61a?s=96&d=mm&r=g\",\"caption\":\"Adminmoritzi\"}}]}<\/script>\n<!-- \/ Yoast SEO plugin. -->","yoast_head_json":{"title":"Porte-Ski - Waldspurger SA","robots":{"index":"index","follow":"follow","max-snippet":"max-snippet:-1","max-image-preview":"max-image-preview:large","max-video-preview":"max-video-preview:-1"},"canonical":"https:\/\/waldspurger.ch\/fr\/transport-de-materiel\/porte-ski\/","og_locale":"fr_FR","og_type":"article","og_title":"Porte-Ski - Waldspurger SA","og_description":"[vc_section full_width=\u00a0\u00bbstretch_row\u00a0\u00bb full_height=\u00a0\u00bbyes\u00a0\u00bb content_placement=\u00a0\u00bbtop\u00a0\u00bb css_animation=\u00a0\u00bbfadeIn\u00a0\u00bb css=\u00a0\u00bb.vc_custom_1640623401535{margin-top: 0px !important;border-top-width: 0px !important;padding-top: 0px !important;background-image: url(https:\/\/waldspurger.ch\/wp-content\/uploads\/2021\/02\/KB_T615_KO_3400_SkikorbHalb_01-scaled.jpg?id=28215) !important;background-position: center !important;background-repeat: no-repeat !important;background-size: cover !important;}\u00a0\u00bb...","og_url":"https:\/\/waldspurger.ch\/fr\/transport-de-materiel\/porte-ski\/","og_site_name":"Waldspurger SA","article_modified_time":"2024-10-11T09:24:45+00:00","og_image":[{"width":320,"height":223,"url":"https:\/\/waldspurger.ch\/wp-content\/uploads\/2022\/02\/logo_de.png","type":"image\/png"}],"twitter_card":"summary_large_image","schema":{"@context":"https:\/\/schema.org","@graph":[{"@type":"Article","@id":"https:\/\/waldspurger.ch\/fr\/transport-de-materiel\/porte-ski\/#article","isPartOf":{"@id":"https:\/\/waldspurger.ch\/fr\/transport-de-materiel\/porte-ski\/"},"author":{"name":"Adminmoritzi","@id":"https:\/\/waldspurger.ch\/fr\/#\/schema\/person\/e92a92f5b5a240afd932a5eba15ae94c"},"headline":"Porte-Ski","datePublished":"2020-02-15T11:19:58+00:00","dateModified":"2024-10-11T09:24:45+00:00","mainEntityOfPage":{"@id":"https:\/\/waldspurger.ch\/fr\/transport-de-materiel\/porte-ski\/"},"wordCount":981,"publisher":{"@id":"https:\/\/waldspurger.ch\/fr\/#organization"},"inLanguage":"fr-FR"},{"@type":"WebPage","@id":"https:\/\/waldspurger.ch\/fr\/transport-de-materiel\/porte-ski\/","url":"https:\/\/waldspurger.ch\/fr\/transport-de-materiel\/porte-ski\/","name":"Porte-Ski - Waldspurger SA","isPartOf":{"@id":"https:\/\/waldspurger.ch\/fr\/#website"},"datePublished":"2020-02-15T11:19:58+00:00","dateModified":"2024-10-11T09:24:45+00:00","breadcrumb":{"@id":"https:\/\/waldspurger.ch\/fr\/transport-de-materiel\/porte-ski\/#breadcrumb"},"inLanguage":"fr-FR","potentialAction":[{"@type":"ReadAction","target":["https:\/\/waldspurger.ch\/fr\/transport-de-materiel\/porte-ski\/"]}]},{"@type":"BreadcrumbList","@id":"https:\/\/waldspurger.ch\/fr\/transport-de-materiel\/porte-ski\/#breadcrumb","itemListElement":[{"@type":"ListItem","position":1,"name":"Startseite","item":"https:\/\/waldspurger.ch\/fr\/"},{"@type":"ListItem","position":2,"name":"Transport de mat\u00e9riel","item":"https:\/\/waldspurger.ch\/fr\/transport-de-materiel\/"},{"@type":"ListItem","position":3,"name":"Porte-Ski"}]},{"@type":"WebSite","@id":"https:\/\/waldspurger.ch\/fr\/#website","url":"https:\/\/waldspurger.ch\/fr\/","name":"Waldspurger SA","description":"Am\u00e9nagement","publisher":{"@id":"https:\/\/waldspurger.ch\/fr\/#organization"},"potentialAction":[{"@type":"SearchAction","target":{"@type":"EntryPoint","urlTemplate":"https:\/\/waldspurger.ch\/fr\/?s={search_term_string}"},"query-input":{"@type":"PropertyValueSpecification","valueRequired":true,"valueName":"search_term_string"}}],"inLanguage":"fr-FR"},{"@type":"Organization","@id":"https:\/\/waldspurger.ch\/fr\/#organization","name":"Waldspurger AG","url":"https:\/\/waldspurger.ch\/fr\/","logo":{"@type":"ImageObject","inLanguage":"fr-FR","@id":"https:\/\/waldspurger.ch\/fr\/#\/schema\/logo\/image\/","url":"https:\/\/waldspurger.ch\/wp-content\/uploads\/2022\/02\/logo_de.png","contentUrl":"https:\/\/waldspurger.ch\/wp-content\/uploads\/2022\/02\/logo_de.png","width":320,"height":223,"caption":"Waldspurger AG"},"image":{"@id":"https:\/\/waldspurger.ch\/fr\/#\/schema\/logo\/image\/"},"sameAs":["https:\/\/ch.linkedin.com\/company\/waldspurger-bergdietikon","https:\/\/www.youtube.com\/channel\/UC4BYucVfPuWzNF4hyfO3YTw"]},{"@type":"Person","@id":"https:\/\/waldspurger.ch\/fr\/#\/schema\/person\/e92a92f5b5a240afd932a5eba15ae94c","name":"Adminmoritzi","image":{"@type":"ImageObject","inLanguage":"fr-FR","@id":"https:\/\/secure.gravatar.com\/avatar\/4f43fbec0cc1848d75d18da5595fa2e9d12bc02d9d761756323c70efe587d61a?s=96&d=mm&r=g","url":"https:\/\/secure.gravatar.com\/avatar\/4f43fbec0cc1848d75d18da5595fa2e9d12bc02d9d761756323c70efe587d61a?s=96&d=mm&r=g","contentUrl":"https:\/\/secure.gravatar.com\/avatar\/4f43fbec0cc1848d75d18da5595fa2e9d12bc02d9d761756323c70efe587d61a?s=96&d=mm&r=g","caption":"Adminmoritzi"}}]}},"_links":{"self":[{"href":"https:\/\/waldspurger.ch\/fr\/wp-json\/wp\/v2\/pages\/34894","targetHints":{"allow":["GET"]}}],"collection":[{"href":"https:\/\/waldspurger.ch\/fr\/wp-json\/wp\/v2\/pages"}],"about":[{"href":"https:\/\/waldspurger.ch\/fr\/wp-json\/wp\/v2\/types\/page"}],"author":[{"embeddable":true,"href":"https:\/\/waldspurger.ch\/fr\/wp-json\/wp\/v2\/users\/1"}],"replies":[{"embeddable":true,"href":"https:\/\/waldspurger.ch\/fr\/wp-json\/wp\/v2\/comments?post=34894"}],"version-history":[{"count":2,"href":"https:\/\/waldspurger.ch\/fr\/wp-json\/wp\/v2\/pages\/34894\/revisions"}],"predecessor-version":[{"id":78124,"href":"https:\/\/waldspurger.ch\/fr\/wp-json\/wp\/v2\/pages\/34894\/revisions\/78124"}],"up":[{"embeddable":true,"href":"https:\/\/waldspurger.ch\/fr\/wp-json\/wp\/v2\/pages\/34691"}],"wp:attachment":[{"href":"https:\/\/waldspurger.ch\/fr\/wp-json\/wp\/v2\/media?parent=34894"}],"curies":[{"name":"wp","href":"https:\/\/api.w.org\/{rel}","templated":true}]}}