{"id":34866,"date":"2021-03-23T13:38:26","date_gmt":"2021-03-23T12:38:26","guid":{"rendered":"https:\/\/waldspurger.getads.ch\/transport-de-materiel\/grille-de-separation-paroi-de-separation\/"},"modified":"2022-04-14T14:03:09","modified_gmt":"2022-04-14T12:03:09","slug":"grille-de-separation-paroi-de-separation","status":"publish","type":"page","link":"https:\/\/waldspurger.ch\/fr\/transport-de-materiel\/grille-de-separation-paroi-de-separation\/","title":{"rendered":"Grille de s\u00e9paration &#038; paroi de s\u00e9paration"},"content":{"rendered":"<div class=\"wpb-content-wrapper\"><p>[vc_section full_width=\u00a0\u00bbstretch_row\u00a0\u00bb full_height=\u00a0\u00bbyes\u00a0\u00bb content_placement=\u00a0\u00bbtop\u00a0\u00bb css_animation=\u00a0\u00bbfadeIn\u00a0\u00bb css=\u00a0\u00bb.vc_custom_1640619668079{margin-top: 0px !important;border-top-width: 0px !important;padding-top: 0px !important;background-image: url(https:\/\/waldspurger.ch\/wp-content\/uploads\/2021\/11\/Trenngitter-Trennwand-Mercedes_Vito-Waldspurger_2560x1708.jpg?id=32197) !important;background-position: center !important;background-repeat: no-repeat !important;background-size: cover !important;}\u00a0\u00bb el_class=\u00a0\u00bbcustom-fullheight-section\u00a0\u00bb][vc_row full_height=\u00a0\u00bbyes\u00a0\u00bb content_placement=\u00a0\u00bbtop\u00a0\u00bb css_animation=\u00a0\u00bbfadeIn\u00a0\u00bb el_class=\u00a0\u00bbstretch-fullheight-innerrow\u00a0\u00bb effects_enabled_delay=\u00a0\u00bb500&Prime;][vc_column width=\u00a0\u00bb1\/4&Prime; css=\u00a0\u00bb.vc_custom_1582122319023{background-color: rgba(179,32,34,0.58) !important;background-position: center !important;background-repeat: no-repeat !important;background-size: cover !important;*background-color: rgb(179,32,34) !important;}\u00a0\u00bb el_class=\u00a0\u00bb.stretch-fullheight-innerrow-column main-visual-column\u00a0\u00bb][vc_column_text]<\/p>\n<h3 style=\"text-align: center;\"><span style=\"color: #ffffff;\">GRILLE DE S\u00c9PARATION &amp; PAROI DE S\u00c9PARATION<\/span><\/h3>\n<p style=\"text-align: center; color: #ffffff; padding-bottom: 35px;\">Les v\u00e9hicules utilitaires sont principalement con\u00e7us pour le transport de marchandises. Il existe diff\u00e9rentes possibilit\u00e9s pour prot\u00e9ger le conducteur ou la conductrice du chargement. Avec les grilles et parois de s\u00e9paration de Waldspurger, vous circulez en toute s\u00e9curit\u00e9.<\/p>\n<p>[\/vc_column_text][\/vc_column][vc_column width=\u00a0\u00bb1\/4&Prime;][\/vc_column][vc_column width=\u00a0\u00bb1\/4&Prime;][\/vc_column][vc_column width=\u00a0\u00bb1\/4&Prime;][\/vc_column][\/vc_row][\/vc_section][vc_row css=\u00a0\u00bb.vc_custom_1640619693709{margin-top: 70px !important;margin-bottom: 0px !important;padding-top: 0px !important;padding-bottom: 0px !important;}\u00a0\u00bb][vc_column width=\u00a0\u00bb1\/2&Prime; css_animation=\u00a0\u00bbfadeInLeft\u00a0\u00bb css=\u00a0\u00bb.vc_custom_1647547229881{margin-top: 0px !important;margin-bottom: 0px !important;padding-top: 20px !important;padding-bottom: 20px !important;}\u00a0\u00bb][vc_column_text css=\u00a0\u00bb.vc_custom_1647547338919{margin-top: 0px !important;padding-top: 0px !important;padding-bottom: 0px !important;}\u00a0\u00bb]<\/p>\n<h2><strong>GRILLE DE S\u00c9PARATION &amp; PAROI DE S\u00c9PARATION<br \/>\n<\/strong><\/h2>\n<h3>PROTECTION OPTIMALE DU CONDUCTEUR<\/h3>\n<p>Pour le conducteur ou la conductrice du v\u00e9hicule, il est important que la marchandise transport\u00e9e soit bien s\u00e9curis\u00e9e. \u00c0 cette fin, vous trouverez chez nous diff\u00e9rentes grilles et parois de s\u00e9paration. Laissez-nous vous conseiller afin de trouver la solution optimale pour votre v\u00e9hicule.[\/vc_column_text][\/vc_column][vc_column width=\u00a0\u00bb1\/2&Prime; css_animation=\u00a0\u00bbfadeInRight\u00a0\u00bb css=\u00a0\u00bb.vc_custom_1640617990540{margin-top: 0px !important;padding-top: 0px !important;}\u00a0\u00bb][vc_single_image image=\u00a0\u00bb32196&Prime; img_size=\u00a0\u00bbfull\u00a0\u00bb css=\u00a0\u00bb.vc_custom_1640617902033{margin-top: 0px !important;margin-bottom: 0px !important;padding-top: 0px !important;padding-bottom: 60px !important;}\u00a0\u00bb][\/vc_column][\/vc_row][vc_row full_width=\u00a0\u00bbstretch_row\u00a0\u00bb css_animation=\u00a0\u00bbnone\u00a0\u00bb css=\u00a0\u00bb.vc_custom_1641478868925{margin-top: 0px !important;margin-bottom: 0px !important;padding-top: 50px !important;padding-bottom: 20px !important;background-color: #f2f2f2 !important;}\u00a0\u00bb mobile_padding_bottom=\u00a0\u00bb0&Prime; mobile_margin_bottom=\u00a0\u00bb0&Prime;][vc_column css_animation=\u00a0\u00bbfadeInUp\u00a0\u00bb css=\u00a0\u00bb.vc_custom_1641478859835{margin-top: 0px !important;margin-bottom: 0px !important;padding-top: 0px !important;padding-bottom: 0px !important;}\u00a0\u00bb mobile_margin_bottom=\u00a0\u00bb50&Prime;][vc_icon icon_fontawesome=\u00a0\u00bbfas fa-arrow-right\u00a0\u00bb color=\u00a0\u00bbcustom\u00a0\u00bb background_style=\u00a0\u00bbrounded\u00a0\u00bb background_color=\u00a0\u00bbcustom\u00a0\u00bb size=\u00a0\u00bblg\u00a0\u00bb custom_color=\u00a0\u00bb#c3bab9&Prime; el_class=\u00a0\u00bbcustom_round_icon_border_floatleft\u00a0\u00bb][vc_column_text el_class=\u00a0\u00bbcustom_maxwidth\u00a0\u00bb]<\/p>\n<h3 style=\"margin-bottom: 5px;\"><strong>\u00c9QUIPEMENTS &amp; PRODUITS<\/strong><\/h3>\n<p>Obtenez ici des informations sur les diff\u00e9rentes options. <span style=\"color: #333333;\"><a style=\"color: #333333; text-decoration: underline;\" href=\"https:\/\/waldspurger.ch\/fr\/contact\/\">Nous nous ferons un plaisir de vous conseiller par t\u00e9l\u00e9phone ou chez nous \u00e0 Bergdietikon.<\/a><\/span>[\/vc_column_text][\/vc_column][\/vc_row][vc_row full_width=\u00a0\u00bbstretch_row\u00a0\u00bb css=\u00a0\u00bb.vc_custom_1640618193205{margin-top: 0px !important;margin-bottom: 0px !important;padding-top: 0px !important;padding-bottom: 0px !important;background-color: #f2f2f2 !important;}\u00a0\u00bb][vc_column width=\u00a0\u00bb1\/2&Prime; css_animation=\u00a0\u00bbfadeInUp\u00a0\u00bb css=\u00a0\u00bb.vc_custom_1640618216075{margin-top: 0px !important;margin-bottom: 0px !important;padding-top: 0px !important;padding-bottom: 50px !important;}\u00a0\u00bb][vc_single_image image=\u00a0\u00bb32194&Prime; img_size=\u00a0\u00bbfull\u00a0\u00bb css=\u00a0\u00bb.vc_custom_1645172637031{margin-top: 0px !important;margin-bottom: 20px !important;}\u00a0\u00bb][vc_column_text css=\u00a0\u00bb.vc_custom_1646304829255{margin-top: 0px !important;}\u00a0\u00bb]<\/p>\n<h3><span style=\"color: #b32022;\">GRILLE DE S\u00c9PARATION<\/span><\/h3>\n<p>L&rsquo;installation d&rsquo;une grille de s\u00e9paration augmente la s\u00e9curit\u00e9 de toutes les personnes dans la voiture ou le bus. De cette mani\u00e8re, la cabine du conducteur et le compartiment de chargement peuvent \u00eatre s\u00e9par\u00e9s &#8211; que ce soit dans un v\u00e9hicule destin\u00e9 \u00e0 un usage commercial ou dans une camionnette priv\u00e9e. Notre grille de s\u00e9paration est fabriqu\u00e9e \u00e0 partir de tubes d&rsquo;acier de haute qualit\u00e9 avec rev\u00eatement par poudre et de grilles soud\u00e9es. Elle peut \u00eatre mont\u00e9e \u00e0 tout endroit souhait\u00e9 dans le compartiment de chargement. Les grilles de s\u00e9paration standard sont disponibles en stock.[\/vc_column_text][\/vc_column][vc_column width=\u00a0\u00bb1\/2&Prime; css_animation=\u00a0\u00bbfadeInUp\u00a0\u00bb css=\u00a0\u00bb.vc_custom_1640618235226{margin-top: 0px !important;margin-bottom: 0px !important;padding-top: 0px !important;padding-bottom: 50px !important;}\u00a0\u00bb effects_enabled_delay=\u00a0\u00bb200&Prime;][vc_single_image image=\u00a0\u00bb32192&Prime; img_size=\u00a0\u00bbfull\u00a0\u00bb css=\u00a0\u00bb.vc_custom_1645172643614{margin-top: 0px !important;margin-bottom: 20px !important;}\u00a0\u00bb][vc_column_text css=\u00a0\u00bb.vc_custom_1646304845483{margin-top: 0px !important;}\u00a0\u00bb]<\/p>\n<h3><span style=\"color: #b32022;\">GRILLE DE S\u00c9PARATION AVEC PASSAGE<\/span><\/h3>\n<p>Vous souhaitez une s\u00e9paration entre la cabine du conducteur et le compartiment de chargement avec une grille de s\u00e9paration, mais vous voulez pouvoir r\u00e9agir rapidement et acc\u00e9der \u00e0 l&rsquo;arri\u00e8re si n\u00e9cessaire ? Dans ce cas, une grille de s\u00e9paration avec un passage est la solution. Si vous le souhaitez, nous pouvons l&rsquo;installer de mani\u00e8re qu&rsquo;elle puisse \u00eatre facilement retir\u00e9e.[\/vc_column_text][\/vc_column][\/vc_row][vc_row full_width=\u00a0\u00bbstretch_row\u00a0\u00bb css=\u00a0\u00bb.vc_custom_1649937782420{margin-top: 0px !important;margin-bottom: 0px !important;padding-top: 50px !important;padding-bottom: 50px !important;}\u00a0\u00bb][vc_column width=\u00a0\u00bb1\/2&Prime; css_animation=\u00a0\u00bbfadeInUp\u00a0\u00bb css=\u00a0\u00bb.vc_custom_1640618272527{margin-top: 0px !important;margin-bottom: 0px !important;padding-top: 0px !important;padding-bottom: 50px !important;}\u00a0\u00bb][vc_single_image image=\u00a0\u00bb32190&Prime; img_size=\u00a0\u00bbfull\u00a0\u00bb css=\u00a0\u00bb.vc_custom_1645172649301{margin-top: 0px !important;margin-bottom: 20px !important;}\u00a0\u00bb][vc_column_text css=\u00a0\u00bb.vc_custom_1646304866541{margin-top: 0px !important;}\u00a0\u00bb]<\/p>\n<h3><span style=\"color: #b32022;\">PAROI DE S\u00c9PARATION<\/span><\/h3>\n<p>L&rsquo;installation d&rsquo;une paroi de s\u00e9paration augmente le confort et la s\u00e9curit\u00e9 de toutes les personnes pr\u00e9sentes dans le v\u00e9hicule. De plus, elle sert d\u2019isolation thermique. En s\u00e9parant l&rsquo;espace passagers du compartiment de chargement, le volume de la climatisation est r\u00e9duit et la temp\u00e9rature peut \u00eatre r\u00e9gul\u00e9e plus facilement. En outre, les nuisances sonores sont consid\u00e9rablement r\u00e9duites. Nos parois de s\u00e9paration sont constitu\u00e9es de panneaux multiplex rev\u00eatus stables et durables. Elles peuvent \u00eatre mont\u00e9es \u00e0 tout endroit souhait\u00e9 dans le compartiment de chargement.[\/vc_column_text][\/vc_column][vc_column width=\u00a0\u00bb1\/2&Prime; css_animation=\u00a0\u00bbfadeInUp\u00a0\u00bb css=\u00a0\u00bb.vc_custom_1640618311729{margin-top: 0px !important;margin-bottom: 0px !important;padding-top: 0px !important;padding-bottom: 50px !important;}\u00a0\u00bb effects_enabled_delay=\u00a0\u00bb200&Prime;][vc_single_image image=\u00a0\u00bb32188&Prime; img_size=\u00a0\u00bbfull\u00a0\u00bb css=\u00a0\u00bb.vc_custom_1645172654685{margin-top: 0px !important;margin-bottom: 20px !important;}\u00a0\u00bb][vc_column_text css=\u00a0\u00bb.vc_custom_1646304883881{margin-top: 0px !important;}\u00a0\u00bb]<\/p>\n<h3><span style=\"color: #b32022;\">PROTECTION CONTRE LES AGRESSIONS ET LES CRACHATS<\/span><\/h3>\n<p>Vous avez besoin d&rsquo;une solution robuste, pratique et en m\u00eame temps hygi\u00e9nique pour votre v\u00e9hicule ? Nous vous proposons des parois de s\u00e9paration de haute qualit\u00e9 en polycarbonate incassable pour une protection optimale des personnes, m\u00eame en cas d&rsquo;accident. Nos parois de protection servent de barri\u00e8re contre les virus et r\u00e9duisent le risque d&rsquo;infection par gouttelettes \u00e0 l&rsquo;int\u00e9rieur du v\u00e9hicule. Cette paroi de protection peut \u00eatre command\u00e9e pour les mod\u00e8les courants de v\u00e9hicules utilitaires et les fourgons.[\/vc_column_text][\/vc_column][\/vc_row]<\/p>\n<\/div>","protected":false},"excerpt":{"rendered":"<p>[vc_section full_width=\u00a0\u00bbstretch_row\u00a0\u00bb full_height=\u00a0\u00bbyes\u00a0\u00bb content_placement=\u00a0\u00bbtop\u00a0\u00bb css_animation=\u00a0\u00bbfadeIn\u00a0\u00bb css=\u00a0\u00bb.vc_custom_1640619668079{margin-top: 0px !important;border-top-width: 0px !important;padding-top: 0px !important;background-image: url(https:\/\/waldspurger.ch\/wp-content\/uploads\/2021\/11\/Trenngitter-Trennwand-Mercedes_Vito-Waldspurger_2560x1708.jpg?id=32197) !important;background-position: center !important;background-repeat: no-repeat !important;background-size: cover !important;}\u00a0\u00bb&#8230;<\/p>\n","protected":false},"author":1,"featured_media":0,"parent":34691,"menu_order":0,"comment_status":"closed","ping_status":"closed","template":"","meta":{"footnotes":""},"class_list":["post-34866","page","type-page","status-publish"],"yoast_head":"<!-- This site is optimized with the Yoast SEO plugin v27.2 - https:\/\/yoast.com\/product\/yoast-seo-wordpress\/ -->\n<title>Grille de s\u00e9paration &amp; paroi de s\u00e9paration - Waldspurger SA<\/title>\n<meta name=\"robots\" content=\"index, follow, max-snippet:-1, max-image-preview:large, max-video-preview:-1\" \/>\n<link rel=\"canonical\" href=\"https:\/\/waldspurger.ch\/fr\/transport-de-materiel\/grille-de-separation-paroi-de-separation\/\" \/>\n<meta property=\"og:locale\" content=\"fr_FR\" \/>\n<meta property=\"og:type\" content=\"article\" \/>\n<meta property=\"og:title\" content=\"Grille de s\u00e9paration &amp; paroi de s\u00e9paration - Waldspurger SA\" \/>\n<meta property=\"og:description\" content=\"[vc_section full_width=\u00a0\u00bbstretch_row\u00a0\u00bb full_height=\u00a0\u00bbyes\u00a0\u00bb content_placement=\u00a0\u00bbtop\u00a0\u00bb css_animation=\u00a0\u00bbfadeIn\u00a0\u00bb css=\u00a0\u00bb.vc_custom_1640619668079{margin-top: 0px !important;border-top-width: 0px !important;padding-top: 0px !important;background-image: url(https:\/\/waldspurger.ch\/wp-content\/uploads\/2021\/11\/Trenngitter-Trennwand-Mercedes_Vito-Waldspurger_2560x1708.jpg?id=32197) !important;background-position: center !important;background-repeat: no-repeat !important;background-size: cover !important;}\u00a0\u00bb...\" \/>\n<meta property=\"og:url\" content=\"https:\/\/waldspurger.ch\/fr\/transport-de-materiel\/grille-de-separation-paroi-de-separation\/\" \/>\n<meta property=\"og:site_name\" content=\"Waldspurger SA\" \/>\n<meta property=\"article:modified_time\" content=\"2022-04-14T12:03:09+00:00\" \/>\n<meta property=\"og:image\" content=\"https:\/\/waldspurger.ch\/wp-content\/uploads\/2022\/02\/logo_de.png\" \/>\n\t<meta property=\"og:image:width\" content=\"320\" \/>\n\t<meta property=\"og:image:height\" content=\"223\" \/>\n\t<meta property=\"og:image:type\" content=\"image\/png\" \/>\n<meta name=\"twitter:card\" content=\"summary_large_image\" \/>\n<script type=\"application\/ld+json\" class=\"yoast-schema-graph\">{\"@context\":\"https:\/\/schema.org\",\"@graph\":[{\"@type\":\"Article\",\"@id\":\"https:\/\/waldspurger.ch\/fr\/transport-de-materiel\/grille-de-separation-paroi-de-separation\/#article\",\"isPartOf\":{\"@id\":\"https:\/\/waldspurger.ch\/fr\/transport-de-materiel\/grille-de-separation-paroi-de-separation\/\"},\"author\":{\"name\":\"Adminmoritzi\",\"@id\":\"https:\/\/waldspurger.ch\/fr\/#\/schema\/person\/e92a92f5b5a240afd932a5eba15ae94c\"},\"headline\":\"Grille de s\u00e9paration &#038; paroi de s\u00e9paration\",\"datePublished\":\"2021-03-23T12:38:26+00:00\",\"dateModified\":\"2022-04-14T12:03:09+00:00\",\"mainEntityOfPage\":{\"@id\":\"https:\/\/waldspurger.ch\/fr\/transport-de-materiel\/grille-de-separation-paroi-de-separation\/\"},\"wordCount\":1120,\"publisher\":{\"@id\":\"https:\/\/waldspurger.ch\/fr\/#organization\"},\"inLanguage\":\"fr-FR\"},{\"@type\":\"WebPage\",\"@id\":\"https:\/\/waldspurger.ch\/fr\/transport-de-materiel\/grille-de-separation-paroi-de-separation\/\",\"url\":\"https:\/\/waldspurger.ch\/fr\/transport-de-materiel\/grille-de-separation-paroi-de-separation\/\",\"name\":\"Grille de s\u00e9paration & paroi de s\u00e9paration - Waldspurger SA\",\"isPartOf\":{\"@id\":\"https:\/\/waldspurger.ch\/fr\/#website\"},\"datePublished\":\"2021-03-23T12:38:26+00:00\",\"dateModified\":\"2022-04-14T12:03:09+00:00\",\"breadcrumb\":{\"@id\":\"https:\/\/waldspurger.ch\/fr\/transport-de-materiel\/grille-de-separation-paroi-de-separation\/#breadcrumb\"},\"inLanguage\":\"fr-FR\",\"potentialAction\":[{\"@type\":\"ReadAction\",\"target\":[\"https:\/\/waldspurger.ch\/fr\/transport-de-materiel\/grille-de-separation-paroi-de-separation\/\"]}]},{\"@type\":\"BreadcrumbList\",\"@id\":\"https:\/\/waldspurger.ch\/fr\/transport-de-materiel\/grille-de-separation-paroi-de-separation\/#breadcrumb\",\"itemListElement\":[{\"@type\":\"ListItem\",\"position\":1,\"name\":\"Startseite\",\"item\":\"https:\/\/waldspurger.ch\/fr\/\"},{\"@type\":\"ListItem\",\"position\":2,\"name\":\"Transport de mat\u00e9riel\",\"item\":\"https:\/\/waldspurger.ch\/fr\/transport-de-materiel\/\"},{\"@type\":\"ListItem\",\"position\":3,\"name\":\"Grille de s\u00e9paration &#038; paroi de s\u00e9paration\"}]},{\"@type\":\"WebSite\",\"@id\":\"https:\/\/waldspurger.ch\/fr\/#website\",\"url\":\"https:\/\/waldspurger.ch\/fr\/\",\"name\":\"Waldspurger SA\",\"description\":\"Am\u00e9nagement\",\"publisher\":{\"@id\":\"https:\/\/waldspurger.ch\/fr\/#organization\"},\"potentialAction\":[{\"@type\":\"SearchAction\",\"target\":{\"@type\":\"EntryPoint\",\"urlTemplate\":\"https:\/\/waldspurger.ch\/fr\/?s={search_term_string}\"},\"query-input\":{\"@type\":\"PropertyValueSpecification\",\"valueRequired\":true,\"valueName\":\"search_term_string\"}}],\"inLanguage\":\"fr-FR\"},{\"@type\":\"Organization\",\"@id\":\"https:\/\/waldspurger.ch\/fr\/#organization\",\"name\":\"Waldspurger AG\",\"url\":\"https:\/\/waldspurger.ch\/fr\/\",\"logo\":{\"@type\":\"ImageObject\",\"inLanguage\":\"fr-FR\",\"@id\":\"https:\/\/waldspurger.ch\/fr\/#\/schema\/logo\/image\/\",\"url\":\"https:\/\/waldspurger.ch\/wp-content\/uploads\/2022\/02\/logo_de.png\",\"contentUrl\":\"https:\/\/waldspurger.ch\/wp-content\/uploads\/2022\/02\/logo_de.png\",\"width\":320,\"height\":223,\"caption\":\"Waldspurger AG\"},\"image\":{\"@id\":\"https:\/\/waldspurger.ch\/fr\/#\/schema\/logo\/image\/\"},\"sameAs\":[\"https:\/\/ch.linkedin.com\/company\/waldspurger-bergdietikon\",\"https:\/\/www.youtube.com\/channel\/UC4BYucVfPuWzNF4hyfO3YTw\"]},{\"@type\":\"Person\",\"@id\":\"https:\/\/waldspurger.ch\/fr\/#\/schema\/person\/e92a92f5b5a240afd932a5eba15ae94c\",\"name\":\"Adminmoritzi\",\"image\":{\"@type\":\"ImageObject\",\"inLanguage\":\"fr-FR\",\"@id\":\"https:\/\/secure.gravatar.com\/avatar\/4f43fbec0cc1848d75d18da5595fa2e9d12bc02d9d761756323c70efe587d61a?s=96&d=mm&r=g\",\"url\":\"https:\/\/secure.gravatar.com\/avatar\/4f43fbec0cc1848d75d18da5595fa2e9d12bc02d9d761756323c70efe587d61a?s=96&d=mm&r=g\",\"contentUrl\":\"https:\/\/secure.gravatar.com\/avatar\/4f43fbec0cc1848d75d18da5595fa2e9d12bc02d9d761756323c70efe587d61a?s=96&d=mm&r=g\",\"caption\":\"Adminmoritzi\"}}]}<\/script>\n<!-- \/ Yoast SEO plugin. -->","yoast_head_json":{"title":"Grille de s\u00e9paration & paroi de s\u00e9paration - Waldspurger SA","robots":{"index":"index","follow":"follow","max-snippet":"max-snippet:-1","max-image-preview":"max-image-preview:large","max-video-preview":"max-video-preview:-1"},"canonical":"https:\/\/waldspurger.ch\/fr\/transport-de-materiel\/grille-de-separation-paroi-de-separation\/","og_locale":"fr_FR","og_type":"article","og_title":"Grille de s\u00e9paration & paroi de s\u00e9paration - Waldspurger SA","og_description":"[vc_section full_width=\u00a0\u00bbstretch_row\u00a0\u00bb full_height=\u00a0\u00bbyes\u00a0\u00bb content_placement=\u00a0\u00bbtop\u00a0\u00bb css_animation=\u00a0\u00bbfadeIn\u00a0\u00bb css=\u00a0\u00bb.vc_custom_1640619668079{margin-top: 0px !important;border-top-width: 0px !important;padding-top: 0px !important;background-image: url(https:\/\/waldspurger.ch\/wp-content\/uploads\/2021\/11\/Trenngitter-Trennwand-Mercedes_Vito-Waldspurger_2560x1708.jpg?id=32197) !important;background-position: center !important;background-repeat: no-repeat !important;background-size: cover !important;}\u00a0\u00bb...","og_url":"https:\/\/waldspurger.ch\/fr\/transport-de-materiel\/grille-de-separation-paroi-de-separation\/","og_site_name":"Waldspurger SA","article_modified_time":"2022-04-14T12:03:09+00:00","og_image":[{"width":320,"height":223,"url":"https:\/\/waldspurger.ch\/wp-content\/uploads\/2022\/02\/logo_de.png","type":"image\/png"}],"twitter_card":"summary_large_image","schema":{"@context":"https:\/\/schema.org","@graph":[{"@type":"Article","@id":"https:\/\/waldspurger.ch\/fr\/transport-de-materiel\/grille-de-separation-paroi-de-separation\/#article","isPartOf":{"@id":"https:\/\/waldspurger.ch\/fr\/transport-de-materiel\/grille-de-separation-paroi-de-separation\/"},"author":{"name":"Adminmoritzi","@id":"https:\/\/waldspurger.ch\/fr\/#\/schema\/person\/e92a92f5b5a240afd932a5eba15ae94c"},"headline":"Grille de s\u00e9paration &#038; paroi de s\u00e9paration","datePublished":"2021-03-23T12:38:26+00:00","dateModified":"2022-04-14T12:03:09+00:00","mainEntityOfPage":{"@id":"https:\/\/waldspurger.ch\/fr\/transport-de-materiel\/grille-de-separation-paroi-de-separation\/"},"wordCount":1120,"publisher":{"@id":"https:\/\/waldspurger.ch\/fr\/#organization"},"inLanguage":"fr-FR"},{"@type":"WebPage","@id":"https:\/\/waldspurger.ch\/fr\/transport-de-materiel\/grille-de-separation-paroi-de-separation\/","url":"https:\/\/waldspurger.ch\/fr\/transport-de-materiel\/grille-de-separation-paroi-de-separation\/","name":"Grille de s\u00e9paration & paroi de s\u00e9paration - Waldspurger SA","isPartOf":{"@id":"https:\/\/waldspurger.ch\/fr\/#website"},"datePublished":"2021-03-23T12:38:26+00:00","dateModified":"2022-04-14T12:03:09+00:00","breadcrumb":{"@id":"https:\/\/waldspurger.ch\/fr\/transport-de-materiel\/grille-de-separation-paroi-de-separation\/#breadcrumb"},"inLanguage":"fr-FR","potentialAction":[{"@type":"ReadAction","target":["https:\/\/waldspurger.ch\/fr\/transport-de-materiel\/grille-de-separation-paroi-de-separation\/"]}]},{"@type":"BreadcrumbList","@id":"https:\/\/waldspurger.ch\/fr\/transport-de-materiel\/grille-de-separation-paroi-de-separation\/#breadcrumb","itemListElement":[{"@type":"ListItem","position":1,"name":"Startseite","item":"https:\/\/waldspurger.ch\/fr\/"},{"@type":"ListItem","position":2,"name":"Transport de mat\u00e9riel","item":"https:\/\/waldspurger.ch\/fr\/transport-de-materiel\/"},{"@type":"ListItem","position":3,"name":"Grille de s\u00e9paration &#038; paroi de s\u00e9paration"}]},{"@type":"WebSite","@id":"https:\/\/waldspurger.ch\/fr\/#website","url":"https:\/\/waldspurger.ch\/fr\/","name":"Waldspurger SA","description":"Am\u00e9nagement","publisher":{"@id":"https:\/\/waldspurger.ch\/fr\/#organization"},"potentialAction":[{"@type":"SearchAction","target":{"@type":"EntryPoint","urlTemplate":"https:\/\/waldspurger.ch\/fr\/?s={search_term_string}"},"query-input":{"@type":"PropertyValueSpecification","valueRequired":true,"valueName":"search_term_string"}}],"inLanguage":"fr-FR"},{"@type":"Organization","@id":"https:\/\/waldspurger.ch\/fr\/#organization","name":"Waldspurger AG","url":"https:\/\/waldspurger.ch\/fr\/","logo":{"@type":"ImageObject","inLanguage":"fr-FR","@id":"https:\/\/waldspurger.ch\/fr\/#\/schema\/logo\/image\/","url":"https:\/\/waldspurger.ch\/wp-content\/uploads\/2022\/02\/logo_de.png","contentUrl":"https:\/\/waldspurger.ch\/wp-content\/uploads\/2022\/02\/logo_de.png","width":320,"height":223,"caption":"Waldspurger AG"},"image":{"@id":"https:\/\/waldspurger.ch\/fr\/#\/schema\/logo\/image\/"},"sameAs":["https:\/\/ch.linkedin.com\/company\/waldspurger-bergdietikon","https:\/\/www.youtube.com\/channel\/UC4BYucVfPuWzNF4hyfO3YTw"]},{"@type":"Person","@id":"https:\/\/waldspurger.ch\/fr\/#\/schema\/person\/e92a92f5b5a240afd932a5eba15ae94c","name":"Adminmoritzi","image":{"@type":"ImageObject","inLanguage":"fr-FR","@id":"https:\/\/secure.gravatar.com\/avatar\/4f43fbec0cc1848d75d18da5595fa2e9d12bc02d9d761756323c70efe587d61a?s=96&d=mm&r=g","url":"https:\/\/secure.gravatar.com\/avatar\/4f43fbec0cc1848d75d18da5595fa2e9d12bc02d9d761756323c70efe587d61a?s=96&d=mm&r=g","contentUrl":"https:\/\/secure.gravatar.com\/avatar\/4f43fbec0cc1848d75d18da5595fa2e9d12bc02d9d761756323c70efe587d61a?s=96&d=mm&r=g","caption":"Adminmoritzi"}}]}},"_links":{"self":[{"href":"https:\/\/waldspurger.ch\/fr\/wp-json\/wp\/v2\/pages\/34866","targetHints":{"allow":["GET"]}}],"collection":[{"href":"https:\/\/waldspurger.ch\/fr\/wp-json\/wp\/v2\/pages"}],"about":[{"href":"https:\/\/waldspurger.ch\/fr\/wp-json\/wp\/v2\/types\/page"}],"author":[{"embeddable":true,"href":"https:\/\/waldspurger.ch\/fr\/wp-json\/wp\/v2\/users\/1"}],"replies":[{"embeddable":true,"href":"https:\/\/waldspurger.ch\/fr\/wp-json\/wp\/v2\/comments?post=34866"}],"version-history":[{"count":0,"href":"https:\/\/waldspurger.ch\/fr\/wp-json\/wp\/v2\/pages\/34866\/revisions"}],"up":[{"embeddable":true,"href":"https:\/\/waldspurger.ch\/fr\/wp-json\/wp\/v2\/pages\/34691"}],"wp:attachment":[{"href":"https:\/\/waldspurger.ch\/fr\/wp-json\/wp\/v2\/media?parent=34866"}],"curies":[{"name":"wp","href":"https:\/\/api.w.org\/{rel}","templated":true}]}}