{"id":34858,"date":"2021-03-23T10:40:11","date_gmt":"2021-03-23T09:40:11","guid":{"rendered":"https:\/\/waldspurger.getads.ch\/transport-de-materiel\/dispositifs-de-fixation-de-cargaison\/"},"modified":"2023-01-09T15:17:37","modified_gmt":"2023-01-09T14:17:37","slug":"dispositifs-de-fixation-de-cargaison","status":"publish","type":"page","link":"https:\/\/waldspurger.ch\/fr\/transport-de-materiel\/dispositifs-de-fixation-de-cargaison\/","title":{"rendered":"Dispositifs de fixation de cargaison"},"content":{"rendered":"<div class=\"wpb-content-wrapper\"><p>[vc_section full_width=\u00a0\u00bbstretch_row\u00a0\u00bb full_height=\u00a0\u00bbyes\u00a0\u00bb content_placement=\u00a0\u00bbtop\u00a0\u00bb css_animation=\u00a0\u00bbfadeIn\u00a0\u00bb css=\u00a0\u00bb.vc_custom_1640619303954{margin-top: 0px !important;border-top-width: 0px !important;padding-top: 0px !important;background-image: url(https:\/\/waldspurger.ch\/wp-content\/uploads\/2021\/11\/Ladegutsicherung-Airlineschiene-Zurrschiene-For_Transit-Waldspurger_2560x1708.jpg?id=32199) !important;background-position: center !important;background-repeat: no-repeat !important;background-size: cover !important;}\u00a0\u00bb el_class=\u00a0\u00bbcustom-fullheight-section\u00a0\u00bb][vc_row full_height=\u00a0\u00bbyes\u00a0\u00bb content_placement=\u00a0\u00bbtop\u00a0\u00bb css_animation=\u00a0\u00bbfadeIn\u00a0\u00bb el_class=\u00a0\u00bbstretch-fullheight-innerrow\u00a0\u00bb effects_enabled_delay=\u00a0\u00bb500&Prime;][vc_column width=\u00a0\u00bb1\/4&Prime; css=\u00a0\u00bb.vc_custom_1582122319023{background-color: rgba(179,32,34,0.58) !important;background-position: center !important;background-repeat: no-repeat !important;background-size: cover !important;*background-color: rgb(179,32,34) !important;}\u00a0\u00bb el_class=\u00a0\u00bb.stretch-fullheight-innerrow-column main-visual-column\u00a0\u00bb][vc_column_text]<\/p>\n<h3 style=\"text-align: center;\"><span style=\"color: #ffffff;\">DISPOSITIFS DE FIXATION DE CARGAISON<\/span><\/h3>\n<p style=\"text-align: center; padding-bottom: 35px;\"><span style=\"color: #ffffff;\">Waldspurger vous offre des solutions astucieuses pour amarrer votre cargaison de mani\u00e8re simple et s\u00fbre.<\/span><\/p>\n<p>[\/vc_column_text][\/vc_column][vc_column width=\u00a0\u00bb1\/4&Prime;][\/vc_column][vc_column width=\u00a0\u00bb1\/4&Prime;][\/vc_column][vc_column width=\u00a0\u00bb1\/4&Prime;][\/vc_column][\/vc_row][\/vc_section][vc_row css_animation=\u00a0\u00bbnone\u00a0\u00bb css=\u00a0\u00bb.vc_custom_1649949084213{margin-top: 70px !important;margin-bottom: 0px !important;padding-top: 0px !important;padding-bottom: 10px !important;}\u00a0\u00bb mobile_padding_bottom=\u00a0\u00bb0&Prime;][vc_column width=\u00a0\u00bb1\/2&Prime; css_animation=\u00a0\u00bbfadeInLeft\u00a0\u00bb css=\u00a0\u00bb.vc_custom_1647546855076{margin-top: 0px !important;margin-bottom: 0px !important;padding-top: 0px !important;padding-bottom: 20px !important;}\u00a0\u00bb][vc_column_text css=\u00a0\u00bb.vc_custom_1649947949187{margin-top: 0px !important;margin-bottom: 0px !important;padding-top: 0px !important;padding-bottom: 50px !important;}\u00a0\u00bb]<\/p>\n<h2><strong>DISPOSITIFS DE FIXATION DE CARGAISON<\/strong><\/h2>\n<h3>SOLUTIONS OPTIMALES POUR UN MAXIMUM DE S\u00c9CURIT\u00c9<\/h3>\n<p>Dans la formation et dans le quotidien, l\u2019amarrage correct de la marchandise transport\u00e9e est un sujet important. Et ce, non seulement parce que l&rsquo;arrimage des marchandises et des cargaisons est soumis \u00e0 des r\u00e8gles juridiques. Toute personne qui transporte des marchandises a un int\u00e9r\u00eat fondamental \u00e0 s\u00e9curiser les marchandises de mani\u00e8re \u00e0 prot\u00e9ger le v\u00e9hicule, les personnes \u00e0 bord du v\u00e9hicule et tous les autres usagers de la route. De plus en plus d&rsquo;entreprises artisanales ou de transport investissent dans des dispositifs utiles pour transporter des outils, des colis ou des palettes en toute s\u00e9curit\u00e9.<\/p>\n<p>Il existe de nombreuses fa\u00e7ons d\u2019amarrer la cargaison de mani\u00e8re simple et s\u00fbre. Cela vaut la peine d\u2019\u00e9tudier soigneusement la question de l\u2019amarrage de la cargaison avant l\u2019achat du v\u00e9hicule. Nous serons heureux de vous aider \u00e0 trouver la solution id\u00e9ale pour vous.[\/vc_column_text][\/vc_column][vc_column width=\u00a0\u00bb1\/2&Prime; css_animation=\u00a0\u00bbfadeInRight\u00a0\u00bb css=\u00a0\u00bb.vc_custom_1641807900890{margin-top: 0px !important;margin-bottom: 0px !important;padding-top: 0px !important;padding-bottom: 40px !important;}\u00a0\u00bb mobile_padding_bottom=\u00a0\u00bb30&Prime;][vc_single_image image=\u00a0\u00bb32210&Prime; img_size=\u00a0\u00bbfull\u00a0\u00bb css=\u00a0\u00bb.vc_custom_1649949076395{margin-top: 0px !important;margin-bottom: 0px !important;padding-top: 0px !important;padding-bottom: 30px !important;}\u00a0\u00bb][\/vc_column][\/vc_row][vc_row full_width=\u00a0\u00bbstretch_row\u00a0\u00bb css=\u00a0\u00bb.vc_custom_1649948813308{margin-top: 0px !important;margin-bottom: 0px !important;padding-top: 50px !important;padding-bottom: 20px !important;background-color: #f2f2f2 !important;}\u00a0\u00bb mobile_padding_bottom=\u00a0\u00bb0&Prime;][vc_column css=\u00a0\u00bb.vc_custom_1641478835029{margin-top: 0px !important;padding-top: 0px !important;}\u00a0\u00bb mobile_margin_bottom=\u00a0\u00bb50&Prime;][vc_icon icon_fontawesome=\u00a0\u00bbfas fa-arrow-right\u00a0\u00bb color=\u00a0\u00bbcustom\u00a0\u00bb background_style=\u00a0\u00bbrounded\u00a0\u00bb background_color=\u00a0\u00bbcustom\u00a0\u00bb size=\u00a0\u00bblg\u00a0\u00bb custom_color=\u00a0\u00bb#c3bab9&Prime; el_class=\u00a0\u00bbcustom_round_icon_border_floatleft\u00a0\u00bb][vc_column_text el_class=\u00a0\u00bbcustom_maxwidth\u00a0\u00bb]<\/p>\n<h3 style=\"margin-bottom: 5px;\"><strong>\u00c9QUIPEMENTS &amp; PRODUITS<\/strong><\/h3>\n<p>Obtenez ici des informations sur les diff\u00e9rentes options. <span style=\"color: #333333;\"><a style=\"color: #333333; text-decoration: underline;\" href=\"https:\/\/waldspurger.ch\/fr\/contact\/\">Nous nous ferons un plaisir de vous conseiller par t\u00e9l\u00e9phone ou chez nous \u00e0 Bergdietikon.<\/a><\/span>[\/vc_column_text][\/vc_column][\/vc_row][vc_row full_width=\u00a0\u00bbstretch_row\u00a0\u00bb css=\u00a0\u00bb.vc_custom_1640618593317{margin-top: 0px !important;margin-bottom: 0px !important;padding-top: 0px !important;padding-bottom: 0px !important;background-color: #f2f2f2 !important;}\u00a0\u00bb][vc_column width=\u00a0\u00bb1\/2&Prime; css_animation=\u00a0\u00bbfadeInUp\u00a0\u00bb css=\u00a0\u00bb.vc_custom_1640618542506{margin-top: 0px !important;margin-bottom: 0px !important;padding-top: 0px !important;padding-bottom: 50px !important;}\u00a0\u00bb][vc_single_image image=\u00a0\u00bb32208&Prime; img_size=\u00a0\u00bbfull\u00a0\u00bb css=\u00a0\u00bb.vc_custom_1645172727187{margin-top: 0px !important;margin-bottom: 20px !important;}\u00a0\u00bb][vc_column_text css=\u00a0\u00bb.vc_custom_1646304646321{margin-top: 0px !important;}\u00a0\u00bb]<\/p>\n<h3><span style=\"color: #b32022;\">RAIL AIRLINE ET RAIL D\u2019ARRIMAGE<\/span><\/h3>\n<p>Nos rails Airline offrent un large \u00e9ventail de possibilit\u00e9s. Vous pouvez les encastrer dans le plancher ou les installer sur les parois lat\u00e9rales, sur la paroi de s\u00e9paration ou sur le toit. Toutes les options tels que les barres de verrouillage, les embouts et les sangles d&rsquo;arrimage peuvent \u00eatre mont\u00e9s individuellement sur toute la longueur des rails &#8211; la flexibilit\u00e9 est donc garantie.[\/vc_column_text][\/vc_column][vc_column width=\u00a0\u00bb1\/2&Prime; css_animation=\u00a0\u00bbfadeInUp\u00a0\u00bb css=\u00a0\u00bb.vc_custom_1640618535069{margin-top: 0px !important;margin-bottom: 0px !important;padding-top: 0px !important;padding-bottom: 50px !important;}\u00a0\u00bb effects_enabled_delay=\u00a0\u00bb200&Prime;][vc_single_image image=\u00a0\u00bb32206&Prime; img_size=\u00a0\u00bbfull\u00a0\u00bb css=\u00a0\u00bb.vc_custom_1645172733022{margin-top: 0px !important;margin-bottom: 20px !important;}\u00a0\u00bb][vc_column_text css=\u00a0\u00bb.vc_custom_1646304661475{margin-top: 0px !important;}\u00a0\u00bb]<\/p>\n<h3><span style=\"color: #b32022;\">POINTS D\u2019ARRIMAGE ET ANNEAUX D\u2019ATTACHE<\/span><\/h3>\n<p>Nous installons pour vous des anneaux d&rsquo;arrimage suppl\u00e9mentaires dans votre voiture de livraison afin que la cargaison puisse \u00eatre fix\u00e9e de mani\u00e8re optimale. Les anneaux d\u2019attache peuvent \u00eatre encastr\u00e9s ou mont\u00e9s en saillie.[\/vc_column_text][\/vc_column][\/vc_row][vc_row full_width=\u00a0\u00bbstretch_row\u00a0\u00bb css=\u00a0\u00bb.vc_custom_1673273772203{margin-top: 0px !important;margin-bottom: 0px !important;padding-top: 50px !important;padding-bottom: 0px !important;}\u00a0\u00bb][vc_column width=\u00a0\u00bb1\/2&Prime; css_animation=\u00a0\u00bbfadeInUp\u00a0\u00bb css=\u00a0\u00bb.vc_custom_1640618559622{margin-top: 0px !important;margin-bottom: 0px !important;padding-top: 0px !important;padding-bottom: 50px !important;}\u00a0\u00bb][vc_single_image image=\u00a0\u00bb32204&Prime; img_size=\u00a0\u00bbfull\u00a0\u00bb css=\u00a0\u00bb.vc_custom_1645172738526{margin-top: 0px !important;margin-bottom: 20px !important;}\u00a0\u00bb][vc_column_text css=\u00a0\u00bb.vc_custom_1646304678247{margin-top: 0px !important;}\u00a0\u00bb]<\/p>\n<h3><span style=\"color: #b32022;\">BARRES DE BLOCAGE<\/span><\/h3>\n<p>Des b\u00e2tons ou barres de blocage peuvent \u00eatre fix\u00e9s dans les rails d&rsquo;arrimage Airline ou dans les rails d&rsquo;arrimage combin\u00e9s. Les b\u00e2tons d\u2019arrimage sont principalement utilis\u00e9s pour s\u00e9curiser la charge afin que les objets transport\u00e9s ne puissent pas se d\u00e9placer. Les b\u00e2tons t\u00e9lescopiques sont extr\u00eamement pratiques car vous pouvez les r\u00e9gler \u00e0 la bonne longueur en un tournemain.[\/vc_column_text][\/vc_column][vc_column width=\u00a0\u00bb1\/2&Prime; css_animation=\u00a0\u00bbfadeInUp\u00a0\u00bb css=\u00a0\u00bb.vc_custom_1640618573694{margin-top: 0px !important;margin-bottom: 0px !important;padding-top: 0px !important;padding-bottom: 50px !important;}\u00a0\u00bb effects_enabled_delay=\u00a0\u00bb200&Prime;][vc_single_image image=\u00a0\u00bb32202&Prime; img_size=\u00a0\u00bbfull\u00a0\u00bb css=\u00a0\u00bb.vc_custom_1645172744010{margin-top: 0px !important;margin-bottom: 20px !important;}\u00a0\u00bb][vc_column_text css=\u00a0\u00bb.vc_custom_1646304695435{margin-top: 0px !important;}\u00a0\u00bb]<\/p>\n<h3><span style=\"color: #b32022;\">SANGLE D\u2019ARRIMAGE ET SANGLES DE SERRAGE<\/span><\/h3>\n<p>Pour un arrimage professionnel lors du transport de charges volumineuses, nous recommandons l\u2019utilisation de sangles d&rsquo;arrimage et de sangles de serrage. Les sangles tiss\u00e9es en polyester et dot\u00e9es d&rsquo;armatures en acier sont peu extensibles et tr\u00e8s r\u00e9sistantes au vieillissement. Une longue dur\u00e9e de vie est garantie.[\/vc_column_text][\/vc_column][\/vc_row][vc_row full_width=\u00a0\u00bbstretch_row\u00a0\u00bb css=\u00a0\u00bb.vc_custom_1673273790216{margin-top: 0px !important;margin-bottom: 0px !important;padding-top: 50px !important;padding-bottom: 50px !important;background-color: #f2f2f2 !important;}\u00a0\u00bb][vc_column width=\u00a0\u00bb1\/2&Prime; css_animation=\u00a0\u00bbfadeInUp\u00a0\u00bb css=\u00a0\u00bb.vc_custom_1640618559622{margin-top: 0px !important;margin-bottom: 0px !important;padding-top: 0px !important;padding-bottom: 50px !important;}\u00a0\u00bb][vc_single_image image=\u00a0\u00bb75742&Prime; img_size=\u00a0\u00bbfull\u00a0\u00bb css=\u00a0\u00bb.vc_custom_1673273848721{margin-top: 0px !important;margin-bottom: 20px !important;}\u00a0\u00bb][vc_column_text css=\u00a0\u00bb.vc_custom_1673273837257{margin-top: 0px !important;}\u00a0\u00bb]<\/p>\n<h3><span style=\"color: #b32022;\">Solutions sp\u00e9ciales<\/span><\/h3>\n<p>Dans ce v\u00e9hicule, des tableaux et d\u2019autres objets fragiles peuvent \u00eatre transport\u00e9s. Nous avons am\u00e9nag\u00e9 l\u2019int\u00e9rieur de sorte que la paroi soit droite et que les passages de roue soient compl\u00e8tement recouverts. Afin de prot\u00e9ger encore mieux les marchandises fragiles \u00e0 transporter, les parois lat\u00e9rales \u00e0 l\u2019int\u00e9rieur sont enti\u00e8rement rev\u00eatues de feutre aiguillet\u00e9. Les rails d\u2019arrimage encastr\u00e9s assurent la flexibilit\u00e9 n\u00e9cessaire pour s\u00e9curiser le chargement. Nous serions heureux de r\u00e9aliser pour vous aussi un am\u00e9nagement individuel de votre v\u00e9hicule.[\/vc_column_text][\/vc_column][\/vc_row]<\/p>\n<\/div>","protected":false},"excerpt":{"rendered":"<p>[vc_section full_width=\u00a0\u00bbstretch_row\u00a0\u00bb full_height=\u00a0\u00bbyes\u00a0\u00bb content_placement=\u00a0\u00bbtop\u00a0\u00bb css_animation=\u00a0\u00bbfadeIn\u00a0\u00bb css=\u00a0\u00bb.vc_custom_1640619303954{margin-top: 0px !important;border-top-width: 0px !important;padding-top: 0px !important;background-image: url(https:\/\/waldspurger.ch\/wp-content\/uploads\/2021\/11\/Ladegutsicherung-Airlineschiene-Zurrschiene-For_Transit-Waldspurger_2560x1708.jpg?id=32199) !important;background-position: center !important;background-repeat: no-repeat !important;background-size: cover !important;}\u00a0\u00bb&#8230;<\/p>\n","protected":false},"author":1,"featured_media":0,"parent":34691,"menu_order":0,"comment_status":"closed","ping_status":"closed","template":"","meta":{"footnotes":""},"class_list":["post-34858","page","type-page","status-publish"],"yoast_head":"<!-- This site is optimized with the Yoast SEO plugin v27.2 - https:\/\/yoast.com\/product\/yoast-seo-wordpress\/ -->\n<title>Dispositifs de fixation de cargaison - Waldspurger SA<\/title>\n<meta name=\"robots\" content=\"index, follow, max-snippet:-1, max-image-preview:large, max-video-preview:-1\" \/>\n<link rel=\"canonical\" href=\"https:\/\/waldspurger.ch\/fr\/transport-de-materiel\/dispositifs-de-fixation-de-cargaison\/\" \/>\n<meta property=\"og:locale\" content=\"fr_FR\" \/>\n<meta property=\"og:type\" content=\"article\" \/>\n<meta property=\"og:title\" content=\"Dispositifs de fixation de cargaison - Waldspurger SA\" \/>\n<meta property=\"og:description\" content=\"[vc_section full_width=\u00a0\u00bbstretch_row\u00a0\u00bb full_height=\u00a0\u00bbyes\u00a0\u00bb content_placement=\u00a0\u00bbtop\u00a0\u00bb css_animation=\u00a0\u00bbfadeIn\u00a0\u00bb css=\u00a0\u00bb.vc_custom_1640619303954{margin-top: 0px !important;border-top-width: 0px !important;padding-top: 0px !important;background-image: url(https:\/\/waldspurger.ch\/wp-content\/uploads\/2021\/11\/Ladegutsicherung-Airlineschiene-Zurrschiene-For_Transit-Waldspurger_2560x1708.jpg?id=32199) !important;background-position: center !important;background-repeat: no-repeat !important;background-size: cover !important;}\u00a0\u00bb...\" \/>\n<meta property=\"og:url\" content=\"https:\/\/waldspurger.ch\/fr\/transport-de-materiel\/dispositifs-de-fixation-de-cargaison\/\" \/>\n<meta property=\"og:site_name\" content=\"Waldspurger SA\" \/>\n<meta property=\"article:modified_time\" content=\"2023-01-09T14:17:37+00:00\" \/>\n<meta property=\"og:image\" content=\"https:\/\/waldspurger.ch\/wp-content\/uploads\/2022\/02\/logo_de.png\" \/>\n\t<meta property=\"og:image:width\" content=\"320\" \/>\n\t<meta property=\"og:image:height\" content=\"223\" \/>\n\t<meta property=\"og:image:type\" content=\"image\/png\" \/>\n<meta name=\"twitter:card\" content=\"summary_large_image\" \/>\n<script type=\"application\/ld+json\" class=\"yoast-schema-graph\">{\"@context\":\"https:\/\/schema.org\",\"@graph\":[{\"@type\":\"Article\",\"@id\":\"https:\/\/waldspurger.ch\/fr\/transport-de-materiel\/dispositifs-de-fixation-de-cargaison\/#article\",\"isPartOf\":{\"@id\":\"https:\/\/waldspurger.ch\/fr\/transport-de-materiel\/dispositifs-de-fixation-de-cargaison\/\"},\"author\":{\"name\":\"Adminmoritzi\",\"@id\":\"https:\/\/waldspurger.ch\/fr\/#\/schema\/person\/e92a92f5b5a240afd932a5eba15ae94c\"},\"headline\":\"Dispositifs de fixation de cargaison\",\"datePublished\":\"2021-03-23T09:40:11+00:00\",\"dateModified\":\"2023-01-09T14:17:37+00:00\",\"mainEntityOfPage\":{\"@id\":\"https:\/\/waldspurger.ch\/fr\/transport-de-materiel\/dispositifs-de-fixation-de-cargaison\/\"},\"wordCount\":1242,\"publisher\":{\"@id\":\"https:\/\/waldspurger.ch\/fr\/#organization\"},\"inLanguage\":\"fr-FR\"},{\"@type\":\"WebPage\",\"@id\":\"https:\/\/waldspurger.ch\/fr\/transport-de-materiel\/dispositifs-de-fixation-de-cargaison\/\",\"url\":\"https:\/\/waldspurger.ch\/fr\/transport-de-materiel\/dispositifs-de-fixation-de-cargaison\/\",\"name\":\"Dispositifs de fixation de cargaison - Waldspurger SA\",\"isPartOf\":{\"@id\":\"https:\/\/waldspurger.ch\/fr\/#website\"},\"datePublished\":\"2021-03-23T09:40:11+00:00\",\"dateModified\":\"2023-01-09T14:17:37+00:00\",\"breadcrumb\":{\"@id\":\"https:\/\/waldspurger.ch\/fr\/transport-de-materiel\/dispositifs-de-fixation-de-cargaison\/#breadcrumb\"},\"inLanguage\":\"fr-FR\",\"potentialAction\":[{\"@type\":\"ReadAction\",\"target\":[\"https:\/\/waldspurger.ch\/fr\/transport-de-materiel\/dispositifs-de-fixation-de-cargaison\/\"]}]},{\"@type\":\"BreadcrumbList\",\"@id\":\"https:\/\/waldspurger.ch\/fr\/transport-de-materiel\/dispositifs-de-fixation-de-cargaison\/#breadcrumb\",\"itemListElement\":[{\"@type\":\"ListItem\",\"position\":1,\"name\":\"Startseite\",\"item\":\"https:\/\/waldspurger.ch\/fr\/\"},{\"@type\":\"ListItem\",\"position\":2,\"name\":\"Transport de mat\u00e9riel\",\"item\":\"https:\/\/waldspurger.ch\/fr\/transport-de-materiel\/\"},{\"@type\":\"ListItem\",\"position\":3,\"name\":\"Dispositifs de fixation de cargaison\"}]},{\"@type\":\"WebSite\",\"@id\":\"https:\/\/waldspurger.ch\/fr\/#website\",\"url\":\"https:\/\/waldspurger.ch\/fr\/\",\"name\":\"Waldspurger SA\",\"description\":\"Am\u00e9nagement\",\"publisher\":{\"@id\":\"https:\/\/waldspurger.ch\/fr\/#organization\"},\"potentialAction\":[{\"@type\":\"SearchAction\",\"target\":{\"@type\":\"EntryPoint\",\"urlTemplate\":\"https:\/\/waldspurger.ch\/fr\/?s={search_term_string}\"},\"query-input\":{\"@type\":\"PropertyValueSpecification\",\"valueRequired\":true,\"valueName\":\"search_term_string\"}}],\"inLanguage\":\"fr-FR\"},{\"@type\":\"Organization\",\"@id\":\"https:\/\/waldspurger.ch\/fr\/#organization\",\"name\":\"Waldspurger AG\",\"url\":\"https:\/\/waldspurger.ch\/fr\/\",\"logo\":{\"@type\":\"ImageObject\",\"inLanguage\":\"fr-FR\",\"@id\":\"https:\/\/waldspurger.ch\/fr\/#\/schema\/logo\/image\/\",\"url\":\"https:\/\/waldspurger.ch\/wp-content\/uploads\/2022\/02\/logo_de.png\",\"contentUrl\":\"https:\/\/waldspurger.ch\/wp-content\/uploads\/2022\/02\/logo_de.png\",\"width\":320,\"height\":223,\"caption\":\"Waldspurger AG\"},\"image\":{\"@id\":\"https:\/\/waldspurger.ch\/fr\/#\/schema\/logo\/image\/\"},\"sameAs\":[\"https:\/\/ch.linkedin.com\/company\/waldspurger-bergdietikon\",\"https:\/\/www.youtube.com\/channel\/UC4BYucVfPuWzNF4hyfO3YTw\"]},{\"@type\":\"Person\",\"@id\":\"https:\/\/waldspurger.ch\/fr\/#\/schema\/person\/e92a92f5b5a240afd932a5eba15ae94c\",\"name\":\"Adminmoritzi\",\"image\":{\"@type\":\"ImageObject\",\"inLanguage\":\"fr-FR\",\"@id\":\"https:\/\/secure.gravatar.com\/avatar\/4f43fbec0cc1848d75d18da5595fa2e9d12bc02d9d761756323c70efe587d61a?s=96&d=mm&r=g\",\"url\":\"https:\/\/secure.gravatar.com\/avatar\/4f43fbec0cc1848d75d18da5595fa2e9d12bc02d9d761756323c70efe587d61a?s=96&d=mm&r=g\",\"contentUrl\":\"https:\/\/secure.gravatar.com\/avatar\/4f43fbec0cc1848d75d18da5595fa2e9d12bc02d9d761756323c70efe587d61a?s=96&d=mm&r=g\",\"caption\":\"Adminmoritzi\"}}]}<\/script>\n<!-- \/ Yoast SEO plugin. -->","yoast_head_json":{"title":"Dispositifs de fixation de cargaison - Waldspurger SA","robots":{"index":"index","follow":"follow","max-snippet":"max-snippet:-1","max-image-preview":"max-image-preview:large","max-video-preview":"max-video-preview:-1"},"canonical":"https:\/\/waldspurger.ch\/fr\/transport-de-materiel\/dispositifs-de-fixation-de-cargaison\/","og_locale":"fr_FR","og_type":"article","og_title":"Dispositifs de fixation de cargaison - Waldspurger SA","og_description":"[vc_section full_width=\u00a0\u00bbstretch_row\u00a0\u00bb full_height=\u00a0\u00bbyes\u00a0\u00bb content_placement=\u00a0\u00bbtop\u00a0\u00bb css_animation=\u00a0\u00bbfadeIn\u00a0\u00bb css=\u00a0\u00bb.vc_custom_1640619303954{margin-top: 0px !important;border-top-width: 0px !important;padding-top: 0px !important;background-image: url(https:\/\/waldspurger.ch\/wp-content\/uploads\/2021\/11\/Ladegutsicherung-Airlineschiene-Zurrschiene-For_Transit-Waldspurger_2560x1708.jpg?id=32199) !important;background-position: center !important;background-repeat: no-repeat !important;background-size: cover !important;}\u00a0\u00bb...","og_url":"https:\/\/waldspurger.ch\/fr\/transport-de-materiel\/dispositifs-de-fixation-de-cargaison\/","og_site_name":"Waldspurger SA","article_modified_time":"2023-01-09T14:17:37+00:00","og_image":[{"width":320,"height":223,"url":"https:\/\/waldspurger.ch\/wp-content\/uploads\/2022\/02\/logo_de.png","type":"image\/png"}],"twitter_card":"summary_large_image","schema":{"@context":"https:\/\/schema.org","@graph":[{"@type":"Article","@id":"https:\/\/waldspurger.ch\/fr\/transport-de-materiel\/dispositifs-de-fixation-de-cargaison\/#article","isPartOf":{"@id":"https:\/\/waldspurger.ch\/fr\/transport-de-materiel\/dispositifs-de-fixation-de-cargaison\/"},"author":{"name":"Adminmoritzi","@id":"https:\/\/waldspurger.ch\/fr\/#\/schema\/person\/e92a92f5b5a240afd932a5eba15ae94c"},"headline":"Dispositifs de fixation de cargaison","datePublished":"2021-03-23T09:40:11+00:00","dateModified":"2023-01-09T14:17:37+00:00","mainEntityOfPage":{"@id":"https:\/\/waldspurger.ch\/fr\/transport-de-materiel\/dispositifs-de-fixation-de-cargaison\/"},"wordCount":1242,"publisher":{"@id":"https:\/\/waldspurger.ch\/fr\/#organization"},"inLanguage":"fr-FR"},{"@type":"WebPage","@id":"https:\/\/waldspurger.ch\/fr\/transport-de-materiel\/dispositifs-de-fixation-de-cargaison\/","url":"https:\/\/waldspurger.ch\/fr\/transport-de-materiel\/dispositifs-de-fixation-de-cargaison\/","name":"Dispositifs de fixation de cargaison - Waldspurger SA","isPartOf":{"@id":"https:\/\/waldspurger.ch\/fr\/#website"},"datePublished":"2021-03-23T09:40:11+00:00","dateModified":"2023-01-09T14:17:37+00:00","breadcrumb":{"@id":"https:\/\/waldspurger.ch\/fr\/transport-de-materiel\/dispositifs-de-fixation-de-cargaison\/#breadcrumb"},"inLanguage":"fr-FR","potentialAction":[{"@type":"ReadAction","target":["https:\/\/waldspurger.ch\/fr\/transport-de-materiel\/dispositifs-de-fixation-de-cargaison\/"]}]},{"@type":"BreadcrumbList","@id":"https:\/\/waldspurger.ch\/fr\/transport-de-materiel\/dispositifs-de-fixation-de-cargaison\/#breadcrumb","itemListElement":[{"@type":"ListItem","position":1,"name":"Startseite","item":"https:\/\/waldspurger.ch\/fr\/"},{"@type":"ListItem","position":2,"name":"Transport de mat\u00e9riel","item":"https:\/\/waldspurger.ch\/fr\/transport-de-materiel\/"},{"@type":"ListItem","position":3,"name":"Dispositifs de fixation de cargaison"}]},{"@type":"WebSite","@id":"https:\/\/waldspurger.ch\/fr\/#website","url":"https:\/\/waldspurger.ch\/fr\/","name":"Waldspurger SA","description":"Am\u00e9nagement","publisher":{"@id":"https:\/\/waldspurger.ch\/fr\/#organization"},"potentialAction":[{"@type":"SearchAction","target":{"@type":"EntryPoint","urlTemplate":"https:\/\/waldspurger.ch\/fr\/?s={search_term_string}"},"query-input":{"@type":"PropertyValueSpecification","valueRequired":true,"valueName":"search_term_string"}}],"inLanguage":"fr-FR"},{"@type":"Organization","@id":"https:\/\/waldspurger.ch\/fr\/#organization","name":"Waldspurger AG","url":"https:\/\/waldspurger.ch\/fr\/","logo":{"@type":"ImageObject","inLanguage":"fr-FR","@id":"https:\/\/waldspurger.ch\/fr\/#\/schema\/logo\/image\/","url":"https:\/\/waldspurger.ch\/wp-content\/uploads\/2022\/02\/logo_de.png","contentUrl":"https:\/\/waldspurger.ch\/wp-content\/uploads\/2022\/02\/logo_de.png","width":320,"height":223,"caption":"Waldspurger AG"},"image":{"@id":"https:\/\/waldspurger.ch\/fr\/#\/schema\/logo\/image\/"},"sameAs":["https:\/\/ch.linkedin.com\/company\/waldspurger-bergdietikon","https:\/\/www.youtube.com\/channel\/UC4BYucVfPuWzNF4hyfO3YTw"]},{"@type":"Person","@id":"https:\/\/waldspurger.ch\/fr\/#\/schema\/person\/e92a92f5b5a240afd932a5eba15ae94c","name":"Adminmoritzi","image":{"@type":"ImageObject","inLanguage":"fr-FR","@id":"https:\/\/secure.gravatar.com\/avatar\/4f43fbec0cc1848d75d18da5595fa2e9d12bc02d9d761756323c70efe587d61a?s=96&d=mm&r=g","url":"https:\/\/secure.gravatar.com\/avatar\/4f43fbec0cc1848d75d18da5595fa2e9d12bc02d9d761756323c70efe587d61a?s=96&d=mm&r=g","contentUrl":"https:\/\/secure.gravatar.com\/avatar\/4f43fbec0cc1848d75d18da5595fa2e9d12bc02d9d761756323c70efe587d61a?s=96&d=mm&r=g","caption":"Adminmoritzi"}}]}},"_links":{"self":[{"href":"https:\/\/waldspurger.ch\/fr\/wp-json\/wp\/v2\/pages\/34858","targetHints":{"allow":["GET"]}}],"collection":[{"href":"https:\/\/waldspurger.ch\/fr\/wp-json\/wp\/v2\/pages"}],"about":[{"href":"https:\/\/waldspurger.ch\/fr\/wp-json\/wp\/v2\/types\/page"}],"author":[{"embeddable":true,"href":"https:\/\/waldspurger.ch\/fr\/wp-json\/wp\/v2\/users\/1"}],"replies":[{"embeddable":true,"href":"https:\/\/waldspurger.ch\/fr\/wp-json\/wp\/v2\/comments?post=34858"}],"version-history":[{"count":0,"href":"https:\/\/waldspurger.ch\/fr\/wp-json\/wp\/v2\/pages\/34858\/revisions"}],"up":[{"embeddable":true,"href":"https:\/\/waldspurger.ch\/fr\/wp-json\/wp\/v2\/pages\/34691"}],"wp:attachment":[{"href":"https:\/\/waldspurger.ch\/fr\/wp-json\/wp\/v2\/media?parent=34858"}],"curies":[{"name":"wp","href":"https:\/\/api.w.org\/{rel}","templated":true}]}}