{"id":34716,"date":"2021-03-08T13:40:39","date_gmt":"2021-03-08T12:40:39","guid":{"rendered":"https:\/\/waldspurger.getads.ch\/lequipe\/"},"modified":"2024-10-18T15:35:44","modified_gmt":"2024-10-18T13:35:44","slug":"lequipe","status":"publish","type":"page","link":"https:\/\/waldspurger.ch\/fr\/lequipe\/","title":{"rendered":"L\u2019\u00e9quipe"},"content":{"rendered":"<div class=\"wpb-content-wrapper\"><p>[vc_section full_width=\u00a0\u00bbstretch_row\u00a0\u00bb full_height=\u00a0\u00bbyes\u00a0\u00bb content_placement=\u00a0\u00bbtop\u00a0\u00bb css_animation=\u00a0\u00bbfadeIn\u00a0\u00bb css=\u00a0\u00bb.vc_custom_1643791962605{margin-top: 0px !important;border-top-width: 0px !important;padding-top: 0px !important;background-image: url(https:\/\/waldspurger.ch\/wp-content\/uploads\/2022\/02\/Waldspurger_Team_2400\u200a\u00d7\u200a1391.jpg?id=36158) !important;background-position: center !important;background-repeat: no-repeat !important;background-size: cover !important;}\u00a0\u00bb el_class=\u00a0\u00bbcustom-fullheight-section\u00a0\u00bb][vc_row full_height=\u00a0\u00bbyes\u00a0\u00bb content_placement=\u00a0\u00bbtop\u00a0\u00bb css_animation=\u00a0\u00bbfadeIn\u00a0\u00bb el_class=\u00a0\u00bbstretch-fullheight-innerrow\u00a0\u00bb effects_enabled_delay=\u00a0\u00bb500&Prime;][vc_column width=\u00a0\u00bb1\/4&Prime; css=\u00a0\u00bb.vc_custom_1582122319023{background-color: rgba(179,32,34,0.58) !important;background-position: center !important;background-repeat: no-repeat !important;background-size: cover !important;*background-color: rgb(179,32,34) !important;}\u00a0\u00bb el_class=\u00a0\u00bb.stretch-fullheight-innerrow-column main-visual-column\u00a0\u00bb][vc_column_text]<\/p>\n<h3 style=\"text-align: center;\"><span style=\"color: #ffffff;\">NOTRE \u00c9QUIPE<\/span><\/h3>\n<p style=\"text-align: center; color: #ffffff; padding-bottom: 35px;\">Waldspurger SA offre un excellent service et un conseil personnalis\u00e9 depuis 1978. Pour que cela reste le cas \u00e0 l&rsquo;avenir, nous pouvons compter sur une \u00e9quipe motiv\u00e9e.<\/p>\n<p>[\/vc_column_text][\/vc_column][vc_column width=\u00a0\u00bb1\/4&Prime;][\/vc_column][vc_column width=\u00a0\u00bb1\/4&Prime;][\/vc_column][vc_column width=\u00a0\u00bb1\/4&Prime;][\/vc_column][\/vc_row][\/vc_section][vc_row disable_element=\u00a0\u00bbyes\u00a0\u00bb css_animation=\u00a0\u00bbfadeInUp\u00a0\u00bb][vc_column css=\u00a0\u00bb.vc_custom_1584611090987{margin-bottom: 25px !important;padding-top: 45px !important;padding-bottom: 0px !important;}\u00a0\u00bb][vc_column_text css=\u00a0\u00bb.vc_custom_1616414362383{margin-top: 40px !important;margin-bottom: 20px !important;padding-bottom: 0px !important;}\u00a0\u00bb el_class=\u00a0\u00bbcustom_maxwidth\u00a0\u00bb]<\/p>\n<h2><strong>L\u2019\u00c9QUIPE<\/strong><\/h2>\n<h3>Lorem Ipsum<\/h3>\n<p>Lorem ispum ipsum lorem ispum ipsum lorem ispum ipsum lorem ispum ipsum lorem ispum ipsum lorem ispum ipsum lorem .[\/vc_column_text][\/vc_column][\/vc_row][vc_row css_animation=\u00a0\u00bbfadeInUp\u00a0\u00bb css=\u00a0\u00bb.vc_custom_1632822992536{margin-top: 40px !important;padding-top: 40px !important;}\u00a0\u00bb][vc_column][vc_icon icon_fontawesome=\u00a0\u00bbfas fa-mail-bulk\u00a0\u00bb color=\u00a0\u00bbcustom\u00a0\u00bb background_style=\u00a0\u00bbrounded\u00a0\u00bb background_color=\u00a0\u00bbcustom\u00a0\u00bb size=\u00a0\u00bblg\u00a0\u00bb custom_color=\u00a0\u00bb#c3bab9&Prime; el_class=\u00a0\u00bbcustom_round_icon_border_floatleft\u00a0\u00bb][vc_column_text el_class=\u00a0\u00bbcustom_maxwidth\u00a0\u00bb]<\/p>\n<h3 style=\"margin-bottom: 5px;\"><strong>DANS NOS BUREAUX<\/strong><\/h3>\n<h4>Nous vous conseillons volontiers!<\/h4>\n<p>[\/vc_column_text][\/vc_column][\/vc_row][vc_row css_animation=\u00a0\u00bbfadeInUp\u00a0\u00bb css=\u00a0\u00bb.vc_custom_1645098364370{margin-top: -10px !important;}\u00a0\u00bb][vc_column]<div class=\"gem-team row inline-row gem-team-style-1\" data-hover-colors=\"{&quot;background_color&quot;:&quot;#f2f2f2&quot;,&quot;name_color&quot;:&quot;#333333&quot;}\" >\n<div class=\"col-md-4 col-sm-6 col-xs-12 inline-column\"> <div id=\"post-35851\" class=\"team-person centered-box default-background post-35851 thegem_team_person type-thegem_team_person status-publish has-post-thumbnail\" style=\"background-color: #f2f2f2; border-color: #f2f2f2\"> <div class=\"team-person-image\"><img width=\"240\" height=\"240\" src=\"https:\/\/waldspurger.ch\/wp-content\/uploads\/2021\/03\/MarcoMeierhofer-1-thegem-person-240.png\" class=\"img-responsive wp-post-image\" alt=\"MarcoMeierhofer\" srcset=\"https:\/\/waldspurger.ch\/wp-content\/uploads\/2021\/03\/MarcoMeierhofer-1-thegem-person.png 2x\" sizes=\"100vw\" \/><\/div> <div class=\"team-person-info\"> <div class=\"team-person-name title-h4\" style=\"color: #333333\">Marco Meierhofer<\/div> <div class=\"team-person-position date-color\" style=\"color: #333333\">Directeur d'exploitation<\/div> <div class=\"team-person-email\"><a href=\"mailto:marco.meierhofer@waldspurger.ch\">marco.meierhofer@waldspurger.ch<\/a><\/div> <\/div> <\/div>\n<\/div> <div class=\"col-md-4 col-sm-6 col-xs-12 inline-column\"> <div id=\"post-76631\" class=\"team-person centered-box default-background post-76631 thegem_team_person type-thegem_team_person status-publish has-post-thumbnail\" style=\"background-color: #f2f2f2; border-color: #f2f2f2\"> <div class=\"team-person-image\"><img width=\"240\" height=\"240\" src=\"https:\/\/waldspurger.ch\/wp-content\/uploads\/2023\/06\/Waldspurger_Daniel_Benedetto-thegem-person-240.png\" class=\"img-responsive wp-post-image\" alt=\"Waldspurger_Daniel_Benedetto\" srcset=\"https:\/\/waldspurger.ch\/wp-content\/uploads\/2023\/06\/Waldspurger_Daniel_Benedetto-thegem-person.png 2x\" sizes=\"100vw\" \/><\/div> <div class=\"team-person-info\"> <div class=\"team-person-name title-h4\" style=\"color: #333333\">Daniel Benedetto<\/div> <div class=\"team-person-position date-color\" style=\"color: #333333\">Ventes internes<\/div> <div class=\"team-person-email\"><a href=\"mailto:daniel.benedetto@waldspurger.ch\">daniel.benedetto@waldspurger.ch<\/a><\/div> <\/div> <\/div>\n<\/div> <div class=\"col-md-4 col-sm-6 col-xs-12 inline-column\"> <div id=\"post-79210\" class=\"team-person centered-box default-background post-79210 thegem_team_person type-thegem_team_person status-publish has-post-thumbnail\" style=\"background-color: #f2f2f2; border-color: #f2f2f2\"> <div class=\"team-person-image\"><img width=\"240\" height=\"240\" src=\"https:\/\/waldspurger.ch\/wp-content\/uploads\/2025\/07\/Waldspurger_Giuseppe_Spadea-thegem-person-1-thegem-person-240.jpg\" class=\"img-responsive wp-post-image\" alt=\"Waldspurger_Giuseppe_Spadea-thegem-person\" srcset=\"https:\/\/waldspurger.ch\/wp-content\/uploads\/2025\/07\/Waldspurger_Giuseppe_Spadea-thegem-person-1-thegem-person.jpg 2x\" sizes=\"100vw\" \/><\/div> <div class=\"team-person-info\"> <div class=\"team-person-name title-h4\" style=\"color: #333333\">Giuseppe Spadea<\/div> <div class=\"team-person-position date-color\" style=\"color: #333333\">Ventes internes<\/div> <div class=\"team-person-email\"><a href=\"mailto:giuseppe.spadea@waldspurger.ch\">giuseppe.spadea@waldspurger.ch<\/a><\/div> <\/div> <\/div>\n<\/div> <div class=\"col-md-4 col-sm-6 col-xs-12 inline-column\"> <div id=\"post-35843\" class=\"team-person centered-box default-background post-35843 thegem_team_person type-thegem_team_person status-publish has-post-thumbnail\" style=\"background-color: #f2f2f2; border-color: #f2f2f2\"> <div class=\"team-person-image\"><img width=\"240\" height=\"240\" src=\"https:\/\/waldspurger.ch\/wp-content\/uploads\/2021\/03\/Team_VogelChristian-thegem-person-240.jpg\" class=\"img-responsive wp-post-image\" alt=\"Team_VogelChristian\" srcset=\"https:\/\/waldspurger.ch\/wp-content\/uploads\/2021\/03\/Team_VogelChristian-thegem-person.jpg 2x\" sizes=\"100vw\" \/><\/div> <div class=\"team-person-info\"> <div class=\"team-person-name title-h4\" style=\"color: #333333\">Christian Vogel<\/div> <div class=\"team-person-position date-color\" style=\"color: #333333\">Achats<\/div> <div class=\"team-person-email\"><a href=\"mailto:christian.vogel@waldspurger.ch\">christian.vogel@waldspurger.ch<\/a><\/div> <\/div> <\/div>\n<\/div>\n<\/div>[\/vc_column][\/vc_row][vc_row disable_element=\u00a0\u00bbyes\u00a0\u00bb css_animation=\u00a0\u00bbfadeInUp\u00a0\u00bb css=\u00a0\u00bb.vc_custom_1729258523574{margin-top: 70px !important;}\u00a0\u00bb][vc_column][vc_icon icon_fontawesome=\u00a0\u00bbfas fa-tools\u00a0\u00bb color=\u00a0\u00bbcustom\u00a0\u00bb background_style=\u00a0\u00bbrounded\u00a0\u00bb background_color=\u00a0\u00bbcustom\u00a0\u00bb size=\u00a0\u00bblg\u00a0\u00bb custom_color=\u00a0\u00bb#c3bab9&Prime; el_class=\u00a0\u00bbcustom_round_icon_border_floatleft\u00a0\u00bb][vc_column_text el_class=\u00a0\u00bbcustom_maxwidth\u00a0\u00bb]<\/p>\n<h3 style=\"margin-bottom: 5px;\"><strong>DANS NOS ATELIERS<\/strong><\/h3>\n<h4>Nous travaillons sur votre v\u00e9hicule!<\/h4>\n<p>[\/vc_column_text][\/vc_column][\/vc_row][vc_row disable_element=\u00a0\u00bbyes\u00a0\u00bb css_animation=\u00a0\u00bbfadeInUp\u00a0\u00bb][vc_column][\/vc_column][\/vc_row]<\/p>\n<\/div>","protected":false},"excerpt":{"rendered":"<p>[vc_section full_width=\u00a0\u00bbstretch_row\u00a0\u00bb full_height=\u00a0\u00bbyes\u00a0\u00bb content_placement=\u00a0\u00bbtop\u00a0\u00bb css_animation=\u00a0\u00bbfadeIn\u00a0\u00bb css=\u00a0\u00bb.vc_custom_1643791962605{margin-top: 0px !important;border-top-width: 0px !important;padding-top: 0px !important;background-image: url(https:\/\/waldspurger.ch\/wp-content\/uploads\/2022\/02\/Waldspurger_Team_2400\u200a\u00d7\u200a1391.jpg?id=36158) !important;background-position: center !important;background-repeat: no-repeat !important;background-size: cover !important;}\u00a0\u00bb&#8230;<\/p>\n","protected":false},"author":1,"featured_media":0,"parent":0,"menu_order":0,"comment_status":"closed","ping_status":"closed","template":"","meta":{"footnotes":""},"class_list":["post-34716","page","type-page","status-publish"],"yoast_head":"<!-- This site is optimized with the Yoast SEO plugin v27.2 - https:\/\/yoast.com\/product\/yoast-seo-wordpress\/ -->\n<title>L\u2019\u00e9quipe - Waldspurger SA<\/title>\n<meta name=\"robots\" content=\"index, follow, max-snippet:-1, max-image-preview:large, max-video-preview:-1\" \/>\n<link rel=\"canonical\" href=\"https:\/\/waldspurger.ch\/fr\/lequipe\/\" \/>\n<meta property=\"og:locale\" content=\"fr_FR\" \/>\n<meta property=\"og:type\" content=\"article\" \/>\n<meta property=\"og:title\" content=\"L\u2019\u00e9quipe - Waldspurger SA\" \/>\n<meta property=\"og:description\" content=\"[vc_section full_width=\u00a0\u00bbstretch_row\u00a0\u00bb full_height=\u00a0\u00bbyes\u00a0\u00bb content_placement=\u00a0\u00bbtop\u00a0\u00bb css_animation=\u00a0\u00bbfadeIn\u00a0\u00bb css=\u00a0\u00bb.vc_custom_1643791962605{margin-top: 0px !important;border-top-width: 0px !important;padding-top: 0px !important;background-image: url(https:\/\/waldspurger.ch\/wp-content\/uploads\/2022\/02\/Waldspurger_Team_2400\u200a\u00d7\u200a1391.jpg?id=36158) !important;background-position: center !important;background-repeat: no-repeat !important;background-size: cover !important;}\u00a0\u00bb...\" \/>\n<meta property=\"og:url\" content=\"https:\/\/waldspurger.ch\/fr\/lequipe\/\" \/>\n<meta property=\"og:site_name\" content=\"Waldspurger SA\" \/>\n<meta property=\"article:modified_time\" content=\"2024-10-18T13:35:44+00:00\" \/>\n<meta property=\"og:image\" content=\"https:\/\/waldspurger.ch\/wp-content\/uploads\/2022\/02\/logo_de.png\" \/>\n\t<meta property=\"og:image:width\" content=\"320\" \/>\n\t<meta property=\"og:image:height\" content=\"223\" \/>\n\t<meta property=\"og:image:type\" content=\"image\/png\" \/>\n<meta name=\"twitter:card\" content=\"summary_large_image\" \/>\n<script type=\"application\/ld+json\" class=\"yoast-schema-graph\">{\"@context\":\"https:\/\/schema.org\",\"@graph\":[{\"@type\":\"Article\",\"@id\":\"https:\/\/waldspurger.ch\/fr\/lequipe\/#article\",\"isPartOf\":{\"@id\":\"https:\/\/waldspurger.ch\/fr\/lequipe\/\"},\"author\":{\"name\":\"Adminmoritzi\",\"@id\":\"https:\/\/waldspurger.ch\/fr\/#\/schema\/person\/e92a92f5b5a240afd932a5eba15ae94c\"},\"headline\":\"L\u2019\u00e9quipe\",\"datePublished\":\"2021-03-08T12:40:39+00:00\",\"dateModified\":\"2024-10-18T13:35:44+00:00\",\"mainEntityOfPage\":{\"@id\":\"https:\/\/waldspurger.ch\/fr\/lequipe\/\"},\"wordCount\":430,\"publisher\":{\"@id\":\"https:\/\/waldspurger.ch\/fr\/#organization\"},\"inLanguage\":\"fr-FR\"},{\"@type\":\"WebPage\",\"@id\":\"https:\/\/waldspurger.ch\/fr\/lequipe\/\",\"url\":\"https:\/\/waldspurger.ch\/fr\/lequipe\/\",\"name\":\"L\u2019\u00e9quipe - Waldspurger SA\",\"isPartOf\":{\"@id\":\"https:\/\/waldspurger.ch\/fr\/#website\"},\"datePublished\":\"2021-03-08T12:40:39+00:00\",\"dateModified\":\"2024-10-18T13:35:44+00:00\",\"breadcrumb\":{\"@id\":\"https:\/\/waldspurger.ch\/fr\/lequipe\/#breadcrumb\"},\"inLanguage\":\"fr-FR\",\"potentialAction\":[{\"@type\":\"ReadAction\",\"target\":[\"https:\/\/waldspurger.ch\/fr\/lequipe\/\"]}]},{\"@type\":\"BreadcrumbList\",\"@id\":\"https:\/\/waldspurger.ch\/fr\/lequipe\/#breadcrumb\",\"itemListElement\":[{\"@type\":\"ListItem\",\"position\":1,\"name\":\"Startseite\",\"item\":\"https:\/\/waldspurger.ch\/fr\/\"},{\"@type\":\"ListItem\",\"position\":2,\"name\":\"L\u2019\u00e9quipe\"}]},{\"@type\":\"WebSite\",\"@id\":\"https:\/\/waldspurger.ch\/fr\/#website\",\"url\":\"https:\/\/waldspurger.ch\/fr\/\",\"name\":\"Waldspurger SA\",\"description\":\"Am\u00e9nagement\",\"publisher\":{\"@id\":\"https:\/\/waldspurger.ch\/fr\/#organization\"},\"potentialAction\":[{\"@type\":\"SearchAction\",\"target\":{\"@type\":\"EntryPoint\",\"urlTemplate\":\"https:\/\/waldspurger.ch\/fr\/?s={search_term_string}\"},\"query-input\":{\"@type\":\"PropertyValueSpecification\",\"valueRequired\":true,\"valueName\":\"search_term_string\"}}],\"inLanguage\":\"fr-FR\"},{\"@type\":\"Organization\",\"@id\":\"https:\/\/waldspurger.ch\/fr\/#organization\",\"name\":\"Waldspurger AG\",\"url\":\"https:\/\/waldspurger.ch\/fr\/\",\"logo\":{\"@type\":\"ImageObject\",\"inLanguage\":\"fr-FR\",\"@id\":\"https:\/\/waldspurger.ch\/fr\/#\/schema\/logo\/image\/\",\"url\":\"https:\/\/waldspurger.ch\/wp-content\/uploads\/2022\/02\/logo_de.png\",\"contentUrl\":\"https:\/\/waldspurger.ch\/wp-content\/uploads\/2022\/02\/logo_de.png\",\"width\":320,\"height\":223,\"caption\":\"Waldspurger AG\"},\"image\":{\"@id\":\"https:\/\/waldspurger.ch\/fr\/#\/schema\/logo\/image\/\"},\"sameAs\":[\"https:\/\/ch.linkedin.com\/company\/waldspurger-bergdietikon\",\"https:\/\/www.youtube.com\/channel\/UC4BYucVfPuWzNF4hyfO3YTw\"]},{\"@type\":\"Person\",\"@id\":\"https:\/\/waldspurger.ch\/fr\/#\/schema\/person\/e92a92f5b5a240afd932a5eba15ae94c\",\"name\":\"Adminmoritzi\",\"image\":{\"@type\":\"ImageObject\",\"inLanguage\":\"fr-FR\",\"@id\":\"https:\/\/secure.gravatar.com\/avatar\/4f43fbec0cc1848d75d18da5595fa2e9d12bc02d9d761756323c70efe587d61a?s=96&d=mm&r=g\",\"url\":\"https:\/\/secure.gravatar.com\/avatar\/4f43fbec0cc1848d75d18da5595fa2e9d12bc02d9d761756323c70efe587d61a?s=96&d=mm&r=g\",\"contentUrl\":\"https:\/\/secure.gravatar.com\/avatar\/4f43fbec0cc1848d75d18da5595fa2e9d12bc02d9d761756323c70efe587d61a?s=96&d=mm&r=g\",\"caption\":\"Adminmoritzi\"}}]}<\/script>\n<!-- \/ Yoast SEO plugin. -->","yoast_head_json":{"title":"L\u2019\u00e9quipe - Waldspurger SA","robots":{"index":"index","follow":"follow","max-snippet":"max-snippet:-1","max-image-preview":"max-image-preview:large","max-video-preview":"max-video-preview:-1"},"canonical":"https:\/\/waldspurger.ch\/fr\/lequipe\/","og_locale":"fr_FR","og_type":"article","og_title":"L\u2019\u00e9quipe - Waldspurger SA","og_description":"[vc_section full_width=\u00a0\u00bbstretch_row\u00a0\u00bb full_height=\u00a0\u00bbyes\u00a0\u00bb content_placement=\u00a0\u00bbtop\u00a0\u00bb css_animation=\u00a0\u00bbfadeIn\u00a0\u00bb css=\u00a0\u00bb.vc_custom_1643791962605{margin-top: 0px !important;border-top-width: 0px !important;padding-top: 0px !important;background-image: url(https:\/\/waldspurger.ch\/wp-content\/uploads\/2022\/02\/Waldspurger_Team_2400\u200a\u00d7\u200a1391.jpg?id=36158) !important;background-position: center !important;background-repeat: no-repeat !important;background-size: cover !important;}\u00a0\u00bb...","og_url":"https:\/\/waldspurger.ch\/fr\/lequipe\/","og_site_name":"Waldspurger SA","article_modified_time":"2024-10-18T13:35:44+00:00","og_image":[{"width":320,"height":223,"url":"https:\/\/waldspurger.ch\/wp-content\/uploads\/2022\/02\/logo_de.png","type":"image\/png"}],"twitter_card":"summary_large_image","schema":{"@context":"https:\/\/schema.org","@graph":[{"@type":"Article","@id":"https:\/\/waldspurger.ch\/fr\/lequipe\/#article","isPartOf":{"@id":"https:\/\/waldspurger.ch\/fr\/lequipe\/"},"author":{"name":"Adminmoritzi","@id":"https:\/\/waldspurger.ch\/fr\/#\/schema\/person\/e92a92f5b5a240afd932a5eba15ae94c"},"headline":"L\u2019\u00e9quipe","datePublished":"2021-03-08T12:40:39+00:00","dateModified":"2024-10-18T13:35:44+00:00","mainEntityOfPage":{"@id":"https:\/\/waldspurger.ch\/fr\/lequipe\/"},"wordCount":430,"publisher":{"@id":"https:\/\/waldspurger.ch\/fr\/#organization"},"inLanguage":"fr-FR"},{"@type":"WebPage","@id":"https:\/\/waldspurger.ch\/fr\/lequipe\/","url":"https:\/\/waldspurger.ch\/fr\/lequipe\/","name":"L\u2019\u00e9quipe - Waldspurger SA","isPartOf":{"@id":"https:\/\/waldspurger.ch\/fr\/#website"},"datePublished":"2021-03-08T12:40:39+00:00","dateModified":"2024-10-18T13:35:44+00:00","breadcrumb":{"@id":"https:\/\/waldspurger.ch\/fr\/lequipe\/#breadcrumb"},"inLanguage":"fr-FR","potentialAction":[{"@type":"ReadAction","target":["https:\/\/waldspurger.ch\/fr\/lequipe\/"]}]},{"@type":"BreadcrumbList","@id":"https:\/\/waldspurger.ch\/fr\/lequipe\/#breadcrumb","itemListElement":[{"@type":"ListItem","position":1,"name":"Startseite","item":"https:\/\/waldspurger.ch\/fr\/"},{"@type":"ListItem","position":2,"name":"L\u2019\u00e9quipe"}]},{"@type":"WebSite","@id":"https:\/\/waldspurger.ch\/fr\/#website","url":"https:\/\/waldspurger.ch\/fr\/","name":"Waldspurger SA","description":"Am\u00e9nagement","publisher":{"@id":"https:\/\/waldspurger.ch\/fr\/#organization"},"potentialAction":[{"@type":"SearchAction","target":{"@type":"EntryPoint","urlTemplate":"https:\/\/waldspurger.ch\/fr\/?s={search_term_string}"},"query-input":{"@type":"PropertyValueSpecification","valueRequired":true,"valueName":"search_term_string"}}],"inLanguage":"fr-FR"},{"@type":"Organization","@id":"https:\/\/waldspurger.ch\/fr\/#organization","name":"Waldspurger AG","url":"https:\/\/waldspurger.ch\/fr\/","logo":{"@type":"ImageObject","inLanguage":"fr-FR","@id":"https:\/\/waldspurger.ch\/fr\/#\/schema\/logo\/image\/","url":"https:\/\/waldspurger.ch\/wp-content\/uploads\/2022\/02\/logo_de.png","contentUrl":"https:\/\/waldspurger.ch\/wp-content\/uploads\/2022\/02\/logo_de.png","width":320,"height":223,"caption":"Waldspurger AG"},"image":{"@id":"https:\/\/waldspurger.ch\/fr\/#\/schema\/logo\/image\/"},"sameAs":["https:\/\/ch.linkedin.com\/company\/waldspurger-bergdietikon","https:\/\/www.youtube.com\/channel\/UC4BYucVfPuWzNF4hyfO3YTw"]},{"@type":"Person","@id":"https:\/\/waldspurger.ch\/fr\/#\/schema\/person\/e92a92f5b5a240afd932a5eba15ae94c","name":"Adminmoritzi","image":{"@type":"ImageObject","inLanguage":"fr-FR","@id":"https:\/\/secure.gravatar.com\/avatar\/4f43fbec0cc1848d75d18da5595fa2e9d12bc02d9d761756323c70efe587d61a?s=96&d=mm&r=g","url":"https:\/\/secure.gravatar.com\/avatar\/4f43fbec0cc1848d75d18da5595fa2e9d12bc02d9d761756323c70efe587d61a?s=96&d=mm&r=g","contentUrl":"https:\/\/secure.gravatar.com\/avatar\/4f43fbec0cc1848d75d18da5595fa2e9d12bc02d9d761756323c70efe587d61a?s=96&d=mm&r=g","caption":"Adminmoritzi"}}]}},"_links":{"self":[{"href":"https:\/\/waldspurger.ch\/fr\/wp-json\/wp\/v2\/pages\/34716","targetHints":{"allow":["GET"]}}],"collection":[{"href":"https:\/\/waldspurger.ch\/fr\/wp-json\/wp\/v2\/pages"}],"about":[{"href":"https:\/\/waldspurger.ch\/fr\/wp-json\/wp\/v2\/types\/page"}],"author":[{"embeddable":true,"href":"https:\/\/waldspurger.ch\/fr\/wp-json\/wp\/v2\/users\/1"}],"replies":[{"embeddable":true,"href":"https:\/\/waldspurger.ch\/fr\/wp-json\/wp\/v2\/comments?post=34716"}],"version-history":[{"count":2,"href":"https:\/\/waldspurger.ch\/fr\/wp-json\/wp\/v2\/pages\/34716\/revisions"}],"predecessor-version":[{"id":78135,"href":"https:\/\/waldspurger.ch\/fr\/wp-json\/wp\/v2\/pages\/34716\/revisions\/78135"}],"wp:attachment":[{"href":"https:\/\/waldspurger.ch\/fr\/wp-json\/wp\/v2\/media?parent=34716"}],"curies":[{"name":"wp","href":"https:\/\/api.w.org\/{rel}","templated":true}]}}