{"id":34671,"date":"2020-02-06T12:26:22","date_gmt":"2020-02-06T11:26:22","guid":{"rendered":"https:\/\/waldspurger.getads.ch\/vehicule-adapte-au-transport-en-fauteuil-roulant\/"},"modified":"2025-06-25T14:12:22","modified_gmt":"2025-06-25T12:12:22","slug":"transport-de-pmr","status":"publish","type":"page","link":"https:\/\/waldspurger.ch\/fr\/transport-de-pmr\/","title":{"rendered":"V\u00e9hicule adapt\u00e9 au transport en fauteuil roulant"},"content":{"rendered":"<div class=\"wpb-content-wrapper\"><p>[vc_section full_width=\u00a0\u00bbstretch_row\u00a0\u00bb full_height=\u00a0\u00bbyes\u00a0\u00bb content_placement=\u00a0\u00bbtop\u00a0\u00bb css_animation=\u00a0\u00bbfadeIn\u00a0\u00bb css=\u00a0\u00bb.vc_custom_1634921898599{margin-top: 0px !important;border-top-width: 0px !important;padding-top: 0px !important;background-image: url(https:\/\/waldspurger.ch\/wp-content\/uploads\/2021\/10\/Waldspurger_Rollstuhltransporter_2560x1708.jpg?id=31752) !important;background-position: center !important;background-repeat: no-repeat !important;background-size: cover !important;}\u00a0\u00bb el_class=\u00a0\u00bbcustom-fullheight-section\u00a0\u00bb][vc_row full_height=\u00a0\u00bbyes\u00a0\u00bb content_placement=\u00a0\u00bbtop\u00a0\u00bb css_animation=\u00a0\u00bbfadeIn\u00a0\u00bb el_class=\u00a0\u00bbstretch-fullheight-innerrow\u00a0\u00bb effects_enabled_delay=\u00a0\u00bb500&Prime;][vc_column width=\u00a0\u00bb1\/4&Prime; css=\u00a0\u00bb.vc_custom_1582122319023{background-color: rgba(179,32,34,0.58) !important;background-position: center !important;background-repeat: no-repeat !important;background-size: cover !important;*background-color: rgb(179,32,34) !important;}\u00a0\u00bb el_class=\u00a0\u00bb.stretch-fullheight-innerrow-column main-visual-column\u00a0\u00bb][vc_column_text]<\/p>\n<h1 class=\"h3\" style=\"text-align: center;\"><span style=\"color: #ffffff;\">V\u00c9HICULE ADAPT\u00c9 AU TRANSPORT EN FAUTEUIL ROULANT<\/span><\/h1>\n<p style=\"text-align: center; color: #fff; padding-bottom: 35px;\">Waldspurger propose un vaste choix de solutions astucieuses pour le transport de PMR: de la petite voiture pour accueillir un seul fauteuil roulant aux autobus pour le transport de groupes de personnes en fauteuil roulant.<\/p>\n<p>[\/vc_column_text][\/vc_column][vc_column width=\u00a0\u00bb1\/4&Prime;][\/vc_column][vc_column width=\u00a0\u00bb1\/4&Prime;][\/vc_column][vc_column width=\u00a0\u00bb1\/4&Prime;][\/vc_column][\/vc_row][\/vc_section][vc_row css=\u00a0\u00bb.vc_custom_1619558026750{margin-top: 70px !important;}\u00a0\u00bb][vc_column width=\u00a0\u00bb3\/4&Prime; css_animation=\u00a0\u00bbfadeInUp\u00a0\u00bb][vc_column_text css_animation=\u00a0\u00bbnone\u00a0\u00bb el_class=\u00a0\u00bbcustom_maxwidth\u00a0\u00bb]<\/p>\n<h2><span style=\"color: #b32022;\">TRANSFORMATIONS DE V\u00c9HICULES &#8211; EN TOUTE S\u00c9CURIT\u00c9 ET SIMPLICIT\u00c9 <\/span><\/h2>\n<p>[\/vc_column_text][vc_column_text el_class=\u00a0\u00bbcustom_maxwidth\u00a0\u00bb]Le transport de passagers en fauteuil roulant ou de personnes \u00e0 mobilit\u00e9 r\u00e9duite repr\u00e9sente souvent un d\u00e9fi majeur pour les responsables. Nos sp\u00e9cialistes vous conseillent volontiers dans le choix du v\u00e9hicule appropri\u00e9 et des am\u00e9nagements et \u00e9quipements les plus adapt\u00e9s.[\/vc_column_text][\/vc_column][vc_column width=\u00a0\u00bb1\/4&Prime;][vc_column_text css=\u00a0\u00bb.vc_custom_1646229144082{padding-bottom: 10% !important;padding-left: 50% !important;}\u00a0\u00bb css_animation=\u00a0\u00bbzoomIn\u00a0\u00bb el_class=\u00a0\u00bbcustom-burst24-textcontainer8&Prime;]\r\n<a href=\"https:\/\/waldspurger.ch\/fr\/service\/salle-dexposition\/\" target=\"_self\" id=\"burst24_35110\" class=\"burst24-wrapper-medium\" rel=\"noopener noreferrer\" style=\"opacity: 1.0;\">\r\n\t<div class=\"burst24-before\">  \r\n\t\t\r\n\t\t<div class=\"burst24-text\" style=\"line-height:25px\">\r\n\t\t\r\n\t\t\t<span>\r\n\t\t\t\t<p>RENDEZ-<br \/>\nNOUS VISITE<br \/>\nDANS NOTRE<br \/>\nSHOWROOM \u00c0<br \/>\nBERGDIETIKON<\/p>\n\r\n\t\t\t<\/span>\r\n\t\t<\/div> \r\n\t<\/div>\r\n\t<div class=\"burst24-after\"><\/div>\r\n<\/a>\r\n\r\n\r\n<style>\r\n\t#burst24_35110 .burst24-before, #burst24_35110 .burst24-after,\r\n\t#burst24_35110 .burst24-before:before, #burst24_35110 .burst24-after:before, \r\n\t#burst24_35110 .burst24-before:after, #burst24_35110 .burst24-after:after {\r\n\t\tbackground-color: #b22727};\r\n\t}\r\n\t\r\n<\/style>\r\n\r\n\t\r\n<script>\r\nwindow.addEventListener('load', function(){\r\nfitty('#burst24_35110 .burst24-text span:not(.fa)',{\r\n\tminSize: 10,\r\n\tmaxSize: 70\r\n});\r\n});\r\n<\/script>\r\n[\/vc_column_text][\/vc_column][\/vc_row][vc_row css_animation=\u00a0\u00bbfadeInUp\u00a0\u00bb css=\u00a0\u00bb.vc_custom_1641477573926{margin-top: 0px !important;padding-top: 50px !important;}\u00a0\u00bb mobile_margin_bottom=\u00a0\u00bb0&Prime;][vc_column mobile_margin_bottom=\u00a0\u00bb50&Prime;][vc_icon icon_fontawesome=\u00a0\u00bbfas fa-arrow-right\u00a0\u00bb color=\u00a0\u00bbcustom\u00a0\u00bb background_style=\u00a0\u00bbrounded\u00a0\u00bb background_color=\u00a0\u00bbcustom\u00a0\u00bb size=\u00a0\u00bblg\u00a0\u00bb custom_color=\u00a0\u00bb#c3bab9&Prime; el_class=\u00a0\u00bbcustom_round_icon_border_floatleft\u00a0\u00bb][vc_column_text css=\u00a0\u00bb.vc_custom_1646295052536{margin-top: 5px !important;}\u00a0\u00bb el_class=\u00a0\u00bbcustom_maxwidth custom_padding50&Prime;]<\/p>\n<h3 style=\"margin-bottom: 0;\"><strong>\u00c9QUIPEMENTS &amp; PRODUITS<\/strong><\/h3>\n<p>Obtenez ici des informations sur les diff\u00e9rentes options. <span style=\"color: #333333;\"><a class=\"c_headline-link\" href=\"https:\/\/waldspurger.ch\/fr\/contact\/\">Nous nous ferons un plaisir de vous conseiller par t\u00e9l\u00e9phone ou chez nous \u00e0 Bergdietikon.<\/a><\/span>[\/vc_column_text][\/vc_column][\/vc_row][vc_row content_placement=\u00a0\u00bbtop\u00a0\u00bb css=\u00a0\u00bb.vc_custom_1640203985848{margin-top: 0px !important;margin-bottom: 0px !important;padding-top: 0px !important;padding-bottom: 0px !important;}\u00a0\u00bb][vc_column width=\u00a0\u00bb1\/3&Prime; css_animation=\u00a0\u00bbfadeInUp\u00a0\u00bb css=\u00a0\u00bb.vc_custom_1640203912833{margin-top: 0px !important;padding-top: 0px !important;padding-bottom: 50px !important;}\u00a0\u00bb][vc_single_image image=\u00a0\u00bb31751&Prime; img_size=\u00a0\u00bbfull\u00a0\u00bb][vc_column_text]<\/p>\n<h4 style=\"margin: 20px 0 10px 0;\"><strong>D\u00e9caissement arri\u00e8re<\/strong><\/h4>\n<p>Gr\u00e2ce \u00e0 la d\u00e9caissement arri\u00e8re avec rampe d\u2019acc\u00e8s, le passager en fauteuil roulant voyage confortablement dans un v\u00e9hicule dont la hauteur int\u00e9rieure n&rsquo;est pas suffisante pour un autre type d\u2019am\u00e9nagement. \u00c0 l\u2019aide de syst\u00e8mes de retenue pour fauteuils roulants &amp; passagers, le fauteuil roulant est arrim\u00e9 dans le plancher du v\u00e9hicule.[\/vc_column_text][vc_btn title=\u00a0\u00bbEn savoir plus\u00a0\u00bb style=\u00a0\u00bboutline\u00a0\u00bb css=\u00a0\u00bb.vc_custom_1695801120593{margin-bottom: 0px !important;padding-bottom: 0px !important;}\u00a0\u00bb el_class=\u00a0\u00bbcustom_button_black\u00a0\u00bb link=\u00a0\u00bburl:https%3A%2F%2Fwaldspurger.ch%2Ffr%2Ftransport-de-pmr%2Fdecaissement-arriere%2F|title:D%C3%A9coupe%20%C3%A0%20l&rsquo;arri%C3%A8re\u00a0\u00bb][\/vc_column][vc_column width=\u00a0\u00bb1\/3&Prime; css_animation=\u00a0\u00bbfadeInUp\u00a0\u00bb effects_enabled_delay=\u00a0\u00bb200&Prime; css=\u00a0\u00bb.vc_custom_1640203925928{padding-bottom: 50px !important;}\u00a0\u00bb][vc_single_image image=\u00a0\u00bb31739&Prime; img_size=\u00a0\u00bbfull\u00a0\u00bb][vc_column_text]<\/p>\n<h4 style=\"margin: 20px 0 10px 0;\"><strong>PLANCHER \u00c0 RAILS EN ALUMINIUM<\/strong><\/h4>\n<p>Un plancher \u00e0 rails en aluminium vous permet d\u2019adapter l\u2019espace int\u00e9rieur du v\u00e9hicule facilement \u00e0 vos besoins individuels. Des si\u00e8ges individuels, fauteuils roulants ou chariots brancard se laissent ainsi install\u00e9s rapidement.[\/vc_column_text][vc_btn title=\u00a0\u00bbEn savoir plus\u00a0\u00bb style=\u00a0\u00bboutline\u00a0\u00bb css=\u00a0\u00bb.vc_custom_1642495672739{margin-bottom: 0px !important;padding-bottom: 0px !important;}\u00a0\u00bb el_class=\u00a0\u00bbcustom_button_black\u00a0\u00bb link=\u00a0\u00bburl:https%3A%2F%2Fwaldspurger.ch%2Ffr%2Ftransport-de-pmr%2Fplancher-a-rails-en-aluminium%2F|title:Plancher%20%C3%A0%20rails%20en%20aluminium\u00a0\u00bb][\/vc_column][vc_column width=\u00a0\u00bb1\/3&Prime; css_animation=\u00a0\u00bbfadeInUp\u00a0\u00bb effects_enabled_delay=\u00a0\u00bb300&Prime;][vc_single_image image=\u00a0\u00bb31747&Prime; img_size=\u00a0\u00bbfull\u00a0\u00bb][vc_column_text]<\/p>\n<h4 style=\"margin: 20px 0 10px 0;\"><strong>Rollibox\u2122<\/strong><\/h4>\n<p>Avec le syst\u00e8me d\u2019ancrage flexible RolliBox\u2122, votre v\u00e9hicule est \u00e9quip\u00e9 pour toutes les \u00e9ventualit\u00e9s. Il s&rsquo;agit du syst\u00e8me de transport de fauteuils roulants le plus moderne pour autobus. Peu importe que vous souhaitiez transporter des personnes en fauteuil roulant ou sur si\u00e8ge, tout l\u2019\u00e9quipement n\u00e9cessaire pour adapter le v\u00e9hicule en un tournemain se trouve dans le bus.[\/vc_column_text][vc_btn title=\u00a0\u00bbEn savoir plus\u00a0\u00bb style=\u00a0\u00bboutline\u00a0\u00bb css=\u00a0\u00bb.vc_custom_1642495694700{margin-bottom: 0px !important;padding-bottom: 0px !important;}\u00a0\u00bb el_class=\u00a0\u00bbcustom_button_black\u00a0\u00bb link=\u00a0\u00bburl:https%3A%2F%2Fwaldspurger.ch%2Ffr%2Ftransport-de-pmr%2Frollibox%2F|title:RolliBox\u00a0\u00bb][\/vc_column][\/vc_row][vc_row full_width=\u00a0\u00bbstretch_row\u00a0\u00bb content_placement=\u00a0\u00bbtop\u00a0\u00bb css=\u00a0\u00bb.vc_custom_1640203976577{margin-top: 0px !important;margin-bottom: 0px !important;padding-top: 50px !important;padding-bottom: 50px !important;background-color: #f2f2f2 !important;}\u00a0\u00bb][vc_column width=\u00a0\u00bb1\/3&Prime; css_animation=\u00a0\u00bbfadeInUp\u00a0\u00bb effects_enabled_delay=\u00a0\u00bb100&Prime; css=\u00a0\u00bb.vc_custom_1640203945538{margin-top: 0px !important;padding-top: 0px !important;padding-bottom: 50px !important;}\u00a0\u00bb][vc_single_image image=\u00a0\u00bb31749&Prime; img_size=\u00a0\u00bbfull\u00a0\u00bb][vc_column_text]<\/p>\n<h4 style=\"margin: 20px 0 10px 0;\"><strong>Transport en position couch\u00e9e<\/strong><\/h4>\n<p>Nous proposons des solutions avantageuses pour le transport en position couch\u00e9e tant pour de nouveaux v\u00e9hicules que pour des v\u00e9hicules d\u00e9j\u00e0 en circulation. Ces solutions sont \u00e9labor\u00e9es sur mesure pour r\u00e9pondre exactement \u00e0 vos besoins.[\/vc_column_text][vc_btn title=\u00a0\u00bbEn savoir plus\u00a0\u00bb style=\u00a0\u00bboutline\u00a0\u00bb css=\u00a0\u00bb.vc_custom_1642495719417{margin-bottom: 0px !important;padding-bottom: 0px !important;}\u00a0\u00bb el_class=\u00a0\u00bbcustom_button_black\u00a0\u00bb link=\u00a0\u00bburl:https%3A%2F%2Fwaldspurger.ch%2Ffr%2Ftransport-de-pmr%2Ftransport-en-position-couchee%2F|title:Transport%20en%20position%20couch%C3%A9e\u00a0\u00bb][\/vc_column][vc_column width=\u00a0\u00bb1\/3&Prime; css_animation=\u00a0\u00bbfadeInUp\u00a0\u00bb effects_enabled_delay=\u00a0\u00bb300&Prime; css=\u00a0\u00bb.vc_custom_1640203953086{margin-top: 0px !important;padding-top: 0px !important;padding-bottom: 50px !important;}\u00a0\u00bb][vc_single_image image=\u00a0\u00bb31743&Prime; img_size=\u00a0\u00bbfull\u00a0\u00bb][vc_column_text]<\/p>\n<h4 style=\"margin: 20px 0 10px 0;\"><strong>ACCESSOIRES<\/strong><\/h4>\n<p>Vous souhaitez installer un appui-t\u00eate ou support dorsal ? Ou remplacer la rampe par une plateforme \u00e9l\u00e9vatrice ? Chez nous, vous trouvez la solution optimale pour adapter votre bus \u00e0 vos besoins sp\u00e9cifiques.[\/vc_column_text][vc_btn title=\u00a0\u00bbEn savoir plus\u00a0\u00bb style=\u00a0\u00bboutline\u00a0\u00bb css=\u00a0\u00bb.vc_custom_1642495734670{margin-bottom: 0px !important;padding-bottom: 0px !important;}\u00a0\u00bb el_class=\u00a0\u00bbcustom_button_black\u00a0\u00bb link=\u00a0\u00bburl:https%3A%2F%2Fwaldspurger.ch%2Ffr%2Faccessoires%2F|title:Accessoires\u00a0\u00bb][\/vc_column][vc_column width=\u00a0\u00bb1\/3&Prime; offset=\u00a0\u00bbvc_hidden-lg vc_hidden-md vc_hidden-sm vc_hidden-xs\u00a0\u00bb][vc_single_image image=\u00a0\u00bb31745&Prime; img_size=\u00a0\u00bbfull\u00a0\u00bb][vc_column_text]<\/p>\n<h4 style=\"margin: 20px 0 10px 0;\"><strong>SI\u00c8GE PIVOTANT &amp; PLANCHE DE TRANSFERT<\/strong><\/h4>\n<p>Un \u00e9ventail d\u2019aides \u00e0 la mont\u00e9e manuels ou \u00e9lectriques est disponible pour aider les personnes \u00e0 mobilit\u00e9 r\u00e9duite \u00e0 monter et \u00e0 descendre du v\u00e9hicule. Outre des planches de transfert pratiques, nous proposons des si\u00e8ges pivotants qui peuvent \u00eatre abaiss\u00e9s.[\/vc_column_text][vc_btn title=\u00a0\u00bbEn savoir plus\u00a0\u00bb style=\u00a0\u00bboutline\u00a0\u00bb css=\u00a0\u00bb.vc_custom_1646225632562{margin-bottom: 0px !important;padding-bottom: 0px !important;}\u00a0\u00bb el_class=\u00a0\u00bbcustom_button_black\u00a0\u00bb link=\u00a0\u00bburl:https%3A%2F%2Fwaldspurger.ch%2Ffr%2Ftransport-de-pmr%2Fsiege-pivotant-planche-de-transfert%2F\u00a0\u00bb][\/vc_column][\/vc_row]<\/p>\n<\/div>","protected":false},"excerpt":{"rendered":"<p>[vc_section full_width=\u00a0\u00bbstretch_row\u00a0\u00bb full_height=\u00a0\u00bbyes\u00a0\u00bb content_placement=\u00a0\u00bbtop\u00a0\u00bb css_animation=\u00a0\u00bbfadeIn\u00a0\u00bb css=\u00a0\u00bb.vc_custom_1634921898599{margin-top: 0px !important;border-top-width: 0px !important;padding-top: 0px !important;background-image: url(https:\/\/waldspurger.ch\/wp-content\/uploads\/2021\/10\/Waldspurger_Rollstuhltransporter_2560x1708.jpg?id=31752) !important;background-position: center !important;background-repeat: no-repeat !important;background-size: cover !important;}\u00a0\u00bb&#8230;<\/p>\n","protected":false},"author":1,"featured_media":0,"parent":0,"menu_order":0,"comment_status":"closed","ping_status":"closed","template":"","meta":{"footnotes":""},"class_list":["post-34671","page","type-page","status-publish"],"yoast_head":"<!-- This site is optimized with the Yoast SEO plugin v27.2 - https:\/\/yoast.com\/product\/yoast-seo-wordpress\/ -->\n<title>V\u00e9hicule adapt\u00e9 au transport en fauteuil roulant - Waldspurger SA<\/title>\n<meta name=\"robots\" content=\"index, follow, max-snippet:-1, max-image-preview:large, max-video-preview:-1\" \/>\n<link rel=\"canonical\" href=\"https:\/\/waldspurger.ch\/fr\/transport-de-pmr\/\" \/>\n<meta property=\"og:locale\" content=\"fr_FR\" \/>\n<meta property=\"og:type\" content=\"article\" \/>\n<meta property=\"og:title\" content=\"V\u00e9hicule adapt\u00e9 au transport en fauteuil roulant - Waldspurger SA\" \/>\n<meta property=\"og:description\" content=\"[vc_section full_width=\u00a0\u00bbstretch_row\u00a0\u00bb full_height=\u00a0\u00bbyes\u00a0\u00bb content_placement=\u00a0\u00bbtop\u00a0\u00bb css_animation=\u00a0\u00bbfadeIn\u00a0\u00bb css=\u00a0\u00bb.vc_custom_1634921898599{margin-top: 0px !important;border-top-width: 0px !important;padding-top: 0px !important;background-image: url(https:\/\/waldspurger.ch\/wp-content\/uploads\/2021\/10\/Waldspurger_Rollstuhltransporter_2560x1708.jpg?id=31752) !important;background-position: center !important;background-repeat: no-repeat !important;background-size: cover !important;}\u00a0\u00bb...\" \/>\n<meta property=\"og:url\" content=\"https:\/\/waldspurger.ch\/fr\/transport-de-pmr\/\" \/>\n<meta property=\"og:site_name\" content=\"Waldspurger SA\" \/>\n<meta property=\"article:modified_time\" content=\"2025-06-25T12:12:22+00:00\" \/>\n<meta property=\"og:image\" content=\"https:\/\/waldspurger.ch\/wp-content\/uploads\/2022\/02\/logo_de.png\" \/>\n\t<meta property=\"og:image:width\" content=\"320\" \/>\n\t<meta property=\"og:image:height\" content=\"223\" \/>\n\t<meta property=\"og:image:type\" content=\"image\/png\" \/>\n<meta name=\"twitter:card\" content=\"summary_large_image\" \/>\n<script type=\"application\/ld+json\" class=\"yoast-schema-graph\">{\"@context\":\"https:\/\/schema.org\",\"@graph\":[{\"@type\":\"Article\",\"@id\":\"https:\/\/waldspurger.ch\/fr\/transport-de-pmr\/#article\",\"isPartOf\":{\"@id\":\"https:\/\/waldspurger.ch\/fr\/transport-de-pmr\/\"},\"author\":{\"name\":\"Adminmoritzi\",\"@id\":\"https:\/\/waldspurger.ch\/fr\/#\/schema\/person\/e92a92f5b5a240afd932a5eba15ae94c\"},\"headline\":\"V\u00e9hicule adapt\u00e9 au transport en fauteuil roulant\",\"datePublished\":\"2020-02-06T11:26:22+00:00\",\"dateModified\":\"2025-06-25T12:12:22+00:00\",\"mainEntityOfPage\":{\"@id\":\"https:\/\/waldspurger.ch\/fr\/transport-de-pmr\/\"},\"wordCount\":1169,\"publisher\":{\"@id\":\"https:\/\/waldspurger.ch\/fr\/#organization\"},\"inLanguage\":\"fr-FR\"},{\"@type\":\"WebPage\",\"@id\":\"https:\/\/waldspurger.ch\/fr\/transport-de-pmr\/\",\"url\":\"https:\/\/waldspurger.ch\/fr\/transport-de-pmr\/\",\"name\":\"V\u00e9hicule adapt\u00e9 au transport en fauteuil roulant - Waldspurger SA\",\"isPartOf\":{\"@id\":\"https:\/\/waldspurger.ch\/fr\/#website\"},\"datePublished\":\"2020-02-06T11:26:22+00:00\",\"dateModified\":\"2025-06-25T12:12:22+00:00\",\"breadcrumb\":{\"@id\":\"https:\/\/waldspurger.ch\/fr\/transport-de-pmr\/#breadcrumb\"},\"inLanguage\":\"fr-FR\",\"potentialAction\":[{\"@type\":\"ReadAction\",\"target\":[\"https:\/\/waldspurger.ch\/fr\/transport-de-pmr\/\"]}]},{\"@type\":\"BreadcrumbList\",\"@id\":\"https:\/\/waldspurger.ch\/fr\/transport-de-pmr\/#breadcrumb\",\"itemListElement\":[{\"@type\":\"ListItem\",\"position\":1,\"name\":\"Startseite\",\"item\":\"https:\/\/waldspurger.ch\/fr\/\"},{\"@type\":\"ListItem\",\"position\":2,\"name\":\"V\u00e9hicule adapt\u00e9 au transport en fauteuil roulant\"}]},{\"@type\":\"WebSite\",\"@id\":\"https:\/\/waldspurger.ch\/fr\/#website\",\"url\":\"https:\/\/waldspurger.ch\/fr\/\",\"name\":\"Waldspurger SA\",\"description\":\"Am\u00e9nagement\",\"publisher\":{\"@id\":\"https:\/\/waldspurger.ch\/fr\/#organization\"},\"potentialAction\":[{\"@type\":\"SearchAction\",\"target\":{\"@type\":\"EntryPoint\",\"urlTemplate\":\"https:\/\/waldspurger.ch\/fr\/?s={search_term_string}\"},\"query-input\":{\"@type\":\"PropertyValueSpecification\",\"valueRequired\":true,\"valueName\":\"search_term_string\"}}],\"inLanguage\":\"fr-FR\"},{\"@type\":\"Organization\",\"@id\":\"https:\/\/waldspurger.ch\/fr\/#organization\",\"name\":\"Waldspurger AG\",\"url\":\"https:\/\/waldspurger.ch\/fr\/\",\"logo\":{\"@type\":\"ImageObject\",\"inLanguage\":\"fr-FR\",\"@id\":\"https:\/\/waldspurger.ch\/fr\/#\/schema\/logo\/image\/\",\"url\":\"https:\/\/waldspurger.ch\/wp-content\/uploads\/2022\/02\/logo_de.png\",\"contentUrl\":\"https:\/\/waldspurger.ch\/wp-content\/uploads\/2022\/02\/logo_de.png\",\"width\":320,\"height\":223,\"caption\":\"Waldspurger AG\"},\"image\":{\"@id\":\"https:\/\/waldspurger.ch\/fr\/#\/schema\/logo\/image\/\"},\"sameAs\":[\"https:\/\/ch.linkedin.com\/company\/waldspurger-bergdietikon\",\"https:\/\/www.youtube.com\/channel\/UC4BYucVfPuWzNF4hyfO3YTw\"]},{\"@type\":\"Person\",\"@id\":\"https:\/\/waldspurger.ch\/fr\/#\/schema\/person\/e92a92f5b5a240afd932a5eba15ae94c\",\"name\":\"Adminmoritzi\",\"image\":{\"@type\":\"ImageObject\",\"inLanguage\":\"fr-FR\",\"@id\":\"https:\/\/secure.gravatar.com\/avatar\/4f43fbec0cc1848d75d18da5595fa2e9d12bc02d9d761756323c70efe587d61a?s=96&d=mm&r=g\",\"url\":\"https:\/\/secure.gravatar.com\/avatar\/4f43fbec0cc1848d75d18da5595fa2e9d12bc02d9d761756323c70efe587d61a?s=96&d=mm&r=g\",\"contentUrl\":\"https:\/\/secure.gravatar.com\/avatar\/4f43fbec0cc1848d75d18da5595fa2e9d12bc02d9d761756323c70efe587d61a?s=96&d=mm&r=g\",\"caption\":\"Adminmoritzi\"}}]}<\/script>\n<!-- \/ Yoast SEO plugin. -->","yoast_head_json":{"title":"V\u00e9hicule adapt\u00e9 au transport en fauteuil roulant - Waldspurger SA","robots":{"index":"index","follow":"follow","max-snippet":"max-snippet:-1","max-image-preview":"max-image-preview:large","max-video-preview":"max-video-preview:-1"},"canonical":"https:\/\/waldspurger.ch\/fr\/transport-de-pmr\/","og_locale":"fr_FR","og_type":"article","og_title":"V\u00e9hicule adapt\u00e9 au transport en fauteuil roulant - Waldspurger SA","og_description":"[vc_section full_width=\u00a0\u00bbstretch_row\u00a0\u00bb full_height=\u00a0\u00bbyes\u00a0\u00bb content_placement=\u00a0\u00bbtop\u00a0\u00bb css_animation=\u00a0\u00bbfadeIn\u00a0\u00bb css=\u00a0\u00bb.vc_custom_1634921898599{margin-top: 0px !important;border-top-width: 0px !important;padding-top: 0px !important;background-image: url(https:\/\/waldspurger.ch\/wp-content\/uploads\/2021\/10\/Waldspurger_Rollstuhltransporter_2560x1708.jpg?id=31752) !important;background-position: center !important;background-repeat: no-repeat !important;background-size: cover !important;}\u00a0\u00bb...","og_url":"https:\/\/waldspurger.ch\/fr\/transport-de-pmr\/","og_site_name":"Waldspurger SA","article_modified_time":"2025-06-25T12:12:22+00:00","og_image":[{"width":320,"height":223,"url":"https:\/\/waldspurger.ch\/wp-content\/uploads\/2022\/02\/logo_de.png","type":"image\/png"}],"twitter_card":"summary_large_image","schema":{"@context":"https:\/\/schema.org","@graph":[{"@type":"Article","@id":"https:\/\/waldspurger.ch\/fr\/transport-de-pmr\/#article","isPartOf":{"@id":"https:\/\/waldspurger.ch\/fr\/transport-de-pmr\/"},"author":{"name":"Adminmoritzi","@id":"https:\/\/waldspurger.ch\/fr\/#\/schema\/person\/e92a92f5b5a240afd932a5eba15ae94c"},"headline":"V\u00e9hicule adapt\u00e9 au transport en fauteuil roulant","datePublished":"2020-02-06T11:26:22+00:00","dateModified":"2025-06-25T12:12:22+00:00","mainEntityOfPage":{"@id":"https:\/\/waldspurger.ch\/fr\/transport-de-pmr\/"},"wordCount":1169,"publisher":{"@id":"https:\/\/waldspurger.ch\/fr\/#organization"},"inLanguage":"fr-FR"},{"@type":"WebPage","@id":"https:\/\/waldspurger.ch\/fr\/transport-de-pmr\/","url":"https:\/\/waldspurger.ch\/fr\/transport-de-pmr\/","name":"V\u00e9hicule adapt\u00e9 au transport en fauteuil roulant - Waldspurger SA","isPartOf":{"@id":"https:\/\/waldspurger.ch\/fr\/#website"},"datePublished":"2020-02-06T11:26:22+00:00","dateModified":"2025-06-25T12:12:22+00:00","breadcrumb":{"@id":"https:\/\/waldspurger.ch\/fr\/transport-de-pmr\/#breadcrumb"},"inLanguage":"fr-FR","potentialAction":[{"@type":"ReadAction","target":["https:\/\/waldspurger.ch\/fr\/transport-de-pmr\/"]}]},{"@type":"BreadcrumbList","@id":"https:\/\/waldspurger.ch\/fr\/transport-de-pmr\/#breadcrumb","itemListElement":[{"@type":"ListItem","position":1,"name":"Startseite","item":"https:\/\/waldspurger.ch\/fr\/"},{"@type":"ListItem","position":2,"name":"V\u00e9hicule adapt\u00e9 au transport en fauteuil roulant"}]},{"@type":"WebSite","@id":"https:\/\/waldspurger.ch\/fr\/#website","url":"https:\/\/waldspurger.ch\/fr\/","name":"Waldspurger SA","description":"Am\u00e9nagement","publisher":{"@id":"https:\/\/waldspurger.ch\/fr\/#organization"},"potentialAction":[{"@type":"SearchAction","target":{"@type":"EntryPoint","urlTemplate":"https:\/\/waldspurger.ch\/fr\/?s={search_term_string}"},"query-input":{"@type":"PropertyValueSpecification","valueRequired":true,"valueName":"search_term_string"}}],"inLanguage":"fr-FR"},{"@type":"Organization","@id":"https:\/\/waldspurger.ch\/fr\/#organization","name":"Waldspurger AG","url":"https:\/\/waldspurger.ch\/fr\/","logo":{"@type":"ImageObject","inLanguage":"fr-FR","@id":"https:\/\/waldspurger.ch\/fr\/#\/schema\/logo\/image\/","url":"https:\/\/waldspurger.ch\/wp-content\/uploads\/2022\/02\/logo_de.png","contentUrl":"https:\/\/waldspurger.ch\/wp-content\/uploads\/2022\/02\/logo_de.png","width":320,"height":223,"caption":"Waldspurger AG"},"image":{"@id":"https:\/\/waldspurger.ch\/fr\/#\/schema\/logo\/image\/"},"sameAs":["https:\/\/ch.linkedin.com\/company\/waldspurger-bergdietikon","https:\/\/www.youtube.com\/channel\/UC4BYucVfPuWzNF4hyfO3YTw"]},{"@type":"Person","@id":"https:\/\/waldspurger.ch\/fr\/#\/schema\/person\/e92a92f5b5a240afd932a5eba15ae94c","name":"Adminmoritzi","image":{"@type":"ImageObject","inLanguage":"fr-FR","@id":"https:\/\/secure.gravatar.com\/avatar\/4f43fbec0cc1848d75d18da5595fa2e9d12bc02d9d761756323c70efe587d61a?s=96&d=mm&r=g","url":"https:\/\/secure.gravatar.com\/avatar\/4f43fbec0cc1848d75d18da5595fa2e9d12bc02d9d761756323c70efe587d61a?s=96&d=mm&r=g","contentUrl":"https:\/\/secure.gravatar.com\/avatar\/4f43fbec0cc1848d75d18da5595fa2e9d12bc02d9d761756323c70efe587d61a?s=96&d=mm&r=g","caption":"Adminmoritzi"}}]}},"_links":{"self":[{"href":"https:\/\/waldspurger.ch\/fr\/wp-json\/wp\/v2\/pages\/34671","targetHints":{"allow":["GET"]}}],"collection":[{"href":"https:\/\/waldspurger.ch\/fr\/wp-json\/wp\/v2\/pages"}],"about":[{"href":"https:\/\/waldspurger.ch\/fr\/wp-json\/wp\/v2\/types\/page"}],"author":[{"embeddable":true,"href":"https:\/\/waldspurger.ch\/fr\/wp-json\/wp\/v2\/users\/1"}],"replies":[{"embeddable":true,"href":"https:\/\/waldspurger.ch\/fr\/wp-json\/wp\/v2\/comments?post=34671"}],"version-history":[{"count":3,"href":"https:\/\/waldspurger.ch\/fr\/wp-json\/wp\/v2\/pages\/34671\/revisions"}],"predecessor-version":[{"id":79180,"href":"https:\/\/waldspurger.ch\/fr\/wp-json\/wp\/v2\/pages\/34671\/revisions\/79180"}],"wp:attachment":[{"href":"https:\/\/waldspurger.ch\/fr\/wp-json\/wp\/v2\/media?parent=34671"}],"curies":[{"name":"wp","href":"https:\/\/api.w.org\/{rel}","templated":true}]}}